{"id":1466,"date":"2023-02-17T12:06:29","date_gmt":"2023-02-17T11:06:29","guid":{"rendered":"https:\/\/europeix.cat\/producto\/orada\/"},"modified":"2023-04-05T17:13:41","modified_gmt":"2023-04-05T15:13:41","slug":"orata","status":"publish","type":"product","link":"https:\/\/europeix.cat\/it\/prodotto\/orata\/","title":{"rendered":"ORATA"},"content":{"rendered":"<p>\u00c8 un pesce con un corpo ovale. Ha grandi squame e una fascia dorata che va da un occhio all&#8217;altro con una macchia nera sulla parte superiore dell&#8217;opercolo.<\/p>\n<p>\u00c8 un pesce delle abitudini costiere che si pu\u00f2 trovare ad una profondit\u00e0 compresa tra 5 e 30 m, ma gli adulti possono scendere fino a 150 m nella stagione riproduttiva.<\/p>\n<p>Vivi da solo, tra fondali sabbiosi e rocciosi. Si nutre di pesce, crostacei e molluschi.<\/p>\n<p>La sua lunghezza varia tra 25 e 35 cm, ma pu\u00f2 raggiungere anche 60 o 70 cm.<\/p>\n<p>Si produce durante l&#8217;inverno. La sua pesca \u00e8 molto stagionale, da settembre a dicembre.<\/p>\n<p>Viene catturato con diverse attrezzature: rete a strascico, tramaglio, palangaro e in certi periodi dell&#8217;anno viene catturato anche con il cianciolo.<\/p>\n<p>Pesce bianco molto gustoso e pregiato che, oltre ad essere povero di grassi, contiene pochissime calorie.<\/p>\n<p><a href=\"https:\/\/europeix.cat\/wp-content\/themes\/enfold-child\/pdf\/dorada-1600761.pdf\">Pdf<\/a><\/p>\n","protected":false},"excerpt":{"rendered":"<p>Sparus aurata<\/p>\n","protected":false},"featured_media":2094,"comment_status":"closed","ping_status":"closed","template":"","meta":[],"product_cat":[54],"product_tag":[],"yoast_head":"<!-- This site is optimized with the Yoast SEO plugin v20.9 - https:\/\/yoast.com\/wordpress\/plugins\/seo\/ -->\n<title>ORATA - EUROPEIX<\/title>\n<meta name=\"robots\" content=\"index, follow, max-snippet:-1, max-image-preview:large, max-video-preview:-1\" \/>\n<link rel=\"canonical\" href=\"https:\/\/europeix.cat\/it\/prodotto\/orata\/\" \/>\n<meta name=\"twitter:label1\" content=\"Tempo di lettura stimato\" \/>\n\t<meta name=\"twitter:data1\" content=\"1 minuto\" \/>\n<script type=\"application\/ld+json\" class=\"yoast-schema-graph\">{\"@context\":\"https:\/\/schema.org\",\"@graph\":[{\"@type\":\"WebPage\",\"@id\":\"https:\/\/europeix.cat\/it\/prodotto\/orata\/\",\"url\":\"https:\/\/europeix.cat\/it\/prodotto\/orata\/\",\"name\":\"ORATA - EUROPEIX\",\"isPartOf\":{\"@id\":\"https:\/\/europeix.cat\/#website\"},\"datePublished\":\"2023-02-17T11:06:29+00:00\",\"dateModified\":\"2023-04-05T15:13:41+00:00\",\"breadcrumb\":{\"@id\":\"https:\/\/europeix.cat\/it\/prodotto\/orata\/#breadcrumb\"},\"inLanguage\":\"it-IT\",\"potentialAction\":[{\"@type\":\"ReadAction\",\"target\":[\"https:\/\/europeix.cat\/it\/prodotto\/orata\/\"]}]},{\"@type\":\"BreadcrumbList\",\"@id\":\"https:\/\/europeix.cat\/it\/prodotto\/orata\/#breadcrumb\",\"itemListElement\":[{\"@type\":\"ListItem\",\"position\":1,\"name\":\"Portada\",\"item\":\"https:\/\/europeix.cat\/it\/casa\/\"},{\"@type\":\"ListItem\",\"position\":2,\"name\":\"Prodotti\",\"item\":\"https:\/\/europeix.cat\/it\/prodotti\/\"},{\"@type\":\"ListItem\",\"position\":3,\"name\":\"ORATA\"}]},{\"@type\":\"WebSite\",\"@id\":\"https:\/\/europeix.cat\/#website\",\"url\":\"https:\/\/europeix.cat\/\",\"name\":\"EUROPEIX\",\"description\":\"EUROPEIX\",\"potentialAction\":[{\"@type\":\"SearchAction\",\"target\":{\"@type\":\"EntryPoint\",\"urlTemplate\":\"https:\/\/europeix.cat\/?s={search_term_string}\"},\"query-input\":\"required name=search_term_string\"}],\"inLanguage\":\"it-IT\"}]}<\/script>\n<!-- \/ Yoast SEO plugin. -->","yoast_head_json":{"title":"ORATA - EUROPEIX","robots":{"index":"index","follow":"follow","max-snippet":"max-snippet:-1","max-image-preview":"max-image-preview:large","max-video-preview":"max-video-preview:-1"},"canonical":"https:\/\/europeix.cat\/it\/prodotto\/orata\/","twitter_misc":{"Tempo di lettura stimato":"1 minuto"},"schema":{"@context":"https:\/\/schema.org","@graph":[{"@type":"WebPage","@id":"https:\/\/europeix.cat\/it\/prodotto\/orata\/","url":"https:\/\/europeix.cat\/it\/prodotto\/orata\/","name":"ORATA - EUROPEIX","isPartOf":{"@id":"https:\/\/europeix.cat\/#website"},"datePublished":"2023-02-17T11:06:29+00:00","dateModified":"2023-04-05T15:13:41+00:00","breadcrumb":{"@id":"https:\/\/europeix.cat\/it\/prodotto\/orata\/#breadcrumb"},"inLanguage":"it-IT","potentialAction":[{"@type":"ReadAction","target":["https:\/\/europeix.cat\/it\/prodotto\/orata\/"]}]},{"@type":"BreadcrumbList","@id":"https:\/\/europeix.cat\/it\/prodotto\/orata\/#breadcrumb","itemListElement":[{"@type":"ListItem","position":1,"name":"Portada","item":"https:\/\/europeix.cat\/it\/casa\/"},{"@type":"ListItem","position":2,"name":"Prodotti","item":"https:\/\/europeix.cat\/it\/prodotti\/"},{"@type":"ListItem","position":3,"name":"ORATA"}]},{"@type":"WebSite","@id":"https:\/\/europeix.cat\/#website","url":"https:\/\/europeix.cat\/","name":"EUROPEIX","description":"EUROPEIX","potentialAction":[{"@type":"SearchAction","target":{"@type":"EntryPoint","urlTemplate":"https:\/\/europeix.cat\/?s={search_term_string}"},"query-input":"required name=search_term_string"}],"inLanguage":"it-IT"}]}},"_links":{"self":[{"href":"https:\/\/europeix.cat\/it\/wp-json\/wp\/v2\/product\/1466"}],"collection":[{"href":"https:\/\/europeix.cat\/it\/wp-json\/wp\/v2\/product"}],"about":[{"href":"https:\/\/europeix.cat\/it\/wp-json\/wp\/v2\/types\/product"}],"replies":[{"embeddable":true,"href":"https:\/\/europeix.cat\/it\/wp-json\/wp\/v2\/comments?post=1466"}],"wp:featuredmedia":[{"embeddable":true,"href":"https:\/\/europeix.cat\/it\/wp-json\/wp\/v2\/media\/2094"}],"wp:attachment":[{"href":"https:\/\/europeix.cat\/it\/wp-json\/wp\/v2\/media?parent=1466"}],"wp:term":[{"taxonomy":"product_cat","embeddable":true,"href":"https:\/\/europeix.cat\/it\/wp-json\/wp\/v2\/product_cat?post=1466"},{"taxonomy":"product_tag","embeddable":true,"href":"https:\/\/europeix.cat\/it\/wp-json\/wp\/v2\/product_tag?post=1466"}],"curies":[{"name":"wp","href":"https:\/\/api.w.org\/{rel}","templated":true}]}}