{"id":1404,"date":"2023-02-17T12:10:43","date_gmt":"2023-02-17T11:10:43","guid":{"rendered":"https:\/\/europeix.cat\/producto\/besuc-blanc\/"},"modified":"2023-04-05T13:30:46","modified_gmt":"2023-04-05T11:30:46","slug":"pagello-acarne","status":"publish","type":"product","link":"https:\/\/europeix.cat\/it\/prodotto\/pagello-acarne\/","title":{"rendered":"PAGELLO ACARNE"},"content":{"rendered":"<p>\u00c8 un pesce ovale dal profilo curvo, con grande testa e bocca piccola.<\/p>\n<p>La cavit\u00e0 orale \u00e8 arancione, il corpo \u00e8 dorato con toni rosa e il ventre bianco. Ha una macchia nera alla base delle pinne pettorali. Si nutre di molluschi, piccoli crostacei e vermi.<\/p>\n<p>La sua lunghezza normale \u00e8 di circa 25 cm, ma pu\u00f2 raggiungere anche i 35 cm.<\/p>\n<p>Si riproduce da giugno a settembre.<\/p>\n<p>Diversi sono i sistemi utilizzati per la sua cattura: rete a strascico, tramaglio e cianciolo.<\/p>\n<p>Pesce bianco, ha un alto contenuto di proteine e pochi grassi.<\/p>\n","protected":false},"excerpt":{"rendered":"<p>Pagellus acarne<\/p>\n","protected":false},"featured_media":2060,"comment_status":"closed","ping_status":"closed","template":"","meta":[],"product_cat":[54],"product_tag":[],"yoast_head":"<!-- This site is optimized with the Yoast SEO plugin v20.9 - https:\/\/yoast.com\/wordpress\/plugins\/seo\/ -->\n<title>PAGELLO ACARNE - EUROPEIX<\/title>\n<meta name=\"robots\" content=\"index, follow, max-snippet:-1, max-image-preview:large, max-video-preview:-1\" \/>\n<link rel=\"canonical\" href=\"https:\/\/europeix.cat\/prodotto\/besuc-blanc\/\" \/>\n<script type=\"application\/ld+json\" class=\"yoast-schema-graph\">{\"@context\":\"https:\/\/schema.org\",\"@graph\":[{\"@type\":\"WebPage\",\"@id\":\"https:\/\/europeix.cat\/prodotto\/besuc-blanc\/\",\"url\":\"https:\/\/europeix.cat\/prodotto\/besuc-blanc\/\",\"name\":\"PAGELLO ACARNE - EUROPEIX\",\"isPartOf\":{\"@id\":\"https:\/\/europeix.cat\/#website\"},\"datePublished\":\"2023-02-17T11:10:43+00:00\",\"dateModified\":\"2023-04-05T11:30:46+00:00\",\"breadcrumb\":{\"@id\":\"https:\/\/europeix.cat\/prodotto\/besuc-blanc\/#breadcrumb\"},\"inLanguage\":\"it-IT\",\"potentialAction\":[{\"@type\":\"ReadAction\",\"target\":[\"https:\/\/europeix.cat\/prodotto\/besuc-blanc\/\"]}]},{\"@type\":\"BreadcrumbList\",\"@id\":\"https:\/\/europeix.cat\/prodotto\/besuc-blanc\/#breadcrumb\",\"itemListElement\":[{\"@type\":\"ListItem\",\"position\":1,\"name\":\"Portada\",\"item\":\"https:\/\/europeix.cat\/it\/casa\/\"},{\"@type\":\"ListItem\",\"position\":2,\"name\":\"Prodotti\",\"item\":\"https:\/\/europeix.cat\/it\/prodotti\/\"},{\"@type\":\"ListItem\",\"position\":3,\"name\":\"PAGELLO ACARNE\"}]},{\"@type\":\"WebSite\",\"@id\":\"https:\/\/europeix.cat\/#website\",\"url\":\"https:\/\/europeix.cat\/\",\"name\":\"EUROPEIX\",\"description\":\"EUROPEIX\",\"potentialAction\":[{\"@type\":\"SearchAction\",\"target\":{\"@type\":\"EntryPoint\",\"urlTemplate\":\"https:\/\/europeix.cat\/?s={search_term_string}\"},\"query-input\":\"required name=search_term_string\"}],\"inLanguage\":\"it-IT\"}]}<\/script>\n<!-- \/ Yoast SEO plugin. -->","yoast_head_json":{"title":"PAGELLO ACARNE - EUROPEIX","robots":{"index":"index","follow":"follow","max-snippet":"max-snippet:-1","max-image-preview":"max-image-preview:large","max-video-preview":"max-video-preview:-1"},"canonical":"https:\/\/europeix.cat\/prodotto\/besuc-blanc\/","schema":{"@context":"https:\/\/schema.org","@graph":[{"@type":"WebPage","@id":"https:\/\/europeix.cat\/prodotto\/besuc-blanc\/","url":"https:\/\/europeix.cat\/prodotto\/besuc-blanc\/","name":"PAGELLO ACARNE - EUROPEIX","isPartOf":{"@id":"https:\/\/europeix.cat\/#website"},"datePublished":"2023-02-17T11:10:43+00:00","dateModified":"2023-04-05T11:30:46+00:00","breadcrumb":{"@id":"https:\/\/europeix.cat\/prodotto\/besuc-blanc\/#breadcrumb"},"inLanguage":"it-IT","potentialAction":[{"@type":"ReadAction","target":["https:\/\/europeix.cat\/prodotto\/besuc-blanc\/"]}]},{"@type":"BreadcrumbList","@id":"https:\/\/europeix.cat\/prodotto\/besuc-blanc\/#breadcrumb","itemListElement":[{"@type":"ListItem","position":1,"name":"Portada","item":"https:\/\/europeix.cat\/it\/casa\/"},{"@type":"ListItem","position":2,"name":"Prodotti","item":"https:\/\/europeix.cat\/it\/prodotti\/"},{"@type":"ListItem","position":3,"name":"PAGELLO ACARNE"}]},{"@type":"WebSite","@id":"https:\/\/europeix.cat\/#website","url":"https:\/\/europeix.cat\/","name":"EUROPEIX","description":"EUROPEIX","potentialAction":[{"@type":"SearchAction","target":{"@type":"EntryPoint","urlTemplate":"https:\/\/europeix.cat\/?s={search_term_string}"},"query-input":"required name=search_term_string"}],"inLanguage":"it-IT"}]}},"_links":{"self":[{"href":"https:\/\/europeix.cat\/it\/wp-json\/wp\/v2\/product\/1404"}],"collection":[{"href":"https:\/\/europeix.cat\/it\/wp-json\/wp\/v2\/product"}],"about":[{"href":"https:\/\/europeix.cat\/it\/wp-json\/wp\/v2\/types\/product"}],"replies":[{"embeddable":true,"href":"https:\/\/europeix.cat\/it\/wp-json\/wp\/v2\/comments?post=1404"}],"wp:featuredmedia":[{"embeddable":true,"href":"https:\/\/europeix.cat\/it\/wp-json\/wp\/v2\/media\/2060"}],"wp:attachment":[{"href":"https:\/\/europeix.cat\/it\/wp-json\/wp\/v2\/media?parent=1404"}],"wp:term":[{"taxonomy":"product_cat","embeddable":true,"href":"https:\/\/europeix.cat\/it\/wp-json\/wp\/v2\/product_cat?post=1404"},{"taxonomy":"product_tag","embeddable":true,"href":"https:\/\/europeix.cat\/it\/wp-json\/wp\/v2\/product_tag?post=1404"}],"curies":[{"name":"wp","href":"https:\/\/api.w.org\/{rel}","templated":true}]}}