{"id":1400,"date":"2023-02-17T12:12:38","date_gmt":"2023-02-17T11:12:38","guid":{"rendered":"https:\/\/europeix.cat\/producto\/canana\/"},"modified":"2023-04-05T13:32:25","modified_gmt":"2023-04-05T11:32:25","slug":"totano","status":"publish","type":"product","link":"https:\/\/europeix.cat\/it\/prodotto\/totano\/","title":{"rendered":"TOTANO"},"content":{"rendered":"<p>Mollusco cefalopode dal corpo robusto, allungato, con 8 tentacoli, di cui 2 pi\u00f9 lunghi dotati di ventose. Si differenzia dal calamaro perch\u00e9 ha pinne molto pi\u00f9 piccole e attaccate alla coda. \u00c8 rossastro, pi\u00f9 scuro nella parte posteriore.<\/p>\n<p>Specie pelagica e neritica, vive tra la superficie e fino a 800 m di profondit\u00e0. Compie migrazioni verticali giornaliere, risale fino in superficie lungo la colonna d&#8217;acqua durante la notte per poi ridiscendere in profondit\u00e0 durante il giorno. Sembra anche in grado di compiere migrazioni orizzontali per avvicinarsi alla costa nel periodo estivo e in acque profonde durante i mesi invernali.<\/p>\n<p>La sua lunghezza \u00e8 di 27 cm (femmine) e 20 cm (maschio); comune tra 15 e 22 cm.<\/p>\n<p>Si riproduce durante tutto l&#8217;anno.<\/p>\n<p>Viene catturato con diverse attrezzature: rete a strascico e rete di circuizione<\/p>\n<p>La sua carne \u00e8 molto ricca di proteine, acidi grassi, Omega-3 e minerali quali sodio, fosforo, potassio, magnesio e vitamina A.<\/p>\n","protected":false},"excerpt":{"rendered":"<p>Illex coindetii<\/p>\n","protected":false},"featured_media":2055,"comment_status":"closed","ping_status":"closed","template":"","meta":[],"product_cat":[57],"product_tag":[],"yoast_head":"<!-- This site is optimized with the Yoast SEO plugin v20.9 - https:\/\/yoast.com\/wordpress\/plugins\/seo\/ -->\n<title>TOTANO - EUROPEIX<\/title>\n<meta name=\"robots\" content=\"index, follow, max-snippet:-1, max-image-preview:large, max-video-preview:-1\" \/>\n<link rel=\"canonical\" href=\"https:\/\/europeix.cat\/prodotto\/canana\/\" \/>\n<meta name=\"twitter:label1\" content=\"Tempo di lettura stimato\" \/>\n\t<meta name=\"twitter:data1\" content=\"1 minuto\" \/>\n<script type=\"application\/ld+json\" class=\"yoast-schema-graph\">{\"@context\":\"https:\/\/schema.org\",\"@graph\":[{\"@type\":\"WebPage\",\"@id\":\"https:\/\/europeix.cat\/prodotto\/canana\/\",\"url\":\"https:\/\/europeix.cat\/prodotto\/canana\/\",\"name\":\"TOTANO - EUROPEIX\",\"isPartOf\":{\"@id\":\"https:\/\/europeix.cat\/#website\"},\"datePublished\":\"2023-02-17T11:12:38+00:00\",\"dateModified\":\"2023-04-05T11:32:25+00:00\",\"breadcrumb\":{\"@id\":\"https:\/\/europeix.cat\/prodotto\/canana\/#breadcrumb\"},\"inLanguage\":\"it-IT\",\"potentialAction\":[{\"@type\":\"ReadAction\",\"target\":[\"https:\/\/europeix.cat\/prodotto\/canana\/\"]}]},{\"@type\":\"BreadcrumbList\",\"@id\":\"https:\/\/europeix.cat\/prodotto\/canana\/#breadcrumb\",\"itemListElement\":[{\"@type\":\"ListItem\",\"position\":1,\"name\":\"Portada\",\"item\":\"https:\/\/europeix.cat\/it\/casa\/\"},{\"@type\":\"ListItem\",\"position\":2,\"name\":\"Prodotti\",\"item\":\"https:\/\/europeix.cat\/it\/prodotti\/\"},{\"@type\":\"ListItem\",\"position\":3,\"name\":\"TOTANO\"}]},{\"@type\":\"WebSite\",\"@id\":\"https:\/\/europeix.cat\/#website\",\"url\":\"https:\/\/europeix.cat\/\",\"name\":\"EUROPEIX\",\"description\":\"EUROPEIX\",\"potentialAction\":[{\"@type\":\"SearchAction\",\"target\":{\"@type\":\"EntryPoint\",\"urlTemplate\":\"https:\/\/europeix.cat\/?s={search_term_string}\"},\"query-input\":\"required name=search_term_string\"}],\"inLanguage\":\"it-IT\"}]}<\/script>\n<!-- \/ Yoast SEO plugin. -->","yoast_head_json":{"title":"TOTANO - EUROPEIX","robots":{"index":"index","follow":"follow","max-snippet":"max-snippet:-1","max-image-preview":"max-image-preview:large","max-video-preview":"max-video-preview:-1"},"canonical":"https:\/\/europeix.cat\/prodotto\/canana\/","twitter_misc":{"Tempo di lettura stimato":"1 minuto"},"schema":{"@context":"https:\/\/schema.org","@graph":[{"@type":"WebPage","@id":"https:\/\/europeix.cat\/prodotto\/canana\/","url":"https:\/\/europeix.cat\/prodotto\/canana\/","name":"TOTANO - EUROPEIX","isPartOf":{"@id":"https:\/\/europeix.cat\/#website"},"datePublished":"2023-02-17T11:12:38+00:00","dateModified":"2023-04-05T11:32:25+00:00","breadcrumb":{"@id":"https:\/\/europeix.cat\/prodotto\/canana\/#breadcrumb"},"inLanguage":"it-IT","potentialAction":[{"@type":"ReadAction","target":["https:\/\/europeix.cat\/prodotto\/canana\/"]}]},{"@type":"BreadcrumbList","@id":"https:\/\/europeix.cat\/prodotto\/canana\/#breadcrumb","itemListElement":[{"@type":"ListItem","position":1,"name":"Portada","item":"https:\/\/europeix.cat\/it\/casa\/"},{"@type":"ListItem","position":2,"name":"Prodotti","item":"https:\/\/europeix.cat\/it\/prodotti\/"},{"@type":"ListItem","position":3,"name":"TOTANO"}]},{"@type":"WebSite","@id":"https:\/\/europeix.cat\/#website","url":"https:\/\/europeix.cat\/","name":"EUROPEIX","description":"EUROPEIX","potentialAction":[{"@type":"SearchAction","target":{"@type":"EntryPoint","urlTemplate":"https:\/\/europeix.cat\/?s={search_term_string}"},"query-input":"required name=search_term_string"}],"inLanguage":"it-IT"}]}},"_links":{"self":[{"href":"https:\/\/europeix.cat\/it\/wp-json\/wp\/v2\/product\/1400"}],"collection":[{"href":"https:\/\/europeix.cat\/it\/wp-json\/wp\/v2\/product"}],"about":[{"href":"https:\/\/europeix.cat\/it\/wp-json\/wp\/v2\/types\/product"}],"replies":[{"embeddable":true,"href":"https:\/\/europeix.cat\/it\/wp-json\/wp\/v2\/comments?post=1400"}],"wp:featuredmedia":[{"embeddable":true,"href":"https:\/\/europeix.cat\/it\/wp-json\/wp\/v2\/media\/2055"}],"wp:attachment":[{"href":"https:\/\/europeix.cat\/it\/wp-json\/wp\/v2\/media?parent=1400"}],"wp:term":[{"taxonomy":"product_cat","embeddable":true,"href":"https:\/\/europeix.cat\/it\/wp-json\/wp\/v2\/product_cat?post=1400"},{"taxonomy":"product_tag","embeddable":true,"href":"https:\/\/europeix.cat\/it\/wp-json\/wp\/v2\/product_tag?post=1400"}],"curies":[{"name":"wp","href":"https:\/\/api.w.org\/{rel}","templated":true}]}}