{"id":1352,"date":"2023-02-17T12:25:16","date_gmt":"2023-02-17T11:25:16","guid":{"rendered":"https:\/\/europeix.cat\/producto\/castanyola\/"},"modified":"2023-04-05T15:56:55","modified_gmt":"2023-04-05T13:56:55","slug":"castagna","status":"publish","type":"product","link":"https:\/\/europeix.cat\/it\/prodotto\/castagna\/","title":{"rendered":"CASTAGNA"},"content":{"rendered":"<p>Il pesce castagna ha un corpo alto, marcatamente ovalizzato e compresso, con grande bocca  e piccoli occhi. La sua parte posteriore \u00e8 di colore grigio bluastro, i fianchi sono leggermente pi\u00f9 chiari e il ventre ha una colorazione argentata.<\/p>\n<p>\u00c8 una specie pelagica che vive tra 100 e 300 m di profondit\u00e0. Durante la notte sale in superficie in cerca di cibo. Quando \u00e8 giovane si nutre di crostacei, ma da adulto il cibo diventa a base di pesce e calamari.<\/p>\n<p>La lunghezza massima raggiunge 70 cm e pu\u00f2 pesare fino a 6 kg.<\/p>\n<p>Si riproduce in estate (da agosto a settembre).<\/p>\n<p>Viene catturato con il palangaro.<\/p>\n","protected":false},"excerpt":{"rendered":"<p>Brama brama<\/p>\n","protected":false},"featured_media":987,"comment_status":"closed","ping_status":"closed","template":"","meta":[],"product_cat":[54],"product_tag":[],"yoast_head":"<!-- This site is optimized with the Yoast SEO plugin v20.9 - https:\/\/yoast.com\/wordpress\/plugins\/seo\/ -->\n<title>CASTAGNA - EUROPEIX<\/title>\n<meta name=\"robots\" content=\"index, follow, max-snippet:-1, max-image-preview:large, max-video-preview:-1\" \/>\n<link rel=\"canonical\" href=\"https:\/\/europeix.cat\/prodotto\/castanyola\/\" \/>\n<meta name=\"twitter:label1\" content=\"Tempo di lettura stimato\" \/>\n\t<meta name=\"twitter:data1\" content=\"1 minuto\" \/>\n<script type=\"application\/ld+json\" class=\"yoast-schema-graph\">{\"@context\":\"https:\/\/schema.org\",\"@graph\":[{\"@type\":\"WebPage\",\"@id\":\"https:\/\/europeix.cat\/prodotto\/castanyola\/\",\"url\":\"https:\/\/europeix.cat\/prodotto\/castanyola\/\",\"name\":\"CASTAGNA - EUROPEIX\",\"isPartOf\":{\"@id\":\"https:\/\/europeix.cat\/#website\"},\"datePublished\":\"2023-02-17T11:25:16+00:00\",\"dateModified\":\"2023-04-05T13:56:55+00:00\",\"breadcrumb\":{\"@id\":\"https:\/\/europeix.cat\/prodotto\/castanyola\/#breadcrumb\"},\"inLanguage\":\"it-IT\",\"potentialAction\":[{\"@type\":\"ReadAction\",\"target\":[\"https:\/\/europeix.cat\/prodotto\/castanyola\/\"]}]},{\"@type\":\"BreadcrumbList\",\"@id\":\"https:\/\/europeix.cat\/prodotto\/castanyola\/#breadcrumb\",\"itemListElement\":[{\"@type\":\"ListItem\",\"position\":1,\"name\":\"Portada\",\"item\":\"https:\/\/europeix.cat\/it\/casa\/\"},{\"@type\":\"ListItem\",\"position\":2,\"name\":\"Prodotti\",\"item\":\"https:\/\/europeix.cat\/it\/prodotti\/\"},{\"@type\":\"ListItem\",\"position\":3,\"name\":\"CASTAGNA\"}]},{\"@type\":\"WebSite\",\"@id\":\"https:\/\/europeix.cat\/#website\",\"url\":\"https:\/\/europeix.cat\/\",\"name\":\"EUROPEIX\",\"description\":\"EUROPEIX\",\"potentialAction\":[{\"@type\":\"SearchAction\",\"target\":{\"@type\":\"EntryPoint\",\"urlTemplate\":\"https:\/\/europeix.cat\/?s={search_term_string}\"},\"query-input\":\"required name=search_term_string\"}],\"inLanguage\":\"it-IT\"}]}<\/script>\n<!-- \/ Yoast SEO plugin. -->","yoast_head_json":{"title":"CASTAGNA - EUROPEIX","robots":{"index":"index","follow":"follow","max-snippet":"max-snippet:-1","max-image-preview":"max-image-preview:large","max-video-preview":"max-video-preview:-1"},"canonical":"https:\/\/europeix.cat\/prodotto\/castanyola\/","twitter_misc":{"Tempo di lettura stimato":"1 minuto"},"schema":{"@context":"https:\/\/schema.org","@graph":[{"@type":"WebPage","@id":"https:\/\/europeix.cat\/prodotto\/castanyola\/","url":"https:\/\/europeix.cat\/prodotto\/castanyola\/","name":"CASTAGNA - EUROPEIX","isPartOf":{"@id":"https:\/\/europeix.cat\/#website"},"datePublished":"2023-02-17T11:25:16+00:00","dateModified":"2023-04-05T13:56:55+00:00","breadcrumb":{"@id":"https:\/\/europeix.cat\/prodotto\/castanyola\/#breadcrumb"},"inLanguage":"it-IT","potentialAction":[{"@type":"ReadAction","target":["https:\/\/europeix.cat\/prodotto\/castanyola\/"]}]},{"@type":"BreadcrumbList","@id":"https:\/\/europeix.cat\/prodotto\/castanyola\/#breadcrumb","itemListElement":[{"@type":"ListItem","position":1,"name":"Portada","item":"https:\/\/europeix.cat\/it\/casa\/"},{"@type":"ListItem","position":2,"name":"Prodotti","item":"https:\/\/europeix.cat\/it\/prodotti\/"},{"@type":"ListItem","position":3,"name":"CASTAGNA"}]},{"@type":"WebSite","@id":"https:\/\/europeix.cat\/#website","url":"https:\/\/europeix.cat\/","name":"EUROPEIX","description":"EUROPEIX","potentialAction":[{"@type":"SearchAction","target":{"@type":"EntryPoint","urlTemplate":"https:\/\/europeix.cat\/?s={search_term_string}"},"query-input":"required name=search_term_string"}],"inLanguage":"it-IT"}]}},"_links":{"self":[{"href":"https:\/\/europeix.cat\/it\/wp-json\/wp\/v2\/product\/1352"}],"collection":[{"href":"https:\/\/europeix.cat\/it\/wp-json\/wp\/v2\/product"}],"about":[{"href":"https:\/\/europeix.cat\/it\/wp-json\/wp\/v2\/types\/product"}],"replies":[{"embeddable":true,"href":"https:\/\/europeix.cat\/it\/wp-json\/wp\/v2\/comments?post=1352"}],"wp:featuredmedia":[{"embeddable":true,"href":"https:\/\/europeix.cat\/it\/wp-json\/wp\/v2\/media\/987"}],"wp:attachment":[{"href":"https:\/\/europeix.cat\/it\/wp-json\/wp\/v2\/media?parent=1352"}],"wp:term":[{"taxonomy":"product_cat","embeddable":true,"href":"https:\/\/europeix.cat\/it\/wp-json\/wp\/v2\/product_cat?post=1352"},{"taxonomy":"product_tag","embeddable":true,"href":"https:\/\/europeix.cat\/it\/wp-json\/wp\/v2\/product_tag?post=1352"}],"curies":[{"name":"wp","href":"https:\/\/api.w.org\/{rel}","templated":true}]}}