{"id":1312,"date":"2023-02-17T12:33:45","date_gmt":"2023-02-17T11:33:45","guid":{"rendered":"https:\/\/europeix.cat\/producto\/dot\/"},"modified":"2023-04-05T16:21:36","modified_gmt":"2023-04-05T14:21:36","slug":"cernia-di-fondale","status":"publish","type":"product","link":"https:\/\/europeix.cat\/it\/prodotto\/cernia-di-fondale\/","title":{"rendered":"CERNIA DI FONDALE"},"content":{"rendered":"<p>Pesce dal corpo robusto e compresso, testa solida con mascelle potenti e una forte cresta verso l&#8217;opercolo. Gli esemplari giovani hanno un colore violaceo con macchie irregolari, gli adulti sono invece bruno-grigi. Vive su fondali rocciosi fino a 100 m di profondit\u00e0.<\/p>\n<p>Si nutre di pesci, crostacei e cefalopodi. \u00c8 lunga da 60 a 100 cm e pu\u00f2 raggiungere eccezionalmente anche 2 metri fino a pesare pi\u00f9 di 40 kg.<\/p>\n<p>La riproduzione avviene alla fine della primavera e in estate.<\/p>\n<p>Viene catturata con il palangaro.<\/p>\n","protected":false},"excerpt":{"rendered":"<p>Polyprion americanus<\/p>\n","protected":false},"featured_media":1035,"comment_status":"closed","ping_status":"closed","template":"","meta":[],"product_cat":[54],"product_tag":[],"yoast_head":"<!-- This site is optimized with the Yoast SEO plugin v20.9 - https:\/\/yoast.com\/wordpress\/plugins\/seo\/ -->\n<title>CERNIA DI FONDALE - EUROPEIX<\/title>\n<meta name=\"robots\" content=\"index, follow, max-snippet:-1, max-image-preview:large, max-video-preview:-1\" \/>\n<link rel=\"canonical\" href=\"https:\/\/europeix.cat\/prodotto\/dot\/\" \/>\n<script type=\"application\/ld+json\" class=\"yoast-schema-graph\">{\"@context\":\"https:\/\/schema.org\",\"@graph\":[{\"@type\":\"WebPage\",\"@id\":\"https:\/\/europeix.cat\/prodotto\/dot\/\",\"url\":\"https:\/\/europeix.cat\/prodotto\/dot\/\",\"name\":\"CERNIA DI FONDALE - EUROPEIX\",\"isPartOf\":{\"@id\":\"https:\/\/europeix.cat\/#website\"},\"datePublished\":\"2023-02-17T11:33:45+00:00\",\"dateModified\":\"2023-04-05T14:21:36+00:00\",\"breadcrumb\":{\"@id\":\"https:\/\/europeix.cat\/prodotto\/dot\/#breadcrumb\"},\"inLanguage\":\"it-IT\",\"potentialAction\":[{\"@type\":\"ReadAction\",\"target\":[\"https:\/\/europeix.cat\/prodotto\/dot\/\"]}]},{\"@type\":\"BreadcrumbList\",\"@id\":\"https:\/\/europeix.cat\/prodotto\/dot\/#breadcrumb\",\"itemListElement\":[{\"@type\":\"ListItem\",\"position\":1,\"name\":\"Portada\",\"item\":\"https:\/\/europeix.cat\/it\/casa\/\"},{\"@type\":\"ListItem\",\"position\":2,\"name\":\"Prodotti\",\"item\":\"https:\/\/europeix.cat\/it\/prodotti\/\"},{\"@type\":\"ListItem\",\"position\":3,\"name\":\"CERNIA DI FONDALE\"}]},{\"@type\":\"WebSite\",\"@id\":\"https:\/\/europeix.cat\/#website\",\"url\":\"https:\/\/europeix.cat\/\",\"name\":\"EUROPEIX\",\"description\":\"EUROPEIX\",\"potentialAction\":[{\"@type\":\"SearchAction\",\"target\":{\"@type\":\"EntryPoint\",\"urlTemplate\":\"https:\/\/europeix.cat\/?s={search_term_string}\"},\"query-input\":\"required name=search_term_string\"}],\"inLanguage\":\"it-IT\"}]}<\/script>\n<!-- \/ Yoast SEO plugin. -->","yoast_head_json":{"title":"CERNIA DI FONDALE - EUROPEIX","robots":{"index":"index","follow":"follow","max-snippet":"max-snippet:-1","max-image-preview":"max-image-preview:large","max-video-preview":"max-video-preview:-1"},"canonical":"https:\/\/europeix.cat\/prodotto\/dot\/","schema":{"@context":"https:\/\/schema.org","@graph":[{"@type":"WebPage","@id":"https:\/\/europeix.cat\/prodotto\/dot\/","url":"https:\/\/europeix.cat\/prodotto\/dot\/","name":"CERNIA DI FONDALE - EUROPEIX","isPartOf":{"@id":"https:\/\/europeix.cat\/#website"},"datePublished":"2023-02-17T11:33:45+00:00","dateModified":"2023-04-05T14:21:36+00:00","breadcrumb":{"@id":"https:\/\/europeix.cat\/prodotto\/dot\/#breadcrumb"},"inLanguage":"it-IT","potentialAction":[{"@type":"ReadAction","target":["https:\/\/europeix.cat\/prodotto\/dot\/"]}]},{"@type":"BreadcrumbList","@id":"https:\/\/europeix.cat\/prodotto\/dot\/#breadcrumb","itemListElement":[{"@type":"ListItem","position":1,"name":"Portada","item":"https:\/\/europeix.cat\/it\/casa\/"},{"@type":"ListItem","position":2,"name":"Prodotti","item":"https:\/\/europeix.cat\/it\/prodotti\/"},{"@type":"ListItem","position":3,"name":"CERNIA DI FONDALE"}]},{"@type":"WebSite","@id":"https:\/\/europeix.cat\/#website","url":"https:\/\/europeix.cat\/","name":"EUROPEIX","description":"EUROPEIX","potentialAction":[{"@type":"SearchAction","target":{"@type":"EntryPoint","urlTemplate":"https:\/\/europeix.cat\/?s={search_term_string}"},"query-input":"required name=search_term_string"}],"inLanguage":"it-IT"}]}},"_links":{"self":[{"href":"https:\/\/europeix.cat\/it\/wp-json\/wp\/v2\/product\/1312"}],"collection":[{"href":"https:\/\/europeix.cat\/it\/wp-json\/wp\/v2\/product"}],"about":[{"href":"https:\/\/europeix.cat\/it\/wp-json\/wp\/v2\/types\/product"}],"replies":[{"embeddable":true,"href":"https:\/\/europeix.cat\/it\/wp-json\/wp\/v2\/comments?post=1312"}],"wp:featuredmedia":[{"embeddable":true,"href":"https:\/\/europeix.cat\/it\/wp-json\/wp\/v2\/media\/1035"}],"wp:attachment":[{"href":"https:\/\/europeix.cat\/it\/wp-json\/wp\/v2\/media?parent=1312"}],"wp:term":[{"taxonomy":"product_cat","embeddable":true,"href":"https:\/\/europeix.cat\/it\/wp-json\/wp\/v2\/product_cat?post=1312"},{"taxonomy":"product_tag","embeddable":true,"href":"https:\/\/europeix.cat\/it\/wp-json\/wp\/v2\/product_tag?post=1312"}],"curies":[{"name":"wp","href":"https:\/\/api.w.org\/{rel}","templated":true}]}}