{"id":1292,"date":"2023-02-17T12:37:15","date_gmt":"2023-02-17T11:37:15","guid":{"rendered":"https:\/\/europeix.cat\/producto\/salpa\/"},"modified":"2023-04-05T16:35:50","modified_gmt":"2023-04-05T14:35:50","slug":"salpa","status":"publish","type":"product","link":"https:\/\/europeix.cat\/it\/prodotto\/salpa\/","title":{"rendered":"SALPA"},"content":{"rendered":"<p>Pesce di forma ovale, con bocca piccola e labbra spesse. Di colore bluastro argento con 10 o 12 striature orizzontali dorate. Vive su fondali rocciosi e sabbiosi fino a profondit\u00e0 tra 5 e 70 m.<\/p>\n<p>Si nutre generalmente di alghe, tuttavia, pu\u00f2 nutrirsi anche di crostacei.<\/p>\n<p>\u00c8 un pesce che pu\u00f2 raggiungere circa 50 cm di lunghezza, ma la sua taglia normale \u00e8 di circa 20 cm.<\/p>\n<p>Viene catturato con diverse attrezzature: tramaglio e rete di circuizione.<\/p>\n","protected":false},"excerpt":{"rendered":"<p>Sarpa salpa<\/p>\n","protected":false},"featured_media":1921,"comment_status":"closed","ping_status":"closed","template":"","meta":[],"product_cat":[54],"product_tag":[],"yoast_head":"<!-- This site is optimized with the Yoast SEO plugin v20.9 - https:\/\/yoast.com\/wordpress\/plugins\/seo\/ -->\n<title>SALPA - EUROPEIX<\/title>\n<meta name=\"robots\" content=\"index, follow, max-snippet:-1, max-image-preview:large, max-video-preview:-1\" \/>\n<link rel=\"canonical\" href=\"https:\/\/europeix.cat\/it\/prodotto\/salpa\/\" \/>\n<script type=\"application\/ld+json\" class=\"yoast-schema-graph\">{\"@context\":\"https:\/\/schema.org\",\"@graph\":[{\"@type\":\"WebPage\",\"@id\":\"https:\/\/europeix.cat\/it\/prodotto\/salpa\/\",\"url\":\"https:\/\/europeix.cat\/it\/prodotto\/salpa\/\",\"name\":\"SALPA - EUROPEIX\",\"isPartOf\":{\"@id\":\"https:\/\/europeix.cat\/#website\"},\"datePublished\":\"2023-02-17T11:37:15+00:00\",\"dateModified\":\"2023-04-05T14:35:50+00:00\",\"breadcrumb\":{\"@id\":\"https:\/\/europeix.cat\/it\/prodotto\/salpa\/#breadcrumb\"},\"inLanguage\":\"it-IT\",\"potentialAction\":[{\"@type\":\"ReadAction\",\"target\":[\"https:\/\/europeix.cat\/it\/prodotto\/salpa\/\"]}]},{\"@type\":\"BreadcrumbList\",\"@id\":\"https:\/\/europeix.cat\/it\/prodotto\/salpa\/#breadcrumb\",\"itemListElement\":[{\"@type\":\"ListItem\",\"position\":1,\"name\":\"Portada\",\"item\":\"https:\/\/europeix.cat\/it\/casa\/\"},{\"@type\":\"ListItem\",\"position\":2,\"name\":\"Prodotti\",\"item\":\"https:\/\/europeix.cat\/it\/prodotti\/\"},{\"@type\":\"ListItem\",\"position\":3,\"name\":\"SALPA\"}]},{\"@type\":\"WebSite\",\"@id\":\"https:\/\/europeix.cat\/#website\",\"url\":\"https:\/\/europeix.cat\/\",\"name\":\"EUROPEIX\",\"description\":\"EUROPEIX\",\"potentialAction\":[{\"@type\":\"SearchAction\",\"target\":{\"@type\":\"EntryPoint\",\"urlTemplate\":\"https:\/\/europeix.cat\/?s={search_term_string}\"},\"query-input\":\"required name=search_term_string\"}],\"inLanguage\":\"it-IT\"}]}<\/script>\n<!-- \/ Yoast SEO plugin. -->","yoast_head_json":{"title":"SALPA - EUROPEIX","robots":{"index":"index","follow":"follow","max-snippet":"max-snippet:-1","max-image-preview":"max-image-preview:large","max-video-preview":"max-video-preview:-1"},"canonical":"https:\/\/europeix.cat\/it\/prodotto\/salpa\/","schema":{"@context":"https:\/\/schema.org","@graph":[{"@type":"WebPage","@id":"https:\/\/europeix.cat\/it\/prodotto\/salpa\/","url":"https:\/\/europeix.cat\/it\/prodotto\/salpa\/","name":"SALPA - EUROPEIX","isPartOf":{"@id":"https:\/\/europeix.cat\/#website"},"datePublished":"2023-02-17T11:37:15+00:00","dateModified":"2023-04-05T14:35:50+00:00","breadcrumb":{"@id":"https:\/\/europeix.cat\/it\/prodotto\/salpa\/#breadcrumb"},"inLanguage":"it-IT","potentialAction":[{"@type":"ReadAction","target":["https:\/\/europeix.cat\/it\/prodotto\/salpa\/"]}]},{"@type":"BreadcrumbList","@id":"https:\/\/europeix.cat\/it\/prodotto\/salpa\/#breadcrumb","itemListElement":[{"@type":"ListItem","position":1,"name":"Portada","item":"https:\/\/europeix.cat\/it\/casa\/"},{"@type":"ListItem","position":2,"name":"Prodotti","item":"https:\/\/europeix.cat\/it\/prodotti\/"},{"@type":"ListItem","position":3,"name":"SALPA"}]},{"@type":"WebSite","@id":"https:\/\/europeix.cat\/#website","url":"https:\/\/europeix.cat\/","name":"EUROPEIX","description":"EUROPEIX","potentialAction":[{"@type":"SearchAction","target":{"@type":"EntryPoint","urlTemplate":"https:\/\/europeix.cat\/?s={search_term_string}"},"query-input":"required name=search_term_string"}],"inLanguage":"it-IT"}]}},"_links":{"self":[{"href":"https:\/\/europeix.cat\/it\/wp-json\/wp\/v2\/product\/1292"}],"collection":[{"href":"https:\/\/europeix.cat\/it\/wp-json\/wp\/v2\/product"}],"about":[{"href":"https:\/\/europeix.cat\/it\/wp-json\/wp\/v2\/types\/product"}],"replies":[{"embeddable":true,"href":"https:\/\/europeix.cat\/it\/wp-json\/wp\/v2\/comments?post=1292"}],"wp:featuredmedia":[{"embeddable":true,"href":"https:\/\/europeix.cat\/it\/wp-json\/wp\/v2\/media\/1921"}],"wp:attachment":[{"href":"https:\/\/europeix.cat\/it\/wp-json\/wp\/v2\/media?parent=1292"}],"wp:term":[{"taxonomy":"product_cat","embeddable":true,"href":"https:\/\/europeix.cat\/it\/wp-json\/wp\/v2\/product_cat?post=1292"},{"taxonomy":"product_tag","embeddable":true,"href":"https:\/\/europeix.cat\/it\/wp-json\/wp\/v2\/product_tag?post=1292"}],"curies":[{"name":"wp","href":"https:\/\/api.w.org\/{rel}","templated":true}]}}