{"id":1284,"date":"2023-02-17T12:38:58","date_gmt":"2023-02-17T11:38:58","guid":{"rendered":"https:\/\/europeix.cat\/producto\/tonyina\/"},"modified":"2023-04-05T16:39:32","modified_gmt":"2023-04-05T14:39:32","slug":"tonno-rosso","status":"publish","type":"product","link":"https:\/\/europeix.cat\/it\/prodotto\/tonno-rosso\/","title":{"rendered":"TONNO ROSSO"},"content":{"rendered":"<p>Specie caratterizzata da corpo tozzo e grosso, testa larga. La sua parte posteriore \u00e8 blu nerastra, i fianchi sono pi\u00f9 chiari e la pancia \u00e8 d&#8217;argento. I giovani esemplari presentano striature trasversali che scompaiono in et\u00e0 adulta.<\/p>\n<p>Il tonno \u00e8 un grande nuotatore che compie grandi migrazioni. Si nutre di sardine, acciughe e altri pesci pelagici e anche di diversi crostacei.<\/p>\n<p>Non si riproduce fino al terzo anno di vita, quando pesa tra 15 e 20 kg, e pu\u00f2 raggiungere circa 14 anni di et\u00e0.<\/p>\n<p>Pu\u00f2 misurare tra 2 e 3 metri e pesare circa 500 kg.<\/p>\n","protected":false},"excerpt":{"rendered":"<p>Thunnus (thunnus)thynnus<\/p>\n","protected":false},"featured_media":1071,"comment_status":"closed","ping_status":"closed","template":"","meta":[],"product_cat":[54],"product_tag":[],"yoast_head":"<!-- This site is optimized with the Yoast SEO plugin v20.9 - https:\/\/yoast.com\/wordpress\/plugins\/seo\/ -->\n<title>TONNO ROSSO - EUROPEIX<\/title>\n<meta name=\"robots\" content=\"index, follow, max-snippet:-1, max-image-preview:large, max-video-preview:-1\" \/>\n<link rel=\"canonical\" href=\"https:\/\/europeix.cat\/prodotto\/tonyina\/\" \/>\n<script type=\"application\/ld+json\" class=\"yoast-schema-graph\">{\"@context\":\"https:\/\/schema.org\",\"@graph\":[{\"@type\":\"WebPage\",\"@id\":\"https:\/\/europeix.cat\/prodotto\/tonyina\/\",\"url\":\"https:\/\/europeix.cat\/prodotto\/tonyina\/\",\"name\":\"TONNO ROSSO - EUROPEIX\",\"isPartOf\":{\"@id\":\"https:\/\/europeix.cat\/#website\"},\"datePublished\":\"2023-02-17T11:38:58+00:00\",\"dateModified\":\"2023-04-05T14:39:32+00:00\",\"breadcrumb\":{\"@id\":\"https:\/\/europeix.cat\/prodotto\/tonyina\/#breadcrumb\"},\"inLanguage\":\"it-IT\",\"potentialAction\":[{\"@type\":\"ReadAction\",\"target\":[\"https:\/\/europeix.cat\/prodotto\/tonyina\/\"]}]},{\"@type\":\"BreadcrumbList\",\"@id\":\"https:\/\/europeix.cat\/prodotto\/tonyina\/#breadcrumb\",\"itemListElement\":[{\"@type\":\"ListItem\",\"position\":1,\"name\":\"Portada\",\"item\":\"https:\/\/europeix.cat\/it\/casa\/\"},{\"@type\":\"ListItem\",\"position\":2,\"name\":\"Prodotti\",\"item\":\"https:\/\/europeix.cat\/it\/prodotti\/\"},{\"@type\":\"ListItem\",\"position\":3,\"name\":\"TONNO ROSSO\"}]},{\"@type\":\"WebSite\",\"@id\":\"https:\/\/europeix.cat\/#website\",\"url\":\"https:\/\/europeix.cat\/\",\"name\":\"EUROPEIX\",\"description\":\"EUROPEIX\",\"potentialAction\":[{\"@type\":\"SearchAction\",\"target\":{\"@type\":\"EntryPoint\",\"urlTemplate\":\"https:\/\/europeix.cat\/?s={search_term_string}\"},\"query-input\":\"required name=search_term_string\"}],\"inLanguage\":\"it-IT\"}]}<\/script>\n<!-- \/ Yoast SEO plugin. -->","yoast_head_json":{"title":"TONNO ROSSO - EUROPEIX","robots":{"index":"index","follow":"follow","max-snippet":"max-snippet:-1","max-image-preview":"max-image-preview:large","max-video-preview":"max-video-preview:-1"},"canonical":"https:\/\/europeix.cat\/prodotto\/tonyina\/","schema":{"@context":"https:\/\/schema.org","@graph":[{"@type":"WebPage","@id":"https:\/\/europeix.cat\/prodotto\/tonyina\/","url":"https:\/\/europeix.cat\/prodotto\/tonyina\/","name":"TONNO ROSSO - EUROPEIX","isPartOf":{"@id":"https:\/\/europeix.cat\/#website"},"datePublished":"2023-02-17T11:38:58+00:00","dateModified":"2023-04-05T14:39:32+00:00","breadcrumb":{"@id":"https:\/\/europeix.cat\/prodotto\/tonyina\/#breadcrumb"},"inLanguage":"it-IT","potentialAction":[{"@type":"ReadAction","target":["https:\/\/europeix.cat\/prodotto\/tonyina\/"]}]},{"@type":"BreadcrumbList","@id":"https:\/\/europeix.cat\/prodotto\/tonyina\/#breadcrumb","itemListElement":[{"@type":"ListItem","position":1,"name":"Portada","item":"https:\/\/europeix.cat\/it\/casa\/"},{"@type":"ListItem","position":2,"name":"Prodotti","item":"https:\/\/europeix.cat\/it\/prodotti\/"},{"@type":"ListItem","position":3,"name":"TONNO ROSSO"}]},{"@type":"WebSite","@id":"https:\/\/europeix.cat\/#website","url":"https:\/\/europeix.cat\/","name":"EUROPEIX","description":"EUROPEIX","potentialAction":[{"@type":"SearchAction","target":{"@type":"EntryPoint","urlTemplate":"https:\/\/europeix.cat\/?s={search_term_string}"},"query-input":"required name=search_term_string"}],"inLanguage":"it-IT"}]}},"_links":{"self":[{"href":"https:\/\/europeix.cat\/it\/wp-json\/wp\/v2\/product\/1284"}],"collection":[{"href":"https:\/\/europeix.cat\/it\/wp-json\/wp\/v2\/product"}],"about":[{"href":"https:\/\/europeix.cat\/it\/wp-json\/wp\/v2\/types\/product"}],"replies":[{"embeddable":true,"href":"https:\/\/europeix.cat\/it\/wp-json\/wp\/v2\/comments?post=1284"}],"wp:featuredmedia":[{"embeddable":true,"href":"https:\/\/europeix.cat\/it\/wp-json\/wp\/v2\/media\/1071"}],"wp:attachment":[{"href":"https:\/\/europeix.cat\/it\/wp-json\/wp\/v2\/media?parent=1284"}],"wp:term":[{"taxonomy":"product_cat","embeddable":true,"href":"https:\/\/europeix.cat\/it\/wp-json\/wp\/v2\/product_cat?post=1284"},{"taxonomy":"product_tag","embeddable":true,"href":"https:\/\/europeix.cat\/it\/wp-json\/wp\/v2\/product_tag?post=1284"}],"curies":[{"name":"wp","href":"https:\/\/api.w.org\/{rel}","templated":true}]}}