{"id":1260,"date":"2023-02-17T12:44:08","date_gmt":"2023-02-17T11:44:08","guid":{"rendered":"https:\/\/europeix.cat\/producto\/mollera\/"},"modified":"2023-04-05T16:58:16","modified_gmt":"2023-04-05T14:58:16","slug":"busbana-bruna","status":"publish","type":"product","link":"https:\/\/europeix.cat\/it\/prodotto\/busbana-bruna\/","title":{"rendered":"BUSBANA BRUNA"},"content":{"rendered":"<p>\u00c8 un pesce bianco. Il suo corpo \u00e8 alto e allungato. I suoi occhi sono grandi, la sua mascella \u00e8 prominente.<\/p>\n<p>Marrone giallastro sui lati e ventre grigio argenteo scuro, che diventa giallo.<\/p>\n<p>Vive nelle regioni costiere, soprattutto su fondali rocciosi.<\/p>\n<p>Le sue dimensioni possono variare da 30 a 45 cm di lunghezza e il suo peso varia da 1 a 1,2 kg.<\/p>\n<p>Viene catturato con diversi metodi di pesca: palamito e strascico.<\/p>\n","protected":false},"excerpt":{"rendered":"<p>Trisopterus luscus<\/p>\n","protected":false},"featured_media":1099,"comment_status":"closed","ping_status":"closed","template":"","meta":[],"product_cat":[54],"product_tag":[],"yoast_head":"<!-- This site is optimized with the Yoast SEO plugin v20.9 - https:\/\/yoast.com\/wordpress\/plugins\/seo\/ -->\n<title>BUSBANA BRUNA - EUROPEIX<\/title>\n<meta name=\"robots\" content=\"index, follow, max-snippet:-1, max-image-preview:large, max-video-preview:-1\" \/>\n<link rel=\"canonical\" href=\"https:\/\/europeix.cat\/prodotto\/mollera\/\" \/>\n<script type=\"application\/ld+json\" class=\"yoast-schema-graph\">{\"@context\":\"https:\/\/schema.org\",\"@graph\":[{\"@type\":\"WebPage\",\"@id\":\"https:\/\/europeix.cat\/prodotto\/mollera\/\",\"url\":\"https:\/\/europeix.cat\/prodotto\/mollera\/\",\"name\":\"BUSBANA BRUNA - EUROPEIX\",\"isPartOf\":{\"@id\":\"https:\/\/europeix.cat\/#website\"},\"datePublished\":\"2023-02-17T11:44:08+00:00\",\"dateModified\":\"2023-04-05T14:58:16+00:00\",\"breadcrumb\":{\"@id\":\"https:\/\/europeix.cat\/prodotto\/mollera\/#breadcrumb\"},\"inLanguage\":\"it-IT\",\"potentialAction\":[{\"@type\":\"ReadAction\",\"target\":[\"https:\/\/europeix.cat\/prodotto\/mollera\/\"]}]},{\"@type\":\"BreadcrumbList\",\"@id\":\"https:\/\/europeix.cat\/prodotto\/mollera\/#breadcrumb\",\"itemListElement\":[{\"@type\":\"ListItem\",\"position\":1,\"name\":\"Portada\",\"item\":\"https:\/\/europeix.cat\/it\/casa\/\"},{\"@type\":\"ListItem\",\"position\":2,\"name\":\"Prodotti\",\"item\":\"https:\/\/europeix.cat\/it\/prodotti\/\"},{\"@type\":\"ListItem\",\"position\":3,\"name\":\"BUSBANA BRUNA\"}]},{\"@type\":\"WebSite\",\"@id\":\"https:\/\/europeix.cat\/#website\",\"url\":\"https:\/\/europeix.cat\/\",\"name\":\"EUROPEIX\",\"description\":\"EUROPEIX\",\"potentialAction\":[{\"@type\":\"SearchAction\",\"target\":{\"@type\":\"EntryPoint\",\"urlTemplate\":\"https:\/\/europeix.cat\/?s={search_term_string}\"},\"query-input\":\"required name=search_term_string\"}],\"inLanguage\":\"it-IT\"}]}<\/script>\n<!-- \/ Yoast SEO plugin. -->","yoast_head_json":{"title":"BUSBANA BRUNA - EUROPEIX","robots":{"index":"index","follow":"follow","max-snippet":"max-snippet:-1","max-image-preview":"max-image-preview:large","max-video-preview":"max-video-preview:-1"},"canonical":"https:\/\/europeix.cat\/prodotto\/mollera\/","schema":{"@context":"https:\/\/schema.org","@graph":[{"@type":"WebPage","@id":"https:\/\/europeix.cat\/prodotto\/mollera\/","url":"https:\/\/europeix.cat\/prodotto\/mollera\/","name":"BUSBANA BRUNA - EUROPEIX","isPartOf":{"@id":"https:\/\/europeix.cat\/#website"},"datePublished":"2023-02-17T11:44:08+00:00","dateModified":"2023-04-05T14:58:16+00:00","breadcrumb":{"@id":"https:\/\/europeix.cat\/prodotto\/mollera\/#breadcrumb"},"inLanguage":"it-IT","potentialAction":[{"@type":"ReadAction","target":["https:\/\/europeix.cat\/prodotto\/mollera\/"]}]},{"@type":"BreadcrumbList","@id":"https:\/\/europeix.cat\/prodotto\/mollera\/#breadcrumb","itemListElement":[{"@type":"ListItem","position":1,"name":"Portada","item":"https:\/\/europeix.cat\/it\/casa\/"},{"@type":"ListItem","position":2,"name":"Prodotti","item":"https:\/\/europeix.cat\/it\/prodotti\/"},{"@type":"ListItem","position":3,"name":"BUSBANA BRUNA"}]},{"@type":"WebSite","@id":"https:\/\/europeix.cat\/#website","url":"https:\/\/europeix.cat\/","name":"EUROPEIX","description":"EUROPEIX","potentialAction":[{"@type":"SearchAction","target":{"@type":"EntryPoint","urlTemplate":"https:\/\/europeix.cat\/?s={search_term_string}"},"query-input":"required name=search_term_string"}],"inLanguage":"it-IT"}]}},"_links":{"self":[{"href":"https:\/\/europeix.cat\/it\/wp-json\/wp\/v2\/product\/1260"}],"collection":[{"href":"https:\/\/europeix.cat\/it\/wp-json\/wp\/v2\/product"}],"about":[{"href":"https:\/\/europeix.cat\/it\/wp-json\/wp\/v2\/types\/product"}],"replies":[{"embeddable":true,"href":"https:\/\/europeix.cat\/it\/wp-json\/wp\/v2\/comments?post=1260"}],"wp:featuredmedia":[{"embeddable":true,"href":"https:\/\/europeix.cat\/it\/wp-json\/wp\/v2\/media\/1099"}],"wp:attachment":[{"href":"https:\/\/europeix.cat\/it\/wp-json\/wp\/v2\/media?parent=1260"}],"wp:term":[{"taxonomy":"product_cat","embeddable":true,"href":"https:\/\/europeix.cat\/it\/wp-json\/wp\/v2\/product_cat?post=1260"},{"taxonomy":"product_tag","embeddable":true,"href":"https:\/\/europeix.cat\/it\/wp-json\/wp\/v2\/product_tag?post=1260"}],"curies":[{"name":"wp","href":"https:\/\/api.w.org\/{rel}","templated":true}]}}