{"id":1239,"date":"2015-07-06T21:23:37","date_gmt":"2015-07-06T19:23:37","guid":{"rendered":"https:\/\/europeix.cat\/contacte-i-localitzacio\/"},"modified":"2024-11-12T11:50:18","modified_gmt":"2024-11-12T10:50:18","slug":"contatto-e-posizione","status":"publish","type":"page","link":"https:\/\/europeix.cat\/it\/contatto-e-posizione\/","title":{"rendered":"Contatto"},"content":{"rendered":"<div  class='flex_column av-80icr-368f8ec8801f06a13d8547f308a540c3 av_one_fifth  avia-builder-el-0  el_before_av_two_fifth  avia-builder-el-first  first flex_column_div  '     ><\/div>\n\n<style type=\"text\/css\" data-created_by=\"avia_inline_auto\" id=\"style-css-av-7ftr7-a2aaa0205b7ef1700518f909b8bf2a99\">\n.flex_column.av-7ftr7-a2aaa0205b7ef1700518f909b8bf2a99{\n-webkit-border-radius:0px 0px 0px 0px;\n-moz-border-radius:0px 0px 0px 0px;\nborder-radius:0px 0px 0px 0px;\npadding:0px 0px 0px 0px;\n}\n<\/style>\n<div  class='flex_column av-7ftr7-a2aaa0205b7ef1700518f909b8bf2a99 av_two_fifth  avia-builder-el-1  el_after_av_one_fifth  el_before_av_two_fifth  flex_column_div av-zero-column-padding  '     ><p><form action=\"https:\/\/europeix.cat\/it\/contatto-e-posizione\/\" method=\"post\" data-fields-with-error=\"Sono stati riscontrati errori nei seguenti campi:\" class=\"avia_ajax_form av-form-labels-visible   avia-builder-el-2  el_before_av_codeblock  avia-builder-el-first   \" data-avia-form-id=\"1\" data-avia-redirect='https:\/\/europeix.cat\/it\/contacta-amb-nosaltres\/' ><h3 class=''>Contattaci<\/h3><fieldset><p class='  first_form  form_element form_fullwidth' id='element_avia_1_1'><label for=\"avia_1_1\">Nome <abbr class=\"required\" title=\"richiesto\">*<\/abbr><\/label> <input name=\"avia_1_1\" class=\"text_input is_empty\" type=\"text\" id=\"avia_1_1\" value=\"\" \/><\/p><p class='  first_form  form_element form_fullwidth' id='element_avia_2_1'><label for=\"avia_2_1\">Telefono <abbr class=\"required\" title=\"richiesto\">*<\/abbr><\/label> <input name=\"avia_2_1\" class=\"text_input is_empty\" type=\"text\" id=\"avia_2_1\" value=\"\" \/><\/p><p class='  first_form  form_element form_fullwidth' id='element_avia_3_1'><label for=\"avia_3_1\">E-mail <abbr class=\"required\" title=\"richiesto\">*<\/abbr><\/label> <input name=\"avia_3_1\" class=\"text_input is_email\" type=\"text\" id=\"avia_3_1\" value=\"\" \/><\/p><p class='  first_form  form_element form_fullwidth' id='element_avia_4_1'><label for=\"avia_4_1\">Questione <abbr class=\"required\" title=\"richiesto\">*<\/abbr><\/label> <input name=\"avia_4_1\" class=\"text_input is_empty\" type=\"text\" id=\"avia_4_1\" value=\"\" \/><\/p><p class='  first_form  form_element form_fullwidth' id='element_avia_5_1'><label for=\"avia_5_1\" class=\"textare_label hidden textare_label_avia_5_1\">Messaggio <abbr class=\"required\" title=\"richiesto\">*<\/abbr><\/label><textarea  name=\"avia_5_1\" class=\"text_area is_empty\" cols=\"40\" rows=\"7\" id=\"avia_5_1\" ><\/textarea><\/p><p class='  first_form  form_element form_fullwidth' id='element_avia_6_1'><input  name=\"avia_6_1\" class=\"input_checkbox is_empty\" type=\"checkbox\" id=\"avia_6_1\" value=\"true\"\/><label class=\"input_checkbox_label\" for=\"avia_6_1\"><span class=\"av_font_icon avia_animate_when_visible av-icon-style-  av-no-color avia-icon-pos-left  avia_start_animation avia_start_delayed_animation\"><span class=\"av-icon-char\" style=\"font-size:12px;line-height:12px\" aria-hidden=\"true\" data-av_icon=\"\ue812\" data-av_iconfont=\"entypo-fontello\"><\/span><\/span> Acconsento all\u2018utilizzo dei miei dati per le finalit\u00e0 indicate <a href=\"https:\/\/europeix.cat\/it\/politica-sulla-riservatezza\/\" target=\"_blank\">nell\u2019informativa sulla privacy<\/a> <abbr class=\"required\" title=\"richiesto\">*<\/abbr><\/label><\/p><p class='  first_form  form_element form_fullwidth' id='element_avia_7_1'><input  name=\"avia_7_1\" class=\"input_checkbox \" type=\"checkbox\" id=\"avia_7_1\" value=\"true\"\/><label class=\"input_checkbox_label\" for=\"avia_7_1\"><span class=\"av_font_icon avia_animate_when_visible av-icon-style-  av-no-color avia-icon-pos-left  avia_start_animation avia_start_delayed_animation\"><span class=\"av-icon-char\" style=\"font-size:12px;line-height:12px\" aria-hidden=\"true\" data-av_icon=\"\ue805\" data-av_iconfont=\"entypo-fontello\"><\/span><\/span>Acconsento all\u2019utilizzo dei miei dati personali per ricevere pubblicit\u00e0 dalla vostra organizzazione.<\/label><\/p><p class=\"hidden\"><input type=\"text\" name=\"avia_8_1\" class=\"hidden \" id=\"avia_8_1\" value=\"\" \/><\/p><div id='avia_9_1' class='av-recaptcha-area  first_form  form_element form_fullwidth '  data-container_class=\"\" data-custom_class=\"\" data-context=\"av_contact_form\" data-token_input=\"av_recaptcha_token\" data-version=\"avia_recaptcha_v2\" data-theme=\"light\" data-size=\"normal\" data-score=\"0.5\" data-text_to_preview=\"\" data-value=\"\"><div class=\"av-google-badge-message hidden\">Questo sito \u00e8 protetto da reCAPTCHA e si applicano i termini di servizio di Google <a href=\"https:\/\/policies.google.com\/privacy\">Privacy Policy<\/a> e <a href=\"https:\/\/policies.google.com\/terms\">Termini di servizio<\/a>.<\/div><\/div><p class=\"form_element \"><input type=\"hidden\" value=\"1\" name=\"avia_generated_form1\" \/><input type=\"submit\" value=\"Inviare\" class=\"button\"  data-sending-label=\"Invio\"\/><\/p><\/fieldset><div class=\"avia-disabled-form\">Questo modulo di contatto \u00e8 disattivato perch\u00e9 l&rsquo;utente ha rifiutato di accettare il servizio Google reCaptcha, necessario per convalidare i messaggi inviati dal modulo.<\/div><\/form><div id=\"ajaxresponse_1\" class=\"ajaxresponse ajaxresponse_1 hidden\"><\/div><br \/>\n<\/p><\/div>\n<style type=\"text\/css\" data-created_by=\"avia_inline_auto\" id=\"style-css-av-2iu87-6de04e06418068e443735aa55e5e4733\">\n.flex_column.av-2iu87-6de04e06418068e443735aa55e5e4733{\n-webkit-border-radius:0px 0px 0px 0px;\n-moz-border-radius:0px 0px 0px 0px;\nborder-radius:0px 0px 0px 0px;\npadding:0px 0px 0px 0px;\n}\n<\/style>\n<div  class='flex_column av-2iu87-6de04e06418068e443735aa55e5e4733 av_two_fifth flex_column_div av-zero-column-padding  '     ><br \/>\n\n<style type=\"text\/css\" data-created_by=\"avia_inline_auto\" id=\"style-css-av-11adf-65cc1a4d7a87f66b5d0633b090853d7f\">\n#top .hr.hr-invisible.av-11adf-65cc1a4d7a87f66b5d0633b090853d7f{\nheight:30px;\n}\n<\/style>\n<div  class='hr av-11adf-65cc1a4d7a87f66b5d0633b090853d7f hr-invisible'><span class='hr-inner '><span class=\"hr-inner-style\"><\/span><\/span><\/div><br \/>\n<div  class='avia-button-wrap av-l5l4vctq-ccc61ad8e80a3d348dd362527371f602-wrap avia-button-left '><a href='tel:+34937959960'  class='avia-button av-l5l4vctq-ccc61ad8e80a3d348dd362527371f602 avia-icon_select-yes-left-icon avia-size-x-large avia-position-left avia-color-theme-color'  ><span class='avia_button_icon avia_button_icon_left' aria-hidden='true' data-av_icon='\ue854' data-av_iconfont='entypo-fontello'><\/span><span class='avia_iconbox_title' >Chiamata (+34) 937 959 960<\/span><\/a><\/div><br \/>\n\n<style type=\"text\/css\" data-created_by=\"avia_inline_auto\" id=\"style-css-av-le8chskm-7e0e72c0e653322397c891dda8109127\">\n#top .hr.hr-invisible.av-le8chskm-7e0e72c0e653322397c891dda8109127{\nheight:50px;\n}\n<\/style>\n<div  class='hr av-le8chskm-7e0e72c0e653322397c891dda8109127 hr-invisible'><span class='hr-inner '><span class=\"hr-inner-style\"><\/span><\/span><\/div><br \/>\n\n<style type=\"text\/css\" data-created_by=\"avia_inline_auto\" id=\"style-css-av-le8ch6yo-79379f6425e052a0a4b5e9f347301fe0\">\n.avia-image-container.av-le8ch6yo-79379f6425e052a0a4b5e9f347301fe0 img.avia_image{\nbox-shadow:none;\n}\n.avia-image-container.av-le8ch6yo-79379f6425e052a0a4b5e9f347301fe0 .av-image-caption-overlay-center{\ncolor:#ffffff;\n}\n<\/style>\n<div  class='avia-image-container av-le8ch6yo-79379f6425e052a0a4b5e9f347301fe0 av-styling- avia-align-center'   itemprop=\"image\" itemscope=\"itemscope\" itemtype=\"https:\/\/schema.org\/ImageObject\" ><div class=\"avia-image-container-inner\"><div class=\"avia-image-overlay-wrap\"><img decoding=\"async\" class='wp-image-2647 avia-img-lazy-loading-not-2647 avia_image ' src=\"https:\/\/europeix.cat\/wp-content\/uploads\/2024\/04\/logo.jpg\" alt='' title='logo'  height=\"172\" width=\"335\"  itemprop=\"thumbnailUrl\" srcset=\"https:\/\/europeix.cat\/wp-content\/uploads\/2024\/04\/logo.jpg 335w, https:\/\/europeix.cat\/wp-content\/uploads\/2024\/04\/logo-300x154.jpg 300w\" sizes=\"(max-width: 335px) 100vw, 335px\" \/><\/div><\/div><\/div><br \/>\n<section  class='av_textblock_section av-luv68oz5-26bc03b381ab713216ac732798a0f634 '   itemscope=\"itemscope\" itemtype=\"https:\/\/schema.org\/CreativeWork\" ><div class='avia_textblock'  itemprop=\"text\" ><p style=\"text-align: center\">Europeix S.A. collabora con due associazioni: Sant Joan de D\u00e9u e Associaci\u00f3 Espanyola Contra El C\u00e0ncer<\/p>\n<\/div><\/section><br \/>\n\n<style type=\"text\/css\" data-created_by=\"avia_inline_auto\" id=\"style-css-av-av_hr-3a876428eececa9d35452247ddb053af\">\n#top .hr.hr-invisible.av-av_hr-3a876428eececa9d35452247ddb053af{\nheight:50px;\n}\n<\/style>\n<div  class='hr av-av_hr-3a876428eececa9d35452247ddb053af hr-invisible'><span class='hr-inner '><span class=\"hr-inner-style\"><\/span><\/span><\/div><br \/>\n\n<style type=\"text\/css\" data-created_by=\"avia_inline_auto\" id=\"style-css-av-av_image-bca550bc262e8053518a2f74f8580d3b\">\n.avia-image-container.av-av_image-bca550bc262e8053518a2f74f8580d3b img.avia_image{\nbox-shadow:none;\n}\n.avia-image-container.av-av_image-bca550bc262e8053518a2f74f8580d3b .av-image-caption-overlay-center{\ncolor:#ffffff;\n}\n<\/style>\n<div  class='avia-image-container av-av_image-bca550bc262e8053518a2f74f8580d3b av-styling- avia-align-center'   itemprop=\"image\" itemscope=\"itemscope\" itemtype=\"https:\/\/schema.org\/ImageObject\" ><div class=\"avia-image-container-inner\"><div class=\"avia-image-overlay-wrap\"><img decoding=\"async\" class='wp-image-815 avia-img-lazy-loading-not-815 avia_image ' src=\"https:\/\/europeix.cat\/wp-content\/uploads\/2023\/02\/FOTO_2_2.jpg\" alt='' title=''  height=\"333\" width=\"500\"  itemprop=\"thumbnailUrl\" srcset=\"https:\/\/europeix.cat\/wp-content\/uploads\/2023\/02\/FOTO_2_2.jpg 500w, https:\/\/europeix.cat\/wp-content\/uploads\/2023\/02\/FOTO_2_2-300x200.jpg 300w, https:\/\/europeix.cat\/wp-content\/uploads\/2023\/02\/FOTO_2_2-450x300.jpg 450w\" sizes=\"(max-width: 500px) 100vw, 500px\" \/><\/div><\/div><\/div><\/p><\/div><\/p>\n\n<style type=\"text\/css\" data-created_by=\"avia_inline_auto\" id=\"style-css-av-1fslf-4d43d30dba5e9caedd2092d26107c745\">\n#top .hr.hr-invisible.av-1fslf-4d43d30dba5e9caedd2092d26107c745{\nheight:30px;\n}\n<\/style>\n<div  class='hr av-1fslf-4d43d30dba5e9caedd2092d26107c745 hr-invisible'><span class='hr-inner '><span class=\"hr-inner-style\"><\/span><\/span><\/div>\n\n","protected":false},"excerpt":{"rendered":"","protected":false},"author":1,"featured_media":0,"parent":0,"menu_order":800,"comment_status":"closed","ping_status":"open","template":"","meta":[],"yoast_head":"<!-- This site is optimized with the Yoast SEO plugin v20.9 - https:\/\/yoast.com\/wordpress\/plugins\/seo\/ -->\n<title>Contatto - EUROPEIX<\/title>\n<meta name=\"description\" content=\"EUROPEIX Torrent d&#039;en Puig 19 08358 Arenys de Munt, Catalu\u00f1a, Espa\u00f1a Tel. (+34) 937 959 960 Horari: 24 horas info@europeix.cat\" \/>\n<meta name=\"robots\" content=\"index, follow, max-snippet:-1, max-image-preview:large, max-video-preview:-1\" \/>\n<link rel=\"canonical\" href=\"https:\/\/europeix.cat\/it\/contatto-e-posizione\/\" \/>\n<meta name=\"twitter:label1\" content=\"Tempo di lettura stimato\" \/>\n\t<meta name=\"twitter:data1\" content=\"5 minuti\" \/>\n<script type=\"application\/ld+json\" class=\"yoast-schema-graph\">{\"@context\":\"https:\/\/schema.org\",\"@graph\":[{\"@type\":\"WebPage\",\"@id\":\"https:\/\/europeix.cat\/it\/contatto-e-posizione\/\",\"url\":\"https:\/\/europeix.cat\/it\/contatto-e-posizione\/\",\"name\":\"Contatto - EUROPEIX\",\"isPartOf\":{\"@id\":\"https:\/\/europeix.cat\/#website\"},\"datePublished\":\"2015-07-06T19:23:37+00:00\",\"dateModified\":\"2024-11-12T10:50:18+00:00\",\"description\":\"EUROPEIX Torrent d'en Puig 19 08358 Arenys de Munt, Catalu\u00f1a, Espa\u00f1a Tel. (+34) 937 959 960 Horari: 24 horas info@europeix.cat\",\"breadcrumb\":{\"@id\":\"https:\/\/europeix.cat\/it\/contatto-e-posizione\/#breadcrumb\"},\"inLanguage\":\"it-IT\",\"potentialAction\":[{\"@type\":\"ReadAction\",\"target\":[\"https:\/\/europeix.cat\/it\/contatto-e-posizione\/\"]}]},{\"@type\":\"BreadcrumbList\",\"@id\":\"https:\/\/europeix.cat\/it\/contatto-e-posizione\/#breadcrumb\",\"itemListElement\":[{\"@type\":\"ListItem\",\"position\":1,\"name\":\"Portada\",\"item\":\"https:\/\/europeix.cat\/it\/casa\/\"},{\"@type\":\"ListItem\",\"position\":2,\"name\":\"Contatto\"}]},{\"@type\":\"WebSite\",\"@id\":\"https:\/\/europeix.cat\/#website\",\"url\":\"https:\/\/europeix.cat\/\",\"name\":\"EUROPEIX\",\"description\":\"EUROPEIX\",\"potentialAction\":[{\"@type\":\"SearchAction\",\"target\":{\"@type\":\"EntryPoint\",\"urlTemplate\":\"https:\/\/europeix.cat\/?s={search_term_string}\"},\"query-input\":\"required name=search_term_string\"}],\"inLanguage\":\"it-IT\"}]}<\/script>\n<!-- \/ Yoast SEO plugin. -->","yoast_head_json":{"title":"Contatto - EUROPEIX","description":"EUROPEIX Torrent d'en Puig 19 08358 Arenys de Munt, Catalu\u00f1a, Espa\u00f1a Tel. (+34) 937 959 960 Horari: 24 horas info@europeix.cat","robots":{"index":"index","follow":"follow","max-snippet":"max-snippet:-1","max-image-preview":"max-image-preview:large","max-video-preview":"max-video-preview:-1"},"canonical":"https:\/\/europeix.cat\/it\/contatto-e-posizione\/","twitter_misc":{"Tempo di lettura stimato":"5 minuti"},"schema":{"@context":"https:\/\/schema.org","@graph":[{"@type":"WebPage","@id":"https:\/\/europeix.cat\/it\/contatto-e-posizione\/","url":"https:\/\/europeix.cat\/it\/contatto-e-posizione\/","name":"Contatto - EUROPEIX","isPartOf":{"@id":"https:\/\/europeix.cat\/#website"},"datePublished":"2015-07-06T19:23:37+00:00","dateModified":"2024-11-12T10:50:18+00:00","description":"EUROPEIX Torrent d'en Puig 19 08358 Arenys de Munt, Catalu\u00f1a, Espa\u00f1a Tel. (+34) 937 959 960 Horari: 24 horas info@europeix.cat","breadcrumb":{"@id":"https:\/\/europeix.cat\/it\/contatto-e-posizione\/#breadcrumb"},"inLanguage":"it-IT","potentialAction":[{"@type":"ReadAction","target":["https:\/\/europeix.cat\/it\/contatto-e-posizione\/"]}]},{"@type":"BreadcrumbList","@id":"https:\/\/europeix.cat\/it\/contatto-e-posizione\/#breadcrumb","itemListElement":[{"@type":"ListItem","position":1,"name":"Portada","item":"https:\/\/europeix.cat\/it\/casa\/"},{"@type":"ListItem","position":2,"name":"Contatto"}]},{"@type":"WebSite","@id":"https:\/\/europeix.cat\/#website","url":"https:\/\/europeix.cat\/","name":"EUROPEIX","description":"EUROPEIX","potentialAction":[{"@type":"SearchAction","target":{"@type":"EntryPoint","urlTemplate":"https:\/\/europeix.cat\/?s={search_term_string}"},"query-input":"required name=search_term_string"}],"inLanguage":"it-IT"}]}},"_links":{"self":[{"href":"https:\/\/europeix.cat\/it\/wp-json\/wp\/v2\/pages\/1239"}],"collection":[{"href":"https:\/\/europeix.cat\/it\/wp-json\/wp\/v2\/pages"}],"about":[{"href":"https:\/\/europeix.cat\/it\/wp-json\/wp\/v2\/types\/page"}],"author":[{"embeddable":true,"href":"https:\/\/europeix.cat\/it\/wp-json\/wp\/v2\/users\/1"}],"replies":[{"embeddable":true,"href":"https:\/\/europeix.cat\/it\/wp-json\/wp\/v2\/comments?post=1239"}],"version-history":[{"count":10,"href":"https:\/\/europeix.cat\/it\/wp-json\/wp\/v2\/pages\/1239\/revisions"}],"predecessor-version":[{"id":3612,"href":"https:\/\/europeix.cat\/it\/wp-json\/wp\/v2\/pages\/1239\/revisions\/3612"}],"wp:attachment":[{"href":"https:\/\/europeix.cat\/it\/wp-json\/wp\/v2\/media?parent=1239"}],"curies":[{"name":"wp","href":"https:\/\/api.w.org\/{rel}","templated":true}]}}