{"id":1187,"date":"2023-02-16T18:44:12","date_gmt":"2023-02-16T17:44:12","guid":{"rendered":"https:\/\/europeix.cat\/instal%c2%b7lacions\/"},"modified":"2024-11-12T11:18:12","modified_gmt":"2024-11-12T10:18:12","slug":"impianti","status":"publish","type":"page","link":"https:\/\/europeix.cat\/it\/impianti\/","title":{"rendered":"Impianti"},"content":{"rendered":"<\/p>\n\n<style type=\"text\/css\" data-created_by=\"avia_inline_auto\" id=\"style-css-av-13us8n-cddd13a61b55aa4c31c839a5c7763c6e\">\n.flex_column.av-13us8n-cddd13a61b55aa4c31c839a5c7763c6e{\n-webkit-border-radius:0px 0px 0px 0px;\n-moz-border-radius:0px 0px 0px 0px;\nborder-radius:0px 0px 0px 0px;\npadding:0px 0px 0px 0px;\n}\n<\/style>\n<div  class='flex_column av-13us8n-cddd13a61b55aa4c31c839a5c7763c6e av_one_half  avia-builder-el-0  el_before_av_one_half  avia-builder-el-first  first flex_column_div av-zero-column-padding  '     ><div  class='avia-slideshow av-le7enbhx-10dca51de4b0f0f29cecfbf28c5fe8a2 avia-slideshow-gallery av_slideshow avia-fade-slider  avia-builder-el-1  avia-builder-el-no-sibling  av-slideshow-ui av-control-default av-slideshow-autoplay av-loop-endless av-loop-manual-endless av-default-height-applied avia-slideshow-1' data-slideshow-options=\"{&quot;animation&quot;:&quot;fade&quot;,&quot;autoplay&quot;:true,&quot;loop_autoplay&quot;:&quot;endless&quot;,&quot;interval&quot;:5,&quot;loop_manual&quot;:&quot;manual-endless&quot;,&quot;autoplay_stopper&quot;:false,&quot;noNavigation&quot;:false,&quot;bg_slider&quot;:false,&quot;keep_padding&quot;:false,&quot;hoverpause&quot;:false,&quot;show_slide_delay&quot;:0}\"  itemprop=\"image\" itemscope=\"itemscope\" itemtype=\"https:\/\/schema.org\/ImageObject\" ><ul class='avia-slideshow-inner ' style='padding-bottom: 67.100591715976%;'><li  class='avia-slideshow-slide av-le7enbhx-10dca51de4b0f0f29cecfbf28c5fe8a2__0  slide-1 slide-odd'><div data-rel='slideshow-1' class='avia-slide-wrap '   ><img decoding=\"async\" class=\"wp-image-2239 avia-img-lazy-loading-not-2239\"  src=\"https:\/\/europeix.cat\/wp-content\/uploads\/2023\/04\/3.4_DSCF8094-845x567.jpg\" width=\"845\" height=\"567\" title='3.4_DSCF8094' alt=''  itemprop=\"thumbnailUrl\" srcset=\"https:\/\/europeix.cat\/wp-content\/uploads\/2023\/04\/3.4_DSCF8094-845x567.jpg 845w, https:\/\/europeix.cat\/wp-content\/uploads\/2023\/04\/3.4_DSCF8094-300x200.jpg 300w\" sizes=\"(max-width: 845px) 100vw, 845px\" \/><\/div><\/li><li  class='avia-slideshow-slide av-le7enbhx-10dca51de4b0f0f29cecfbf28c5fe8a2__1  slide-2 slide-even'><div data-rel='slideshow-1' class='avia-slide-wrap '   ><img decoding=\"async\" class=\"wp-image-2219 avia-img-lazy-loading-not-2219\"  src=\"https:\/\/europeix.cat\/wp-content\/uploads\/2023\/04\/3_H2S2811-845x567.jpg\" width=\"845\" height=\"567\" title='3_H2S2811' alt=''  itemprop=\"thumbnailUrl\" srcset=\"https:\/\/europeix.cat\/wp-content\/uploads\/2023\/04\/3_H2S2811-845x567.jpg 845w, https:\/\/europeix.cat\/wp-content\/uploads\/2023\/04\/3_H2S2811-300x200.jpg 300w\" sizes=\"(max-width: 845px) 100vw, 845px\" \/><\/div><\/li><li  class='avia-slideshow-slide av-le7enbhx-10dca51de4b0f0f29cecfbf28c5fe8a2__2  slide-3 slide-odd'><div data-rel='slideshow-1' class='avia-slide-wrap '   ><img decoding=\"async\" class=\"wp-image-2224 avia-img-lazy-loading-not-2224\"  src=\"https:\/\/europeix.cat\/wp-content\/uploads\/2023\/04\/3.1_H2S0908-845x567.jpg\" width=\"845\" height=\"567\" title='3.1_H2S0908' alt=''  itemprop=\"thumbnailUrl\" srcset=\"https:\/\/europeix.cat\/wp-content\/uploads\/2023\/04\/3.1_H2S0908-845x567.jpg 845w, https:\/\/europeix.cat\/wp-content\/uploads\/2023\/04\/3.1_H2S0908-300x200.jpg 300w\" sizes=\"(max-width: 845px) 100vw, 845px\" \/><\/div><\/li><li  class='avia-slideshow-slide av-le7enbhx-10dca51de4b0f0f29cecfbf28c5fe8a2__3  slide-4 slide-even'><div data-rel='slideshow-1' class='avia-slide-wrap '   ><img decoding=\"async\" class=\"wp-image-2229 avia-img-lazy-loading-not-2229\"  src=\"https:\/\/europeix.cat\/wp-content\/uploads\/2023\/04\/3.2_H2S2821-845x567.jpg\" width=\"845\" height=\"567\" title='3.2_H2S2821' alt=''  itemprop=\"thumbnailUrl\" srcset=\"https:\/\/europeix.cat\/wp-content\/uploads\/2023\/04\/3.2_H2S2821-845x567.jpg 845w, https:\/\/europeix.cat\/wp-content\/uploads\/2023\/04\/3.2_H2S2821-300x200.jpg 300w\" sizes=\"(max-width: 845px) 100vw, 845px\" \/><\/div><\/li><li  class='avia-slideshow-slide av-le7enbhx-10dca51de4b0f0f29cecfbf28c5fe8a2__4  slide-5 slide-odd'><div data-rel='slideshow-1' class='avia-slide-wrap '   ><img decoding=\"async\" class=\"wp-image-2234 avia-img-lazy-loading-not-2234\"  src=\"https:\/\/europeix.cat\/wp-content\/uploads\/2023\/04\/3.3_DSCF7860-845x567.jpg\" width=\"845\" height=\"567\" title='3.3_DSCF7860' alt=''  itemprop=\"thumbnailUrl\" srcset=\"https:\/\/europeix.cat\/wp-content\/uploads\/2023\/04\/3.3_DSCF7860-845x567.jpg 845w, https:\/\/europeix.cat\/wp-content\/uploads\/2023\/04\/3.3_DSCF7860-300x200.jpg 300w\" sizes=\"(max-width: 845px) 100vw, 845px\" \/><\/div><\/li><\/ul><div class='avia-slideshow-arrows avia-slideshow-controls' ><a href='#prev' class='prev-slide ' aria-hidden='true' data-av_icon='\ue87c' data-av_iconfont='entypo-fontello'  tabindex='-1'>Prec<\/a><a href='#next' class='next-slide ' aria-hidden='true' data-av_icon='\ue87d' data-av_iconfont='entypo-fontello'  tabindex='-1'>Succ<\/a><\/div><div class='avia-slideshow-dots avia-slideshow-controls'><a href='#1' class='goto-slide active' >1<\/a><a href='#2' class='goto-slide ' >2<\/a><a href='#3' class='goto-slide ' >3<\/a><a href='#4' class='goto-slide ' >4<\/a><a href='#5' class='goto-slide ' >5<\/a><\/div><\/div><\/div>\n<div  class='flex_column av-nbljj-91a381e6cf9d86824cb04c06f3d12369 av_one_half  avia-builder-el-2  el_after_av_one_half  avia-builder-el-last  flex_column_div  '     ><p>\n<style type=\"text\/css\" data-created_by=\"avia_inline_auto\" id=\"style-css-av-le7ekqeg-7a92ab3e77e365a4e7c6556fd3966212\">\n#top .av-special-heading.av-le7ekqeg-7a92ab3e77e365a4e7c6556fd3966212{\npadding-bottom:10px;\n}\nbody .av-special-heading.av-le7ekqeg-7a92ab3e77e365a4e7c6556fd3966212 .av-special-heading-tag .heading-char{\nfont-size:25px;\n}\n.av-special-heading.av-le7ekqeg-7a92ab3e77e365a4e7c6556fd3966212 .av-subheading{\nfont-size:15px;\n}\n<\/style>\n<div  class='av-special-heading av-le7ekqeg-7a92ab3e77e365a4e7c6556fd3966212 av-special-heading-h1  avia-builder-el-3  el_before_av_textblock  avia-builder-el-first '><h1 class='av-special-heading-tag'  itemprop=\"headline\"  >Impianti<\/h1><div class=\"special-heading-border\"><div class=\"special-heading-inner-border\"><\/div><\/div><\/div><br \/>\n<section  class='av_textblock_section av-le7el6gq-03526efcefbd7e6e023cc3e9f1b7dfb1 '   itemscope=\"itemscope\" itemtype=\"https:\/\/schema.org\/CreativeWork\" ><div class='avia_textblock'  itemprop=\"text\" ><p>La nostra sede si trova sulla costa di Barcellona, molto vicino al porto di pesca di Arenys de Mar, in nuove strutture inaugurate nel 2015, su una superficie di 1.200 m2 distribuiti fra grandi celle frigorifere, banchine di carico e scarico e sale di lavorazione dotate delle pi\u00f9 moderne attrezzature per produrre, confezionare ed etichettare i nostri prodotti.<\/p>\n<p>Questo progetto moderno \u00e8 stato possibile grazie allo sforzo di tutta la famiglia che vanta oltre 30 anni di esperienza professionale, ed \u00e8 stato costruito appositamente per svolgere la nostra attivit\u00e0 con tutti i comfort e soddisfare le esigenze che il mercato quotidianamente ci richiede.<\/p>\n<\/div><\/section><br \/>\n\n<style type=\"text\/css\" data-created_by=\"avia_inline_auto\" id=\"style-css-av-hbnmf-16d5869142d4512ce68f5e9fd16d0b3e\">\n#top .hr.hr-invisible.av-hbnmf-16d5869142d4512ce68f5e9fd16d0b3e{\nheight:30px;\n}\n<\/style>\n<div  class='hr av-hbnmf-16d5869142d4512ce68f5e9fd16d0b3e hr-invisible  avia-builder-el-5  el_after_av_textblock  el_before_av_button '><span class='hr-inner '><span class=\"hr-inner-style\"><\/span><\/span><\/div><br \/>\n<div  class='avia-button-wrap av-8jxvr-fa8b3ee30d1fcf13c2e68ef902d3217e-wrap avia-button-center  avia-builder-el-6  el_after_av_hr  avia-builder-el-last '><a href='https:\/\/europeix.cat\/it\/contatto-e-posizione\/'  class='avia-button av-8jxvr-fa8b3ee30d1fcf13c2e68ef902d3217e avia-icon_select-no avia-size-large avia-position-center avia-color-theme-color'  ><span class='avia_iconbox_title' >Contatto<\/span><\/a><\/div><\/p><\/div>\n","protected":false},"excerpt":{"rendered":"","protected":false},"author":1,"featured_media":0,"parent":0,"menu_order":200,"comment_status":"closed","ping_status":"closed","template":"","meta":[],"yoast_head":"<!-- This site is optimized with the Yoast SEO plugin v20.9 - https:\/\/yoast.com\/wordpress\/plugins\/seo\/ -->\n<title>Impianti - EUROPEIX<\/title>\n<meta name=\"description\" content=\"Instal\u00b7lacions La nostra seu es troba al litoral Barcelon\u00ed, molt a prop del port pesquer d\u2019Arenys de Mar, en unes noves instal\u00b7lacions inaugurades l\u2019any 2.015.\" \/>\n<meta name=\"robots\" content=\"index, follow, max-snippet:-1, max-image-preview:large, max-video-preview:-1\" \/>\n<link rel=\"canonical\" href=\"https:\/\/europeix.cat\/it\/impianti\/\" \/>\n<meta name=\"twitter:label1\" content=\"Tempo di lettura stimato\" \/>\n\t<meta name=\"twitter:data1\" content=\"2 minuti\" \/>\n<script type=\"application\/ld+json\" class=\"yoast-schema-graph\">{\"@context\":\"https:\/\/schema.org\",\"@graph\":[{\"@type\":\"WebPage\",\"@id\":\"https:\/\/europeix.cat\/it\/impianti\/\",\"url\":\"https:\/\/europeix.cat\/it\/impianti\/\",\"name\":\"Impianti - EUROPEIX\",\"isPartOf\":{\"@id\":\"https:\/\/europeix.cat\/#website\"},\"datePublished\":\"2023-02-16T17:44:12+00:00\",\"dateModified\":\"2024-11-12T10:18:12+00:00\",\"description\":\"Instal\u00b7lacions La nostra seu es troba al litoral Barcelon\u00ed, molt a prop del port pesquer d\u2019Arenys de Mar, en unes noves instal\u00b7lacions inaugurades l\u2019any 2.015.\",\"breadcrumb\":{\"@id\":\"https:\/\/europeix.cat\/it\/impianti\/#breadcrumb\"},\"inLanguage\":\"it-IT\",\"potentialAction\":[{\"@type\":\"ReadAction\",\"target\":[\"https:\/\/europeix.cat\/it\/impianti\/\"]}]},{\"@type\":\"BreadcrumbList\",\"@id\":\"https:\/\/europeix.cat\/it\/impianti\/#breadcrumb\",\"itemListElement\":[{\"@type\":\"ListItem\",\"position\":1,\"name\":\"Portada\",\"item\":\"https:\/\/europeix.cat\/it\/casa\/\"},{\"@type\":\"ListItem\",\"position\":2,\"name\":\"Impianti\"}]},{\"@type\":\"WebSite\",\"@id\":\"https:\/\/europeix.cat\/#website\",\"url\":\"https:\/\/europeix.cat\/\",\"name\":\"EUROPEIX\",\"description\":\"EUROPEIX\",\"potentialAction\":[{\"@type\":\"SearchAction\",\"target\":{\"@type\":\"EntryPoint\",\"urlTemplate\":\"https:\/\/europeix.cat\/?s={search_term_string}\"},\"query-input\":\"required name=search_term_string\"}],\"inLanguage\":\"it-IT\"}]}<\/script>\n<!-- \/ Yoast SEO plugin. -->","yoast_head_json":{"title":"Impianti - EUROPEIX","description":"Instal\u00b7lacions La nostra seu es troba al litoral Barcelon\u00ed, molt a prop del port pesquer d\u2019Arenys de Mar, en unes noves instal\u00b7lacions inaugurades l\u2019any 2.015.","robots":{"index":"index","follow":"follow","max-snippet":"max-snippet:-1","max-image-preview":"max-image-preview:large","max-video-preview":"max-video-preview:-1"},"canonical":"https:\/\/europeix.cat\/it\/impianti\/","twitter_misc":{"Tempo di lettura stimato":"2 minuti"},"schema":{"@context":"https:\/\/schema.org","@graph":[{"@type":"WebPage","@id":"https:\/\/europeix.cat\/it\/impianti\/","url":"https:\/\/europeix.cat\/it\/impianti\/","name":"Impianti - EUROPEIX","isPartOf":{"@id":"https:\/\/europeix.cat\/#website"},"datePublished":"2023-02-16T17:44:12+00:00","dateModified":"2024-11-12T10:18:12+00:00","description":"Instal\u00b7lacions La nostra seu es troba al litoral Barcelon\u00ed, molt a prop del port pesquer d\u2019Arenys de Mar, en unes noves instal\u00b7lacions inaugurades l\u2019any 2.015.","breadcrumb":{"@id":"https:\/\/europeix.cat\/it\/impianti\/#breadcrumb"},"inLanguage":"it-IT","potentialAction":[{"@type":"ReadAction","target":["https:\/\/europeix.cat\/it\/impianti\/"]}]},{"@type":"BreadcrumbList","@id":"https:\/\/europeix.cat\/it\/impianti\/#breadcrumb","itemListElement":[{"@type":"ListItem","position":1,"name":"Portada","item":"https:\/\/europeix.cat\/it\/casa\/"},{"@type":"ListItem","position":2,"name":"Impianti"}]},{"@type":"WebSite","@id":"https:\/\/europeix.cat\/#website","url":"https:\/\/europeix.cat\/","name":"EUROPEIX","description":"EUROPEIX","potentialAction":[{"@type":"SearchAction","target":{"@type":"EntryPoint","urlTemplate":"https:\/\/europeix.cat\/?s={search_term_string}"},"query-input":"required name=search_term_string"}],"inLanguage":"it-IT"}]}},"_links":{"self":[{"href":"https:\/\/europeix.cat\/it\/wp-json\/wp\/v2\/pages\/1187"}],"collection":[{"href":"https:\/\/europeix.cat\/it\/wp-json\/wp\/v2\/pages"}],"about":[{"href":"https:\/\/europeix.cat\/it\/wp-json\/wp\/v2\/types\/page"}],"author":[{"embeddable":true,"href":"https:\/\/europeix.cat\/it\/wp-json\/wp\/v2\/users\/1"}],"replies":[{"embeddable":true,"href":"https:\/\/europeix.cat\/it\/wp-json\/wp\/v2\/comments?post=1187"}],"version-history":[{"count":10,"href":"https:\/\/europeix.cat\/it\/wp-json\/wp\/v2\/pages\/1187\/revisions"}],"predecessor-version":[{"id":3587,"href":"https:\/\/europeix.cat\/it\/wp-json\/wp\/v2\/pages\/1187\/revisions\/3587"}],"wp:attachment":[{"href":"https:\/\/europeix.cat\/it\/wp-json\/wp\/v2\/media?parent=1187"}],"curies":[{"name":"wp","href":"https:\/\/api.w.org\/{rel}","templated":true}]}}