{"id":1183,"date":"2023-02-16T18:44:15","date_gmt":"2023-02-16T17:44:15","guid":{"rendered":"https:\/\/europeix.cat\/que-oferim\/"},"modified":"2024-11-12T11:22:00","modified_gmt":"2024-11-12T10:22:00","slug":"cosa-offriamo","status":"publish","type":"page","link":"https:\/\/europeix.cat\/it\/cosa-offriamo\/","title":{"rendered":"Cosa offriamo"},"content":{"rendered":"<\/p>\n\n<style type=\"text\/css\" data-created_by=\"avia_inline_auto\" id=\"style-css-av-1g04u8-f2fb66eaa7e3c94246e8a1a53a2daf9a\">\n.flex_column.av-1g04u8-f2fb66eaa7e3c94246e8a1a53a2daf9a{\n-webkit-border-radius:0px 0px 0px 0px;\n-moz-border-radius:0px 0px 0px 0px;\nborder-radius:0px 0px 0px 0px;\npadding:0px 0px 0px 0px;\n}\n<\/style>\n<div  class='flex_column av-1g04u8-f2fb66eaa7e3c94246e8a1a53a2daf9a av_one_half  avia-builder-el-0  el_before_av_one_half  avia-builder-el-first  first flex_column_div av-zero-column-padding  '     ><div  class='avia-slideshow av-le7exddh-5f0ab85a08673027bb36ec6a463806a1 avia-slideshow-gallery av_slideshow avia-fade-slider  avia-builder-el-1  avia-builder-el-no-sibling  av-slideshow-ui av-control-default av-slideshow-autoplay av-loop-endless av-loop-manual-endless av-default-height-applied avia-slideshow-1' data-slideshow-options=\"{&quot;animation&quot;:&quot;fade&quot;,&quot;autoplay&quot;:true,&quot;loop_autoplay&quot;:&quot;endless&quot;,&quot;interval&quot;:5,&quot;loop_manual&quot;:&quot;manual-endless&quot;,&quot;autoplay_stopper&quot;:false,&quot;noNavigation&quot;:false,&quot;bg_slider&quot;:false,&quot;keep_padding&quot;:false,&quot;hoverpause&quot;:false,&quot;show_slide_delay&quot;:0}\"  itemprop=\"image\" itemscope=\"itemscope\" itemtype=\"https:\/\/schema.org\/ImageObject\" ><ul class='avia-slideshow-inner ' style='padding-bottom: 66.390532544379%;'><li  class='avia-slideshow-slide av-le7exddh-5f0ab85a08673027bb36ec6a463806a1__0  slide-1 slide-odd'><div data-rel='slideshow-1' class='avia-slide-wrap '   ><img decoding=\"async\" class=\"wp-image-2253 avia-img-lazy-loading-not-2253\"  src=\"https:\/\/europeix.cat\/wp-content\/uploads\/2023\/04\/4.1_H2S1963-845x561.jpg\" width=\"845\" height=\"561\" title='4.1_H2S1963' alt=''  itemprop=\"thumbnailUrl\" srcset=\"https:\/\/europeix.cat\/wp-content\/uploads\/2023\/04\/4.1_H2S1963-845x561.jpg 845w, https:\/\/europeix.cat\/wp-content\/uploads\/2023\/04\/4.1_H2S1963-300x198.jpg 300w\" sizes=\"(max-width: 845px) 100vw, 845px\" \/><\/div><\/li><li  class='avia-slideshow-slide av-le7exddh-5f0ab85a08673027bb36ec6a463806a1__1  slide-2 slide-even'><div data-rel='slideshow-1' class='avia-slide-wrap '   ><img decoding=\"async\" class=\"wp-image-2258 avia-img-lazy-loading-not-2258\"  src=\"https:\/\/europeix.cat\/wp-content\/uploads\/2023\/04\/4.2_H2S0665-845x567.jpg\" width=\"845\" height=\"567\" title='4.2_H2S0665' alt=''  itemprop=\"thumbnailUrl\" srcset=\"https:\/\/europeix.cat\/wp-content\/uploads\/2023\/04\/4.2_H2S0665-845x567.jpg 845w, https:\/\/europeix.cat\/wp-content\/uploads\/2023\/04\/4.2_H2S0665-300x200.jpg 300w\" sizes=\"(max-width: 845px) 100vw, 845px\" \/><\/div><\/li><li  class='avia-slideshow-slide av-le7exddh-5f0ab85a08673027bb36ec6a463806a1__2  slide-3 slide-odd'><div data-rel='slideshow-1' class='avia-slide-wrap '   ><img decoding=\"async\" class=\"wp-image-2263 avia-img-lazy-loading-not-2263\"  src=\"https:\/\/europeix.cat\/wp-content\/uploads\/2023\/04\/4.3_H2S1326-845x567.jpg\" width=\"845\" height=\"567\" title='4.3_H2S1326' alt=''  itemprop=\"thumbnailUrl\" srcset=\"https:\/\/europeix.cat\/wp-content\/uploads\/2023\/04\/4.3_H2S1326-845x567.jpg 845w, https:\/\/europeix.cat\/wp-content\/uploads\/2023\/04\/4.3_H2S1326-300x200.jpg 300w\" sizes=\"(max-width: 845px) 100vw, 845px\" \/><\/div><\/li><li  class='avia-slideshow-slide av-le7exddh-5f0ab85a08673027bb36ec6a463806a1__3  slide-4 slide-even'><div data-rel='slideshow-1' class='avia-slide-wrap '   ><img decoding=\"async\" class=\"wp-image-2268 avia-img-lazy-loading-not-2268\"  src=\"https:\/\/europeix.cat\/wp-content\/uploads\/2023\/04\/4.4_H2S0653-845x567.jpg\" width=\"845\" height=\"567\" title='4.4_H2S0653' alt=''  itemprop=\"thumbnailUrl\" srcset=\"https:\/\/europeix.cat\/wp-content\/uploads\/2023\/04\/4.4_H2S0653-845x567.jpg 845w, https:\/\/europeix.cat\/wp-content\/uploads\/2023\/04\/4.4_H2S0653-300x200.jpg 300w\" sizes=\"(max-width: 845px) 100vw, 845px\" \/><\/div><\/li><li  class='avia-slideshow-slide av-le7exddh-5f0ab85a08673027bb36ec6a463806a1__4  slide-5 slide-odd'><div data-rel='slideshow-1' class='avia-slide-wrap '   ><img decoding=\"async\" class=\"wp-image-2273 avia-img-lazy-loading-not-2273\"  src=\"https:\/\/europeix.cat\/wp-content\/uploads\/2023\/04\/4.5_H2S1396-845x567.jpg\" width=\"845\" height=\"567\" title='4.5_H2S1396' alt=''  itemprop=\"thumbnailUrl\" srcset=\"https:\/\/europeix.cat\/wp-content\/uploads\/2023\/04\/4.5_H2S1396-845x567.jpg 845w, https:\/\/europeix.cat\/wp-content\/uploads\/2023\/04\/4.5_H2S1396-300x200.jpg 300w\" sizes=\"(max-width: 845px) 100vw, 845px\" \/><\/div><\/li><li  class='avia-slideshow-slide av-le7exddh-5f0ab85a08673027bb36ec6a463806a1__5  slide-6 slide-even'><div data-rel='slideshow-1' class='avia-slide-wrap '   ><img decoding=\"async\" class=\"wp-image-2278 avia-img-lazy-loading-not-2278\"  src=\"https:\/\/europeix.cat\/wp-content\/uploads\/2023\/04\/4.6_H2S0680-845x567.jpg\" width=\"845\" height=\"567\" title='4.6_H2S0680' alt=''  itemprop=\"thumbnailUrl\" srcset=\"https:\/\/europeix.cat\/wp-content\/uploads\/2023\/04\/4.6_H2S0680-845x567.jpg 845w, https:\/\/europeix.cat\/wp-content\/uploads\/2023\/04\/4.6_H2S0680-300x200.jpg 300w\" sizes=\"(max-width: 845px) 100vw, 845px\" \/><\/div><\/li><li  class='avia-slideshow-slide av-le7exddh-5f0ab85a08673027bb36ec6a463806a1__6  slide-7 slide-odd'><div data-rel='slideshow-1' class='avia-slide-wrap '   ><img decoding=\"async\" class=\"wp-image-2283 avia-img-lazy-loading-not-2283\"  src=\"https:\/\/europeix.cat\/wp-content\/uploads\/2023\/04\/4.7_H2S1357-845x567.jpg\" width=\"845\" height=\"567\" title='4.7_H2S1357' alt=''  itemprop=\"thumbnailUrl\" srcset=\"https:\/\/europeix.cat\/wp-content\/uploads\/2023\/04\/4.7_H2S1357-845x567.jpg 845w, https:\/\/europeix.cat\/wp-content\/uploads\/2023\/04\/4.7_H2S1357-300x200.jpg 300w\" sizes=\"(max-width: 845px) 100vw, 845px\" \/><\/div><\/li><li  class='avia-slideshow-slide av-le7exddh-5f0ab85a08673027bb36ec6a463806a1__7  slide-8 slide-even'><div data-rel='slideshow-1' class='avia-slide-wrap '   ><img decoding=\"async\" class=\"wp-image-2288 avia-img-lazy-loading-not-2288\"  src=\"https:\/\/europeix.cat\/wp-content\/uploads\/2023\/04\/4.8_H2S0826-845x567.jpg\" width=\"845\" height=\"567\" title='4.8_H2S0826' alt=''  itemprop=\"thumbnailUrl\" srcset=\"https:\/\/europeix.cat\/wp-content\/uploads\/2023\/04\/4.8_H2S0826-845x567.jpg 845w, https:\/\/europeix.cat\/wp-content\/uploads\/2023\/04\/4.8_H2S0826-300x200.jpg 300w\" sizes=\"(max-width: 845px) 100vw, 845px\" \/><\/div><\/li><li  class='avia-slideshow-slide av-le7exddh-5f0ab85a08673027bb36ec6a463806a1__8  slide-9 slide-odd'><div data-rel='slideshow-1' class='avia-slide-wrap '   ><img decoding=\"async\" class=\"wp-image-2293 avia-img-lazy-loading-not-2293\"  src=\"https:\/\/europeix.cat\/wp-content\/uploads\/2023\/04\/4.9_H2S1372-845x567.jpg\" width=\"845\" height=\"567\" title='4.9_H2S1372' alt=''  itemprop=\"thumbnailUrl\" srcset=\"https:\/\/europeix.cat\/wp-content\/uploads\/2023\/04\/4.9_H2S1372-845x567.jpg 845w, https:\/\/europeix.cat\/wp-content\/uploads\/2023\/04\/4.9_H2S1372-300x200.jpg 300w\" sizes=\"(max-width: 845px) 100vw, 845px\" \/><\/div><\/li><\/ul><div class='avia-slideshow-arrows avia-slideshow-controls' ><a href='#prev' class='prev-slide ' aria-hidden='true' data-av_icon='\ue87c' data-av_iconfont='entypo-fontello'  tabindex='-1'>Prec<\/a><a href='#next' class='next-slide ' aria-hidden='true' data-av_icon='\ue87d' data-av_iconfont='entypo-fontello'  tabindex='-1'>Succ<\/a><\/div><div class='avia-slideshow-dots avia-slideshow-controls'><a href='#1' class='goto-slide active' >1<\/a><a href='#2' class='goto-slide ' >2<\/a><a href='#3' class='goto-slide ' >3<\/a><a href='#4' class='goto-slide ' >4<\/a><a href='#5' class='goto-slide ' >5<\/a><a href='#6' class='goto-slide ' >6<\/a><a href='#7' class='goto-slide ' >7<\/a><a href='#8' class='goto-slide ' >8<\/a><a href='#9' class='goto-slide ' >9<\/a><\/div><\/div><\/div>\n<div  class='flex_column av-kvcug-19c0af137548dd561081cd1965e0edb7 av_one_half  avia-builder-el-2  el_after_av_one_half  avia-builder-el-last  flex_column_div  '     ><p>\n<style type=\"text\/css\" data-created_by=\"avia_inline_auto\" id=\"style-css-av-le7ere7j-0192aa9d78c3d9acc46602424d853d7e\">\n#top .av-special-heading.av-le7ere7j-0192aa9d78c3d9acc46602424d853d7e{\npadding-bottom:10px;\n}\nbody .av-special-heading.av-le7ere7j-0192aa9d78c3d9acc46602424d853d7e .av-special-heading-tag .heading-char{\nfont-size:25px;\n}\n.av-special-heading.av-le7ere7j-0192aa9d78c3d9acc46602424d853d7e .av-subheading{\nfont-size:15px;\n}\n<\/style>\n<div  class='av-special-heading av-le7ere7j-0192aa9d78c3d9acc46602424d853d7e av-special-heading-h1  avia-builder-el-3  el_before_av_textblock  avia-builder-el-first '><h1 class='av-special-heading-tag'  itemprop=\"headline\"  >Cosa offriamo<\/h1><div class=\"special-heading-border\"><div class=\"special-heading-inner-border\"><\/div><\/div><\/div><br \/>\n<section  class='av_textblock_section av-le7et8zt-eab28076c76d2d4e28e551d3158c0564 '   itemscope=\"itemscope\" itemtype=\"https:\/\/schema.org\/CreativeWork\" ><div class='avia_textblock'  itemprop=\"text\" ><div class=\"text content-block\">\n<p>Nella nostra azienda lavorano 25 persone. Altre societ\u00e0, formate da professionisti indipendenti, garantiscono la fornitura ai nostri clienti dai porti pi\u00f9 lontani del Mediterraneo e anche del Cantabrico, Marocco e Portogallo.<\/p>\n<p>In EUROPEIX S.A. non lasciamo nulla al caso, controlliamo l&#8217;intero processo dalla cattura alla destinazione finale, passando attraverso l&#8217;elaborazione del pesce che viene sempre eseguita presso le nostre strutture di Arenys de Munt (Barcellona).<\/p>\n<p>Ogni cliente \u00e8 particolare e ha le proprie esigenze, pertanto, il nostro obiettivo consiste nella fornitura di un servizio personalizzato e indipendente, mantenendo e scommettendo sempre sulla perfetta qualit\u00e0 che caratterizza la nostra azienda.<\/p>\n<\/div>\n<\/div><\/section><br \/>\n\n<style type=\"text\/css\" data-created_by=\"avia_inline_auto\" id=\"style-css-av-e4wg8-ed9922039da55a36025744b26ad8a0cc\">\n#top .hr.hr-invisible.av-e4wg8-ed9922039da55a36025744b26ad8a0cc{\nheight:30px;\n}\n<\/style>\n<div  class='hr av-e4wg8-ed9922039da55a36025744b26ad8a0cc hr-invisible  avia-builder-el-5  el_after_av_textblock  el_before_av_button '><span class='hr-inner '><span class=\"hr-inner-style\"><\/span><\/span><\/div><br \/>\n<div  class='avia-button-wrap av-7qmbs-d7497e88595c7e256c3403c897f9dd3f-wrap avia-button-center  avia-builder-el-6  el_after_av_hr  avia-builder-el-last '><a href='https:\/\/europeix.cat\/it\/contatto-e-posizione\/'  class='avia-button av-7qmbs-d7497e88595c7e256c3403c897f9dd3f avia-icon_select-no avia-size-large avia-position-center avia-color-theme-color'  ><span class='avia_iconbox_title' >Contatto<\/span><\/a><\/div><\/p><\/div>\n","protected":false},"excerpt":{"rendered":"","protected":false},"author":1,"featured_media":0,"parent":0,"menu_order":300,"comment_status":"closed","ping_status":"closed","template":"","meta":[],"yoast_head":"<!-- This site is optimized with the Yoast SEO plugin v20.9 - https:\/\/yoast.com\/wordpress\/plugins\/seo\/ -->\n<title>Cosa offriamo - EUROPEIX<\/title>\n<meta name=\"description\" content=\"EUROPEIX. La nostra empresa est\u00e0 formada per 25 persones a les nostres instal\u00b7lacions. Altres empreses formades per professionals aut\u00f2noms garanteixen el prove\u00efment envers els nostres clients als ports m\u00e9s llunyans del Mediterrani, i tamb\u00e9 del Cant\u00e0bric, Marroc i Portugal.\" \/>\n<meta name=\"robots\" content=\"index, follow, max-snippet:-1, max-image-preview:large, max-video-preview:-1\" \/>\n<link rel=\"canonical\" href=\"https:\/\/europeix.cat\/it\/cosa-offriamo\/\" \/>\n<meta name=\"twitter:label1\" content=\"Tempo di lettura stimato\" \/>\n\t<meta name=\"twitter:data1\" content=\"2 minuti\" \/>\n<script type=\"application\/ld+json\" class=\"yoast-schema-graph\">{\"@context\":\"https:\/\/schema.org\",\"@graph\":[{\"@type\":\"WebPage\",\"@id\":\"https:\/\/europeix.cat\/it\/cosa-offriamo\/\",\"url\":\"https:\/\/europeix.cat\/it\/cosa-offriamo\/\",\"name\":\"Cosa offriamo - EUROPEIX\",\"isPartOf\":{\"@id\":\"https:\/\/europeix.cat\/#website\"},\"datePublished\":\"2023-02-16T17:44:15+00:00\",\"dateModified\":\"2024-11-12T10:22:00+00:00\",\"description\":\"EUROPEIX. La nostra empresa est\u00e0 formada per 25 persones a les nostres instal\u00b7lacions. Altres empreses formades per professionals aut\u00f2noms garanteixen el prove\u00efment envers els nostres clients als ports m\u00e9s llunyans del Mediterrani, i tamb\u00e9 del Cant\u00e0bric, Marroc i Portugal.\",\"breadcrumb\":{\"@id\":\"https:\/\/europeix.cat\/it\/cosa-offriamo\/#breadcrumb\"},\"inLanguage\":\"it-IT\",\"potentialAction\":[{\"@type\":\"ReadAction\",\"target\":[\"https:\/\/europeix.cat\/it\/cosa-offriamo\/\"]}]},{\"@type\":\"BreadcrumbList\",\"@id\":\"https:\/\/europeix.cat\/it\/cosa-offriamo\/#breadcrumb\",\"itemListElement\":[{\"@type\":\"ListItem\",\"position\":1,\"name\":\"Portada\",\"item\":\"https:\/\/europeix.cat\/it\/casa\/\"},{\"@type\":\"ListItem\",\"position\":2,\"name\":\"Cosa offriamo\"}]},{\"@type\":\"WebSite\",\"@id\":\"https:\/\/europeix.cat\/#website\",\"url\":\"https:\/\/europeix.cat\/\",\"name\":\"EUROPEIX\",\"description\":\"EUROPEIX\",\"potentialAction\":[{\"@type\":\"SearchAction\",\"target\":{\"@type\":\"EntryPoint\",\"urlTemplate\":\"https:\/\/europeix.cat\/?s={search_term_string}\"},\"query-input\":\"required name=search_term_string\"}],\"inLanguage\":\"it-IT\"}]}<\/script>\n<!-- \/ Yoast SEO plugin. -->","yoast_head_json":{"title":"Cosa offriamo - EUROPEIX","description":"EUROPEIX. La nostra empresa est\u00e0 formada per 25 persones a les nostres instal\u00b7lacions. Altres empreses formades per professionals aut\u00f2noms garanteixen el prove\u00efment envers els nostres clients als ports m\u00e9s llunyans del Mediterrani, i tamb\u00e9 del Cant\u00e0bric, Marroc i Portugal.","robots":{"index":"index","follow":"follow","max-snippet":"max-snippet:-1","max-image-preview":"max-image-preview:large","max-video-preview":"max-video-preview:-1"},"canonical":"https:\/\/europeix.cat\/it\/cosa-offriamo\/","twitter_misc":{"Tempo di lettura stimato":"2 minuti"},"schema":{"@context":"https:\/\/schema.org","@graph":[{"@type":"WebPage","@id":"https:\/\/europeix.cat\/it\/cosa-offriamo\/","url":"https:\/\/europeix.cat\/it\/cosa-offriamo\/","name":"Cosa offriamo - EUROPEIX","isPartOf":{"@id":"https:\/\/europeix.cat\/#website"},"datePublished":"2023-02-16T17:44:15+00:00","dateModified":"2024-11-12T10:22:00+00:00","description":"EUROPEIX. La nostra empresa est\u00e0 formada per 25 persones a les nostres instal\u00b7lacions. Altres empreses formades per professionals aut\u00f2noms garanteixen el prove\u00efment envers els nostres clients als ports m\u00e9s llunyans del Mediterrani, i tamb\u00e9 del Cant\u00e0bric, Marroc i Portugal.","breadcrumb":{"@id":"https:\/\/europeix.cat\/it\/cosa-offriamo\/#breadcrumb"},"inLanguage":"it-IT","potentialAction":[{"@type":"ReadAction","target":["https:\/\/europeix.cat\/it\/cosa-offriamo\/"]}]},{"@type":"BreadcrumbList","@id":"https:\/\/europeix.cat\/it\/cosa-offriamo\/#breadcrumb","itemListElement":[{"@type":"ListItem","position":1,"name":"Portada","item":"https:\/\/europeix.cat\/it\/casa\/"},{"@type":"ListItem","position":2,"name":"Cosa offriamo"}]},{"@type":"WebSite","@id":"https:\/\/europeix.cat\/#website","url":"https:\/\/europeix.cat\/","name":"EUROPEIX","description":"EUROPEIX","potentialAction":[{"@type":"SearchAction","target":{"@type":"EntryPoint","urlTemplate":"https:\/\/europeix.cat\/?s={search_term_string}"},"query-input":"required name=search_term_string"}],"inLanguage":"it-IT"}]}},"_links":{"self":[{"href":"https:\/\/europeix.cat\/it\/wp-json\/wp\/v2\/pages\/1183"}],"collection":[{"href":"https:\/\/europeix.cat\/it\/wp-json\/wp\/v2\/pages"}],"about":[{"href":"https:\/\/europeix.cat\/it\/wp-json\/wp\/v2\/types\/page"}],"author":[{"embeddable":true,"href":"https:\/\/europeix.cat\/it\/wp-json\/wp\/v2\/users\/1"}],"replies":[{"embeddable":true,"href":"https:\/\/europeix.cat\/it\/wp-json\/wp\/v2\/comments?post=1183"}],"version-history":[{"count":10,"href":"https:\/\/europeix.cat\/it\/wp-json\/wp\/v2\/pages\/1183\/revisions"}],"predecessor-version":[{"id":3592,"href":"https:\/\/europeix.cat\/it\/wp-json\/wp\/v2\/pages\/1183\/revisions\/3592"}],"wp:attachment":[{"href":"https:\/\/europeix.cat\/it\/wp-json\/wp\/v2\/media?parent=1183"}],"curies":[{"name":"wp","href":"https:\/\/api.w.org\/{rel}","templated":true}]}}