{"id":1167,"date":"2023-02-17T10:18:43","date_gmt":"2023-02-17T09:18:43","guid":{"rendered":"https:\/\/europeix.cat\/politica-de-qualitat-i-seguretat-alimentaria\/"},"modified":"2024-11-12T11:33:15","modified_gmt":"2024-11-12T10:33:15","slug":"politica-di-qualita-e-sicurezza-alimentare","status":"publish","type":"page","link":"https:\/\/europeix.cat\/it\/politica-di-qualita-e-sicurezza-alimentare\/","title":{"rendered":"Politica di qualit\u00e0"},"content":{"rendered":"<\/p>\n\n<style type=\"text\/css\" data-created_by=\"avia_inline_auto\" id=\"style-css-av-av_one_half-79ff81c021393065cee878051452f6a6\">\n.flex_column.av-av_one_half-79ff81c021393065cee878051452f6a6{\n-webkit-border-radius:0px 0px 0px 0px;\n-moz-border-radius:0px 0px 0px 0px;\nborder-radius:0px 0px 0px 0px;\npadding:0px 0px 0px 0px;\n}\n<\/style>\n<div  class='flex_column av-av_one_half-79ff81c021393065cee878051452f6a6 av_one_half  avia-builder-el-0  el_before_av_one_half  avia-builder-el-first  first flex_column_div av-zero-column-padding  '     ><p>\n<style type=\"text\/css\" data-created_by=\"avia_inline_auto\" id=\"style-css-av-le8c0vyj-82bbc26f6b822013b81dccc178ec2e65\">\n.avia-image-container.av-le8c0vyj-82bbc26f6b822013b81dccc178ec2e65 img.avia_image{\nbox-shadow:none;\n}\n.avia-image-container.av-le8c0vyj-82bbc26f6b822013b81dccc178ec2e65 .av-image-caption-overlay-center{\ncolor:#ffffff;\n}\n<\/style>\n<div  class='avia-image-container av-le8c0vyj-82bbc26f6b822013b81dccc178ec2e65 av-styling- avia-align-center  avia-builder-el-1  el_before_av_slideshow  avia-builder-el-first '   itemprop=\"image\" itemscope=\"itemscope\" itemtype=\"https:\/\/schema.org\/ImageObject\" ><div class=\"avia-image-container-inner\"><div class=\"avia-image-overlay-wrap\"><img decoding=\"async\" class='wp-image-811 avia-img-lazy-loading-not-811 avia_image ' src=\"https:\/\/europeix.cat\/wp-content\/uploads\/2023\/02\/LOGO_ENT.png\" alt='' title=''  height=\"496\" width=\"1100\"  itemprop=\"thumbnailUrl\" srcset=\"https:\/\/europeix.cat\/wp-content\/uploads\/2023\/02\/LOGO_ENT.png 1100w, https:\/\/europeix.cat\/wp-content\/uploads\/2023\/02\/LOGO_ENT-300x135.png 300w, https:\/\/europeix.cat\/wp-content\/uploads\/2023\/02\/LOGO_ENT-1030x464.png 1030w, https:\/\/europeix.cat\/wp-content\/uploads\/2023\/02\/LOGO_ENT-768x346.png 768w, https:\/\/europeix.cat\/wp-content\/uploads\/2023\/02\/LOGO_ENT-705x318.png 705w, https:\/\/europeix.cat\/wp-content\/uploads\/2023\/02\/LOGO_ENT-450x203.png 450w, https:\/\/europeix.cat\/wp-content\/uploads\/2023\/02\/LOGO_ENT-600x271.png 600w\" sizes=\"(max-width: 1100px) 100vw, 1100px\" \/><\/div><\/div><\/div><br \/>\n<div  class='avia-slideshow av-le8c01f6-35cdfe18511e95088cecf2a43cd5e985 avia-slideshow-gallery av_slideshow avia-fade-slider  avia-builder-el-2  el_after_av_image  avia-builder-el-last  av-slideshow-ui av-control-default av-slideshow-autoplay av-loop-endless av-loop-manual-endless av-default-height-applied avia-slideshow-1' data-slideshow-options=\"{&quot;animation&quot;:&quot;fade&quot;,&quot;autoplay&quot;:true,&quot;loop_autoplay&quot;:&quot;endless&quot;,&quot;interval&quot;:5,&quot;loop_manual&quot;:&quot;manual-endless&quot;,&quot;autoplay_stopper&quot;:false,&quot;noNavigation&quot;:false,&quot;bg_slider&quot;:false,&quot;keep_padding&quot;:false,&quot;hoverpause&quot;:false,&quot;show_slide_delay&quot;:0}\"  itemprop=\"image\" itemscope=\"itemscope\" itemtype=\"https:\/\/schema.org\/ImageObject\" ><ul class='avia-slideshow-inner ' style='padding-bottom: 80%;'><li  class='avia-slideshow-slide av-le8c01f6-35cdfe18511e95088cecf2a43cd5e985__0  slide-1 slide-odd'><div data-rel='slideshow-1' class='avia-slide-wrap '   ><img decoding=\"async\" class=\"wp-image-807 avia-img-lazy-loading-not-807\"  src=\"https:\/\/europeix.cat\/wp-content\/uploads\/2023\/02\/4.jpg\" width=\"350\" height=\"280\" title='' alt=''  itemprop=\"thumbnailUrl\" srcset=\"https:\/\/europeix.cat\/wp-content\/uploads\/2023\/02\/4.jpg 350w, https:\/\/europeix.cat\/wp-content\/uploads\/2023\/02\/4-300x240.jpg 300w\" sizes=\"(max-width: 350px) 100vw, 350px\" \/><\/div><\/li><li  class='avia-slideshow-slide av-le8c01f6-35cdfe18511e95088cecf2a43cd5e985__1  slide-2 slide-even'><div data-rel='slideshow-1' class='avia-slide-wrap '   ><img decoding=\"async\" class=\"wp-image-803 avia-img-lazy-loading-not-803\"  src=\"https:\/\/europeix.cat\/wp-content\/uploads\/2023\/02\/2.jpg\" width=\"350\" height=\"280\" title='' alt=''  itemprop=\"thumbnailUrl\" srcset=\"https:\/\/europeix.cat\/wp-content\/uploads\/2023\/02\/2.jpg 350w, https:\/\/europeix.cat\/wp-content\/uploads\/2023\/02\/2-300x240.jpg 300w\" sizes=\"(max-width: 350px) 100vw, 350px\" \/><\/div><\/li><li  class='avia-slideshow-slide av-le8c01f6-35cdfe18511e95088cecf2a43cd5e985__2  slide-3 slide-odd'><div data-rel='slideshow-1' class='avia-slide-wrap '   ><img decoding=\"async\" class=\"wp-image-799 avia-img-lazy-loading-not-799\"  src=\"https:\/\/europeix.cat\/wp-content\/uploads\/2023\/02\/IMG_8609.jpg\" width=\"350\" height=\"280\" title='' alt=''  itemprop=\"thumbnailUrl\" srcset=\"https:\/\/europeix.cat\/wp-content\/uploads\/2023\/02\/IMG_8609.jpg 350w, https:\/\/europeix.cat\/wp-content\/uploads\/2023\/02\/IMG_8609-300x240.jpg 300w\" sizes=\"(max-width: 350px) 100vw, 350px\" \/><\/div><\/li><\/ul><div class='avia-slideshow-arrows avia-slideshow-controls' ><a href='#prev' class='prev-slide ' aria-hidden='true' data-av_icon='\ue87c' data-av_iconfont='entypo-fontello'  tabindex='-1'>Prec<\/a><a href='#next' class='next-slide ' aria-hidden='true' data-av_icon='\ue87d' data-av_iconfont='entypo-fontello'  tabindex='-1'>Succ<\/a><\/div><div class='avia-slideshow-dots avia-slideshow-controls'><a href='#1' class='goto-slide active' >1<\/a><a href='#2' class='goto-slide ' >2<\/a><a href='#3' class='goto-slide ' >3<\/a><\/div><\/div><\/p><\/div>\n<div  class='flex_column av-av_one_half-f73a11ccd29996a2a11249d534554c23 av_one_half  avia-builder-el-3  el_after_av_one_half  avia-builder-el-last  flex_column_div  '     ><p>\n<style type=\"text\/css\" data-created_by=\"avia_inline_auto\" id=\"style-css-av-le8c18ur-8227aad3c6806d76e191e61b74a1af19\">\n#top .hr.hr-invisible.av-le8c18ur-8227aad3c6806d76e191e61b74a1af19{\nheight:10px;\n}\n<\/style>\n<div  class='hr av-le8c18ur-8227aad3c6806d76e191e61b74a1af19 hr-invisible  avia-builder-el-4  el_before_av_heading  avia-builder-el-first '><span class='hr-inner '><span class=\"hr-inner-style\"><\/span><\/span><\/div><br \/>\n\n<style type=\"text\/css\" data-created_by=\"avia_inline_auto\" id=\"style-css-av-le8c1bw3-662bf5e0a489c4da1d2d64d2aea252f7\">\n#top .av-special-heading.av-le8c1bw3-662bf5e0a489c4da1d2d64d2aea252f7{\npadding-bottom:10px;\n}\nbody .av-special-heading.av-le8c1bw3-662bf5e0a489c4da1d2d64d2aea252f7 .av-special-heading-tag .heading-char{\nfont-size:25px;\n}\n.av-special-heading.av-le8c1bw3-662bf5e0a489c4da1d2d64d2aea252f7 .av-subheading{\nfont-size:15px;\n}\n<\/style>\n<div  class='av-special-heading av-le8c1bw3-662bf5e0a489c4da1d2d64d2aea252f7 av-special-heading-h1  avia-builder-el-5  el_after_av_hr  el_before_av_hr '><h1 class='av-special-heading-tag'  itemprop=\"headline\"  >Politica della qualit\u00e0 e sicurezza alimentare<\/h1><div class=\"special-heading-border\"><div class=\"special-heading-inner-border\"><\/div><\/div><\/div><br \/>\n\n<style type=\"text\/css\" data-created_by=\"avia_inline_auto\" id=\"style-css-av-av_hr-3cdc9664f29087702913853352eac422\">\n#top .hr.hr-invisible.av-av_hr-3cdc9664f29087702913853352eac422{\nheight:10px;\n}\n<\/style>\n<div  class='hr av-av_hr-3cdc9664f29087702913853352eac422 hr-invisible  avia-builder-el-6  el_after_av_heading  el_before_av_textblock '><span class='hr-inner '><span class=\"hr-inner-style\"><\/span><\/span><\/div><br \/>\n<section  class='av_textblock_section av-le8c13zc-b92bdbdd520967b95f2bdb4db4d2b79f '   itemscope=\"itemscope\" itemtype=\"https:\/\/schema.org\/CreativeWork\" ><div class='avia_textblock'  itemprop=\"text\" ><div class=\"text content-block\">\n<p>I nostri clienti sanno che l&#8217;affidabilit\u00e0 della qualit\u00e0 rappresenta per noi un fattore fondamentale.<\/p>\n<p>Tutti i pesci vengono selezionati in base alla dimensione presso le nostre strutture di Arenys de Munt, in un ambiente perfettamente igienico e scartando tutto ci\u00f2 che non soddisfa gli standard di qualit\u00e0.<\/p>\n<p>Nella nostra azienda opera un reparto per il controllo della qualit\u00e0, abbiamo implementato il sistema HACCP che include la tracciabilit\u00e0 e comprende tutte le fasi del processo. Inoltre, viene effettuato un rigoroso controllo analitico di tutti i nostri prodotti.<\/p>\n<p>Il nostro obiettivo principale consiste nel miglioramento continuo e nell&#8217;offerta di prodotti di altissima qualit\u00e0 ai nostri clienti.<\/p>\n<\/div>\n<\/div><\/section><br \/>\n\n<style type=\"text\/css\" data-created_by=\"avia_inline_auto\" id=\"style-css-av-av_hr-6aa2a14a08b78d928e732ca1e63c4969\">\n#top .hr.hr-invisible.av-av_hr-6aa2a14a08b78d928e732ca1e63c4969{\nheight:30px;\n}\n<\/style>\n<div  class='hr av-av_hr-6aa2a14a08b78d928e732ca1e63c4969 hr-invisible  avia-builder-el-8  el_after_av_textblock  el_before_av_button '><span class='hr-inner '><span class=\"hr-inner-style\"><\/span><\/span><\/div><br \/>\n<div  class='avia-button-wrap av-lg235bk3-cec6c1dd5c57e1bac26019f9fe395e2b-wrap avia-button-center  avia-builder-el-9  el_after_av_hr  avia-builder-el-last '><a href='https:\/\/europeix.cat\/it\/contatto-e-posizione\/'  class='avia-button av-lg235bk3-cec6c1dd5c57e1bac26019f9fe395e2b avia-icon_select-no avia-size-large avia-position-center avia-color-theme-color'  ><span class='avia_iconbox_title' >Contatto<\/span><\/a><\/div><\/p><\/div>\n","protected":false},"excerpt":{"rendered":"","protected":false},"author":1,"featured_media":0,"parent":0,"menu_order":720,"comment_status":"closed","ping_status":"closed","template":"","meta":[],"yoast_head":"<!-- This site is optimized with the Yoast SEO plugin v20.9 - https:\/\/yoast.com\/wordpress\/plugins\/seo\/ -->\n<title>Politica di qualit\u00e0 - EUROPEIX<\/title>\n<meta name=\"description\" content=\"Pol\u00edtica de qualitat i seguretat aliment\u00e0ria Els nostres clients ho saben, la fiabilitat en la qualitat \u00e9s primordial per a nosaltres.\" \/>\n<meta name=\"robots\" content=\"index, follow, max-snippet:-1, max-image-preview:large, max-video-preview:-1\" \/>\n<link rel=\"canonical\" href=\"https:\/\/europeix.cat\/it\/politica-di-qualita-e-sicurezza-alimentare\/\" \/>\n<meta name=\"twitter:label1\" content=\"Tempo di lettura stimato\" \/>\n\t<meta name=\"twitter:data1\" content=\"3 minuti\" \/>\n<script type=\"application\/ld+json\" class=\"yoast-schema-graph\">{\"@context\":\"https:\/\/schema.org\",\"@graph\":[{\"@type\":\"WebPage\",\"@id\":\"https:\/\/europeix.cat\/it\/politica-di-qualita-e-sicurezza-alimentare\/\",\"url\":\"https:\/\/europeix.cat\/it\/politica-di-qualita-e-sicurezza-alimentare\/\",\"name\":\"Politica di qualit\u00e0 - EUROPEIX\",\"isPartOf\":{\"@id\":\"https:\/\/europeix.cat\/#website\"},\"datePublished\":\"2023-02-17T09:18:43+00:00\",\"dateModified\":\"2024-11-12T10:33:15+00:00\",\"description\":\"Pol\u00edtica de qualitat i seguretat aliment\u00e0ria Els nostres clients ho saben, la fiabilitat en la qualitat \u00e9s primordial per a nosaltres.\",\"breadcrumb\":{\"@id\":\"https:\/\/europeix.cat\/it\/politica-di-qualita-e-sicurezza-alimentare\/#breadcrumb\"},\"inLanguage\":\"it-IT\",\"potentialAction\":[{\"@type\":\"ReadAction\",\"target\":[\"https:\/\/europeix.cat\/it\/politica-di-qualita-e-sicurezza-alimentare\/\"]}]},{\"@type\":\"BreadcrumbList\",\"@id\":\"https:\/\/europeix.cat\/it\/politica-di-qualita-e-sicurezza-alimentare\/#breadcrumb\",\"itemListElement\":[{\"@type\":\"ListItem\",\"position\":1,\"name\":\"Portada\",\"item\":\"https:\/\/europeix.cat\/it\/casa\/\"},{\"@type\":\"ListItem\",\"position\":2,\"name\":\"Politica di qualit\u00e0\"}]},{\"@type\":\"WebSite\",\"@id\":\"https:\/\/europeix.cat\/#website\",\"url\":\"https:\/\/europeix.cat\/\",\"name\":\"EUROPEIX\",\"description\":\"EUROPEIX\",\"potentialAction\":[{\"@type\":\"SearchAction\",\"target\":{\"@type\":\"EntryPoint\",\"urlTemplate\":\"https:\/\/europeix.cat\/?s={search_term_string}\"},\"query-input\":\"required name=search_term_string\"}],\"inLanguage\":\"it-IT\"}]}<\/script>\n<!-- \/ Yoast SEO plugin. -->","yoast_head_json":{"title":"Politica di qualit\u00e0 - EUROPEIX","description":"Pol\u00edtica de qualitat i seguretat aliment\u00e0ria Els nostres clients ho saben, la fiabilitat en la qualitat \u00e9s primordial per a nosaltres.","robots":{"index":"index","follow":"follow","max-snippet":"max-snippet:-1","max-image-preview":"max-image-preview:large","max-video-preview":"max-video-preview:-1"},"canonical":"https:\/\/europeix.cat\/it\/politica-di-qualita-e-sicurezza-alimentare\/","twitter_misc":{"Tempo di lettura stimato":"3 minuti"},"schema":{"@context":"https:\/\/schema.org","@graph":[{"@type":"WebPage","@id":"https:\/\/europeix.cat\/it\/politica-di-qualita-e-sicurezza-alimentare\/","url":"https:\/\/europeix.cat\/it\/politica-di-qualita-e-sicurezza-alimentare\/","name":"Politica di qualit\u00e0 - EUROPEIX","isPartOf":{"@id":"https:\/\/europeix.cat\/#website"},"datePublished":"2023-02-17T09:18:43+00:00","dateModified":"2024-11-12T10:33:15+00:00","description":"Pol\u00edtica de qualitat i seguretat aliment\u00e0ria Els nostres clients ho saben, la fiabilitat en la qualitat \u00e9s primordial per a nosaltres.","breadcrumb":{"@id":"https:\/\/europeix.cat\/it\/politica-di-qualita-e-sicurezza-alimentare\/#breadcrumb"},"inLanguage":"it-IT","potentialAction":[{"@type":"ReadAction","target":["https:\/\/europeix.cat\/it\/politica-di-qualita-e-sicurezza-alimentare\/"]}]},{"@type":"BreadcrumbList","@id":"https:\/\/europeix.cat\/it\/politica-di-qualita-e-sicurezza-alimentare\/#breadcrumb","itemListElement":[{"@type":"ListItem","position":1,"name":"Portada","item":"https:\/\/europeix.cat\/it\/casa\/"},{"@type":"ListItem","position":2,"name":"Politica di qualit\u00e0"}]},{"@type":"WebSite","@id":"https:\/\/europeix.cat\/#website","url":"https:\/\/europeix.cat\/","name":"EUROPEIX","description":"EUROPEIX","potentialAction":[{"@type":"SearchAction","target":{"@type":"EntryPoint","urlTemplate":"https:\/\/europeix.cat\/?s={search_term_string}"},"query-input":"required name=search_term_string"}],"inLanguage":"it-IT"}]}},"_links":{"self":[{"href":"https:\/\/europeix.cat\/it\/wp-json\/wp\/v2\/pages\/1167"}],"collection":[{"href":"https:\/\/europeix.cat\/it\/wp-json\/wp\/v2\/pages"}],"about":[{"href":"https:\/\/europeix.cat\/it\/wp-json\/wp\/v2\/types\/page"}],"author":[{"embeddable":true,"href":"https:\/\/europeix.cat\/it\/wp-json\/wp\/v2\/users\/1"}],"replies":[{"embeddable":true,"href":"https:\/\/europeix.cat\/it\/wp-json\/wp\/v2\/comments?post=1167"}],"version-history":[{"count":10,"href":"https:\/\/europeix.cat\/it\/wp-json\/wp\/v2\/pages\/1167\/revisions"}],"predecessor-version":[{"id":3601,"href":"https:\/\/europeix.cat\/it\/wp-json\/wp\/v2\/pages\/1167\/revisions\/3601"}],"wp:attachment":[{"href":"https:\/\/europeix.cat\/it\/wp-json\/wp\/v2\/media?parent=1167"}],"curies":[{"name":"wp","href":"https:\/\/api.w.org\/{rel}","templated":true}]}}