{"id":1539,"date":"2023-02-17T11:51:51","date_gmt":"2023-02-17T10:51:51","guid":{"rendered":"https:\/\/europeix.cat\/producto\/bonitol\/"},"modified":"2023-04-05T12:41:13","modified_gmt":"2023-04-05T10:41:13","slug":"bonite","status":"publish","type":"product","link":"https:\/\/europeix.cat\/fr\/produit\/bonite\/","title":{"rendered":"BONITE"},"content":{"rendered":"<p>Poisson gras au corps fusiforme, la bouche est tr\u00e8s grande et a le corps recouvert de tr\u00e8s petites \u00e9cailles. Il est de couleur bleu vif sur le dos et avec des rayures sombres l\u00e9g\u00e8rement obliques de la t\u00eate \u00e0 la queue. La partie inf\u00e9rieure des flancs et le ventre sont argent\u00e9s.<\/p>\n<p>Il s\u2019agit d\u2019un poisson qui vit dans la partie sup\u00e9rieure de la colonne d\u2019eau. Il se nourrit de petits crustac\u00e9s, de petits poissons et de c\u00e9phalopodes.<\/p>\n<p>La longueur la plus courante est de 25 \u00e0 65 cm avec un maximum de 90 cm.<\/p>\n<p>Sa reproduction a lieu de mai \u00e0 juillet.<\/p>\n<p>Il est captur\u00e9 par diff\u00e9rents moyens : Senne, tr\u00e9mail et palangre.<\/p>\n<p>On peut le consid\u00e9rer comme un v\u00e9ritable tr\u00e9sor de propri\u00e9t\u00e9s nutritionnelles, il poss\u00e8de des qualit\u00e9s organoleptiques similaires \u00e0 celles du thon, mais la chair est peut-\u00eatre plus savoureuse et est riche en min\u00e9raux tels que le phosphore, calcium, sodium et potassium.<\/p>\n","protected":false},"excerpt":{"rendered":"<p>Sarda sarda<\/p>\n","protected":false},"featured_media":2172,"comment_status":"closed","ping_status":"closed","template":"","meta":[],"product_cat":[53],"product_tag":[],"yoast_head":"<!-- This site is optimized with the Yoast SEO plugin v20.9 - https:\/\/yoast.com\/wordpress\/plugins\/seo\/ -->\n<title>BONITE - EUROPEIX<\/title>\n<meta name=\"robots\" content=\"index, follow, max-snippet:-1, max-image-preview:large, max-video-preview:-1\" \/>\n<link rel=\"canonical\" href=\"https:\/\/europeix.cat\/produit\/bonitol\/\" \/>\n<meta name=\"twitter:label1\" content=\"Dur\u00e9e de lecture estim\u00e9e\" \/>\n\t<meta name=\"twitter:data1\" content=\"1 minute\" \/>\n<script type=\"application\/ld+json\" class=\"yoast-schema-graph\">{\"@context\":\"https:\/\/schema.org\",\"@graph\":[{\"@type\":\"WebPage\",\"@id\":\"https:\/\/europeix.cat\/produit\/bonitol\/\",\"url\":\"https:\/\/europeix.cat\/produit\/bonitol\/\",\"name\":\"BONITE - EUROPEIX\",\"isPartOf\":{\"@id\":\"https:\/\/europeix.cat\/#website\"},\"datePublished\":\"2023-02-17T10:51:51+00:00\",\"dateModified\":\"2023-04-05T10:41:13+00:00\",\"breadcrumb\":{\"@id\":\"https:\/\/europeix.cat\/produit\/bonitol\/#breadcrumb\"},\"inLanguage\":\"fr-FR\",\"potentialAction\":[{\"@type\":\"ReadAction\",\"target\":[\"https:\/\/europeix.cat\/produit\/bonitol\/\"]}]},{\"@type\":\"BreadcrumbList\",\"@id\":\"https:\/\/europeix.cat\/produit\/bonitol\/#breadcrumb\",\"itemListElement\":[{\"@type\":\"ListItem\",\"position\":1,\"name\":\"Portada\",\"item\":\"https:\/\/europeix.cat\/fr\/accueil\/\"},{\"@type\":\"ListItem\",\"position\":2,\"name\":\"Produits\",\"item\":\"https:\/\/europeix.cat\/fr\/produits\/\"},{\"@type\":\"ListItem\",\"position\":3,\"name\":\"BONITE\"}]},{\"@type\":\"WebSite\",\"@id\":\"https:\/\/europeix.cat\/#website\",\"url\":\"https:\/\/europeix.cat\/\",\"name\":\"EUROPEIX\",\"description\":\"EUROPEIX\",\"potentialAction\":[{\"@type\":\"SearchAction\",\"target\":{\"@type\":\"EntryPoint\",\"urlTemplate\":\"https:\/\/europeix.cat\/?s={search_term_string}\"},\"query-input\":\"required name=search_term_string\"}],\"inLanguage\":\"fr-FR\"}]}<\/script>\n<!-- \/ Yoast SEO plugin. -->","yoast_head_json":{"title":"BONITE - EUROPEIX","robots":{"index":"index","follow":"follow","max-snippet":"max-snippet:-1","max-image-preview":"max-image-preview:large","max-video-preview":"max-video-preview:-1"},"canonical":"https:\/\/europeix.cat\/produit\/bonitol\/","twitter_misc":{"Dur\u00e9e de lecture estim\u00e9e":"1 minute"},"schema":{"@context":"https:\/\/schema.org","@graph":[{"@type":"WebPage","@id":"https:\/\/europeix.cat\/produit\/bonitol\/","url":"https:\/\/europeix.cat\/produit\/bonitol\/","name":"BONITE - EUROPEIX","isPartOf":{"@id":"https:\/\/europeix.cat\/#website"},"datePublished":"2023-02-17T10:51:51+00:00","dateModified":"2023-04-05T10:41:13+00:00","breadcrumb":{"@id":"https:\/\/europeix.cat\/produit\/bonitol\/#breadcrumb"},"inLanguage":"fr-FR","potentialAction":[{"@type":"ReadAction","target":["https:\/\/europeix.cat\/produit\/bonitol\/"]}]},{"@type":"BreadcrumbList","@id":"https:\/\/europeix.cat\/produit\/bonitol\/#breadcrumb","itemListElement":[{"@type":"ListItem","position":1,"name":"Portada","item":"https:\/\/europeix.cat\/fr\/accueil\/"},{"@type":"ListItem","position":2,"name":"Produits","item":"https:\/\/europeix.cat\/fr\/produits\/"},{"@type":"ListItem","position":3,"name":"BONITE"}]},{"@type":"WebSite","@id":"https:\/\/europeix.cat\/#website","url":"https:\/\/europeix.cat\/","name":"EUROPEIX","description":"EUROPEIX","potentialAction":[{"@type":"SearchAction","target":{"@type":"EntryPoint","urlTemplate":"https:\/\/europeix.cat\/?s={search_term_string}"},"query-input":"required name=search_term_string"}],"inLanguage":"fr-FR"}]}},"_links":{"self":[{"href":"https:\/\/europeix.cat\/fr\/wp-json\/wp\/v2\/product\/1539"}],"collection":[{"href":"https:\/\/europeix.cat\/fr\/wp-json\/wp\/v2\/product"}],"about":[{"href":"https:\/\/europeix.cat\/fr\/wp-json\/wp\/v2\/types\/product"}],"replies":[{"embeddable":true,"href":"https:\/\/europeix.cat\/fr\/wp-json\/wp\/v2\/comments?post=1539"}],"wp:featuredmedia":[{"embeddable":true,"href":"https:\/\/europeix.cat\/fr\/wp-json\/wp\/v2\/media\/2172"}],"wp:attachment":[{"href":"https:\/\/europeix.cat\/fr\/wp-json\/wp\/v2\/media?parent=1539"}],"wp:term":[{"taxonomy":"product_cat","embeddable":true,"href":"https:\/\/europeix.cat\/fr\/wp-json\/wp\/v2\/product_cat?post=1539"},{"taxonomy":"product_tag","embeddable":true,"href":"https:\/\/europeix.cat\/fr\/wp-json\/wp\/v2\/product_tag?post=1539"}],"curies":[{"name":"wp","href":"https:\/\/api.w.org\/{rel}","templated":true}]}}