{"id":1535,"date":"2023-02-17T11:52:44","date_gmt":"2023-02-17T10:52:44","guid":{"rendered":"https:\/\/europeix.cat\/producto\/cantera\/"},"modified":"2023-04-05T12:45:33","modified_gmt":"2023-04-05T10:45:33","slug":"dorade-grise","status":"publish","type":"product","link":"https:\/\/europeix.cat\/fr\/produit\/dorade-grise\/","title":{"rendered":"DORADE GRISE"},"content":{"rendered":"<p>Son corps est de forme elliptique, il est long et comprim\u00e9, avec la t\u00eate et la bouche de petite taille, une face pointue et de grands yeux. Il est de couleur grise sur le dos et couleur plomb sur les flancs.<\/p>\n<p>Il vit principalement sur le fond marin et la partie inf\u00e9rieure de la colonne d\u2019eau sur des fonds rocheux, avec des algues ou du sable \u00e0 une profondeur allant entre 5 et 300 m. Il se nourrit d\u2019invert\u00e9br\u00e9s benthiques et parfois \u00e9galement d\u2019algues.<\/p>\n<p>C\u2019est un poisson qui peut atteindre jusqu&rsquo;\u00e0 50 cm de long et un poids de 3 kg.<\/p>\n<p>Il est captur\u00e9 par diff\u00e9rents moyens : Chalut de fond, senne, tr\u00e9mail et palangre.<\/p>\n<p>Sa chair est tr\u00e8s appr\u00e9ci\u00e9e.<\/p>\n","protected":false},"excerpt":{"rendered":"<p>Spondyliosoma cantharus<\/p>\n","protected":false},"featured_media":2167,"comment_status":"closed","ping_status":"closed","template":"","meta":[],"product_cat":[53],"product_tag":[],"yoast_head":"<!-- This site is optimized with the Yoast SEO plugin v20.9 - https:\/\/yoast.com\/wordpress\/plugins\/seo\/ -->\n<title>DORADE GRISE - EUROPEIX<\/title>\n<meta name=\"robots\" content=\"index, follow, max-snippet:-1, max-image-preview:large, max-video-preview:-1\" \/>\n<link rel=\"canonical\" href=\"https:\/\/europeix.cat\/produit\/cantera\/\" \/>\n<meta name=\"twitter:label1\" content=\"Dur\u00e9e de lecture estim\u00e9e\" \/>\n\t<meta name=\"twitter:data1\" content=\"1 minute\" \/>\n<script type=\"application\/ld+json\" class=\"yoast-schema-graph\">{\"@context\":\"https:\/\/schema.org\",\"@graph\":[{\"@type\":\"WebPage\",\"@id\":\"https:\/\/europeix.cat\/produit\/cantera\/\",\"url\":\"https:\/\/europeix.cat\/produit\/cantera\/\",\"name\":\"DORADE GRISE - EUROPEIX\",\"isPartOf\":{\"@id\":\"https:\/\/europeix.cat\/#website\"},\"datePublished\":\"2023-02-17T10:52:44+00:00\",\"dateModified\":\"2023-04-05T10:45:33+00:00\",\"breadcrumb\":{\"@id\":\"https:\/\/europeix.cat\/produit\/cantera\/#breadcrumb\"},\"inLanguage\":\"fr-FR\",\"potentialAction\":[{\"@type\":\"ReadAction\",\"target\":[\"https:\/\/europeix.cat\/produit\/cantera\/\"]}]},{\"@type\":\"BreadcrumbList\",\"@id\":\"https:\/\/europeix.cat\/produit\/cantera\/#breadcrumb\",\"itemListElement\":[{\"@type\":\"ListItem\",\"position\":1,\"name\":\"Portada\",\"item\":\"https:\/\/europeix.cat\/fr\/accueil\/\"},{\"@type\":\"ListItem\",\"position\":2,\"name\":\"Produits\",\"item\":\"https:\/\/europeix.cat\/fr\/produits\/\"},{\"@type\":\"ListItem\",\"position\":3,\"name\":\"DORADE GRISE\"}]},{\"@type\":\"WebSite\",\"@id\":\"https:\/\/europeix.cat\/#website\",\"url\":\"https:\/\/europeix.cat\/\",\"name\":\"EUROPEIX\",\"description\":\"EUROPEIX\",\"potentialAction\":[{\"@type\":\"SearchAction\",\"target\":{\"@type\":\"EntryPoint\",\"urlTemplate\":\"https:\/\/europeix.cat\/?s={search_term_string}\"},\"query-input\":\"required name=search_term_string\"}],\"inLanguage\":\"fr-FR\"}]}<\/script>\n<!-- \/ Yoast SEO plugin. -->","yoast_head_json":{"title":"DORADE GRISE - EUROPEIX","robots":{"index":"index","follow":"follow","max-snippet":"max-snippet:-1","max-image-preview":"max-image-preview:large","max-video-preview":"max-video-preview:-1"},"canonical":"https:\/\/europeix.cat\/produit\/cantera\/","twitter_misc":{"Dur\u00e9e de lecture estim\u00e9e":"1 minute"},"schema":{"@context":"https:\/\/schema.org","@graph":[{"@type":"WebPage","@id":"https:\/\/europeix.cat\/produit\/cantera\/","url":"https:\/\/europeix.cat\/produit\/cantera\/","name":"DORADE GRISE - EUROPEIX","isPartOf":{"@id":"https:\/\/europeix.cat\/#website"},"datePublished":"2023-02-17T10:52:44+00:00","dateModified":"2023-04-05T10:45:33+00:00","breadcrumb":{"@id":"https:\/\/europeix.cat\/produit\/cantera\/#breadcrumb"},"inLanguage":"fr-FR","potentialAction":[{"@type":"ReadAction","target":["https:\/\/europeix.cat\/produit\/cantera\/"]}]},{"@type":"BreadcrumbList","@id":"https:\/\/europeix.cat\/produit\/cantera\/#breadcrumb","itemListElement":[{"@type":"ListItem","position":1,"name":"Portada","item":"https:\/\/europeix.cat\/fr\/accueil\/"},{"@type":"ListItem","position":2,"name":"Produits","item":"https:\/\/europeix.cat\/fr\/produits\/"},{"@type":"ListItem","position":3,"name":"DORADE GRISE"}]},{"@type":"WebSite","@id":"https:\/\/europeix.cat\/#website","url":"https:\/\/europeix.cat\/","name":"EUROPEIX","description":"EUROPEIX","potentialAction":[{"@type":"SearchAction","target":{"@type":"EntryPoint","urlTemplate":"https:\/\/europeix.cat\/?s={search_term_string}"},"query-input":"required name=search_term_string"}],"inLanguage":"fr-FR"}]}},"_links":{"self":[{"href":"https:\/\/europeix.cat\/fr\/wp-json\/wp\/v2\/product\/1535"}],"collection":[{"href":"https:\/\/europeix.cat\/fr\/wp-json\/wp\/v2\/product"}],"about":[{"href":"https:\/\/europeix.cat\/fr\/wp-json\/wp\/v2\/types\/product"}],"replies":[{"embeddable":true,"href":"https:\/\/europeix.cat\/fr\/wp-json\/wp\/v2\/comments?post=1535"}],"wp:featuredmedia":[{"embeddable":true,"href":"https:\/\/europeix.cat\/fr\/wp-json\/wp\/v2\/media\/2167"}],"wp:attachment":[{"href":"https:\/\/europeix.cat\/fr\/wp-json\/wp\/v2\/media?parent=1535"}],"wp:term":[{"taxonomy":"product_cat","embeddable":true,"href":"https:\/\/europeix.cat\/fr\/wp-json\/wp\/v2\/product_cat?post=1535"},{"taxonomy":"product_tag","embeddable":true,"href":"https:\/\/europeix.cat\/fr\/wp-json\/wp\/v2\/product_tag?post=1535"}],"curies":[{"name":"wp","href":"https:\/\/api.w.org\/{rel}","templated":true}]}}