{"id":1527,"date":"2023-02-17T11:59:19","date_gmt":"2023-02-17T10:59:19","guid":{"rendered":"https:\/\/europeix.cat\/producto\/cap-roig\/"},"modified":"2023-04-05T12:53:07","modified_gmt":"2023-04-05T10:53:07","slug":"rascasse-rouge","status":"publish","type":"product","link":"https:\/\/europeix.cat\/fr\/produit\/rascasse-rouge\/","title":{"rendered":"RASCASSE ROUGE"},"content":{"rendered":"<p>Il s\u2019agit d\u2019un poisson au corps robuste et allong\u00e9, recouvert de plis et d\u2019\u00e9pines. Il est de couleur rouge\u00e2tre, avec des touches sombres, il est un peu plus clair uniquement sur le ventre.<\/p>\n<p>Il vit dans des fonds de sable ou de roche, recouverts d\u2019algues, entre 20 et 100 m, et exceptionnellement, il peut atteindre 200 m de profondeur. Il se nourrit de crustac\u00e9s, de mollusques et de petits poissons.<\/p>\n<p>Sa longueur oscille entre 25 et 30 cm avec une taille maximum de 50 cm de long.<\/p>\n<p>Sa reproduction a lieu de mai \u00e0 ao\u00fbt. La saison pour sa p\u00eache a lieu d\u2019avril \u00e0 septembre.<\/p>\n<p>Il est captur\u00e9 par diff\u00e9rents moyens : Chalut de fond, tr\u00e9mail et palangre.<\/p>\n<p>Poisson blanc de haute qualit\u00e9, sa chair est particuli\u00e8rement savoureuse et d\u00e9licate. En raison de sa haute teneur en prot\u00e9ines, en min\u00e9raux et sa faible teneur en mati\u00e8res grasses, sa consommation est une v\u00e9ritable b\u00e9n\u00e9diction pour le syst\u00e8me cardiovasculaire et le syst\u00e8me nerveux.<\/p>\n","protected":false},"excerpt":{"rendered":"<p>Scorpaena scrofa<\/p>\n","protected":false},"featured_media":2157,"comment_status":"closed","ping_status":"closed","template":"","meta":[],"product_cat":[53],"product_tag":[],"yoast_head":"<!-- This site is optimized with the Yoast SEO plugin v20.9 - https:\/\/yoast.com\/wordpress\/plugins\/seo\/ -->\n<title>RASCASSE ROUGE - EUROPEIX<\/title>\n<meta name=\"robots\" content=\"index, follow, max-snippet:-1, max-image-preview:large, max-video-preview:-1\" \/>\n<link rel=\"canonical\" href=\"https:\/\/europeix.cat\/fr\/produit\/rascasse-rouge\/\" \/>\n<meta name=\"twitter:label1\" content=\"Dur\u00e9e de lecture estim\u00e9e\" \/>\n\t<meta name=\"twitter:data1\" content=\"1 minute\" \/>\n<script type=\"application\/ld+json\" class=\"yoast-schema-graph\">{\"@context\":\"https:\/\/schema.org\",\"@graph\":[{\"@type\":\"WebPage\",\"@id\":\"https:\/\/europeix.cat\/fr\/produit\/rascasse-rouge\/\",\"url\":\"https:\/\/europeix.cat\/fr\/produit\/rascasse-rouge\/\",\"name\":\"RASCASSE ROUGE - EUROPEIX\",\"isPartOf\":{\"@id\":\"https:\/\/europeix.cat\/#website\"},\"datePublished\":\"2023-02-17T10:59:19+00:00\",\"dateModified\":\"2023-04-05T10:53:07+00:00\",\"breadcrumb\":{\"@id\":\"https:\/\/europeix.cat\/fr\/produit\/rascasse-rouge\/#breadcrumb\"},\"inLanguage\":\"fr-FR\",\"potentialAction\":[{\"@type\":\"ReadAction\",\"target\":[\"https:\/\/europeix.cat\/fr\/produit\/rascasse-rouge\/\"]}]},{\"@type\":\"BreadcrumbList\",\"@id\":\"https:\/\/europeix.cat\/fr\/produit\/rascasse-rouge\/#breadcrumb\",\"itemListElement\":[{\"@type\":\"ListItem\",\"position\":1,\"name\":\"Portada\",\"item\":\"https:\/\/europeix.cat\/fr\/accueil\/\"},{\"@type\":\"ListItem\",\"position\":2,\"name\":\"Produits\",\"item\":\"https:\/\/europeix.cat\/fr\/produits\/\"},{\"@type\":\"ListItem\",\"position\":3,\"name\":\"RASCASSE ROUGE\"}]},{\"@type\":\"WebSite\",\"@id\":\"https:\/\/europeix.cat\/#website\",\"url\":\"https:\/\/europeix.cat\/\",\"name\":\"EUROPEIX\",\"description\":\"EUROPEIX\",\"potentialAction\":[{\"@type\":\"SearchAction\",\"target\":{\"@type\":\"EntryPoint\",\"urlTemplate\":\"https:\/\/europeix.cat\/?s={search_term_string}\"},\"query-input\":\"required name=search_term_string\"}],\"inLanguage\":\"fr-FR\"}]}<\/script>\n<!-- \/ Yoast SEO plugin. -->","yoast_head_json":{"title":"RASCASSE ROUGE - EUROPEIX","robots":{"index":"index","follow":"follow","max-snippet":"max-snippet:-1","max-image-preview":"max-image-preview:large","max-video-preview":"max-video-preview:-1"},"canonical":"https:\/\/europeix.cat\/fr\/produit\/rascasse-rouge\/","twitter_misc":{"Dur\u00e9e de lecture estim\u00e9e":"1 minute"},"schema":{"@context":"https:\/\/schema.org","@graph":[{"@type":"WebPage","@id":"https:\/\/europeix.cat\/fr\/produit\/rascasse-rouge\/","url":"https:\/\/europeix.cat\/fr\/produit\/rascasse-rouge\/","name":"RASCASSE ROUGE - EUROPEIX","isPartOf":{"@id":"https:\/\/europeix.cat\/#website"},"datePublished":"2023-02-17T10:59:19+00:00","dateModified":"2023-04-05T10:53:07+00:00","breadcrumb":{"@id":"https:\/\/europeix.cat\/fr\/produit\/rascasse-rouge\/#breadcrumb"},"inLanguage":"fr-FR","potentialAction":[{"@type":"ReadAction","target":["https:\/\/europeix.cat\/fr\/produit\/rascasse-rouge\/"]}]},{"@type":"BreadcrumbList","@id":"https:\/\/europeix.cat\/fr\/produit\/rascasse-rouge\/#breadcrumb","itemListElement":[{"@type":"ListItem","position":1,"name":"Portada","item":"https:\/\/europeix.cat\/fr\/accueil\/"},{"@type":"ListItem","position":2,"name":"Produits","item":"https:\/\/europeix.cat\/fr\/produits\/"},{"@type":"ListItem","position":3,"name":"RASCASSE ROUGE"}]},{"@type":"WebSite","@id":"https:\/\/europeix.cat\/#website","url":"https:\/\/europeix.cat\/","name":"EUROPEIX","description":"EUROPEIX","potentialAction":[{"@type":"SearchAction","target":{"@type":"EntryPoint","urlTemplate":"https:\/\/europeix.cat\/?s={search_term_string}"},"query-input":"required name=search_term_string"}],"inLanguage":"fr-FR"}]}},"_links":{"self":[{"href":"https:\/\/europeix.cat\/fr\/wp-json\/wp\/v2\/product\/1527"}],"collection":[{"href":"https:\/\/europeix.cat\/fr\/wp-json\/wp\/v2\/product"}],"about":[{"href":"https:\/\/europeix.cat\/fr\/wp-json\/wp\/v2\/types\/product"}],"replies":[{"embeddable":true,"href":"https:\/\/europeix.cat\/fr\/wp-json\/wp\/v2\/comments?post=1527"}],"wp:featuredmedia":[{"embeddable":true,"href":"https:\/\/europeix.cat\/fr\/wp-json\/wp\/v2\/media\/2157"}],"wp:attachment":[{"href":"https:\/\/europeix.cat\/fr\/wp-json\/wp\/v2\/media?parent=1527"}],"wp:term":[{"taxonomy":"product_cat","embeddable":true,"href":"https:\/\/europeix.cat\/fr\/wp-json\/wp\/v2\/product_cat?post=1527"},{"taxonomy":"product_tag","embeddable":true,"href":"https:\/\/europeix.cat\/fr\/wp-json\/wp\/v2\/product_tag?post=1527"}],"curies":[{"name":"wp","href":"https:\/\/api.w.org\/{rel}","templated":true}]}}