{"id":1519,"date":"2023-02-17T12:01:18","date_gmt":"2023-02-17T11:01:18","guid":{"rendered":"https:\/\/europeix.cat\/producto\/dentol\/"},"modified":"2023-04-05T12:56:34","modified_gmt":"2023-04-05T10:56:34","slug":"dentex","status":"publish","type":"product","link":"https:\/\/europeix.cat\/fr\/produit\/dentex\/","title":{"rendered":"DENTEX"},"content":{"rendered":"<p>Il s\u2019agit d\u2019un poisson ayant une grosse t\u00eate, de petites \u00e9cailles et de petits yeux, et au profil tr\u00e8s galb\u00e9. Sa coloration varie consid\u00e9rablement selon l\u2019\u00e2ge, mais g\u00e9n\u00e9ralement, il a le dos gris bleu avec les flancs argent\u00e9s, et jonch\u00e9 de petites taches bleues, son ventre est clair et les nageoires sont rouge\u00e2tres.<\/p>\n<p>Il forme de petits bancs, entre 6 et 8 individus, sur des fonds rocheux, \u00e0 environ 200 m\u00e8tres de profondeur. Il se nourrit de poisson gras, de mollusques et de c\u00e9phalopodes.<\/p>\n<p>Sa longueur est g\u00e9n\u00e9ralement d\u2019environ 50 cm, mais il peut atteindre 1 cm de long, et un poids maximum de 14 kg.<\/p>\n<p>Sa reproduction a lieu entre le printemps et l\u2019\u00e9t\u00e9.<\/p>\n<p>Il est captur\u00e9 par diff\u00e9rents moyens : Chalut de fond, tr\u00e9mail et palangre. \u00c0 certaines p\u00e9riodes de l\u2019ann\u00e9e, il est captur\u00e9 en p\u00eache \u00e0 la senne.<\/p>\n","protected":false},"excerpt":{"rendered":"<p>Dentex dentex<\/p>\n","protected":false},"featured_media":2142,"comment_status":"closed","ping_status":"closed","template":"","meta":[],"product_cat":[53],"product_tag":[],"yoast_head":"<!-- This site is optimized with the Yoast SEO plugin v20.9 - https:\/\/yoast.com\/wordpress\/plugins\/seo\/ -->\n<title>DENTEX - EUROPEIX<\/title>\n<meta name=\"robots\" content=\"index, follow, max-snippet:-1, max-image-preview:large, max-video-preview:-1\" \/>\n<link rel=\"canonical\" href=\"https:\/\/europeix.cat\/produit\/dentol\/\" \/>\n<meta name=\"twitter:label1\" content=\"Dur\u00e9e de lecture estim\u00e9e\" \/>\n\t<meta name=\"twitter:data1\" content=\"1 minute\" \/>\n<script type=\"application\/ld+json\" class=\"yoast-schema-graph\">{\"@context\":\"https:\/\/schema.org\",\"@graph\":[{\"@type\":\"WebPage\",\"@id\":\"https:\/\/europeix.cat\/produit\/dentol\/\",\"url\":\"https:\/\/europeix.cat\/produit\/dentol\/\",\"name\":\"DENTEX - EUROPEIX\",\"isPartOf\":{\"@id\":\"https:\/\/europeix.cat\/#website\"},\"datePublished\":\"2023-02-17T11:01:18+00:00\",\"dateModified\":\"2023-04-05T10:56:34+00:00\",\"breadcrumb\":{\"@id\":\"https:\/\/europeix.cat\/produit\/dentol\/#breadcrumb\"},\"inLanguage\":\"fr-FR\",\"potentialAction\":[{\"@type\":\"ReadAction\",\"target\":[\"https:\/\/europeix.cat\/produit\/dentol\/\"]}]},{\"@type\":\"BreadcrumbList\",\"@id\":\"https:\/\/europeix.cat\/produit\/dentol\/#breadcrumb\",\"itemListElement\":[{\"@type\":\"ListItem\",\"position\":1,\"name\":\"Portada\",\"item\":\"https:\/\/europeix.cat\/fr\/accueil\/\"},{\"@type\":\"ListItem\",\"position\":2,\"name\":\"Produits\",\"item\":\"https:\/\/europeix.cat\/fr\/produits\/\"},{\"@type\":\"ListItem\",\"position\":3,\"name\":\"DENTEX\"}]},{\"@type\":\"WebSite\",\"@id\":\"https:\/\/europeix.cat\/#website\",\"url\":\"https:\/\/europeix.cat\/\",\"name\":\"EUROPEIX\",\"description\":\"EUROPEIX\",\"potentialAction\":[{\"@type\":\"SearchAction\",\"target\":{\"@type\":\"EntryPoint\",\"urlTemplate\":\"https:\/\/europeix.cat\/?s={search_term_string}\"},\"query-input\":\"required name=search_term_string\"}],\"inLanguage\":\"fr-FR\"}]}<\/script>\n<!-- \/ Yoast SEO plugin. -->","yoast_head_json":{"title":"DENTEX - EUROPEIX","robots":{"index":"index","follow":"follow","max-snippet":"max-snippet:-1","max-image-preview":"max-image-preview:large","max-video-preview":"max-video-preview:-1"},"canonical":"https:\/\/europeix.cat\/produit\/dentol\/","twitter_misc":{"Dur\u00e9e de lecture estim\u00e9e":"1 minute"},"schema":{"@context":"https:\/\/schema.org","@graph":[{"@type":"WebPage","@id":"https:\/\/europeix.cat\/produit\/dentol\/","url":"https:\/\/europeix.cat\/produit\/dentol\/","name":"DENTEX - EUROPEIX","isPartOf":{"@id":"https:\/\/europeix.cat\/#website"},"datePublished":"2023-02-17T11:01:18+00:00","dateModified":"2023-04-05T10:56:34+00:00","breadcrumb":{"@id":"https:\/\/europeix.cat\/produit\/dentol\/#breadcrumb"},"inLanguage":"fr-FR","potentialAction":[{"@type":"ReadAction","target":["https:\/\/europeix.cat\/produit\/dentol\/"]}]},{"@type":"BreadcrumbList","@id":"https:\/\/europeix.cat\/produit\/dentol\/#breadcrumb","itemListElement":[{"@type":"ListItem","position":1,"name":"Portada","item":"https:\/\/europeix.cat\/fr\/accueil\/"},{"@type":"ListItem","position":2,"name":"Produits","item":"https:\/\/europeix.cat\/fr\/produits\/"},{"@type":"ListItem","position":3,"name":"DENTEX"}]},{"@type":"WebSite","@id":"https:\/\/europeix.cat\/#website","url":"https:\/\/europeix.cat\/","name":"EUROPEIX","description":"EUROPEIX","potentialAction":[{"@type":"SearchAction","target":{"@type":"EntryPoint","urlTemplate":"https:\/\/europeix.cat\/?s={search_term_string}"},"query-input":"required name=search_term_string"}],"inLanguage":"fr-FR"}]}},"_links":{"self":[{"href":"https:\/\/europeix.cat\/fr\/wp-json\/wp\/v2\/product\/1519"}],"collection":[{"href":"https:\/\/europeix.cat\/fr\/wp-json\/wp\/v2\/product"}],"about":[{"href":"https:\/\/europeix.cat\/fr\/wp-json\/wp\/v2\/types\/product"}],"replies":[{"embeddable":true,"href":"https:\/\/europeix.cat\/fr\/wp-json\/wp\/v2\/comments?post=1519"}],"wp:featuredmedia":[{"embeddable":true,"href":"https:\/\/europeix.cat\/fr\/wp-json\/wp\/v2\/media\/2142"}],"wp:attachment":[{"href":"https:\/\/europeix.cat\/fr\/wp-json\/wp\/v2\/media?parent=1519"}],"wp:term":[{"taxonomy":"product_cat","embeddable":true,"href":"https:\/\/europeix.cat\/fr\/wp-json\/wp\/v2\/product_cat?post=1519"},{"taxonomy":"product_tag","embeddable":true,"href":"https:\/\/europeix.cat\/fr\/wp-json\/wp\/v2\/product_tag?post=1519"}],"curies":[{"name":"wp","href":"https:\/\/api.w.org\/{rel}","templated":true}]}}