{"id":1493,"date":"2023-02-17T12:05:06","date_gmt":"2023-02-17T11:05:06","guid":{"rendered":"https:\/\/europeix.cat\/producto\/peix-espasa\/"},"modified":"2023-04-05T13:07:09","modified_gmt":"2023-04-05T11:07:09","slug":"espadon","status":"publish","type":"product","link":"https:\/\/europeix.cat\/fr\/produit\/espadon\/","title":{"rendered":"ESPADON"},"content":{"rendered":"<p>Il s\u2019agit d\u2019un poisson au corps robuste, allong\u00e9 et cylindrique. Museau compl\u00e9tant la face avec une \u00e9p\u00e9e, longue et aplatie. Couleur noir brun sur le dos et les c\u00f4tes, s\u2019\u00e9claircissant progressivement jusqu&rsquo;au ventre.<\/p>\n<p>C\u2019est un poisson solitaire, qui vit en pleine mer et \u00e0 certaines occasions, il peut \u00eatre trouv\u00e9 dans les eaux c\u00f4ti\u00e8res. Il se trouve habituellement entre 0 et 550 m de profondeur. Se nourrit principalement de poissons, m\u00eame si les crustac\u00e9s et les encornets font \u00e9galement partie de son r\u00e9gime alimentaire.<\/p>\n<p>Sa taille maximale est de 6 m, le plus couramment entre 80 et 220 cm.<\/p>\n<p>La p\u00e9riode de sa p\u00eache a lieu d\u2019avril \u00e0 novembre.<\/p>\n<p>Il est captur\u00e9 en p\u00eache \u00e0 la palangre.<\/p>\n<p>Sa chair est tr\u00e8s appr\u00e9ci\u00e9e.<\/p>\n","protected":false},"excerpt":{"rendered":"<p>Xiphias gladius<\/p>\n","protected":false},"featured_media":2083,"comment_status":"closed","ping_status":"closed","template":"","meta":[],"product_cat":[53],"product_tag":[],"yoast_head":"<!-- This site is optimized with the Yoast SEO plugin v20.9 - https:\/\/yoast.com\/wordpress\/plugins\/seo\/ -->\n<title>ESPADON - EUROPEIX<\/title>\n<meta name=\"robots\" content=\"index, follow, max-snippet:-1, max-image-preview:large, max-video-preview:-1\" \/>\n<link rel=\"canonical\" href=\"https:\/\/europeix.cat\/produit\/peix-espasa\/\" \/>\n<meta name=\"twitter:label1\" content=\"Dur\u00e9e de lecture estim\u00e9e\" \/>\n\t<meta name=\"twitter:data1\" content=\"1 minute\" \/>\n<script type=\"application\/ld+json\" class=\"yoast-schema-graph\">{\"@context\":\"https:\/\/schema.org\",\"@graph\":[{\"@type\":\"WebPage\",\"@id\":\"https:\/\/europeix.cat\/produit\/peix-espasa\/\",\"url\":\"https:\/\/europeix.cat\/produit\/peix-espasa\/\",\"name\":\"ESPADON - EUROPEIX\",\"isPartOf\":{\"@id\":\"https:\/\/europeix.cat\/#website\"},\"datePublished\":\"2023-02-17T11:05:06+00:00\",\"dateModified\":\"2023-04-05T11:07:09+00:00\",\"breadcrumb\":{\"@id\":\"https:\/\/europeix.cat\/produit\/peix-espasa\/#breadcrumb\"},\"inLanguage\":\"fr-FR\",\"potentialAction\":[{\"@type\":\"ReadAction\",\"target\":[\"https:\/\/europeix.cat\/produit\/peix-espasa\/\"]}]},{\"@type\":\"BreadcrumbList\",\"@id\":\"https:\/\/europeix.cat\/produit\/peix-espasa\/#breadcrumb\",\"itemListElement\":[{\"@type\":\"ListItem\",\"position\":1,\"name\":\"Portada\",\"item\":\"https:\/\/europeix.cat\/fr\/accueil\/\"},{\"@type\":\"ListItem\",\"position\":2,\"name\":\"Produits\",\"item\":\"https:\/\/europeix.cat\/fr\/produits\/\"},{\"@type\":\"ListItem\",\"position\":3,\"name\":\"ESPADON\"}]},{\"@type\":\"WebSite\",\"@id\":\"https:\/\/europeix.cat\/#website\",\"url\":\"https:\/\/europeix.cat\/\",\"name\":\"EUROPEIX\",\"description\":\"EUROPEIX\",\"potentialAction\":[{\"@type\":\"SearchAction\",\"target\":{\"@type\":\"EntryPoint\",\"urlTemplate\":\"https:\/\/europeix.cat\/?s={search_term_string}\"},\"query-input\":\"required name=search_term_string\"}],\"inLanguage\":\"fr-FR\"}]}<\/script>\n<!-- \/ Yoast SEO plugin. -->","yoast_head_json":{"title":"ESPADON - EUROPEIX","robots":{"index":"index","follow":"follow","max-snippet":"max-snippet:-1","max-image-preview":"max-image-preview:large","max-video-preview":"max-video-preview:-1"},"canonical":"https:\/\/europeix.cat\/produit\/peix-espasa\/","twitter_misc":{"Dur\u00e9e de lecture estim\u00e9e":"1 minute"},"schema":{"@context":"https:\/\/schema.org","@graph":[{"@type":"WebPage","@id":"https:\/\/europeix.cat\/produit\/peix-espasa\/","url":"https:\/\/europeix.cat\/produit\/peix-espasa\/","name":"ESPADON - EUROPEIX","isPartOf":{"@id":"https:\/\/europeix.cat\/#website"},"datePublished":"2023-02-17T11:05:06+00:00","dateModified":"2023-04-05T11:07:09+00:00","breadcrumb":{"@id":"https:\/\/europeix.cat\/produit\/peix-espasa\/#breadcrumb"},"inLanguage":"fr-FR","potentialAction":[{"@type":"ReadAction","target":["https:\/\/europeix.cat\/produit\/peix-espasa\/"]}]},{"@type":"BreadcrumbList","@id":"https:\/\/europeix.cat\/produit\/peix-espasa\/#breadcrumb","itemListElement":[{"@type":"ListItem","position":1,"name":"Portada","item":"https:\/\/europeix.cat\/fr\/accueil\/"},{"@type":"ListItem","position":2,"name":"Produits","item":"https:\/\/europeix.cat\/fr\/produits\/"},{"@type":"ListItem","position":3,"name":"ESPADON"}]},{"@type":"WebSite","@id":"https:\/\/europeix.cat\/#website","url":"https:\/\/europeix.cat\/","name":"EUROPEIX","description":"EUROPEIX","potentialAction":[{"@type":"SearchAction","target":{"@type":"EntryPoint","urlTemplate":"https:\/\/europeix.cat\/?s={search_term_string}"},"query-input":"required name=search_term_string"}],"inLanguage":"fr-FR"}]}},"_links":{"self":[{"href":"https:\/\/europeix.cat\/fr\/wp-json\/wp\/v2\/product\/1493"}],"collection":[{"href":"https:\/\/europeix.cat\/fr\/wp-json\/wp\/v2\/product"}],"about":[{"href":"https:\/\/europeix.cat\/fr\/wp-json\/wp\/v2\/types\/product"}],"replies":[{"embeddable":true,"href":"https:\/\/europeix.cat\/fr\/wp-json\/wp\/v2\/comments?post=1493"}],"wp:featuredmedia":[{"embeddable":true,"href":"https:\/\/europeix.cat\/fr\/wp-json\/wp\/v2\/media\/2083"}],"wp:attachment":[{"href":"https:\/\/europeix.cat\/fr\/wp-json\/wp\/v2\/media?parent=1493"}],"wp:term":[{"taxonomy":"product_cat","embeddable":true,"href":"https:\/\/europeix.cat\/fr\/wp-json\/wp\/v2\/product_cat?post=1493"},{"taxonomy":"product_tag","embeddable":true,"href":"https:\/\/europeix.cat\/fr\/wp-json\/wp\/v2\/product_tag?post=1493"}],"curies":[{"name":"wp","href":"https:\/\/api.w.org\/{rel}","templated":true}]}}