{"id":1478,"date":"2023-02-17T12:05:53","date_gmt":"2023-02-17T11:05:53","guid":{"rendered":"https:\/\/europeix.cat\/producto\/moll-de-roca\/"},"modified":"2023-04-05T13:13:21","modified_gmt":"2023-04-05T11:13:21","slug":"rouget-de-roche","status":"publish","type":"product","link":"https:\/\/europeix.cat\/fr\/produit\/rouget-de-roche\/","title":{"rendered":"ROUGET DE ROCHE"},"content":{"rendered":"<p>Il s\u2019agit d\u2019un poisson pas tr\u00e8s grand, allong\u00e9 et ayant une petite bouche avec deux barbillons qui lui servent d\u2019organe sensoriel du go\u00fbt et du toucher. Sa coloration g\u00e9n\u00e9rale est rouge avec trois bandes longitudinales jaunes.<\/p>\n<p>Il vit isol\u00e9 ou en groupes restreints et dans des endroits rocheux, il se trouve jusqu\u2019\u00e0 environ 400 m de profondeur. Il se nourrit de petits crustac\u00e9s et de mollusques.<\/p>\n<p>Sa longueur oscille entre 10 et 25 cm, mais il peut atteindre jusqu\u2019\u00e0 40 cm de long au maximum.<\/p>\n<p>Sa reproduction a lieu d\u2019avril \u00e0 juillet, et la p\u00eache se fait en automne.<\/p>\n<p>Il est captur\u00e9 par diff\u00e9rents moyens : Chalut de fond et tr\u00e9mail.<\/p>\n<p>Poisson blanc semi-gras, la chair est ferme, d\u00e9licate et tr\u00e8s appr\u00e9ci\u00e9e.<\/p>\n","protected":false},"excerpt":{"rendered":"<p>Mullus surmuletus<\/p>\n","protected":false},"featured_media":906,"comment_status":"closed","ping_status":"closed","template":"","meta":[],"product_cat":[53],"product_tag":[],"yoast_head":"<!-- This site is optimized with the Yoast SEO plugin v20.9 - https:\/\/yoast.com\/wordpress\/plugins\/seo\/ -->\n<title>ROUGET DE ROCHE - EUROPEIX<\/title>\n<meta name=\"robots\" content=\"index, follow, max-snippet:-1, max-image-preview:large, max-video-preview:-1\" \/>\n<link rel=\"canonical\" href=\"https:\/\/europeix.cat\/produit\/moll-de-roca\/\" \/>\n<meta name=\"twitter:label1\" content=\"Dur\u00e9e de lecture estim\u00e9e\" \/>\n\t<meta name=\"twitter:data1\" content=\"1 minute\" \/>\n<script type=\"application\/ld+json\" class=\"yoast-schema-graph\">{\"@context\":\"https:\/\/schema.org\",\"@graph\":[{\"@type\":\"WebPage\",\"@id\":\"https:\/\/europeix.cat\/produit\/moll-de-roca\/\",\"url\":\"https:\/\/europeix.cat\/produit\/moll-de-roca\/\",\"name\":\"ROUGET DE ROCHE - EUROPEIX\",\"isPartOf\":{\"@id\":\"https:\/\/europeix.cat\/#website\"},\"datePublished\":\"2023-02-17T11:05:53+00:00\",\"dateModified\":\"2023-04-05T11:13:21+00:00\",\"breadcrumb\":{\"@id\":\"https:\/\/europeix.cat\/produit\/moll-de-roca\/#breadcrumb\"},\"inLanguage\":\"fr-FR\",\"potentialAction\":[{\"@type\":\"ReadAction\",\"target\":[\"https:\/\/europeix.cat\/produit\/moll-de-roca\/\"]}]},{\"@type\":\"BreadcrumbList\",\"@id\":\"https:\/\/europeix.cat\/produit\/moll-de-roca\/#breadcrumb\",\"itemListElement\":[{\"@type\":\"ListItem\",\"position\":1,\"name\":\"Portada\",\"item\":\"https:\/\/europeix.cat\/fr\/accueil\/\"},{\"@type\":\"ListItem\",\"position\":2,\"name\":\"Produits\",\"item\":\"https:\/\/europeix.cat\/fr\/produits\/\"},{\"@type\":\"ListItem\",\"position\":3,\"name\":\"ROUGET DE ROCHE\"}]},{\"@type\":\"WebSite\",\"@id\":\"https:\/\/europeix.cat\/#website\",\"url\":\"https:\/\/europeix.cat\/\",\"name\":\"EUROPEIX\",\"description\":\"EUROPEIX\",\"potentialAction\":[{\"@type\":\"SearchAction\",\"target\":{\"@type\":\"EntryPoint\",\"urlTemplate\":\"https:\/\/europeix.cat\/?s={search_term_string}\"},\"query-input\":\"required name=search_term_string\"}],\"inLanguage\":\"fr-FR\"}]}<\/script>\n<!-- \/ Yoast SEO plugin. -->","yoast_head_json":{"title":"ROUGET DE ROCHE - EUROPEIX","robots":{"index":"index","follow":"follow","max-snippet":"max-snippet:-1","max-image-preview":"max-image-preview:large","max-video-preview":"max-video-preview:-1"},"canonical":"https:\/\/europeix.cat\/produit\/moll-de-roca\/","twitter_misc":{"Dur\u00e9e de lecture estim\u00e9e":"1 minute"},"schema":{"@context":"https:\/\/schema.org","@graph":[{"@type":"WebPage","@id":"https:\/\/europeix.cat\/produit\/moll-de-roca\/","url":"https:\/\/europeix.cat\/produit\/moll-de-roca\/","name":"ROUGET DE ROCHE - EUROPEIX","isPartOf":{"@id":"https:\/\/europeix.cat\/#website"},"datePublished":"2023-02-17T11:05:53+00:00","dateModified":"2023-04-05T11:13:21+00:00","breadcrumb":{"@id":"https:\/\/europeix.cat\/produit\/moll-de-roca\/#breadcrumb"},"inLanguage":"fr-FR","potentialAction":[{"@type":"ReadAction","target":["https:\/\/europeix.cat\/produit\/moll-de-roca\/"]}]},{"@type":"BreadcrumbList","@id":"https:\/\/europeix.cat\/produit\/moll-de-roca\/#breadcrumb","itemListElement":[{"@type":"ListItem","position":1,"name":"Portada","item":"https:\/\/europeix.cat\/fr\/accueil\/"},{"@type":"ListItem","position":2,"name":"Produits","item":"https:\/\/europeix.cat\/fr\/produits\/"},{"@type":"ListItem","position":3,"name":"ROUGET DE ROCHE"}]},{"@type":"WebSite","@id":"https:\/\/europeix.cat\/#website","url":"https:\/\/europeix.cat\/","name":"EUROPEIX","description":"EUROPEIX","potentialAction":[{"@type":"SearchAction","target":{"@type":"EntryPoint","urlTemplate":"https:\/\/europeix.cat\/?s={search_term_string}"},"query-input":"required name=search_term_string"}],"inLanguage":"fr-FR"}]}},"_links":{"self":[{"href":"https:\/\/europeix.cat\/fr\/wp-json\/wp\/v2\/product\/1478"}],"collection":[{"href":"https:\/\/europeix.cat\/fr\/wp-json\/wp\/v2\/product"}],"about":[{"href":"https:\/\/europeix.cat\/fr\/wp-json\/wp\/v2\/types\/product"}],"replies":[{"embeddable":true,"href":"https:\/\/europeix.cat\/fr\/wp-json\/wp\/v2\/comments?post=1478"}],"wp:featuredmedia":[{"embeddable":true,"href":"https:\/\/europeix.cat\/fr\/wp-json\/wp\/v2\/media\/906"}],"wp:attachment":[{"href":"https:\/\/europeix.cat\/fr\/wp-json\/wp\/v2\/media?parent=1478"}],"wp:term":[{"taxonomy":"product_cat","embeddable":true,"href":"https:\/\/europeix.cat\/fr\/wp-json\/wp\/v2\/product_cat?post=1478"},{"taxonomy":"product_tag","embeddable":true,"href":"https:\/\/europeix.cat\/fr\/wp-json\/wp\/v2\/product_tag?post=1478"}],"curies":[{"name":"wp","href":"https:\/\/api.w.org\/{rel}","templated":true}]}}