{"id":1465,"date":"2023-02-17T12:06:29","date_gmt":"2023-02-17T11:06:29","guid":{"rendered":"https:\/\/europeix.cat\/producto\/orada\/"},"modified":"2023-04-05T17:13:31","modified_gmt":"2023-04-05T15:13:31","slug":"dorade-royale","status":"publish","type":"product","link":"https:\/\/europeix.cat\/fr\/produit\/dorade-royale\/","title":{"rendered":"DORADE ROYALE"},"content":{"rendered":"<p>Il s\u2019agit d\u2019un poisson au corps ovale. Il a de grandes \u00e9cailles, il pr\u00e9sente une bande dor\u00e9e qui va d\u2019un \u0153il \u00e0 l\u2019autre et une tache noire sur la partie sup\u00e9rieure de l\u2019opercule.<\/p>\n<p>Il s\u2019agit de poissons aux habitudes c\u00f4ti\u00e8res, il se trouve \u00e0 des profondeurs variant entre 5 et 30 m, mais les adultes peuvent aller jusqu&rsquo;\u00e0 150 m en p\u00e9riode de reproduction.<\/p>\n<p>Il vit en solitaire, dans des fonds de sable et de roche. Il se nourrit de poissons, de crustac\u00e9s et de mollusques.<\/p>\n<p>Sa longueur oscille entre 25 et 35 cm, mais il peut atteindre les 60 ou 70 cm de long.<\/p>\n<p>Sa reproduction a lieu pendant l\u2019hiver. Sa p\u00eache est tr\u00e8s saisonni\u00e8re, de septembre \u00e0 d\u00e9cembre.<\/p>\n<p>Il est captur\u00e9 par diff\u00e9rents moyens : Chalut de fond, tr\u00e9mail, palangre et \u00e0 certaines p\u00e9riodes de l\u2019ann\u00e9e, il est captur\u00e9 \u00e0 la senne.<\/p>\n<p>Poisson blanc \u00e0 la chair tr\u00e8s savoureuse et appr\u00e9ci\u00e9e qui, en plus d\u2019\u00eatre faible en mati\u00e8res grasses, contient tr\u00e8s peu de calories.<\/p>\n<p><a href=\"https:\/\/europeix.cat\/wp-content\/themes\/enfold-child\/pdf\/dorada-1600761.pdf\">Pdf<\/a><\/p>\n","protected":false},"excerpt":{"rendered":"<p>Sparus aurata<\/p>\n","protected":false},"featured_media":2093,"comment_status":"closed","ping_status":"closed","template":"","meta":[],"product_cat":[53],"product_tag":[],"yoast_head":"<!-- This site is optimized with the Yoast SEO plugin v20.9 - https:\/\/yoast.com\/wordpress\/plugins\/seo\/ -->\n<title>DORADE ROYALE - EUROPEIX<\/title>\n<meta name=\"robots\" content=\"index, follow, max-snippet:-1, max-image-preview:large, max-video-preview:-1\" \/>\n<link rel=\"canonical\" href=\"https:\/\/europeix.cat\/fr\/produit\/dorade-royale\/\" \/>\n<meta name=\"twitter:label1\" content=\"Dur\u00e9e de lecture estim\u00e9e\" \/>\n\t<meta name=\"twitter:data1\" content=\"1 minute\" \/>\n<script type=\"application\/ld+json\" class=\"yoast-schema-graph\">{\"@context\":\"https:\/\/schema.org\",\"@graph\":[{\"@type\":\"WebPage\",\"@id\":\"https:\/\/europeix.cat\/fr\/produit\/dorade-royale\/\",\"url\":\"https:\/\/europeix.cat\/fr\/produit\/dorade-royale\/\",\"name\":\"DORADE ROYALE - EUROPEIX\",\"isPartOf\":{\"@id\":\"https:\/\/europeix.cat\/#website\"},\"datePublished\":\"2023-02-17T11:06:29+00:00\",\"dateModified\":\"2023-04-05T15:13:31+00:00\",\"breadcrumb\":{\"@id\":\"https:\/\/europeix.cat\/fr\/produit\/dorade-royale\/#breadcrumb\"},\"inLanguage\":\"fr-FR\",\"potentialAction\":[{\"@type\":\"ReadAction\",\"target\":[\"https:\/\/europeix.cat\/fr\/produit\/dorade-royale\/\"]}]},{\"@type\":\"BreadcrumbList\",\"@id\":\"https:\/\/europeix.cat\/fr\/produit\/dorade-royale\/#breadcrumb\",\"itemListElement\":[{\"@type\":\"ListItem\",\"position\":1,\"name\":\"Portada\",\"item\":\"https:\/\/europeix.cat\/fr\/accueil\/\"},{\"@type\":\"ListItem\",\"position\":2,\"name\":\"Produits\",\"item\":\"https:\/\/europeix.cat\/fr\/produits\/\"},{\"@type\":\"ListItem\",\"position\":3,\"name\":\"DORADE ROYALE\"}]},{\"@type\":\"WebSite\",\"@id\":\"https:\/\/europeix.cat\/#website\",\"url\":\"https:\/\/europeix.cat\/\",\"name\":\"EUROPEIX\",\"description\":\"EUROPEIX\",\"potentialAction\":[{\"@type\":\"SearchAction\",\"target\":{\"@type\":\"EntryPoint\",\"urlTemplate\":\"https:\/\/europeix.cat\/?s={search_term_string}\"},\"query-input\":\"required name=search_term_string\"}],\"inLanguage\":\"fr-FR\"}]}<\/script>\n<!-- \/ Yoast SEO plugin. -->","yoast_head_json":{"title":"DORADE ROYALE - EUROPEIX","robots":{"index":"index","follow":"follow","max-snippet":"max-snippet:-1","max-image-preview":"max-image-preview:large","max-video-preview":"max-video-preview:-1"},"canonical":"https:\/\/europeix.cat\/fr\/produit\/dorade-royale\/","twitter_misc":{"Dur\u00e9e de lecture estim\u00e9e":"1 minute"},"schema":{"@context":"https:\/\/schema.org","@graph":[{"@type":"WebPage","@id":"https:\/\/europeix.cat\/fr\/produit\/dorade-royale\/","url":"https:\/\/europeix.cat\/fr\/produit\/dorade-royale\/","name":"DORADE ROYALE - EUROPEIX","isPartOf":{"@id":"https:\/\/europeix.cat\/#website"},"datePublished":"2023-02-17T11:06:29+00:00","dateModified":"2023-04-05T15:13:31+00:00","breadcrumb":{"@id":"https:\/\/europeix.cat\/fr\/produit\/dorade-royale\/#breadcrumb"},"inLanguage":"fr-FR","potentialAction":[{"@type":"ReadAction","target":["https:\/\/europeix.cat\/fr\/produit\/dorade-royale\/"]}]},{"@type":"BreadcrumbList","@id":"https:\/\/europeix.cat\/fr\/produit\/dorade-royale\/#breadcrumb","itemListElement":[{"@type":"ListItem","position":1,"name":"Portada","item":"https:\/\/europeix.cat\/fr\/accueil\/"},{"@type":"ListItem","position":2,"name":"Produits","item":"https:\/\/europeix.cat\/fr\/produits\/"},{"@type":"ListItem","position":3,"name":"DORADE ROYALE"}]},{"@type":"WebSite","@id":"https:\/\/europeix.cat\/#website","url":"https:\/\/europeix.cat\/","name":"EUROPEIX","description":"EUROPEIX","potentialAction":[{"@type":"SearchAction","target":{"@type":"EntryPoint","urlTemplate":"https:\/\/europeix.cat\/?s={search_term_string}"},"query-input":"required name=search_term_string"}],"inLanguage":"fr-FR"}]}},"_links":{"self":[{"href":"https:\/\/europeix.cat\/fr\/wp-json\/wp\/v2\/product\/1465"}],"collection":[{"href":"https:\/\/europeix.cat\/fr\/wp-json\/wp\/v2\/product"}],"about":[{"href":"https:\/\/europeix.cat\/fr\/wp-json\/wp\/v2\/types\/product"}],"replies":[{"embeddable":true,"href":"https:\/\/europeix.cat\/fr\/wp-json\/wp\/v2\/comments?post=1465"}],"wp:featuredmedia":[{"embeddable":true,"href":"https:\/\/europeix.cat\/fr\/wp-json\/wp\/v2\/media\/2093"}],"wp:attachment":[{"href":"https:\/\/europeix.cat\/fr\/wp-json\/wp\/v2\/media?parent=1465"}],"wp:term":[{"taxonomy":"product_cat","embeddable":true,"href":"https:\/\/europeix.cat\/fr\/wp-json\/wp\/v2\/product_cat?post=1465"},{"taxonomy":"product_tag","embeddable":true,"href":"https:\/\/europeix.cat\/fr\/wp-json\/wp\/v2\/product_tag?post=1465"}],"curies":[{"name":"wp","href":"https:\/\/api.w.org\/{rel}","templated":true}]}}