{"id":1419,"date":"2023-02-17T12:07:42","date_gmt":"2023-02-17T11:07:42","guid":{"rendered":"https:\/\/europeix.cat\/producto\/palometa\/"},"modified":"2023-04-05T13:20:48","modified_gmt":"2023-04-05T11:20:48","slug":"lichie-amie","status":"publish","type":"product","link":"https:\/\/europeix.cat\/fr\/produit\/lichie-amie\/","title":{"rendered":"LICHIE AMIE"},"content":{"rendered":"<p>Poisson \u00e0 grande bouche, avec le corps haut et tr\u00e8s comprim\u00e9 lat\u00e9ralement. Son dos est de couleur gris vert blanch\u00e2tre avec de reflets argent\u00e9s, et les flancs et le ventre sont plus clairs.<\/p>\n<p>C\u2019est une esp\u00e8ce p\u00e9lagique, il vit en pleine mer, bien qu\u2019il puisse s\u2019approcher de la c\u00f4te dans certaines circonstances.<\/p>\n<p>C\u2019est un poisson carnivore et tr\u00e8s vorace, qui se nourrit de toutes sortes de poissons, chassant avec une grande rapidit\u00e9 et dext\u00e9rit\u00e9.<\/p>\n<p>Ils se reproduisent au printemps, \u00e0 proximit\u00e9 des c\u00f4tes.<\/p>\n<p>Il peut atteindre 200 cm de longueur totale et un poids de 50 kg.<\/p>\n<p>Sa chair est tr\u00e8s appr\u00e9ci\u00e9e, bien que cela ne soit pas une esp\u00e8ce tr\u00e8s abondante.<\/p>\n<p>Il est captur\u00e9 par diff\u00e9rents moyens : Tr\u00e9mail, senne et palangre.<\/p>\n","protected":false},"excerpt":{"rendered":"<p>Lichia amia<\/p>\n","protected":false},"featured_media":2103,"comment_status":"closed","ping_status":"closed","template":"","meta":[],"product_cat":[53],"product_tag":[],"yoast_head":"<!-- This site is optimized with the Yoast SEO plugin v20.9 - https:\/\/yoast.com\/wordpress\/plugins\/seo\/ -->\n<title>LICHIE AMIE - EUROPEIX<\/title>\n<meta name=\"robots\" content=\"index, follow, max-snippet:-1, max-image-preview:large, max-video-preview:-1\" \/>\n<link rel=\"canonical\" href=\"https:\/\/europeix.cat\/produit\/palometa\/\" \/>\n<meta name=\"twitter:label1\" content=\"Dur\u00e9e de lecture estim\u00e9e\" \/>\n\t<meta name=\"twitter:data1\" content=\"1 minute\" \/>\n<script type=\"application\/ld+json\" class=\"yoast-schema-graph\">{\"@context\":\"https:\/\/schema.org\",\"@graph\":[{\"@type\":\"WebPage\",\"@id\":\"https:\/\/europeix.cat\/produit\/palometa\/\",\"url\":\"https:\/\/europeix.cat\/produit\/palometa\/\",\"name\":\"LICHIE AMIE - EUROPEIX\",\"isPartOf\":{\"@id\":\"https:\/\/europeix.cat\/#website\"},\"datePublished\":\"2023-02-17T11:07:42+00:00\",\"dateModified\":\"2023-04-05T11:20:48+00:00\",\"breadcrumb\":{\"@id\":\"https:\/\/europeix.cat\/produit\/palometa\/#breadcrumb\"},\"inLanguage\":\"fr-FR\",\"potentialAction\":[{\"@type\":\"ReadAction\",\"target\":[\"https:\/\/europeix.cat\/produit\/palometa\/\"]}]},{\"@type\":\"BreadcrumbList\",\"@id\":\"https:\/\/europeix.cat\/produit\/palometa\/#breadcrumb\",\"itemListElement\":[{\"@type\":\"ListItem\",\"position\":1,\"name\":\"Portada\",\"item\":\"https:\/\/europeix.cat\/fr\/accueil\/\"},{\"@type\":\"ListItem\",\"position\":2,\"name\":\"Produits\",\"item\":\"https:\/\/europeix.cat\/fr\/produits\/\"},{\"@type\":\"ListItem\",\"position\":3,\"name\":\"LICHIE AMIE\"}]},{\"@type\":\"WebSite\",\"@id\":\"https:\/\/europeix.cat\/#website\",\"url\":\"https:\/\/europeix.cat\/\",\"name\":\"EUROPEIX\",\"description\":\"EUROPEIX\",\"potentialAction\":[{\"@type\":\"SearchAction\",\"target\":{\"@type\":\"EntryPoint\",\"urlTemplate\":\"https:\/\/europeix.cat\/?s={search_term_string}\"},\"query-input\":\"required name=search_term_string\"}],\"inLanguage\":\"fr-FR\"}]}<\/script>\n<!-- \/ Yoast SEO plugin. -->","yoast_head_json":{"title":"LICHIE AMIE - EUROPEIX","robots":{"index":"index","follow":"follow","max-snippet":"max-snippet:-1","max-image-preview":"max-image-preview:large","max-video-preview":"max-video-preview:-1"},"canonical":"https:\/\/europeix.cat\/produit\/palometa\/","twitter_misc":{"Dur\u00e9e de lecture estim\u00e9e":"1 minute"},"schema":{"@context":"https:\/\/schema.org","@graph":[{"@type":"WebPage","@id":"https:\/\/europeix.cat\/produit\/palometa\/","url":"https:\/\/europeix.cat\/produit\/palometa\/","name":"LICHIE AMIE - EUROPEIX","isPartOf":{"@id":"https:\/\/europeix.cat\/#website"},"datePublished":"2023-02-17T11:07:42+00:00","dateModified":"2023-04-05T11:20:48+00:00","breadcrumb":{"@id":"https:\/\/europeix.cat\/produit\/palometa\/#breadcrumb"},"inLanguage":"fr-FR","potentialAction":[{"@type":"ReadAction","target":["https:\/\/europeix.cat\/produit\/palometa\/"]}]},{"@type":"BreadcrumbList","@id":"https:\/\/europeix.cat\/produit\/palometa\/#breadcrumb","itemListElement":[{"@type":"ListItem","position":1,"name":"Portada","item":"https:\/\/europeix.cat\/fr\/accueil\/"},{"@type":"ListItem","position":2,"name":"Produits","item":"https:\/\/europeix.cat\/fr\/produits\/"},{"@type":"ListItem","position":3,"name":"LICHIE AMIE"}]},{"@type":"WebSite","@id":"https:\/\/europeix.cat\/#website","url":"https:\/\/europeix.cat\/","name":"EUROPEIX","description":"EUROPEIX","potentialAction":[{"@type":"SearchAction","target":{"@type":"EntryPoint","urlTemplate":"https:\/\/europeix.cat\/?s={search_term_string}"},"query-input":"required name=search_term_string"}],"inLanguage":"fr-FR"}]}},"_links":{"self":[{"href":"https:\/\/europeix.cat\/fr\/wp-json\/wp\/v2\/product\/1419"}],"collection":[{"href":"https:\/\/europeix.cat\/fr\/wp-json\/wp\/v2\/product"}],"about":[{"href":"https:\/\/europeix.cat\/fr\/wp-json\/wp\/v2\/types\/product"}],"replies":[{"embeddable":true,"href":"https:\/\/europeix.cat\/fr\/wp-json\/wp\/v2\/comments?post=1419"}],"wp:featuredmedia":[{"embeddable":true,"href":"https:\/\/europeix.cat\/fr\/wp-json\/wp\/v2\/media\/2103"}],"wp:attachment":[{"href":"https:\/\/europeix.cat\/fr\/wp-json\/wp\/v2\/media?parent=1419"}],"wp:term":[{"taxonomy":"product_cat","embeddable":true,"href":"https:\/\/europeix.cat\/fr\/wp-json\/wp\/v2\/product_cat?post=1419"},{"taxonomy":"product_tag","embeddable":true,"href":"https:\/\/europeix.cat\/fr\/wp-json\/wp\/v2\/product_tag?post=1419"}],"curies":[{"name":"wp","href":"https:\/\/api.w.org\/{rel}","templated":true}]}}