{"id":1415,"date":"2023-02-17T12:08:22","date_gmt":"2023-02-17T11:08:22","guid":{"rendered":"https:\/\/europeix.cat\/producto\/sarg\/"},"modified":"2023-04-05T13:22:45","modified_gmt":"2023-04-05T11:22:45","slug":"sar-commun","status":"publish","type":"product","link":"https:\/\/europeix.cat\/fr\/produit\/sar-commun\/","title":{"rendered":"SAR COMMUN"},"content":{"rendered":"<p>Poisson au corps ovale et comprim\u00e9, la bouche n\u2019est pas tr\u00e8s grande et a des petites l\u00e8vres. De couleur gris argent\u00e9, avec une nuance plus sombre ton plus fonc\u00e9 sur le museau et entre les yeux. Il se caract\u00e9rise par un point noir sur la t\u00eate qui s\u2019\u00e9tend du nez jusqu\u2019\u00e0 l\u2019arri\u00e8re de l\u2019\u0153il.<\/p>\n<p>Il se trouve g\u00e9n\u00e9ralement \u00e0 des profondeurs rocheuses allant entre 2 et 20 m. Il se nourrit d\u2019algues, de mollusques et de poissons.<\/p>\n<p>Il mesure entre 15 et 30 cm, avec une longueur maximum de 45 cm.<\/p>\n<p>Sa reproduction a lieu d\u2019avril \u00e0 juin. Il est p\u00each\u00e9 durant toute l\u2019ann\u00e9e.<\/p>\n<p>Il est captur\u00e9 par diff\u00e9rents moyens : Chalut de fond, tr\u00e9mail, senne et palangre.<\/p>\n<p>Poisson blanc, sa chair est tr\u00e8s savoureuse et tr\u00e8s digeste. Il pr\u00e9sente une faible teneur en mati\u00e8res grasses et est \u00e9galement riche en min\u00e9raux.<\/p>\n","protected":false},"excerpt":{"rendered":"<p>Diplodus sargus<\/p>\n","protected":false},"featured_media":2108,"comment_status":"closed","ping_status":"closed","template":"","meta":[],"product_cat":[53],"product_tag":[],"yoast_head":"<!-- This site is optimized with the Yoast SEO plugin v20.9 - https:\/\/yoast.com\/wordpress\/plugins\/seo\/ -->\n<title>SAR COMMUN - EUROPEIX<\/title>\n<meta name=\"robots\" content=\"index, follow, max-snippet:-1, max-image-preview:large, max-video-preview:-1\" \/>\n<link rel=\"canonical\" href=\"https:\/\/europeix.cat\/produit\/sarg\/\" \/>\n<meta name=\"twitter:label1\" content=\"Dur\u00e9e de lecture estim\u00e9e\" \/>\n\t<meta name=\"twitter:data1\" content=\"1 minute\" \/>\n<script type=\"application\/ld+json\" class=\"yoast-schema-graph\">{\"@context\":\"https:\/\/schema.org\",\"@graph\":[{\"@type\":\"WebPage\",\"@id\":\"https:\/\/europeix.cat\/produit\/sarg\/\",\"url\":\"https:\/\/europeix.cat\/produit\/sarg\/\",\"name\":\"SAR COMMUN - EUROPEIX\",\"isPartOf\":{\"@id\":\"https:\/\/europeix.cat\/#website\"},\"datePublished\":\"2023-02-17T11:08:22+00:00\",\"dateModified\":\"2023-04-05T11:22:45+00:00\",\"breadcrumb\":{\"@id\":\"https:\/\/europeix.cat\/produit\/sarg\/#breadcrumb\"},\"inLanguage\":\"fr-FR\",\"potentialAction\":[{\"@type\":\"ReadAction\",\"target\":[\"https:\/\/europeix.cat\/produit\/sarg\/\"]}]},{\"@type\":\"BreadcrumbList\",\"@id\":\"https:\/\/europeix.cat\/produit\/sarg\/#breadcrumb\",\"itemListElement\":[{\"@type\":\"ListItem\",\"position\":1,\"name\":\"Portada\",\"item\":\"https:\/\/europeix.cat\/fr\/accueil\/\"},{\"@type\":\"ListItem\",\"position\":2,\"name\":\"Produits\",\"item\":\"https:\/\/europeix.cat\/fr\/produits\/\"},{\"@type\":\"ListItem\",\"position\":3,\"name\":\"SAR COMMUN\"}]},{\"@type\":\"WebSite\",\"@id\":\"https:\/\/europeix.cat\/#website\",\"url\":\"https:\/\/europeix.cat\/\",\"name\":\"EUROPEIX\",\"description\":\"EUROPEIX\",\"potentialAction\":[{\"@type\":\"SearchAction\",\"target\":{\"@type\":\"EntryPoint\",\"urlTemplate\":\"https:\/\/europeix.cat\/?s={search_term_string}\"},\"query-input\":\"required name=search_term_string\"}],\"inLanguage\":\"fr-FR\"}]}<\/script>\n<!-- \/ Yoast SEO plugin. -->","yoast_head_json":{"title":"SAR COMMUN - EUROPEIX","robots":{"index":"index","follow":"follow","max-snippet":"max-snippet:-1","max-image-preview":"max-image-preview:large","max-video-preview":"max-video-preview:-1"},"canonical":"https:\/\/europeix.cat\/produit\/sarg\/","twitter_misc":{"Dur\u00e9e de lecture estim\u00e9e":"1 minute"},"schema":{"@context":"https:\/\/schema.org","@graph":[{"@type":"WebPage","@id":"https:\/\/europeix.cat\/produit\/sarg\/","url":"https:\/\/europeix.cat\/produit\/sarg\/","name":"SAR COMMUN - EUROPEIX","isPartOf":{"@id":"https:\/\/europeix.cat\/#website"},"datePublished":"2023-02-17T11:08:22+00:00","dateModified":"2023-04-05T11:22:45+00:00","breadcrumb":{"@id":"https:\/\/europeix.cat\/produit\/sarg\/#breadcrumb"},"inLanguage":"fr-FR","potentialAction":[{"@type":"ReadAction","target":["https:\/\/europeix.cat\/produit\/sarg\/"]}]},{"@type":"BreadcrumbList","@id":"https:\/\/europeix.cat\/produit\/sarg\/#breadcrumb","itemListElement":[{"@type":"ListItem","position":1,"name":"Portada","item":"https:\/\/europeix.cat\/fr\/accueil\/"},{"@type":"ListItem","position":2,"name":"Produits","item":"https:\/\/europeix.cat\/fr\/produits\/"},{"@type":"ListItem","position":3,"name":"SAR COMMUN"}]},{"@type":"WebSite","@id":"https:\/\/europeix.cat\/#website","url":"https:\/\/europeix.cat\/","name":"EUROPEIX","description":"EUROPEIX","potentialAction":[{"@type":"SearchAction","target":{"@type":"EntryPoint","urlTemplate":"https:\/\/europeix.cat\/?s={search_term_string}"},"query-input":"required name=search_term_string"}],"inLanguage":"fr-FR"}]}},"_links":{"self":[{"href":"https:\/\/europeix.cat\/fr\/wp-json\/wp\/v2\/product\/1415"}],"collection":[{"href":"https:\/\/europeix.cat\/fr\/wp-json\/wp\/v2\/product"}],"about":[{"href":"https:\/\/europeix.cat\/fr\/wp-json\/wp\/v2\/types\/product"}],"replies":[{"embeddable":true,"href":"https:\/\/europeix.cat\/fr\/wp-json\/wp\/v2\/comments?post=1415"}],"wp:featuredmedia":[{"embeddable":true,"href":"https:\/\/europeix.cat\/fr\/wp-json\/wp\/v2\/media\/2108"}],"wp:attachment":[{"href":"https:\/\/europeix.cat\/fr\/wp-json\/wp\/v2\/media?parent=1415"}],"wp:term":[{"taxonomy":"product_cat","embeddable":true,"href":"https:\/\/europeix.cat\/fr\/wp-json\/wp\/v2\/product_cat?post=1415"},{"taxonomy":"product_tag","embeddable":true,"href":"https:\/\/europeix.cat\/fr\/wp-json\/wp\/v2\/product_tag?post=1415"}],"curies":[{"name":"wp","href":"https:\/\/api.w.org\/{rel}","templated":true}]}}