{"id":1411,"date":"2023-02-17T12:09:01","date_gmt":"2023-02-17T11:09:01","guid":{"rendered":"https:\/\/europeix.cat\/producto\/serviola\/"},"modified":"2023-04-05T13:25:29","modified_gmt":"2023-04-05T11:25:29","slug":"seriole-couronne","status":"publish","type":"product","link":"https:\/\/europeix.cat\/fr\/produit\/seriole-couronne\/","title":{"rendered":"SERIOLE COURONNE"},"content":{"rendered":"<p>Il s\u2019agit d\u2019un poisson au corps ovale et comprim\u00e9, avec une grosse t\u00eate et des m\u00e2choires puissantes. Sa couleur gris bleu sur le dos s\u2019\u00e9claircit sur les flancs pour finir blanch\u00e2tre sur le ventre, il pr\u00e9sente dans son ensemble des nuances m\u00e9talliques et, de la bouche \u00e0 la queue, une bande dor\u00e9e peu marqu\u00e9e.<\/p>\n<p>C\u2019est une esp\u00e8ce p\u00e9lagique ; il vit normalement en pleine mer, mais parfois, surtout quand il cherche de la nourriture, il s\u2019approche de la c\u00f4te. Il vit entre 20 et 70 m de profondeur. Il se nourrit de poissons et d\u2019invert\u00e9br\u00e9s.<\/p>\n<p>Il s\u2019agit d\u2019un poisson qui mesure habituellement entre 30 et 50 cm de long, mais qui peut atteindre les 190 cm.<\/p>\n<p>Sa reproduction a lieu de fin mai \u00e0 fin juin.<\/p>\n<p>Il est captur\u00e9 par diff\u00e9rents moyens : Chalut de fond, tr\u00e9mail, senne et palangre.<\/p>\n","protected":false},"excerpt":{"rendered":"<p>Seriola dumerili<\/p>\n","protected":false},"featured_media":2113,"comment_status":"closed","ping_status":"closed","template":"","meta":[],"product_cat":[53],"product_tag":[],"yoast_head":"<!-- This site is optimized with the Yoast SEO plugin v20.9 - https:\/\/yoast.com\/wordpress\/plugins\/seo\/ -->\n<title>SERIOLE COURONNE - EUROPEIX<\/title>\n<meta name=\"robots\" content=\"index, follow, max-snippet:-1, max-image-preview:large, max-video-preview:-1\" \/>\n<link rel=\"canonical\" href=\"https:\/\/europeix.cat\/produit\/serviola\/\" \/>\n<meta name=\"twitter:label1\" content=\"Dur\u00e9e de lecture estim\u00e9e\" \/>\n\t<meta name=\"twitter:data1\" content=\"1 minute\" \/>\n<script type=\"application\/ld+json\" class=\"yoast-schema-graph\">{\"@context\":\"https:\/\/schema.org\",\"@graph\":[{\"@type\":\"WebPage\",\"@id\":\"https:\/\/europeix.cat\/produit\/serviola\/\",\"url\":\"https:\/\/europeix.cat\/produit\/serviola\/\",\"name\":\"SERIOLE COURONNE - EUROPEIX\",\"isPartOf\":{\"@id\":\"https:\/\/europeix.cat\/#website\"},\"datePublished\":\"2023-02-17T11:09:01+00:00\",\"dateModified\":\"2023-04-05T11:25:29+00:00\",\"breadcrumb\":{\"@id\":\"https:\/\/europeix.cat\/produit\/serviola\/#breadcrumb\"},\"inLanguage\":\"fr-FR\",\"potentialAction\":[{\"@type\":\"ReadAction\",\"target\":[\"https:\/\/europeix.cat\/produit\/serviola\/\"]}]},{\"@type\":\"BreadcrumbList\",\"@id\":\"https:\/\/europeix.cat\/produit\/serviola\/#breadcrumb\",\"itemListElement\":[{\"@type\":\"ListItem\",\"position\":1,\"name\":\"Portada\",\"item\":\"https:\/\/europeix.cat\/fr\/accueil\/\"},{\"@type\":\"ListItem\",\"position\":2,\"name\":\"Produits\",\"item\":\"https:\/\/europeix.cat\/fr\/produits\/\"},{\"@type\":\"ListItem\",\"position\":3,\"name\":\"SERIOLE COURONNE\"}]},{\"@type\":\"WebSite\",\"@id\":\"https:\/\/europeix.cat\/#website\",\"url\":\"https:\/\/europeix.cat\/\",\"name\":\"EUROPEIX\",\"description\":\"EUROPEIX\",\"potentialAction\":[{\"@type\":\"SearchAction\",\"target\":{\"@type\":\"EntryPoint\",\"urlTemplate\":\"https:\/\/europeix.cat\/?s={search_term_string}\"},\"query-input\":\"required name=search_term_string\"}],\"inLanguage\":\"fr-FR\"}]}<\/script>\n<!-- \/ Yoast SEO plugin. -->","yoast_head_json":{"title":"SERIOLE COURONNE - EUROPEIX","robots":{"index":"index","follow":"follow","max-snippet":"max-snippet:-1","max-image-preview":"max-image-preview:large","max-video-preview":"max-video-preview:-1"},"canonical":"https:\/\/europeix.cat\/produit\/serviola\/","twitter_misc":{"Dur\u00e9e de lecture estim\u00e9e":"1 minute"},"schema":{"@context":"https:\/\/schema.org","@graph":[{"@type":"WebPage","@id":"https:\/\/europeix.cat\/produit\/serviola\/","url":"https:\/\/europeix.cat\/produit\/serviola\/","name":"SERIOLE COURONNE - EUROPEIX","isPartOf":{"@id":"https:\/\/europeix.cat\/#website"},"datePublished":"2023-02-17T11:09:01+00:00","dateModified":"2023-04-05T11:25:29+00:00","breadcrumb":{"@id":"https:\/\/europeix.cat\/produit\/serviola\/#breadcrumb"},"inLanguage":"fr-FR","potentialAction":[{"@type":"ReadAction","target":["https:\/\/europeix.cat\/produit\/serviola\/"]}]},{"@type":"BreadcrumbList","@id":"https:\/\/europeix.cat\/produit\/serviola\/#breadcrumb","itemListElement":[{"@type":"ListItem","position":1,"name":"Portada","item":"https:\/\/europeix.cat\/fr\/accueil\/"},{"@type":"ListItem","position":2,"name":"Produits","item":"https:\/\/europeix.cat\/fr\/produits\/"},{"@type":"ListItem","position":3,"name":"SERIOLE COURONNE"}]},{"@type":"WebSite","@id":"https:\/\/europeix.cat\/#website","url":"https:\/\/europeix.cat\/","name":"EUROPEIX","description":"EUROPEIX","potentialAction":[{"@type":"SearchAction","target":{"@type":"EntryPoint","urlTemplate":"https:\/\/europeix.cat\/?s={search_term_string}"},"query-input":"required name=search_term_string"}],"inLanguage":"fr-FR"}]}},"_links":{"self":[{"href":"https:\/\/europeix.cat\/fr\/wp-json\/wp\/v2\/product\/1411"}],"collection":[{"href":"https:\/\/europeix.cat\/fr\/wp-json\/wp\/v2\/product"}],"about":[{"href":"https:\/\/europeix.cat\/fr\/wp-json\/wp\/v2\/types\/product"}],"replies":[{"embeddable":true,"href":"https:\/\/europeix.cat\/fr\/wp-json\/wp\/v2\/comments?post=1411"}],"wp:featuredmedia":[{"embeddable":true,"href":"https:\/\/europeix.cat\/fr\/wp-json\/wp\/v2\/media\/2113"}],"wp:attachment":[{"href":"https:\/\/europeix.cat\/fr\/wp-json\/wp\/v2\/media?parent=1411"}],"wp:term":[{"taxonomy":"product_cat","embeddable":true,"href":"https:\/\/europeix.cat\/fr\/wp-json\/wp\/v2\/product_cat?post=1411"},{"taxonomy":"product_tag","embeddable":true,"href":"https:\/\/europeix.cat\/fr\/wp-json\/wp\/v2\/product_tag?post=1411"}],"curies":[{"name":"wp","href":"https:\/\/api.w.org\/{rel}","templated":true}]}}