{"id":1407,"date":"2023-02-17T12:09:56","date_gmt":"2023-02-17T11:09:56","guid":{"rendered":"https:\/\/europeix.cat\/producto\/trotllo-ovalat\/"},"modified":"2023-04-05T16:48:22","modified_gmt":"2023-04-05T14:48:22","slug":"trotllo-ovalat","status":"publish","type":"product","link":"https:\/\/europeix.cat\/fr\/produit\/trotllo-ovalat\/","title":{"rendered":"TROTLLO OVALAT"},"content":{"rendered":"<p>C&rsquo;est un poisson au corps oblong chez les adultes, plus arrondi chez les jeunes, couvert de petites \u00e9cailles caduques cyclo\u00efdes qui manquent dans la partie sup\u00e9rieure de la t\u00eate, o\u00f9 abondent de tr\u00e8s petits pores muqueux. La m\u00e2choire l\u00e9g\u00e8rement pro\u00e9minente et les yeux ronds.<\/p>\n<p>La t\u00eate et le dos des adultes sont bruns \u00e0 verd\u00e2tres ou bleut\u00e9s et les flancs sont gris argent\u00e9.<\/p>\n<p>Sa longueur standard habituelle est de 50 \u00e0 60 cm.<\/p>\n<p>Sa reproduction a lieu de juin \u00e0 novembre.<\/p>\n<p>Il est captur\u00e9 \u00e0 la palangre.<\/p>\n","protected":false},"excerpt":{"rendered":"<p>Shedophilus ovalis<\/p>\n","protected":false},"featured_media":930,"comment_status":"closed","ping_status":"closed","template":"","meta":[],"product_cat":[53],"product_tag":[],"yoast_head":"<!-- This site is optimized with the Yoast SEO plugin v20.9 - https:\/\/yoast.com\/wordpress\/plugins\/seo\/ -->\n<title>TROTLLO OVALAT - EUROPEIX<\/title>\n<meta name=\"robots\" content=\"index, follow, max-snippet:-1, max-image-preview:large, max-video-preview:-1\" \/>\n<link rel=\"canonical\" href=\"https:\/\/europeix.cat\/fr\/produit\/trotllo-ovalat\/\" \/>\n<script type=\"application\/ld+json\" class=\"yoast-schema-graph\">{\"@context\":\"https:\/\/schema.org\",\"@graph\":[{\"@type\":\"WebPage\",\"@id\":\"https:\/\/europeix.cat\/fr\/produit\/trotllo-ovalat\/\",\"url\":\"https:\/\/europeix.cat\/fr\/produit\/trotllo-ovalat\/\",\"name\":\"TROTLLO OVALAT - EUROPEIX\",\"isPartOf\":{\"@id\":\"https:\/\/europeix.cat\/#website\"},\"datePublished\":\"2023-02-17T11:09:56+00:00\",\"dateModified\":\"2023-04-05T14:48:22+00:00\",\"breadcrumb\":{\"@id\":\"https:\/\/europeix.cat\/fr\/produit\/trotllo-ovalat\/#breadcrumb\"},\"inLanguage\":\"fr-FR\",\"potentialAction\":[{\"@type\":\"ReadAction\",\"target\":[\"https:\/\/europeix.cat\/fr\/produit\/trotllo-ovalat\/\"]}]},{\"@type\":\"BreadcrumbList\",\"@id\":\"https:\/\/europeix.cat\/fr\/produit\/trotllo-ovalat\/#breadcrumb\",\"itemListElement\":[{\"@type\":\"ListItem\",\"position\":1,\"name\":\"Portada\",\"item\":\"https:\/\/europeix.cat\/fr\/accueil\/\"},{\"@type\":\"ListItem\",\"position\":2,\"name\":\"Produits\",\"item\":\"https:\/\/europeix.cat\/fr\/produits\/\"},{\"@type\":\"ListItem\",\"position\":3,\"name\":\"TROTLLO OVALAT\"}]},{\"@type\":\"WebSite\",\"@id\":\"https:\/\/europeix.cat\/#website\",\"url\":\"https:\/\/europeix.cat\/\",\"name\":\"EUROPEIX\",\"description\":\"EUROPEIX\",\"potentialAction\":[{\"@type\":\"SearchAction\",\"target\":{\"@type\":\"EntryPoint\",\"urlTemplate\":\"https:\/\/europeix.cat\/?s={search_term_string}\"},\"query-input\":\"required name=search_term_string\"}],\"inLanguage\":\"fr-FR\"}]}<\/script>\n<!-- \/ Yoast SEO plugin. -->","yoast_head_json":{"title":"TROTLLO OVALAT - EUROPEIX","robots":{"index":"index","follow":"follow","max-snippet":"max-snippet:-1","max-image-preview":"max-image-preview:large","max-video-preview":"max-video-preview:-1"},"canonical":"https:\/\/europeix.cat\/fr\/produit\/trotllo-ovalat\/","schema":{"@context":"https:\/\/schema.org","@graph":[{"@type":"WebPage","@id":"https:\/\/europeix.cat\/fr\/produit\/trotllo-ovalat\/","url":"https:\/\/europeix.cat\/fr\/produit\/trotllo-ovalat\/","name":"TROTLLO OVALAT - EUROPEIX","isPartOf":{"@id":"https:\/\/europeix.cat\/#website"},"datePublished":"2023-02-17T11:09:56+00:00","dateModified":"2023-04-05T14:48:22+00:00","breadcrumb":{"@id":"https:\/\/europeix.cat\/fr\/produit\/trotllo-ovalat\/#breadcrumb"},"inLanguage":"fr-FR","potentialAction":[{"@type":"ReadAction","target":["https:\/\/europeix.cat\/fr\/produit\/trotllo-ovalat\/"]}]},{"@type":"BreadcrumbList","@id":"https:\/\/europeix.cat\/fr\/produit\/trotllo-ovalat\/#breadcrumb","itemListElement":[{"@type":"ListItem","position":1,"name":"Portada","item":"https:\/\/europeix.cat\/fr\/accueil\/"},{"@type":"ListItem","position":2,"name":"Produits","item":"https:\/\/europeix.cat\/fr\/produits\/"},{"@type":"ListItem","position":3,"name":"TROTLLO OVALAT"}]},{"@type":"WebSite","@id":"https:\/\/europeix.cat\/#website","url":"https:\/\/europeix.cat\/","name":"EUROPEIX","description":"EUROPEIX","potentialAction":[{"@type":"SearchAction","target":{"@type":"EntryPoint","urlTemplate":"https:\/\/europeix.cat\/?s={search_term_string}"},"query-input":"required name=search_term_string"}],"inLanguage":"fr-FR"}]}},"_links":{"self":[{"href":"https:\/\/europeix.cat\/fr\/wp-json\/wp\/v2\/product\/1407"}],"collection":[{"href":"https:\/\/europeix.cat\/fr\/wp-json\/wp\/v2\/product"}],"about":[{"href":"https:\/\/europeix.cat\/fr\/wp-json\/wp\/v2\/types\/product"}],"replies":[{"embeddable":true,"href":"https:\/\/europeix.cat\/fr\/wp-json\/wp\/v2\/comments?post=1407"}],"wp:featuredmedia":[{"embeddable":true,"href":"https:\/\/europeix.cat\/fr\/wp-json\/wp\/v2\/media\/930"}],"wp:attachment":[{"href":"https:\/\/europeix.cat\/fr\/wp-json\/wp\/v2\/media?parent=1407"}],"wp:term":[{"taxonomy":"product_cat","embeddable":true,"href":"https:\/\/europeix.cat\/fr\/wp-json\/wp\/v2\/product_cat?post=1407"},{"taxonomy":"product_tag","embeddable":true,"href":"https:\/\/europeix.cat\/fr\/wp-json\/wp\/v2\/product_tag?post=1407"}],"curies":[{"name":"wp","href":"https:\/\/api.w.org\/{rel}","templated":true}]}}