{"id":1403,"date":"2023-02-17T12:10:43","date_gmt":"2023-02-17T11:10:43","guid":{"rendered":"https:\/\/europeix.cat\/producto\/besuc-blanc\/"},"modified":"2023-04-05T13:30:31","modified_gmt":"2023-04-05T11:30:31","slug":"pageot-blanc","status":"publish","type":"product","link":"https:\/\/europeix.cat\/fr\/produit\/pageot-blanc\/","title":{"rendered":"PAGEOT BLANC"},"content":{"rendered":"<p>Il s\u2019agit d\u2019un poisson de forme ovale avec un profil courbe, avec une grosse t\u00eate et une petite bouche. La cavit\u00e9 buccale est orange, le corps est dor\u00e9 avec des tonalit\u00e9s de rose et le ventre blanc. Il a une tache noire \u00e0 la base des nageoires pectorales.<br \/>\nIl vit dans les zones d\u2019environ 500 m de profondeur avec des algues. Il se nourrit de mollusques, de petits crustac\u00e9s et de vers.<br \/>\nSa longueur est g\u00e9n\u00e9ralement d\u2019environ 25 cm, mais il peut atteindre 35 cm de long.<br \/>\nSa reproduction a lieu de juin \u00e0 septembre.<br \/>\nIl est captur\u00e9 par diff\u00e9rents moyens : Chalut de fond, tr\u00e9mail et senne.<br \/>\nPoisson blanc, a une haute teneur en prot\u00e9ines et peu de mati\u00e8res grasses.<\/p>\n","protected":false},"excerpt":{"rendered":"<p>Pagellus acarne<\/p>\n","protected":false},"featured_media":2059,"comment_status":"closed","ping_status":"closed","template":"","meta":[],"product_cat":[53],"product_tag":[],"yoast_head":"<!-- This site is optimized with the Yoast SEO plugin v20.9 - https:\/\/yoast.com\/wordpress\/plugins\/seo\/ -->\n<title>PAGEOT BLANC - EUROPEIX<\/title>\n<meta name=\"robots\" content=\"index, follow, max-snippet:-1, max-image-preview:large, max-video-preview:-1\" \/>\n<link rel=\"canonical\" href=\"https:\/\/europeix.cat\/produit\/besuc-blanc\/\" \/>\n<meta name=\"twitter:label1\" content=\"Dur\u00e9e de lecture estim\u00e9e\" \/>\n\t<meta name=\"twitter:data1\" content=\"1 minute\" \/>\n<script type=\"application\/ld+json\" class=\"yoast-schema-graph\">{\"@context\":\"https:\/\/schema.org\",\"@graph\":[{\"@type\":\"WebPage\",\"@id\":\"https:\/\/europeix.cat\/produit\/besuc-blanc\/\",\"url\":\"https:\/\/europeix.cat\/produit\/besuc-blanc\/\",\"name\":\"PAGEOT BLANC - EUROPEIX\",\"isPartOf\":{\"@id\":\"https:\/\/europeix.cat\/#website\"},\"datePublished\":\"2023-02-17T11:10:43+00:00\",\"dateModified\":\"2023-04-05T11:30:31+00:00\",\"breadcrumb\":{\"@id\":\"https:\/\/europeix.cat\/produit\/besuc-blanc\/#breadcrumb\"},\"inLanguage\":\"fr-FR\",\"potentialAction\":[{\"@type\":\"ReadAction\",\"target\":[\"https:\/\/europeix.cat\/produit\/besuc-blanc\/\"]}]},{\"@type\":\"BreadcrumbList\",\"@id\":\"https:\/\/europeix.cat\/produit\/besuc-blanc\/#breadcrumb\",\"itemListElement\":[{\"@type\":\"ListItem\",\"position\":1,\"name\":\"Portada\",\"item\":\"https:\/\/europeix.cat\/fr\/accueil\/\"},{\"@type\":\"ListItem\",\"position\":2,\"name\":\"Produits\",\"item\":\"https:\/\/europeix.cat\/fr\/produits\/\"},{\"@type\":\"ListItem\",\"position\":3,\"name\":\"PAGEOT BLANC\"}]},{\"@type\":\"WebSite\",\"@id\":\"https:\/\/europeix.cat\/#website\",\"url\":\"https:\/\/europeix.cat\/\",\"name\":\"EUROPEIX\",\"description\":\"EUROPEIX\",\"potentialAction\":[{\"@type\":\"SearchAction\",\"target\":{\"@type\":\"EntryPoint\",\"urlTemplate\":\"https:\/\/europeix.cat\/?s={search_term_string}\"},\"query-input\":\"required name=search_term_string\"}],\"inLanguage\":\"fr-FR\"}]}<\/script>\n<!-- \/ Yoast SEO plugin. -->","yoast_head_json":{"title":"PAGEOT BLANC - EUROPEIX","robots":{"index":"index","follow":"follow","max-snippet":"max-snippet:-1","max-image-preview":"max-image-preview:large","max-video-preview":"max-video-preview:-1"},"canonical":"https:\/\/europeix.cat\/produit\/besuc-blanc\/","twitter_misc":{"Dur\u00e9e de lecture estim\u00e9e":"1 minute"},"schema":{"@context":"https:\/\/schema.org","@graph":[{"@type":"WebPage","@id":"https:\/\/europeix.cat\/produit\/besuc-blanc\/","url":"https:\/\/europeix.cat\/produit\/besuc-blanc\/","name":"PAGEOT BLANC - EUROPEIX","isPartOf":{"@id":"https:\/\/europeix.cat\/#website"},"datePublished":"2023-02-17T11:10:43+00:00","dateModified":"2023-04-05T11:30:31+00:00","breadcrumb":{"@id":"https:\/\/europeix.cat\/produit\/besuc-blanc\/#breadcrumb"},"inLanguage":"fr-FR","potentialAction":[{"@type":"ReadAction","target":["https:\/\/europeix.cat\/produit\/besuc-blanc\/"]}]},{"@type":"BreadcrumbList","@id":"https:\/\/europeix.cat\/produit\/besuc-blanc\/#breadcrumb","itemListElement":[{"@type":"ListItem","position":1,"name":"Portada","item":"https:\/\/europeix.cat\/fr\/accueil\/"},{"@type":"ListItem","position":2,"name":"Produits","item":"https:\/\/europeix.cat\/fr\/produits\/"},{"@type":"ListItem","position":3,"name":"PAGEOT BLANC"}]},{"@type":"WebSite","@id":"https:\/\/europeix.cat\/#website","url":"https:\/\/europeix.cat\/","name":"EUROPEIX","description":"EUROPEIX","potentialAction":[{"@type":"SearchAction","target":{"@type":"EntryPoint","urlTemplate":"https:\/\/europeix.cat\/?s={search_term_string}"},"query-input":"required name=search_term_string"}],"inLanguage":"fr-FR"}]}},"_links":{"self":[{"href":"https:\/\/europeix.cat\/fr\/wp-json\/wp\/v2\/product\/1403"}],"collection":[{"href":"https:\/\/europeix.cat\/fr\/wp-json\/wp\/v2\/product"}],"about":[{"href":"https:\/\/europeix.cat\/fr\/wp-json\/wp\/v2\/types\/product"}],"replies":[{"embeddable":true,"href":"https:\/\/europeix.cat\/fr\/wp-json\/wp\/v2\/comments?post=1403"}],"wp:featuredmedia":[{"embeddable":true,"href":"https:\/\/europeix.cat\/fr\/wp-json\/wp\/v2\/media\/2059"}],"wp:attachment":[{"href":"https:\/\/europeix.cat\/fr\/wp-json\/wp\/v2\/media?parent=1403"}],"wp:term":[{"taxonomy":"product_cat","embeddable":true,"href":"https:\/\/europeix.cat\/fr\/wp-json\/wp\/v2\/product_cat?post=1403"},{"taxonomy":"product_tag","embeddable":true,"href":"https:\/\/europeix.cat\/fr\/wp-json\/wp\/v2\/product_tag?post=1403"}],"curies":[{"name":"wp","href":"https:\/\/api.w.org\/{rel}","templated":true}]}}