{"id":1399,"date":"2023-02-17T12:12:38","date_gmt":"2023-02-17T11:12:38","guid":{"rendered":"https:\/\/europeix.cat\/producto\/canana\/"},"modified":"2023-04-05T13:32:13","modified_gmt":"2023-04-05T11:32:13","slug":"pisseur","status":"publish","type":"product","link":"https:\/\/europeix.cat\/fr\/produit\/pisseur\/","title":{"rendered":"PISSEUR"},"content":{"rendered":"<p>Mollusque c\u00e9phalopode, corps robuste, allong\u00e9, avec 8 bras et 2 tentacules plus longs disposant de ventouses. Il se diff\u00e8re du calamar du fait qu\u2019il a les nageoires beaucoup plus petites et reli\u00e9es \u00e0 la queue. Il est de couleur rouge\u00e2tre, plus sombre sur la partie post\u00e9rieure.<\/p>\n<p>Esp\u00e8ce p\u00e9lagique et n\u00e9ritique, depuis la surface jusqu&rsquo;\u00e0 800 m de profondeur. Il effectue des migrations verticales quotidiennes, il monte le long de la colonne d\u2019eau et \u00e0 la surface pendant la nuit et descend dans les profondeurs pendant la journ\u00e9e. Il semble \u00e9galement \u00eatre capable d\u2019effectuer des migrations horizontales en s\u2019approchant de la c\u00f4te en \u00e9t\u00e9 et dans les eaux profondes pendant les mois d\u2019hiver.<\/p>\n<p>Sa longueur est de : 27 cm (femelles) et 20 cm (m\u00e2les) ; le plus couramment entre 15 et 22 cm.<\/p>\n<p>Sa reproduction a lieu tout au long de l\u2019ann\u00e9e.<\/p>\n<p>Il est captur\u00e9 par diff\u00e9rents moyens : Chalut de fond et senne.<\/p>\n<p>Sa chair est tr\u00e8s riche en prot\u00e9ines, en acides gras Om\u00e9ga-3 et en min\u00e9raux, tels que le sodium, phosphore, potassium, magn\u00e9sium et vitamine A.<\/p>\n","protected":false},"excerpt":{"rendered":"<p>Illex coindetii<\/p>\n","protected":false},"featured_media":2054,"comment_status":"closed","ping_status":"closed","template":"","meta":[],"product_cat":[56],"product_tag":[],"yoast_head":"<!-- This site is optimized with the Yoast SEO plugin v20.9 - https:\/\/yoast.com\/wordpress\/plugins\/seo\/ -->\n<title>PISSEUR - EUROPEIX<\/title>\n<meta name=\"robots\" content=\"index, follow, max-snippet:-1, max-image-preview:large, max-video-preview:-1\" \/>\n<link rel=\"canonical\" href=\"https:\/\/europeix.cat\/produit\/canana\/\" \/>\n<meta name=\"twitter:label1\" content=\"Dur\u00e9e de lecture estim\u00e9e\" \/>\n\t<meta name=\"twitter:data1\" content=\"1 minute\" \/>\n<script type=\"application\/ld+json\" class=\"yoast-schema-graph\">{\"@context\":\"https:\/\/schema.org\",\"@graph\":[{\"@type\":\"WebPage\",\"@id\":\"https:\/\/europeix.cat\/produit\/canana\/\",\"url\":\"https:\/\/europeix.cat\/produit\/canana\/\",\"name\":\"PISSEUR - EUROPEIX\",\"isPartOf\":{\"@id\":\"https:\/\/europeix.cat\/#website\"},\"datePublished\":\"2023-02-17T11:12:38+00:00\",\"dateModified\":\"2023-04-05T11:32:13+00:00\",\"breadcrumb\":{\"@id\":\"https:\/\/europeix.cat\/produit\/canana\/#breadcrumb\"},\"inLanguage\":\"fr-FR\",\"potentialAction\":[{\"@type\":\"ReadAction\",\"target\":[\"https:\/\/europeix.cat\/produit\/canana\/\"]}]},{\"@type\":\"BreadcrumbList\",\"@id\":\"https:\/\/europeix.cat\/produit\/canana\/#breadcrumb\",\"itemListElement\":[{\"@type\":\"ListItem\",\"position\":1,\"name\":\"Portada\",\"item\":\"https:\/\/europeix.cat\/fr\/accueil\/\"},{\"@type\":\"ListItem\",\"position\":2,\"name\":\"Produits\",\"item\":\"https:\/\/europeix.cat\/fr\/produits\/\"},{\"@type\":\"ListItem\",\"position\":3,\"name\":\"PISSEUR\"}]},{\"@type\":\"WebSite\",\"@id\":\"https:\/\/europeix.cat\/#website\",\"url\":\"https:\/\/europeix.cat\/\",\"name\":\"EUROPEIX\",\"description\":\"EUROPEIX\",\"potentialAction\":[{\"@type\":\"SearchAction\",\"target\":{\"@type\":\"EntryPoint\",\"urlTemplate\":\"https:\/\/europeix.cat\/?s={search_term_string}\"},\"query-input\":\"required name=search_term_string\"}],\"inLanguage\":\"fr-FR\"}]}<\/script>\n<!-- \/ Yoast SEO plugin. -->","yoast_head_json":{"title":"PISSEUR - EUROPEIX","robots":{"index":"index","follow":"follow","max-snippet":"max-snippet:-1","max-image-preview":"max-image-preview:large","max-video-preview":"max-video-preview:-1"},"canonical":"https:\/\/europeix.cat\/produit\/canana\/","twitter_misc":{"Dur\u00e9e de lecture estim\u00e9e":"1 minute"},"schema":{"@context":"https:\/\/schema.org","@graph":[{"@type":"WebPage","@id":"https:\/\/europeix.cat\/produit\/canana\/","url":"https:\/\/europeix.cat\/produit\/canana\/","name":"PISSEUR - EUROPEIX","isPartOf":{"@id":"https:\/\/europeix.cat\/#website"},"datePublished":"2023-02-17T11:12:38+00:00","dateModified":"2023-04-05T11:32:13+00:00","breadcrumb":{"@id":"https:\/\/europeix.cat\/produit\/canana\/#breadcrumb"},"inLanguage":"fr-FR","potentialAction":[{"@type":"ReadAction","target":["https:\/\/europeix.cat\/produit\/canana\/"]}]},{"@type":"BreadcrumbList","@id":"https:\/\/europeix.cat\/produit\/canana\/#breadcrumb","itemListElement":[{"@type":"ListItem","position":1,"name":"Portada","item":"https:\/\/europeix.cat\/fr\/accueil\/"},{"@type":"ListItem","position":2,"name":"Produits","item":"https:\/\/europeix.cat\/fr\/produits\/"},{"@type":"ListItem","position":3,"name":"PISSEUR"}]},{"@type":"WebSite","@id":"https:\/\/europeix.cat\/#website","url":"https:\/\/europeix.cat\/","name":"EUROPEIX","description":"EUROPEIX","potentialAction":[{"@type":"SearchAction","target":{"@type":"EntryPoint","urlTemplate":"https:\/\/europeix.cat\/?s={search_term_string}"},"query-input":"required name=search_term_string"}],"inLanguage":"fr-FR"}]}},"_links":{"self":[{"href":"https:\/\/europeix.cat\/fr\/wp-json\/wp\/v2\/product\/1399"}],"collection":[{"href":"https:\/\/europeix.cat\/fr\/wp-json\/wp\/v2\/product"}],"about":[{"href":"https:\/\/europeix.cat\/fr\/wp-json\/wp\/v2\/types\/product"}],"replies":[{"embeddable":true,"href":"https:\/\/europeix.cat\/fr\/wp-json\/wp\/v2\/comments?post=1399"}],"wp:featuredmedia":[{"embeddable":true,"href":"https:\/\/europeix.cat\/fr\/wp-json\/wp\/v2\/media\/2054"}],"wp:attachment":[{"href":"https:\/\/europeix.cat\/fr\/wp-json\/wp\/v2\/media?parent=1399"}],"wp:term":[{"taxonomy":"product_cat","embeddable":true,"href":"https:\/\/europeix.cat\/fr\/wp-json\/wp\/v2\/product_cat?post=1399"},{"taxonomy":"product_tag","embeddable":true,"href":"https:\/\/europeix.cat\/fr\/wp-json\/wp\/v2\/product_tag?post=1399"}],"curies":[{"name":"wp","href":"https:\/\/api.w.org\/{rel}","templated":true}]}}