{"id":1395,"date":"2023-02-17T12:13:10","date_gmt":"2023-02-17T11:13:10","guid":{"rendered":"https:\/\/europeix.cat\/producto\/morruda\/"},"modified":"2023-04-05T13:34:29","modified_gmt":"2023-04-05T11:34:29","slug":"sar-pointu","status":"publish","type":"product","link":"https:\/\/europeix.cat\/fr\/produit\/sar-pointu\/","title":{"rendered":"SAR POINTU"},"content":{"rendered":"<p>Il s\u2019agit d\u2019un poisson au corps ovale et comprim\u00e9 lat\u00e9ralement, il se distingue du sar commun parce qu\u2019il a la face pointue, la bouche en forme de pic et allong\u00e9e, et avec des l\u00e8vres minces. La coloration est gris argent\u00e9 avec des reflets jaun\u00e2tres, le ventre est blanch\u00e2tre.<\/p>\n<p>Il se trouve dans les eaux c\u00f4ti\u00e8res ou sur des fonds sableux et rocheux habituellement entre 0 et 60 m de profondeur. Il se nourrit d\u2019algues, de vers, de mollusques et de crevettes.<\/p>\n<p>Il peut atteindre 60 cm de long.<\/p>\n<p>Sa reproduction a lieu de fin septembre \u00e0 fin novembre.<\/p>\n<p>Il est captur\u00e9 par diff\u00e9rents moyens : Chalut de fond, senne, tr\u00e9mail et palangre.<\/p>\n<p>Poisson blanc, sa chair est tendre et assez appr\u00e9ci\u00e9e.<\/p>\n","protected":false},"excerpt":{"rendered":"<p>Diplodus puntazzo<\/p>\n","protected":false},"featured_media":2049,"comment_status":"closed","ping_status":"closed","template":"","meta":[],"product_cat":[53],"product_tag":[],"yoast_head":"<!-- This site is optimized with the Yoast SEO plugin v20.9 - https:\/\/yoast.com\/wordpress\/plugins\/seo\/ -->\n<title>SAR POINTU - EUROPEIX<\/title>\n<meta name=\"robots\" content=\"index, follow, max-snippet:-1, max-image-preview:large, max-video-preview:-1\" \/>\n<link rel=\"canonical\" href=\"https:\/\/europeix.cat\/produit\/morruda\/\" \/>\n<meta name=\"twitter:label1\" content=\"Dur\u00e9e de lecture estim\u00e9e\" \/>\n\t<meta name=\"twitter:data1\" content=\"1 minute\" \/>\n<script type=\"application\/ld+json\" class=\"yoast-schema-graph\">{\"@context\":\"https:\/\/schema.org\",\"@graph\":[{\"@type\":\"WebPage\",\"@id\":\"https:\/\/europeix.cat\/produit\/morruda\/\",\"url\":\"https:\/\/europeix.cat\/produit\/morruda\/\",\"name\":\"SAR POINTU - EUROPEIX\",\"isPartOf\":{\"@id\":\"https:\/\/europeix.cat\/#website\"},\"datePublished\":\"2023-02-17T11:13:10+00:00\",\"dateModified\":\"2023-04-05T11:34:29+00:00\",\"breadcrumb\":{\"@id\":\"https:\/\/europeix.cat\/produit\/morruda\/#breadcrumb\"},\"inLanguage\":\"fr-FR\",\"potentialAction\":[{\"@type\":\"ReadAction\",\"target\":[\"https:\/\/europeix.cat\/produit\/morruda\/\"]}]},{\"@type\":\"BreadcrumbList\",\"@id\":\"https:\/\/europeix.cat\/produit\/morruda\/#breadcrumb\",\"itemListElement\":[{\"@type\":\"ListItem\",\"position\":1,\"name\":\"Portada\",\"item\":\"https:\/\/europeix.cat\/fr\/accueil\/\"},{\"@type\":\"ListItem\",\"position\":2,\"name\":\"Produits\",\"item\":\"https:\/\/europeix.cat\/fr\/produits\/\"},{\"@type\":\"ListItem\",\"position\":3,\"name\":\"SAR POINTU\"}]},{\"@type\":\"WebSite\",\"@id\":\"https:\/\/europeix.cat\/#website\",\"url\":\"https:\/\/europeix.cat\/\",\"name\":\"EUROPEIX\",\"description\":\"EUROPEIX\",\"potentialAction\":[{\"@type\":\"SearchAction\",\"target\":{\"@type\":\"EntryPoint\",\"urlTemplate\":\"https:\/\/europeix.cat\/?s={search_term_string}\"},\"query-input\":\"required name=search_term_string\"}],\"inLanguage\":\"fr-FR\"}]}<\/script>\n<!-- \/ Yoast SEO plugin. -->","yoast_head_json":{"title":"SAR POINTU - EUROPEIX","robots":{"index":"index","follow":"follow","max-snippet":"max-snippet:-1","max-image-preview":"max-image-preview:large","max-video-preview":"max-video-preview:-1"},"canonical":"https:\/\/europeix.cat\/produit\/morruda\/","twitter_misc":{"Dur\u00e9e de lecture estim\u00e9e":"1 minute"},"schema":{"@context":"https:\/\/schema.org","@graph":[{"@type":"WebPage","@id":"https:\/\/europeix.cat\/produit\/morruda\/","url":"https:\/\/europeix.cat\/produit\/morruda\/","name":"SAR POINTU - EUROPEIX","isPartOf":{"@id":"https:\/\/europeix.cat\/#website"},"datePublished":"2023-02-17T11:13:10+00:00","dateModified":"2023-04-05T11:34:29+00:00","breadcrumb":{"@id":"https:\/\/europeix.cat\/produit\/morruda\/#breadcrumb"},"inLanguage":"fr-FR","potentialAction":[{"@type":"ReadAction","target":["https:\/\/europeix.cat\/produit\/morruda\/"]}]},{"@type":"BreadcrumbList","@id":"https:\/\/europeix.cat\/produit\/morruda\/#breadcrumb","itemListElement":[{"@type":"ListItem","position":1,"name":"Portada","item":"https:\/\/europeix.cat\/fr\/accueil\/"},{"@type":"ListItem","position":2,"name":"Produits","item":"https:\/\/europeix.cat\/fr\/produits\/"},{"@type":"ListItem","position":3,"name":"SAR POINTU"}]},{"@type":"WebSite","@id":"https:\/\/europeix.cat\/#website","url":"https:\/\/europeix.cat\/","name":"EUROPEIX","description":"EUROPEIX","potentialAction":[{"@type":"SearchAction","target":{"@type":"EntryPoint","urlTemplate":"https:\/\/europeix.cat\/?s={search_term_string}"},"query-input":"required name=search_term_string"}],"inLanguage":"fr-FR"}]}},"_links":{"self":[{"href":"https:\/\/europeix.cat\/fr\/wp-json\/wp\/v2\/product\/1395"}],"collection":[{"href":"https:\/\/europeix.cat\/fr\/wp-json\/wp\/v2\/product"}],"about":[{"href":"https:\/\/europeix.cat\/fr\/wp-json\/wp\/v2\/types\/product"}],"replies":[{"embeddable":true,"href":"https:\/\/europeix.cat\/fr\/wp-json\/wp\/v2\/comments?post=1395"}],"wp:featuredmedia":[{"embeddable":true,"href":"https:\/\/europeix.cat\/fr\/wp-json\/wp\/v2\/media\/2049"}],"wp:attachment":[{"href":"https:\/\/europeix.cat\/fr\/wp-json\/wp\/v2\/media?parent=1395"}],"wp:term":[{"taxonomy":"product_cat","embeddable":true,"href":"https:\/\/europeix.cat\/fr\/wp-json\/wp\/v2\/product_cat?post=1395"},{"taxonomy":"product_tag","embeddable":true,"href":"https:\/\/europeix.cat\/fr\/wp-json\/wp\/v2\/product_tag?post=1395"}],"curies":[{"name":"wp","href":"https:\/\/api.w.org\/{rel}","templated":true}]}}