{"id":1391,"date":"2023-02-17T12:13:45","date_gmt":"2023-02-17T11:13:45","guid":{"rendered":"https:\/\/europeix.cat\/producto\/pagre\/"},"modified":"2023-04-05T13:40:19","modified_gmt":"2023-04-05T11:40:19","slug":"pagre","status":"publish","type":"product","link":"https:\/\/europeix.cat\/fr\/produit\/pagre\/","title":{"rendered":"PAGRE"},"content":{"rendered":"<p>Il s\u2019agit d\u2019un poisson au corps ovale de couleur ros\u00e9 avec des reflets argent\u00e9s et il a une tache sombre sur la t\u00eate qui se fonce au milieu des yeux.<\/p>\n<p>Il vit dans les eaux c\u00f4ti\u00e8res sur des fonds rocheux et sableux entre 20 et 40 m de profondeur, m\u00eame s\u2019il peut atteindre les 250 m. Il se nourrit de poissons, de crustac\u00e9s et de mollusques.<\/p>\n<p>C\u2019est un poisson qui mesure habituellement entre 20 et 60 cm, bien qu\u2019il puisse atteindre 82 cm de long.<\/p>\n<p>Sa reproduction a lieu entre avril et juin. Sa p\u00eache a lieu de septembre \u00e0 d\u00e9cembre.<\/p>\n<p>Il est captur\u00e9 par diff\u00e9rents moyens : Chalut de fond, senne, tr\u00e9mail et palangre.<\/p>\n<p>Poisson blanc, sa chair a une saveur d\u00e9licieuse. Il est riche en vitamines du groupe B et en min\u00e9raux.<\/p>\n","protected":false},"excerpt":{"rendered":"<p>Pagrus pagrus<\/p>\n","protected":false},"featured_media":2044,"comment_status":"closed","ping_status":"closed","template":"","meta":[],"product_cat":[53],"product_tag":[],"yoast_head":"<!-- This site is optimized with the Yoast SEO plugin v20.9 - https:\/\/yoast.com\/wordpress\/plugins\/seo\/ -->\n<title>PAGRE - EUROPEIX<\/title>\n<meta name=\"robots\" content=\"index, follow, max-snippet:-1, max-image-preview:large, max-video-preview:-1\" \/>\n<link rel=\"canonical\" href=\"https:\/\/europeix.cat\/produit\/pagre\/\" \/>\n<meta name=\"twitter:label1\" content=\"Dur\u00e9e de lecture estim\u00e9e\" \/>\n\t<meta name=\"twitter:data1\" content=\"1 minute\" \/>\n<script type=\"application\/ld+json\" class=\"yoast-schema-graph\">{\"@context\":\"https:\/\/schema.org\",\"@graph\":[{\"@type\":\"WebPage\",\"@id\":\"https:\/\/europeix.cat\/produit\/pagre\/\",\"url\":\"https:\/\/europeix.cat\/produit\/pagre\/\",\"name\":\"PAGRE - EUROPEIX\",\"isPartOf\":{\"@id\":\"https:\/\/europeix.cat\/#website\"},\"datePublished\":\"2023-02-17T11:13:45+00:00\",\"dateModified\":\"2023-04-05T11:40:19+00:00\",\"breadcrumb\":{\"@id\":\"https:\/\/europeix.cat\/produit\/pagre\/#breadcrumb\"},\"inLanguage\":\"fr-FR\",\"potentialAction\":[{\"@type\":\"ReadAction\",\"target\":[\"https:\/\/europeix.cat\/produit\/pagre\/\"]}]},{\"@type\":\"BreadcrumbList\",\"@id\":\"https:\/\/europeix.cat\/produit\/pagre\/#breadcrumb\",\"itemListElement\":[{\"@type\":\"ListItem\",\"position\":1,\"name\":\"Portada\",\"item\":\"https:\/\/europeix.cat\/fr\/accueil\/\"},{\"@type\":\"ListItem\",\"position\":2,\"name\":\"Produits\",\"item\":\"https:\/\/europeix.cat\/fr\/produits\/\"},{\"@type\":\"ListItem\",\"position\":3,\"name\":\"PAGRE\"}]},{\"@type\":\"WebSite\",\"@id\":\"https:\/\/europeix.cat\/#website\",\"url\":\"https:\/\/europeix.cat\/\",\"name\":\"EUROPEIX\",\"description\":\"EUROPEIX\",\"potentialAction\":[{\"@type\":\"SearchAction\",\"target\":{\"@type\":\"EntryPoint\",\"urlTemplate\":\"https:\/\/europeix.cat\/?s={search_term_string}\"},\"query-input\":\"required name=search_term_string\"}],\"inLanguage\":\"fr-FR\"}]}<\/script>\n<!-- \/ Yoast SEO plugin. -->","yoast_head_json":{"title":"PAGRE - EUROPEIX","robots":{"index":"index","follow":"follow","max-snippet":"max-snippet:-1","max-image-preview":"max-image-preview:large","max-video-preview":"max-video-preview:-1"},"canonical":"https:\/\/europeix.cat\/produit\/pagre\/","twitter_misc":{"Dur\u00e9e de lecture estim\u00e9e":"1 minute"},"schema":{"@context":"https:\/\/schema.org","@graph":[{"@type":"WebPage","@id":"https:\/\/europeix.cat\/produit\/pagre\/","url":"https:\/\/europeix.cat\/produit\/pagre\/","name":"PAGRE - EUROPEIX","isPartOf":{"@id":"https:\/\/europeix.cat\/#website"},"datePublished":"2023-02-17T11:13:45+00:00","dateModified":"2023-04-05T11:40:19+00:00","breadcrumb":{"@id":"https:\/\/europeix.cat\/produit\/pagre\/#breadcrumb"},"inLanguage":"fr-FR","potentialAction":[{"@type":"ReadAction","target":["https:\/\/europeix.cat\/produit\/pagre\/"]}]},{"@type":"BreadcrumbList","@id":"https:\/\/europeix.cat\/produit\/pagre\/#breadcrumb","itemListElement":[{"@type":"ListItem","position":1,"name":"Portada","item":"https:\/\/europeix.cat\/fr\/accueil\/"},{"@type":"ListItem","position":2,"name":"Produits","item":"https:\/\/europeix.cat\/fr\/produits\/"},{"@type":"ListItem","position":3,"name":"PAGRE"}]},{"@type":"WebSite","@id":"https:\/\/europeix.cat\/#website","url":"https:\/\/europeix.cat\/","name":"EUROPEIX","description":"EUROPEIX","potentialAction":[{"@type":"SearchAction","target":{"@type":"EntryPoint","urlTemplate":"https:\/\/europeix.cat\/?s={search_term_string}"},"query-input":"required name=search_term_string"}],"inLanguage":"fr-FR"}]}},"_links":{"self":[{"href":"https:\/\/europeix.cat\/fr\/wp-json\/wp\/v2\/product\/1391"}],"collection":[{"href":"https:\/\/europeix.cat\/fr\/wp-json\/wp\/v2\/product"}],"about":[{"href":"https:\/\/europeix.cat\/fr\/wp-json\/wp\/v2\/types\/product"}],"replies":[{"embeddable":true,"href":"https:\/\/europeix.cat\/fr\/wp-json\/wp\/v2\/comments?post=1391"}],"wp:featuredmedia":[{"embeddable":true,"href":"https:\/\/europeix.cat\/fr\/wp-json\/wp\/v2\/media\/2044"}],"wp:attachment":[{"href":"https:\/\/europeix.cat\/fr\/wp-json\/wp\/v2\/media?parent=1391"}],"wp:term":[{"taxonomy":"product_cat","embeddable":true,"href":"https:\/\/europeix.cat\/fr\/wp-json\/wp\/v2\/product_cat?post=1391"},{"taxonomy":"product_tag","embeddable":true,"href":"https:\/\/europeix.cat\/fr\/wp-json\/wp\/v2\/product_tag?post=1391"}],"curies":[{"name":"wp","href":"https:\/\/api.w.org\/{rel}","templated":true}]}}