{"id":1383,"date":"2023-02-17T12:14:53","date_gmt":"2023-02-17T11:14:53","guid":{"rendered":"https:\/\/europeix.cat\/producto\/seito\/"},"modified":"2023-04-05T13:44:25","modified_gmt":"2023-04-05T11:44:25","slug":"anchois","status":"publish","type":"product","link":"https:\/\/europeix.cat\/fr\/produit\/anchois\/","title":{"rendered":"ANCHOIS"},"content":{"rendered":"<p>Il s\u2019agit d\u2019un poisson au corps allong\u00e9, l\u00e9g\u00e8rement comprim\u00e9 et de section ovale avec une tr\u00e8s grande bouche. La coloration varie d\u2019un bleu verd\u00e2tre sur le dos, argent\u00e9 sur les flancs et blanch\u00e2tre sur le ventre.<\/p>\n<p>Il vit dans la colonne d\u2019eau et il se trouve parfois \u00e0 proximit\u00e9 du fond, il forme de grands bancs qui se d\u00e9placent entre 10 et 100 m de profondeur et il vit \u00e0 proximit\u00e9 de la c\u00f4te. Il se nourrit principalement d\u2019organismes planctoniques.<\/p>\n<p>C\u2019est un poisson qui mesure entre 9 et 14 cm de long, avec une longueur maximale de 20 cm.<\/p>\n<p>Sa reproduction a lieu pendant le printemps et au d\u00e9but de l\u2019automne.<\/p>\n<p>Il est captur\u00e9 par diff\u00e9rents moyens : Senne et chalut de fond<\/p>\n<p>Poisson gras, sa chair est riche en acides gras Om\u00e9ga-3 et riche en prot\u00e9ines et min\u00e9raux.<\/p>\n","protected":false},"excerpt":{"rendered":"<p>Engraulis encrasicolus<\/p>\n","protected":false},"featured_media":2034,"comment_status":"closed","ping_status":"closed","template":"","meta":[],"product_cat":[53],"product_tag":[],"yoast_head":"<!-- This site is optimized with the Yoast SEO plugin v20.9 - https:\/\/yoast.com\/wordpress\/plugins\/seo\/ -->\n<title>ANCHOIS - EUROPEIX<\/title>\n<meta name=\"robots\" content=\"index, follow, max-snippet:-1, max-image-preview:large, max-video-preview:-1\" \/>\n<link rel=\"canonical\" href=\"https:\/\/europeix.cat\/produit\/seito\/\" \/>\n<meta name=\"twitter:label1\" content=\"Dur\u00e9e de lecture estim\u00e9e\" \/>\n\t<meta name=\"twitter:data1\" content=\"1 minute\" \/>\n<script type=\"application\/ld+json\" class=\"yoast-schema-graph\">{\"@context\":\"https:\/\/schema.org\",\"@graph\":[{\"@type\":\"WebPage\",\"@id\":\"https:\/\/europeix.cat\/produit\/seito\/\",\"url\":\"https:\/\/europeix.cat\/produit\/seito\/\",\"name\":\"ANCHOIS - EUROPEIX\",\"isPartOf\":{\"@id\":\"https:\/\/europeix.cat\/#website\"},\"datePublished\":\"2023-02-17T11:14:53+00:00\",\"dateModified\":\"2023-04-05T11:44:25+00:00\",\"breadcrumb\":{\"@id\":\"https:\/\/europeix.cat\/produit\/seito\/#breadcrumb\"},\"inLanguage\":\"fr-FR\",\"potentialAction\":[{\"@type\":\"ReadAction\",\"target\":[\"https:\/\/europeix.cat\/produit\/seito\/\"]}]},{\"@type\":\"BreadcrumbList\",\"@id\":\"https:\/\/europeix.cat\/produit\/seito\/#breadcrumb\",\"itemListElement\":[{\"@type\":\"ListItem\",\"position\":1,\"name\":\"Portada\",\"item\":\"https:\/\/europeix.cat\/fr\/accueil\/\"},{\"@type\":\"ListItem\",\"position\":2,\"name\":\"Produits\",\"item\":\"https:\/\/europeix.cat\/fr\/produits\/\"},{\"@type\":\"ListItem\",\"position\":3,\"name\":\"ANCHOIS\"}]},{\"@type\":\"WebSite\",\"@id\":\"https:\/\/europeix.cat\/#website\",\"url\":\"https:\/\/europeix.cat\/\",\"name\":\"EUROPEIX\",\"description\":\"EUROPEIX\",\"potentialAction\":[{\"@type\":\"SearchAction\",\"target\":{\"@type\":\"EntryPoint\",\"urlTemplate\":\"https:\/\/europeix.cat\/?s={search_term_string}\"},\"query-input\":\"required name=search_term_string\"}],\"inLanguage\":\"fr-FR\"}]}<\/script>\n<!-- \/ Yoast SEO plugin. -->","yoast_head_json":{"title":"ANCHOIS - EUROPEIX","robots":{"index":"index","follow":"follow","max-snippet":"max-snippet:-1","max-image-preview":"max-image-preview:large","max-video-preview":"max-video-preview:-1"},"canonical":"https:\/\/europeix.cat\/produit\/seito\/","twitter_misc":{"Dur\u00e9e de lecture estim\u00e9e":"1 minute"},"schema":{"@context":"https:\/\/schema.org","@graph":[{"@type":"WebPage","@id":"https:\/\/europeix.cat\/produit\/seito\/","url":"https:\/\/europeix.cat\/produit\/seito\/","name":"ANCHOIS - EUROPEIX","isPartOf":{"@id":"https:\/\/europeix.cat\/#website"},"datePublished":"2023-02-17T11:14:53+00:00","dateModified":"2023-04-05T11:44:25+00:00","breadcrumb":{"@id":"https:\/\/europeix.cat\/produit\/seito\/#breadcrumb"},"inLanguage":"fr-FR","potentialAction":[{"@type":"ReadAction","target":["https:\/\/europeix.cat\/produit\/seito\/"]}]},{"@type":"BreadcrumbList","@id":"https:\/\/europeix.cat\/produit\/seito\/#breadcrumb","itemListElement":[{"@type":"ListItem","position":1,"name":"Portada","item":"https:\/\/europeix.cat\/fr\/accueil\/"},{"@type":"ListItem","position":2,"name":"Produits","item":"https:\/\/europeix.cat\/fr\/produits\/"},{"@type":"ListItem","position":3,"name":"ANCHOIS"}]},{"@type":"WebSite","@id":"https:\/\/europeix.cat\/#website","url":"https:\/\/europeix.cat\/","name":"EUROPEIX","description":"EUROPEIX","potentialAction":[{"@type":"SearchAction","target":{"@type":"EntryPoint","urlTemplate":"https:\/\/europeix.cat\/?s={search_term_string}"},"query-input":"required name=search_term_string"}],"inLanguage":"fr-FR"}]}},"_links":{"self":[{"href":"https:\/\/europeix.cat\/fr\/wp-json\/wp\/v2\/product\/1383"}],"collection":[{"href":"https:\/\/europeix.cat\/fr\/wp-json\/wp\/v2\/product"}],"about":[{"href":"https:\/\/europeix.cat\/fr\/wp-json\/wp\/v2\/types\/product"}],"replies":[{"embeddable":true,"href":"https:\/\/europeix.cat\/fr\/wp-json\/wp\/v2\/comments?post=1383"}],"wp:featuredmedia":[{"embeddable":true,"href":"https:\/\/europeix.cat\/fr\/wp-json\/wp\/v2\/media\/2034"}],"wp:attachment":[{"href":"https:\/\/europeix.cat\/fr\/wp-json\/wp\/v2\/media?parent=1383"}],"wp:term":[{"taxonomy":"product_cat","embeddable":true,"href":"https:\/\/europeix.cat\/fr\/wp-json\/wp\/v2\/product_cat?post=1383"},{"taxonomy":"product_tag","embeddable":true,"href":"https:\/\/europeix.cat\/fr\/wp-json\/wp\/v2\/product_tag?post=1383"}],"curies":[{"name":"wp","href":"https:\/\/api.w.org\/{rel}","templated":true}]}}