{"id":1379,"date":"2023-02-17T12:18:06","date_gmt":"2023-02-17T11:18:06","guid":{"rendered":"https:\/\/europeix.cat\/producto\/sorell\/"},"modified":"2023-04-05T13:46:05","modified_gmt":"2023-04-05T11:46:05","slug":"chinchard","status":"publish","type":"product","link":"https:\/\/europeix.cat\/fr\/produit\/chinchard\/","title":{"rendered":"CHINCHARD"},"content":{"rendered":"<p>Il s\u2019agit d\u2019un poisson au corps allong\u00e9, de grands yeux et une grande bouche, et de petites dents. La coloration du dos est noir bleut\u00e9 avec les flancs argent\u00e9s et le ventre blanc. Il a une tache noire sur la partie sup\u00e9rieure de l\u2019ouverture branchiale et la coloration des nageoires varie du gris au rouge.<\/p>\n<p>Il vit en groupe dans des zones c\u00f4ti\u00e8res et de fonds sableux. Il se trouve habituellement entre 10 et 200 m de profondeur. Il se nourrit de crustac\u00e9s, de poissons et de c\u00e9phalopodes.<\/p>\n<p>C\u2019est un poisson qui mesure entre 10 et 30 cm de long, avec une taille maximale de 60 cm.<\/p>\n<p>Sa reproduction a lieu pendant le printemps et l\u2019automne. La p\u00e9riode de sa p\u00eache a lieu d\u2019avril \u00e0 octobre.<\/p>\n<p>Il est captur\u00e9 par diff\u00e9rents moyens : Chalut de fond et senne.<\/p>\n<p>Poisson gras riche en prot\u00e9ines \u00e0 haute valeur biologique, en plus d\u2019une grande quantit\u00e9 de vitamines et de min\u00e9raux.<\/p>\n","protected":false},"excerpt":{"rendered":"<p>Trachurus trachurus<\/p>\n","protected":false},"featured_media":2029,"comment_status":"closed","ping_status":"closed","template":"","meta":[],"product_cat":[53],"product_tag":[],"yoast_head":"<!-- This site is optimized with the Yoast SEO plugin v20.9 - https:\/\/yoast.com\/wordpress\/plugins\/seo\/ -->\n<title>CHINCHARD - EUROPEIX<\/title>\n<meta name=\"robots\" content=\"index, follow, max-snippet:-1, max-image-preview:large, max-video-preview:-1\" \/>\n<link rel=\"canonical\" href=\"https:\/\/europeix.cat\/produit\/sorell\/\" \/>\n<meta name=\"twitter:label1\" content=\"Dur\u00e9e de lecture estim\u00e9e\" \/>\n\t<meta name=\"twitter:data1\" content=\"1 minute\" \/>\n<script type=\"application\/ld+json\" class=\"yoast-schema-graph\">{\"@context\":\"https:\/\/schema.org\",\"@graph\":[{\"@type\":\"WebPage\",\"@id\":\"https:\/\/europeix.cat\/produit\/sorell\/\",\"url\":\"https:\/\/europeix.cat\/produit\/sorell\/\",\"name\":\"CHINCHARD - EUROPEIX\",\"isPartOf\":{\"@id\":\"https:\/\/europeix.cat\/#website\"},\"datePublished\":\"2023-02-17T11:18:06+00:00\",\"dateModified\":\"2023-04-05T11:46:05+00:00\",\"breadcrumb\":{\"@id\":\"https:\/\/europeix.cat\/produit\/sorell\/#breadcrumb\"},\"inLanguage\":\"fr-FR\",\"potentialAction\":[{\"@type\":\"ReadAction\",\"target\":[\"https:\/\/europeix.cat\/produit\/sorell\/\"]}]},{\"@type\":\"BreadcrumbList\",\"@id\":\"https:\/\/europeix.cat\/produit\/sorell\/#breadcrumb\",\"itemListElement\":[{\"@type\":\"ListItem\",\"position\":1,\"name\":\"Portada\",\"item\":\"https:\/\/europeix.cat\/fr\/accueil\/\"},{\"@type\":\"ListItem\",\"position\":2,\"name\":\"Produits\",\"item\":\"https:\/\/europeix.cat\/fr\/produits\/\"},{\"@type\":\"ListItem\",\"position\":3,\"name\":\"CHINCHARD\"}]},{\"@type\":\"WebSite\",\"@id\":\"https:\/\/europeix.cat\/#website\",\"url\":\"https:\/\/europeix.cat\/\",\"name\":\"EUROPEIX\",\"description\":\"EUROPEIX\",\"potentialAction\":[{\"@type\":\"SearchAction\",\"target\":{\"@type\":\"EntryPoint\",\"urlTemplate\":\"https:\/\/europeix.cat\/?s={search_term_string}\"},\"query-input\":\"required name=search_term_string\"}],\"inLanguage\":\"fr-FR\"}]}<\/script>\n<!-- \/ Yoast SEO plugin. -->","yoast_head_json":{"title":"CHINCHARD - EUROPEIX","robots":{"index":"index","follow":"follow","max-snippet":"max-snippet:-1","max-image-preview":"max-image-preview:large","max-video-preview":"max-video-preview:-1"},"canonical":"https:\/\/europeix.cat\/produit\/sorell\/","twitter_misc":{"Dur\u00e9e de lecture estim\u00e9e":"1 minute"},"schema":{"@context":"https:\/\/schema.org","@graph":[{"@type":"WebPage","@id":"https:\/\/europeix.cat\/produit\/sorell\/","url":"https:\/\/europeix.cat\/produit\/sorell\/","name":"CHINCHARD - EUROPEIX","isPartOf":{"@id":"https:\/\/europeix.cat\/#website"},"datePublished":"2023-02-17T11:18:06+00:00","dateModified":"2023-04-05T11:46:05+00:00","breadcrumb":{"@id":"https:\/\/europeix.cat\/produit\/sorell\/#breadcrumb"},"inLanguage":"fr-FR","potentialAction":[{"@type":"ReadAction","target":["https:\/\/europeix.cat\/produit\/sorell\/"]}]},{"@type":"BreadcrumbList","@id":"https:\/\/europeix.cat\/produit\/sorell\/#breadcrumb","itemListElement":[{"@type":"ListItem","position":1,"name":"Portada","item":"https:\/\/europeix.cat\/fr\/accueil\/"},{"@type":"ListItem","position":2,"name":"Produits","item":"https:\/\/europeix.cat\/fr\/produits\/"},{"@type":"ListItem","position":3,"name":"CHINCHARD"}]},{"@type":"WebSite","@id":"https:\/\/europeix.cat\/#website","url":"https:\/\/europeix.cat\/","name":"EUROPEIX","description":"EUROPEIX","potentialAction":[{"@type":"SearchAction","target":{"@type":"EntryPoint","urlTemplate":"https:\/\/europeix.cat\/?s={search_term_string}"},"query-input":"required name=search_term_string"}],"inLanguage":"fr-FR"}]}},"_links":{"self":[{"href":"https:\/\/europeix.cat\/fr\/wp-json\/wp\/v2\/product\/1379"}],"collection":[{"href":"https:\/\/europeix.cat\/fr\/wp-json\/wp\/v2\/product"}],"about":[{"href":"https:\/\/europeix.cat\/fr\/wp-json\/wp\/v2\/types\/product"}],"replies":[{"embeddable":true,"href":"https:\/\/europeix.cat\/fr\/wp-json\/wp\/v2\/comments?post=1379"}],"wp:featuredmedia":[{"embeddable":true,"href":"https:\/\/europeix.cat\/fr\/wp-json\/wp\/v2\/media\/2029"}],"wp:attachment":[{"href":"https:\/\/europeix.cat\/fr\/wp-json\/wp\/v2\/media?parent=1379"}],"wp:term":[{"taxonomy":"product_cat","embeddable":true,"href":"https:\/\/europeix.cat\/fr\/wp-json\/wp\/v2\/product_cat?post=1379"},{"taxonomy":"product_tag","embeddable":true,"href":"https:\/\/europeix.cat\/fr\/wp-json\/wp\/v2\/product_tag?post=1379"}],"curies":[{"name":"wp","href":"https:\/\/api.w.org\/{rel}","templated":true}]}}