{"id":1371,"date":"2023-02-17T12:19:24","date_gmt":"2023-02-17T11:19:24","guid":{"rendered":"https:\/\/europeix.cat\/producto\/pop-blanc\/"},"modified":"2023-04-05T13:50:26","modified_gmt":"2023-04-05T11:50:26","slug":"poulpe-blanc","status":"publish","type":"product","link":"https:\/\/europeix.cat\/fr\/produit\/poulpe-blanc\/","title":{"rendered":"POULPE BLANC"},"content":{"rendered":"<p>Corps en forme de sac et verruqueux avec une sorte de cr\u00eate qui s\u00e9pare la r\u00e9gion dorsale de la ventrale. La coloration varie selon l\u2019endroit o\u00f9 il vit.<\/p>\n<p>Il vit camoufl\u00e9 sur des fonds vaseux et sableux et il est capable de r\u00e9aliser des migrations pour se reproduire. Il se trouve entre 50 et 300 m de profondeur. Il se nourrit de crustac\u00e9s, de mollusques et de poissons.<\/p>\n<p>Manteau de 16 cm (femelles) et de 11 cm (m\u00e2les).<\/p>\n<p>Sa reproduction a lieu de mars \u00e0 ao\u00fbt.<\/p>\n<p>Il est captur\u00e9 par diff\u00e9rents moyens : Nasses et chalut de fond.<\/p>\n<p>Chair avec une haute teneur en prot\u00e9ines et faible en mati\u00e8res grasses.<\/p>\n","protected":false},"excerpt":{"rendered":"<p>Eledone cirrhosa<\/p>\n","protected":false},"featured_media":2014,"comment_status":"closed","ping_status":"closed","template":"","meta":[],"product_cat":[56],"product_tag":[],"yoast_head":"<!-- This site is optimized with the Yoast SEO plugin v20.9 - https:\/\/yoast.com\/wordpress\/plugins\/seo\/ -->\n<title>POULPE BLANC - EUROPEIX<\/title>\n<meta name=\"robots\" content=\"index, follow, max-snippet:-1, max-image-preview:large, max-video-preview:-1\" \/>\n<link rel=\"canonical\" href=\"https:\/\/europeix.cat\/fr\/produit\/poulpe-blanc\/\" \/>\n<meta name=\"twitter:label1\" content=\"Dur\u00e9e de lecture estim\u00e9e\" \/>\n\t<meta name=\"twitter:data1\" content=\"1 minute\" \/>\n<script type=\"application\/ld+json\" class=\"yoast-schema-graph\">{\"@context\":\"https:\/\/schema.org\",\"@graph\":[{\"@type\":\"WebPage\",\"@id\":\"https:\/\/europeix.cat\/fr\/produit\/poulpe-blanc\/\",\"url\":\"https:\/\/europeix.cat\/fr\/produit\/poulpe-blanc\/\",\"name\":\"POULPE BLANC - EUROPEIX\",\"isPartOf\":{\"@id\":\"https:\/\/europeix.cat\/#website\"},\"datePublished\":\"2023-02-17T11:19:24+00:00\",\"dateModified\":\"2023-04-05T11:50:26+00:00\",\"breadcrumb\":{\"@id\":\"https:\/\/europeix.cat\/fr\/produit\/poulpe-blanc\/#breadcrumb\"},\"inLanguage\":\"fr-FR\",\"potentialAction\":[{\"@type\":\"ReadAction\",\"target\":[\"https:\/\/europeix.cat\/fr\/produit\/poulpe-blanc\/\"]}]},{\"@type\":\"BreadcrumbList\",\"@id\":\"https:\/\/europeix.cat\/fr\/produit\/poulpe-blanc\/#breadcrumb\",\"itemListElement\":[{\"@type\":\"ListItem\",\"position\":1,\"name\":\"Portada\",\"item\":\"https:\/\/europeix.cat\/fr\/accueil\/\"},{\"@type\":\"ListItem\",\"position\":2,\"name\":\"Produits\",\"item\":\"https:\/\/europeix.cat\/fr\/produits\/\"},{\"@type\":\"ListItem\",\"position\":3,\"name\":\"POULPE BLANC\"}]},{\"@type\":\"WebSite\",\"@id\":\"https:\/\/europeix.cat\/#website\",\"url\":\"https:\/\/europeix.cat\/\",\"name\":\"EUROPEIX\",\"description\":\"EUROPEIX\",\"potentialAction\":[{\"@type\":\"SearchAction\",\"target\":{\"@type\":\"EntryPoint\",\"urlTemplate\":\"https:\/\/europeix.cat\/?s={search_term_string}\"},\"query-input\":\"required name=search_term_string\"}],\"inLanguage\":\"fr-FR\"}]}<\/script>\n<!-- \/ Yoast SEO plugin. -->","yoast_head_json":{"title":"POULPE BLANC - EUROPEIX","robots":{"index":"index","follow":"follow","max-snippet":"max-snippet:-1","max-image-preview":"max-image-preview:large","max-video-preview":"max-video-preview:-1"},"canonical":"https:\/\/europeix.cat\/fr\/produit\/poulpe-blanc\/","twitter_misc":{"Dur\u00e9e de lecture estim\u00e9e":"1 minute"},"schema":{"@context":"https:\/\/schema.org","@graph":[{"@type":"WebPage","@id":"https:\/\/europeix.cat\/fr\/produit\/poulpe-blanc\/","url":"https:\/\/europeix.cat\/fr\/produit\/poulpe-blanc\/","name":"POULPE BLANC - EUROPEIX","isPartOf":{"@id":"https:\/\/europeix.cat\/#website"},"datePublished":"2023-02-17T11:19:24+00:00","dateModified":"2023-04-05T11:50:26+00:00","breadcrumb":{"@id":"https:\/\/europeix.cat\/fr\/produit\/poulpe-blanc\/#breadcrumb"},"inLanguage":"fr-FR","potentialAction":[{"@type":"ReadAction","target":["https:\/\/europeix.cat\/fr\/produit\/poulpe-blanc\/"]}]},{"@type":"BreadcrumbList","@id":"https:\/\/europeix.cat\/fr\/produit\/poulpe-blanc\/#breadcrumb","itemListElement":[{"@type":"ListItem","position":1,"name":"Portada","item":"https:\/\/europeix.cat\/fr\/accueil\/"},{"@type":"ListItem","position":2,"name":"Produits","item":"https:\/\/europeix.cat\/fr\/produits\/"},{"@type":"ListItem","position":3,"name":"POULPE BLANC"}]},{"@type":"WebSite","@id":"https:\/\/europeix.cat\/#website","url":"https:\/\/europeix.cat\/","name":"EUROPEIX","description":"EUROPEIX","potentialAction":[{"@type":"SearchAction","target":{"@type":"EntryPoint","urlTemplate":"https:\/\/europeix.cat\/?s={search_term_string}"},"query-input":"required name=search_term_string"}],"inLanguage":"fr-FR"}]}},"_links":{"self":[{"href":"https:\/\/europeix.cat\/fr\/wp-json\/wp\/v2\/product\/1371"}],"collection":[{"href":"https:\/\/europeix.cat\/fr\/wp-json\/wp\/v2\/product"}],"about":[{"href":"https:\/\/europeix.cat\/fr\/wp-json\/wp\/v2\/types\/product"}],"replies":[{"embeddable":true,"href":"https:\/\/europeix.cat\/fr\/wp-json\/wp\/v2\/comments?post=1371"}],"wp:featuredmedia":[{"embeddable":true,"href":"https:\/\/europeix.cat\/fr\/wp-json\/wp\/v2\/media\/2014"}],"wp:attachment":[{"href":"https:\/\/europeix.cat\/fr\/wp-json\/wp\/v2\/media?parent=1371"}],"wp:term":[{"taxonomy":"product_cat","embeddable":true,"href":"https:\/\/europeix.cat\/fr\/wp-json\/wp\/v2\/product_cat?post=1371"},{"taxonomy":"product_tag","embeddable":true,"href":"https:\/\/europeix.cat\/fr\/wp-json\/wp\/v2\/product_tag?post=1371"}],"curies":[{"name":"wp","href":"https:\/\/api.w.org\/{rel}","templated":true}]}}