{"id":1367,"date":"2023-02-17T12:20:33","date_gmt":"2023-02-17T11:20:33","guid":{"rendered":"https:\/\/europeix.cat\/producto\/variada\/"},"modified":"2023-04-05T13:53:49","modified_gmt":"2023-04-05T11:53:49","slug":"sar-noir","status":"publish","type":"product","link":"https:\/\/europeix.cat\/fr\/produit\/sar-noir\/","title":{"rendered":"SAR NOIR"},"content":{"rendered":"<p>Il s\u2019agit d\u2019un poisson avec le corps ovale, haut et comprim\u00e9, le dos est de couleur brune, les flancs de couleur argent\u00e9e avec 7 \u00e0 9 lignes longitudinales dor\u00e9es et avec une tache noire sur la partie post\u00e9rieure de la t\u00eate et une autre sur la queue.<\/p>\n<p>Il vit sur le fond marin et \u00e0 proximit\u00e9 de la c\u00f4te sur le sable et les rochers \u00e0 une profondeur allant en g\u00e9n\u00e9ral de 0 \u00e0 30 m. Il se nourrit de crustac\u00e9s, de vers et de mollusques.<\/p>\n<p>C\u2019est un poisson qui mesure autour de 20 cm de long, mais il peut atteindre 45 cm.<\/p>\n<p>Sa reproduction a lieu en automne.<\/p>\n<p>Il est captur\u00e9 par diff\u00e9rents moyens : Chalut de fond, tr\u00e9mail, senne et palangre.<\/p>\n<p>Poisson blanc \u00e0 la chair savoureuse et appr\u00e9ci\u00e9e ; il pr\u00e9sente une faible teneur en mati\u00e8res grasses et est riche en min\u00e9raux.<\/p>\n","protected":false},"excerpt":{"rendered":"<p>Diplodus vulgaris<\/p>\n","protected":false},"featured_media":2009,"comment_status":"closed","ping_status":"closed","template":"","meta":[],"product_cat":[53],"product_tag":[],"yoast_head":"<!-- This site is optimized with the Yoast SEO plugin v20.9 - https:\/\/yoast.com\/wordpress\/plugins\/seo\/ -->\n<title>SAR NOIR - EUROPEIX<\/title>\n<meta name=\"robots\" content=\"index, follow, max-snippet:-1, max-image-preview:large, max-video-preview:-1\" \/>\n<link rel=\"canonical\" href=\"https:\/\/europeix.cat\/produit\/variada\/\" \/>\n<meta name=\"twitter:label1\" content=\"Dur\u00e9e de lecture estim\u00e9e\" \/>\n\t<meta name=\"twitter:data1\" content=\"1 minute\" \/>\n<script type=\"application\/ld+json\" class=\"yoast-schema-graph\">{\"@context\":\"https:\/\/schema.org\",\"@graph\":[{\"@type\":\"WebPage\",\"@id\":\"https:\/\/europeix.cat\/produit\/variada\/\",\"url\":\"https:\/\/europeix.cat\/produit\/variada\/\",\"name\":\"SAR NOIR - EUROPEIX\",\"isPartOf\":{\"@id\":\"https:\/\/europeix.cat\/#website\"},\"datePublished\":\"2023-02-17T11:20:33+00:00\",\"dateModified\":\"2023-04-05T11:53:49+00:00\",\"breadcrumb\":{\"@id\":\"https:\/\/europeix.cat\/produit\/variada\/#breadcrumb\"},\"inLanguage\":\"fr-FR\",\"potentialAction\":[{\"@type\":\"ReadAction\",\"target\":[\"https:\/\/europeix.cat\/produit\/variada\/\"]}]},{\"@type\":\"BreadcrumbList\",\"@id\":\"https:\/\/europeix.cat\/produit\/variada\/#breadcrumb\",\"itemListElement\":[{\"@type\":\"ListItem\",\"position\":1,\"name\":\"Portada\",\"item\":\"https:\/\/europeix.cat\/fr\/accueil\/\"},{\"@type\":\"ListItem\",\"position\":2,\"name\":\"Produits\",\"item\":\"https:\/\/europeix.cat\/fr\/produits\/\"},{\"@type\":\"ListItem\",\"position\":3,\"name\":\"SAR NOIR\"}]},{\"@type\":\"WebSite\",\"@id\":\"https:\/\/europeix.cat\/#website\",\"url\":\"https:\/\/europeix.cat\/\",\"name\":\"EUROPEIX\",\"description\":\"EUROPEIX\",\"potentialAction\":[{\"@type\":\"SearchAction\",\"target\":{\"@type\":\"EntryPoint\",\"urlTemplate\":\"https:\/\/europeix.cat\/?s={search_term_string}\"},\"query-input\":\"required name=search_term_string\"}],\"inLanguage\":\"fr-FR\"}]}<\/script>\n<!-- \/ Yoast SEO plugin. -->","yoast_head_json":{"title":"SAR NOIR - EUROPEIX","robots":{"index":"index","follow":"follow","max-snippet":"max-snippet:-1","max-image-preview":"max-image-preview:large","max-video-preview":"max-video-preview:-1"},"canonical":"https:\/\/europeix.cat\/produit\/variada\/","twitter_misc":{"Dur\u00e9e de lecture estim\u00e9e":"1 minute"},"schema":{"@context":"https:\/\/schema.org","@graph":[{"@type":"WebPage","@id":"https:\/\/europeix.cat\/produit\/variada\/","url":"https:\/\/europeix.cat\/produit\/variada\/","name":"SAR NOIR - EUROPEIX","isPartOf":{"@id":"https:\/\/europeix.cat\/#website"},"datePublished":"2023-02-17T11:20:33+00:00","dateModified":"2023-04-05T11:53:49+00:00","breadcrumb":{"@id":"https:\/\/europeix.cat\/produit\/variada\/#breadcrumb"},"inLanguage":"fr-FR","potentialAction":[{"@type":"ReadAction","target":["https:\/\/europeix.cat\/produit\/variada\/"]}]},{"@type":"BreadcrumbList","@id":"https:\/\/europeix.cat\/produit\/variada\/#breadcrumb","itemListElement":[{"@type":"ListItem","position":1,"name":"Portada","item":"https:\/\/europeix.cat\/fr\/accueil\/"},{"@type":"ListItem","position":2,"name":"Produits","item":"https:\/\/europeix.cat\/fr\/produits\/"},{"@type":"ListItem","position":3,"name":"SAR NOIR"}]},{"@type":"WebSite","@id":"https:\/\/europeix.cat\/#website","url":"https:\/\/europeix.cat\/","name":"EUROPEIX","description":"EUROPEIX","potentialAction":[{"@type":"SearchAction","target":{"@type":"EntryPoint","urlTemplate":"https:\/\/europeix.cat\/?s={search_term_string}"},"query-input":"required name=search_term_string"}],"inLanguage":"fr-FR"}]}},"_links":{"self":[{"href":"https:\/\/europeix.cat\/fr\/wp-json\/wp\/v2\/product\/1367"}],"collection":[{"href":"https:\/\/europeix.cat\/fr\/wp-json\/wp\/v2\/product"}],"about":[{"href":"https:\/\/europeix.cat\/fr\/wp-json\/wp\/v2\/types\/product"}],"replies":[{"embeddable":true,"href":"https:\/\/europeix.cat\/fr\/wp-json\/wp\/v2\/comments?post=1367"}],"wp:featuredmedia":[{"embeddable":true,"href":"https:\/\/europeix.cat\/fr\/wp-json\/wp\/v2\/media\/2009"}],"wp:attachment":[{"href":"https:\/\/europeix.cat\/fr\/wp-json\/wp\/v2\/media?parent=1367"}],"wp:term":[{"taxonomy":"product_cat","embeddable":true,"href":"https:\/\/europeix.cat\/fr\/wp-json\/wp\/v2\/product_cat?post=1367"},{"taxonomy":"product_tag","embeddable":true,"href":"https:\/\/europeix.cat\/fr\/wp-json\/wp\/v2\/product_tag?post=1367"}],"curies":[{"name":"wp","href":"https:\/\/api.w.org\/{rel}","templated":true}]}}