{"id":1363,"date":"2023-02-17T12:21:19","date_gmt":"2023-02-17T11:21:19","guid":{"rendered":"https:\/\/europeix.cat\/producto\/bisol\/"},"modified":"2023-04-05T13:55:38","modified_gmt":"2023-04-05T11:55:38","slug":"maquereaux","status":"publish","type":"product","link":"https:\/\/europeix.cat\/fr\/produit\/maquereaux\/","title":{"rendered":"MAQUEREAUX"},"content":{"rendered":"<p>Poisson gras, il se diff\u00e9rencie du maquereau par une t\u00eate tr\u00e8s effil\u00e9e et de plus grands yeux, sur le c\u00f4t\u00e9, il a un grand nombre de t\u00e2ches et de rayures de couleur marron, tandis que le ventre est de couleur argent\u00e9e.<\/p>\n<p>Il se trouve \u00e0 partir de la surface jusqu&rsquo;\u00e0 300 m\u00e8tres de profondeur, g\u00e9n\u00e9ralement entre 50 et 200 m\u00e8tres. Il se nourrit de petits poissons et d\u2019invert\u00e9br\u00e9s p\u00e9lagiques.<\/p>\n<p>Sa longueur oscille entre 15 et 30 cm de longueur, mais peut atteindre les 50 cm.<\/p>\n<p>Sa reproduction a lieu de juin \u00e0 ao\u00fbt.<\/p>\n<p>Il est captur\u00e9 par diff\u00e9rents moyens : Chalut de fond et senne.<\/p>\n<p>Sa chair est tendre et l\u00e9g\u00e8rement \u00e9pineuse.<\/p>\n","protected":false},"excerpt":{"rendered":"<p>Scomber (pneumatophorus) japonicus<\/p>\n","protected":false},"featured_media":1995,"comment_status":"closed","ping_status":"closed","template":"","meta":[],"product_cat":[53],"product_tag":[],"yoast_head":"<!-- This site is optimized with the Yoast SEO plugin v20.9 - https:\/\/yoast.com\/wordpress\/plugins\/seo\/ -->\n<title>MAQUEREAUX - EUROPEIX<\/title>\n<meta name=\"robots\" content=\"index, follow, max-snippet:-1, max-image-preview:large, max-video-preview:-1\" \/>\n<link rel=\"canonical\" href=\"https:\/\/europeix.cat\/produit\/bisol\/\" \/>\n<meta name=\"twitter:label1\" content=\"Dur\u00e9e de lecture estim\u00e9e\" \/>\n\t<meta name=\"twitter:data1\" content=\"1 minute\" \/>\n<script type=\"application\/ld+json\" class=\"yoast-schema-graph\">{\"@context\":\"https:\/\/schema.org\",\"@graph\":[{\"@type\":\"WebPage\",\"@id\":\"https:\/\/europeix.cat\/produit\/bisol\/\",\"url\":\"https:\/\/europeix.cat\/produit\/bisol\/\",\"name\":\"MAQUEREAUX - EUROPEIX\",\"isPartOf\":{\"@id\":\"https:\/\/europeix.cat\/#website\"},\"datePublished\":\"2023-02-17T11:21:19+00:00\",\"dateModified\":\"2023-04-05T11:55:38+00:00\",\"breadcrumb\":{\"@id\":\"https:\/\/europeix.cat\/produit\/bisol\/#breadcrumb\"},\"inLanguage\":\"fr-FR\",\"potentialAction\":[{\"@type\":\"ReadAction\",\"target\":[\"https:\/\/europeix.cat\/produit\/bisol\/\"]}]},{\"@type\":\"BreadcrumbList\",\"@id\":\"https:\/\/europeix.cat\/produit\/bisol\/#breadcrumb\",\"itemListElement\":[{\"@type\":\"ListItem\",\"position\":1,\"name\":\"Portada\",\"item\":\"https:\/\/europeix.cat\/fr\/accueil\/\"},{\"@type\":\"ListItem\",\"position\":2,\"name\":\"Produits\",\"item\":\"https:\/\/europeix.cat\/fr\/produits\/\"},{\"@type\":\"ListItem\",\"position\":3,\"name\":\"MAQUEREAUX\"}]},{\"@type\":\"WebSite\",\"@id\":\"https:\/\/europeix.cat\/#website\",\"url\":\"https:\/\/europeix.cat\/\",\"name\":\"EUROPEIX\",\"description\":\"EUROPEIX\",\"potentialAction\":[{\"@type\":\"SearchAction\",\"target\":{\"@type\":\"EntryPoint\",\"urlTemplate\":\"https:\/\/europeix.cat\/?s={search_term_string}\"},\"query-input\":\"required name=search_term_string\"}],\"inLanguage\":\"fr-FR\"}]}<\/script>\n<!-- \/ Yoast SEO plugin. -->","yoast_head_json":{"title":"MAQUEREAUX - EUROPEIX","robots":{"index":"index","follow":"follow","max-snippet":"max-snippet:-1","max-image-preview":"max-image-preview:large","max-video-preview":"max-video-preview:-1"},"canonical":"https:\/\/europeix.cat\/produit\/bisol\/","twitter_misc":{"Dur\u00e9e de lecture estim\u00e9e":"1 minute"},"schema":{"@context":"https:\/\/schema.org","@graph":[{"@type":"WebPage","@id":"https:\/\/europeix.cat\/produit\/bisol\/","url":"https:\/\/europeix.cat\/produit\/bisol\/","name":"MAQUEREAUX - EUROPEIX","isPartOf":{"@id":"https:\/\/europeix.cat\/#website"},"datePublished":"2023-02-17T11:21:19+00:00","dateModified":"2023-04-05T11:55:38+00:00","breadcrumb":{"@id":"https:\/\/europeix.cat\/produit\/bisol\/#breadcrumb"},"inLanguage":"fr-FR","potentialAction":[{"@type":"ReadAction","target":["https:\/\/europeix.cat\/produit\/bisol\/"]}]},{"@type":"BreadcrumbList","@id":"https:\/\/europeix.cat\/produit\/bisol\/#breadcrumb","itemListElement":[{"@type":"ListItem","position":1,"name":"Portada","item":"https:\/\/europeix.cat\/fr\/accueil\/"},{"@type":"ListItem","position":2,"name":"Produits","item":"https:\/\/europeix.cat\/fr\/produits\/"},{"@type":"ListItem","position":3,"name":"MAQUEREAUX"}]},{"@type":"WebSite","@id":"https:\/\/europeix.cat\/#website","url":"https:\/\/europeix.cat\/","name":"EUROPEIX","description":"EUROPEIX","potentialAction":[{"@type":"SearchAction","target":{"@type":"EntryPoint","urlTemplate":"https:\/\/europeix.cat\/?s={search_term_string}"},"query-input":"required name=search_term_string"}],"inLanguage":"fr-FR"}]}},"_links":{"self":[{"href":"https:\/\/europeix.cat\/fr\/wp-json\/wp\/v2\/product\/1363"}],"collection":[{"href":"https:\/\/europeix.cat\/fr\/wp-json\/wp\/v2\/product"}],"about":[{"href":"https:\/\/europeix.cat\/fr\/wp-json\/wp\/v2\/types\/product"}],"replies":[{"embeddable":true,"href":"https:\/\/europeix.cat\/fr\/wp-json\/wp\/v2\/comments?post=1363"}],"wp:featuredmedia":[{"embeddable":true,"href":"https:\/\/europeix.cat\/fr\/wp-json\/wp\/v2\/media\/1995"}],"wp:attachment":[{"href":"https:\/\/europeix.cat\/fr\/wp-json\/wp\/v2\/media?parent=1363"}],"wp:term":[{"taxonomy":"product_cat","embeddable":true,"href":"https:\/\/europeix.cat\/fr\/wp-json\/wp\/v2\/product_cat?post=1363"},{"taxonomy":"product_tag","embeddable":true,"href":"https:\/\/europeix.cat\/fr\/wp-json\/wp\/v2\/product_tag?post=1363"}],"curies":[{"name":"wp","href":"https:\/\/api.w.org\/{rel}","templated":true}]}}