{"id":1351,"date":"2023-02-17T12:25:16","date_gmt":"2023-02-17T11:25:16","guid":{"rendered":"https:\/\/europeix.cat\/producto\/castanyola\/"},"modified":"2023-04-05T15:56:42","modified_gmt":"2023-04-05T13:56:42","slug":"grande-castagnole","status":"publish","type":"product","link":"https:\/\/europeix.cat\/fr\/produit\/grande-castagnole\/","title":{"rendered":"GRANDE CASTAGNOLE"},"content":{"rendered":"<p>La br\u00e8me de mer dispose d\u2019un corps haut, tr\u00e8s ovale et comprim\u00e9, avec une grande bouche et de petits yeux. Son dos est de couleur gris bleut\u00e9, les flancs sont un peu plus clairs, et le ventre argent\u00e9.<\/p>\n<p>Il s\u2019agit d\u2019une esp\u00e8ce p\u00e9lagique, qui vit entre 100 et 300 m de profondeur. Pendant la nuit, il monte \u00e0 la surface, \u00e0 la recherche de nourriture. Quand il est petit, il se nourrit de crustac\u00e9s, mais quand il est d\u00e9j\u00e0 adulte, il adopte un r\u00e9gime alimentaire compos\u00e9 de poissons et de calmars.<\/p>\n<p>Sa taille maximale est de 70 cm avec un poids de 6 kg.<\/p>\n<p>Il se reproduit en \u00e9t\u00e9 (d\u2019ao\u00fbt \u00e0 septembre).<\/p>\n<p>Il est captur\u00e9 en p\u00eache \u00e0 la palangre.<\/p>\n","protected":false},"excerpt":{"rendered":"<p>Brama brama<\/p>\n","protected":false},"featured_media":986,"comment_status":"closed","ping_status":"closed","template":"","meta":[],"product_cat":[53],"product_tag":[],"yoast_head":"<!-- This site is optimized with the Yoast SEO plugin v20.9 - https:\/\/yoast.com\/wordpress\/plugins\/seo\/ -->\n<title>GRANDE CASTAGNOLE - EUROPEIX<\/title>\n<meta name=\"robots\" content=\"index, follow, max-snippet:-1, max-image-preview:large, max-video-preview:-1\" \/>\n<link rel=\"canonical\" href=\"https:\/\/europeix.cat\/produit\/castanyola\/\" \/>\n<meta name=\"twitter:label1\" content=\"Dur\u00e9e de lecture estim\u00e9e\" \/>\n\t<meta name=\"twitter:data1\" content=\"1 minute\" \/>\n<script type=\"application\/ld+json\" class=\"yoast-schema-graph\">{\"@context\":\"https:\/\/schema.org\",\"@graph\":[{\"@type\":\"WebPage\",\"@id\":\"https:\/\/europeix.cat\/produit\/castanyola\/\",\"url\":\"https:\/\/europeix.cat\/produit\/castanyola\/\",\"name\":\"GRANDE CASTAGNOLE - EUROPEIX\",\"isPartOf\":{\"@id\":\"https:\/\/europeix.cat\/#website\"},\"datePublished\":\"2023-02-17T11:25:16+00:00\",\"dateModified\":\"2023-04-05T13:56:42+00:00\",\"breadcrumb\":{\"@id\":\"https:\/\/europeix.cat\/produit\/castanyola\/#breadcrumb\"},\"inLanguage\":\"fr-FR\",\"potentialAction\":[{\"@type\":\"ReadAction\",\"target\":[\"https:\/\/europeix.cat\/produit\/castanyola\/\"]}]},{\"@type\":\"BreadcrumbList\",\"@id\":\"https:\/\/europeix.cat\/produit\/castanyola\/#breadcrumb\",\"itemListElement\":[{\"@type\":\"ListItem\",\"position\":1,\"name\":\"Portada\",\"item\":\"https:\/\/europeix.cat\/fr\/accueil\/\"},{\"@type\":\"ListItem\",\"position\":2,\"name\":\"Produits\",\"item\":\"https:\/\/europeix.cat\/fr\/produits\/\"},{\"@type\":\"ListItem\",\"position\":3,\"name\":\"GRANDE CASTAGNOLE\"}]},{\"@type\":\"WebSite\",\"@id\":\"https:\/\/europeix.cat\/#website\",\"url\":\"https:\/\/europeix.cat\/\",\"name\":\"EUROPEIX\",\"description\":\"EUROPEIX\",\"potentialAction\":[{\"@type\":\"SearchAction\",\"target\":{\"@type\":\"EntryPoint\",\"urlTemplate\":\"https:\/\/europeix.cat\/?s={search_term_string}\"},\"query-input\":\"required name=search_term_string\"}],\"inLanguage\":\"fr-FR\"}]}<\/script>\n<!-- \/ Yoast SEO plugin. -->","yoast_head_json":{"title":"GRANDE CASTAGNOLE - EUROPEIX","robots":{"index":"index","follow":"follow","max-snippet":"max-snippet:-1","max-image-preview":"max-image-preview:large","max-video-preview":"max-video-preview:-1"},"canonical":"https:\/\/europeix.cat\/produit\/castanyola\/","twitter_misc":{"Dur\u00e9e de lecture estim\u00e9e":"1 minute"},"schema":{"@context":"https:\/\/schema.org","@graph":[{"@type":"WebPage","@id":"https:\/\/europeix.cat\/produit\/castanyola\/","url":"https:\/\/europeix.cat\/produit\/castanyola\/","name":"GRANDE CASTAGNOLE - EUROPEIX","isPartOf":{"@id":"https:\/\/europeix.cat\/#website"},"datePublished":"2023-02-17T11:25:16+00:00","dateModified":"2023-04-05T13:56:42+00:00","breadcrumb":{"@id":"https:\/\/europeix.cat\/produit\/castanyola\/#breadcrumb"},"inLanguage":"fr-FR","potentialAction":[{"@type":"ReadAction","target":["https:\/\/europeix.cat\/produit\/castanyola\/"]}]},{"@type":"BreadcrumbList","@id":"https:\/\/europeix.cat\/produit\/castanyola\/#breadcrumb","itemListElement":[{"@type":"ListItem","position":1,"name":"Portada","item":"https:\/\/europeix.cat\/fr\/accueil\/"},{"@type":"ListItem","position":2,"name":"Produits","item":"https:\/\/europeix.cat\/fr\/produits\/"},{"@type":"ListItem","position":3,"name":"GRANDE CASTAGNOLE"}]},{"@type":"WebSite","@id":"https:\/\/europeix.cat\/#website","url":"https:\/\/europeix.cat\/","name":"EUROPEIX","description":"EUROPEIX","potentialAction":[{"@type":"SearchAction","target":{"@type":"EntryPoint","urlTemplate":"https:\/\/europeix.cat\/?s={search_term_string}"},"query-input":"required name=search_term_string"}],"inLanguage":"fr-FR"}]}},"_links":{"self":[{"href":"https:\/\/europeix.cat\/fr\/wp-json\/wp\/v2\/product\/1351"}],"collection":[{"href":"https:\/\/europeix.cat\/fr\/wp-json\/wp\/v2\/product"}],"about":[{"href":"https:\/\/europeix.cat\/fr\/wp-json\/wp\/v2\/types\/product"}],"replies":[{"embeddable":true,"href":"https:\/\/europeix.cat\/fr\/wp-json\/wp\/v2\/comments?post=1351"}],"wp:featuredmedia":[{"embeddable":true,"href":"https:\/\/europeix.cat\/fr\/wp-json\/wp\/v2\/media\/986"}],"wp:attachment":[{"href":"https:\/\/europeix.cat\/fr\/wp-json\/wp\/v2\/media?parent=1351"}],"wp:term":[{"taxonomy":"product_cat","embeddable":true,"href":"https:\/\/europeix.cat\/fr\/wp-json\/wp\/v2\/product_cat?post=1351"},{"taxonomy":"product_tag","embeddable":true,"href":"https:\/\/europeix.cat\/fr\/wp-json\/wp\/v2\/product_tag?post=1351"}],"curies":[{"name":"wp","href":"https:\/\/api.w.org\/{rel}","templated":true}]}}