{"id":1347,"date":"2023-02-17T12:25:56","date_gmt":"2023-02-17T11:25:56","guid":{"rendered":"https:\/\/europeix.cat\/producto\/espet\/"},"modified":"2023-04-05T15:59:02","modified_gmt":"2023-04-05T13:59:02","slug":"barracuda","status":"publish","type":"product","link":"https:\/\/europeix.cat\/fr\/produit\/barracuda\/","title":{"rendered":"BARRACUDA"},"content":{"rendered":"<p>Il s\u2019agit d\u2019un poisson au corps tr\u00e8s allong\u00e9, arrondi et \u00e9troit, avec une m\u00e2choire inf\u00e9rieure un peu plus large que la m\u00e2choire sup\u00e9rieure. Sa coloration est vert brun, gris verd\u00e2tre ou jaun\u00e2tre avec une vingtaine de bandes transversales plus fonc\u00e9es sur la moiti\u00e9 sup\u00e9rieure du corps.<\/p>\n<p>Il vit sur des fonds sableux et rocheux de la zone c\u00f4ti\u00e8re, les jeunes ont l\u2019habitude de nager en grands bancs, tandis que les adultes vivent en solitaire. Il se nourrit de poissons, de crustac\u00e9s et de calmars.<\/p>\n<p>Sa reproduction a lieu d\u2019avril \u00e0 septembre et il vit en eaux chaudes.<\/p>\n<p>C\u2019est un poisson d\u2019une longueur de 30 \u00e0 60 cm, bien qu\u2019il puisse atteindre 1 m.<\/p>\n<p>Il est captur\u00e9 par diff\u00e9rents moyens : Senne, tr\u00e9mail et palangre.<\/p>\n<p>Sa chair est tr\u00e8s tendre, savoureuse et de bonne qualit\u00e9.<\/p>\n","protected":false},"excerpt":{"rendered":"<p>Sphyraena sphyraena<\/p>\n","protected":false},"featured_media":1980,"comment_status":"closed","ping_status":"closed","template":"","meta":[],"product_cat":[53],"product_tag":[],"yoast_head":"<!-- This site is optimized with the Yoast SEO plugin v20.9 - https:\/\/yoast.com\/wordpress\/plugins\/seo\/ -->\n<title>BARRACUDA - EUROPEIX<\/title>\n<meta name=\"robots\" content=\"index, follow, max-snippet:-1, max-image-preview:large, max-video-preview:-1\" \/>\n<link rel=\"canonical\" href=\"https:\/\/europeix.cat\/produit\/espet\/\" \/>\n<meta name=\"twitter:label1\" content=\"Dur\u00e9e de lecture estim\u00e9e\" \/>\n\t<meta name=\"twitter:data1\" content=\"1 minute\" \/>\n<script type=\"application\/ld+json\" class=\"yoast-schema-graph\">{\"@context\":\"https:\/\/schema.org\",\"@graph\":[{\"@type\":\"WebPage\",\"@id\":\"https:\/\/europeix.cat\/produit\/espet\/\",\"url\":\"https:\/\/europeix.cat\/produit\/espet\/\",\"name\":\"BARRACUDA - EUROPEIX\",\"isPartOf\":{\"@id\":\"https:\/\/europeix.cat\/#website\"},\"datePublished\":\"2023-02-17T11:25:56+00:00\",\"dateModified\":\"2023-04-05T13:59:02+00:00\",\"breadcrumb\":{\"@id\":\"https:\/\/europeix.cat\/produit\/espet\/#breadcrumb\"},\"inLanguage\":\"fr-FR\",\"potentialAction\":[{\"@type\":\"ReadAction\",\"target\":[\"https:\/\/europeix.cat\/produit\/espet\/\"]}]},{\"@type\":\"BreadcrumbList\",\"@id\":\"https:\/\/europeix.cat\/produit\/espet\/#breadcrumb\",\"itemListElement\":[{\"@type\":\"ListItem\",\"position\":1,\"name\":\"Portada\",\"item\":\"https:\/\/europeix.cat\/fr\/accueil\/\"},{\"@type\":\"ListItem\",\"position\":2,\"name\":\"Produits\",\"item\":\"https:\/\/europeix.cat\/fr\/produits\/\"},{\"@type\":\"ListItem\",\"position\":3,\"name\":\"BARRACUDA\"}]},{\"@type\":\"WebSite\",\"@id\":\"https:\/\/europeix.cat\/#website\",\"url\":\"https:\/\/europeix.cat\/\",\"name\":\"EUROPEIX\",\"description\":\"EUROPEIX\",\"potentialAction\":[{\"@type\":\"SearchAction\",\"target\":{\"@type\":\"EntryPoint\",\"urlTemplate\":\"https:\/\/europeix.cat\/?s={search_term_string}\"},\"query-input\":\"required name=search_term_string\"}],\"inLanguage\":\"fr-FR\"}]}<\/script>\n<!-- \/ Yoast SEO plugin. -->","yoast_head_json":{"title":"BARRACUDA - EUROPEIX","robots":{"index":"index","follow":"follow","max-snippet":"max-snippet:-1","max-image-preview":"max-image-preview:large","max-video-preview":"max-video-preview:-1"},"canonical":"https:\/\/europeix.cat\/produit\/espet\/","twitter_misc":{"Dur\u00e9e de lecture estim\u00e9e":"1 minute"},"schema":{"@context":"https:\/\/schema.org","@graph":[{"@type":"WebPage","@id":"https:\/\/europeix.cat\/produit\/espet\/","url":"https:\/\/europeix.cat\/produit\/espet\/","name":"BARRACUDA - EUROPEIX","isPartOf":{"@id":"https:\/\/europeix.cat\/#website"},"datePublished":"2023-02-17T11:25:56+00:00","dateModified":"2023-04-05T13:59:02+00:00","breadcrumb":{"@id":"https:\/\/europeix.cat\/produit\/espet\/#breadcrumb"},"inLanguage":"fr-FR","potentialAction":[{"@type":"ReadAction","target":["https:\/\/europeix.cat\/produit\/espet\/"]}]},{"@type":"BreadcrumbList","@id":"https:\/\/europeix.cat\/produit\/espet\/#breadcrumb","itemListElement":[{"@type":"ListItem","position":1,"name":"Portada","item":"https:\/\/europeix.cat\/fr\/accueil\/"},{"@type":"ListItem","position":2,"name":"Produits","item":"https:\/\/europeix.cat\/fr\/produits\/"},{"@type":"ListItem","position":3,"name":"BARRACUDA"}]},{"@type":"WebSite","@id":"https:\/\/europeix.cat\/#website","url":"https:\/\/europeix.cat\/","name":"EUROPEIX","description":"EUROPEIX","potentialAction":[{"@type":"SearchAction","target":{"@type":"EntryPoint","urlTemplate":"https:\/\/europeix.cat\/?s={search_term_string}"},"query-input":"required name=search_term_string"}],"inLanguage":"fr-FR"}]}},"_links":{"self":[{"href":"https:\/\/europeix.cat\/fr\/wp-json\/wp\/v2\/product\/1347"}],"collection":[{"href":"https:\/\/europeix.cat\/fr\/wp-json\/wp\/v2\/product"}],"about":[{"href":"https:\/\/europeix.cat\/fr\/wp-json\/wp\/v2\/types\/product"}],"replies":[{"embeddable":true,"href":"https:\/\/europeix.cat\/fr\/wp-json\/wp\/v2\/comments?post=1347"}],"wp:featuredmedia":[{"embeddable":true,"href":"https:\/\/europeix.cat\/fr\/wp-json\/wp\/v2\/media\/1980"}],"wp:attachment":[{"href":"https:\/\/europeix.cat\/fr\/wp-json\/wp\/v2\/media?parent=1347"}],"wp:term":[{"taxonomy":"product_cat","embeddable":true,"href":"https:\/\/europeix.cat\/fr\/wp-json\/wp\/v2\/product_cat?post=1347"},{"taxonomy":"product_tag","embeddable":true,"href":"https:\/\/europeix.cat\/fr\/wp-json\/wp\/v2\/product_tag?post=1347"}],"curies":[{"name":"wp","href":"https:\/\/api.w.org\/{rel}","templated":true}]}}