{"id":1343,"date":"2023-02-17T12:27:49","date_gmt":"2023-02-17T11:27:49","guid":{"rendered":"https:\/\/europeix.cat\/producto\/llampuga\/"},"modified":"2023-04-05T16:04:56","modified_gmt":"2023-04-05T14:04:56","slug":"dorade-coryphene","status":"publish","type":"product","link":"https:\/\/europeix.cat\/fr\/produit\/dorade-coryphene\/","title":{"rendered":"DORADE CORYPHENE"},"content":{"rendered":"<p>Il s\u2019agit d\u2019un poisson \u00e0 grande bouche oblique, au corps tr\u00e8s allong\u00e9, recouvert de petites \u00e9cailles. Sa coloration sur le dos et sur les nageoires est de couleur bleue et verte avec des reflets m\u00e9talliques, et ses flancs sont argent\u00e9s avec des tonalit\u00e9s dor\u00e9es. Il a des taches de couleur bleu m\u00e9tallique sur tout le corps.<\/p>\n<p>Il s\u2019agit d\u2019une esp\u00e8ce p\u00e9lagique, qui vit g\u00e9n\u00e9ralement en pleine mer, \u00e0 grande distance de la c\u00f4te. Il se nourrit de poissons volants, de maquereaux ou des sardines.<\/p>\n<p>Il peut atteindre presque 2 m de long, avec un poids de 30 kg.<\/p>\n<p>Il s\u2019agit d\u2019un poisson gras, sa chair est savoureuse et de saveur intense.<\/p>\n<p>Il est captur\u00e9 par diff\u00e9rents moyens : Senne, tr\u00e9mail et palangre.<\/p>\n","protected":false},"excerpt":{"rendered":"<p>Coryphaena hippurus<\/p>\n","protected":false},"featured_media":998,"comment_status":"closed","ping_status":"closed","template":"","meta":[],"product_cat":[53],"product_tag":[],"yoast_head":"<!-- This site is optimized with the Yoast SEO plugin v20.9 - https:\/\/yoast.com\/wordpress\/plugins\/seo\/ -->\n<title>DORADE CORYPHENE - EUROPEIX<\/title>\n<meta name=\"robots\" content=\"index, follow, max-snippet:-1, max-image-preview:large, max-video-preview:-1\" \/>\n<link rel=\"canonical\" href=\"https:\/\/europeix.cat\/produit\/llampuga\/\" \/>\n<meta name=\"twitter:label1\" content=\"Dur\u00e9e de lecture estim\u00e9e\" \/>\n\t<meta name=\"twitter:data1\" content=\"1 minute\" \/>\n<script type=\"application\/ld+json\" class=\"yoast-schema-graph\">{\"@context\":\"https:\/\/schema.org\",\"@graph\":[{\"@type\":\"WebPage\",\"@id\":\"https:\/\/europeix.cat\/produit\/llampuga\/\",\"url\":\"https:\/\/europeix.cat\/produit\/llampuga\/\",\"name\":\"DORADE CORYPHENE - EUROPEIX\",\"isPartOf\":{\"@id\":\"https:\/\/europeix.cat\/#website\"},\"datePublished\":\"2023-02-17T11:27:49+00:00\",\"dateModified\":\"2023-04-05T14:04:56+00:00\",\"breadcrumb\":{\"@id\":\"https:\/\/europeix.cat\/produit\/llampuga\/#breadcrumb\"},\"inLanguage\":\"fr-FR\",\"potentialAction\":[{\"@type\":\"ReadAction\",\"target\":[\"https:\/\/europeix.cat\/produit\/llampuga\/\"]}]},{\"@type\":\"BreadcrumbList\",\"@id\":\"https:\/\/europeix.cat\/produit\/llampuga\/#breadcrumb\",\"itemListElement\":[{\"@type\":\"ListItem\",\"position\":1,\"name\":\"Portada\",\"item\":\"https:\/\/europeix.cat\/fr\/accueil\/\"},{\"@type\":\"ListItem\",\"position\":2,\"name\":\"Produits\",\"item\":\"https:\/\/europeix.cat\/fr\/produits\/\"},{\"@type\":\"ListItem\",\"position\":3,\"name\":\"DORADE CORYPHENE\"}]},{\"@type\":\"WebSite\",\"@id\":\"https:\/\/europeix.cat\/#website\",\"url\":\"https:\/\/europeix.cat\/\",\"name\":\"EUROPEIX\",\"description\":\"EUROPEIX\",\"potentialAction\":[{\"@type\":\"SearchAction\",\"target\":{\"@type\":\"EntryPoint\",\"urlTemplate\":\"https:\/\/europeix.cat\/?s={search_term_string}\"},\"query-input\":\"required name=search_term_string\"}],\"inLanguage\":\"fr-FR\"}]}<\/script>\n<!-- \/ Yoast SEO plugin. -->","yoast_head_json":{"title":"DORADE CORYPHENE - EUROPEIX","robots":{"index":"index","follow":"follow","max-snippet":"max-snippet:-1","max-image-preview":"max-image-preview:large","max-video-preview":"max-video-preview:-1"},"canonical":"https:\/\/europeix.cat\/produit\/llampuga\/","twitter_misc":{"Dur\u00e9e de lecture estim\u00e9e":"1 minute"},"schema":{"@context":"https:\/\/schema.org","@graph":[{"@type":"WebPage","@id":"https:\/\/europeix.cat\/produit\/llampuga\/","url":"https:\/\/europeix.cat\/produit\/llampuga\/","name":"DORADE CORYPHENE - EUROPEIX","isPartOf":{"@id":"https:\/\/europeix.cat\/#website"},"datePublished":"2023-02-17T11:27:49+00:00","dateModified":"2023-04-05T14:04:56+00:00","breadcrumb":{"@id":"https:\/\/europeix.cat\/produit\/llampuga\/#breadcrumb"},"inLanguage":"fr-FR","potentialAction":[{"@type":"ReadAction","target":["https:\/\/europeix.cat\/produit\/llampuga\/"]}]},{"@type":"BreadcrumbList","@id":"https:\/\/europeix.cat\/produit\/llampuga\/#breadcrumb","itemListElement":[{"@type":"ListItem","position":1,"name":"Portada","item":"https:\/\/europeix.cat\/fr\/accueil\/"},{"@type":"ListItem","position":2,"name":"Produits","item":"https:\/\/europeix.cat\/fr\/produits\/"},{"@type":"ListItem","position":3,"name":"DORADE CORYPHENE"}]},{"@type":"WebSite","@id":"https:\/\/europeix.cat\/#website","url":"https:\/\/europeix.cat\/","name":"EUROPEIX","description":"EUROPEIX","potentialAction":[{"@type":"SearchAction","target":{"@type":"EntryPoint","urlTemplate":"https:\/\/europeix.cat\/?s={search_term_string}"},"query-input":"required name=search_term_string"}],"inLanguage":"fr-FR"}]}},"_links":{"self":[{"href":"https:\/\/europeix.cat\/fr\/wp-json\/wp\/v2\/product\/1343"}],"collection":[{"href":"https:\/\/europeix.cat\/fr\/wp-json\/wp\/v2\/product"}],"about":[{"href":"https:\/\/europeix.cat\/fr\/wp-json\/wp\/v2\/types\/product"}],"replies":[{"embeddable":true,"href":"https:\/\/europeix.cat\/fr\/wp-json\/wp\/v2\/comments?post=1343"}],"wp:featuredmedia":[{"embeddable":true,"href":"https:\/\/europeix.cat\/fr\/wp-json\/wp\/v2\/media\/998"}],"wp:attachment":[{"href":"https:\/\/europeix.cat\/fr\/wp-json\/wp\/v2\/media?parent=1343"}],"wp:term":[{"taxonomy":"product_cat","embeddable":true,"href":"https:\/\/europeix.cat\/fr\/wp-json\/wp\/v2\/product_cat?post=1343"},{"taxonomy":"product_tag","embeddable":true,"href":"https:\/\/europeix.cat\/fr\/wp-json\/wp\/v2\/product_tag?post=1343"}],"curies":[{"name":"wp","href":"https:\/\/api.w.org\/{rel}","templated":true}]}}