{"id":1335,"date":"2023-02-17T12:29:31","date_gmt":"2023-02-17T11:29:31","guid":{"rendered":"https:\/\/europeix.cat\/producto\/maire\/"},"modified":"2023-04-05T16:09:09","modified_gmt":"2023-04-05T14:09:09","slug":"merlan-bleu","status":"publish","type":"product","link":"https:\/\/europeix.cat\/fr\/produit\/merlan-bleu\/","title":{"rendered":"MERLAN BLEU"},"content":{"rendered":"<p>Il s\u2019agit d\u2019un poisson au corps allong\u00e9 et recouvert de petites \u00e9cailles, avec des yeux grands et brillants. Il a le dos de couleur grise avec des nuances de brun ou de bleu et le ventre blanc.<\/p>\n<p>Il vit sur des fonds sableux, il peut \u00eatre trouv\u00e9 entre 300 et 400 m de profondeur. Il se nourrit de crustac\u00e9s, de petits poissons et de c\u00e9phalopodes.<\/p>\n<p>C\u2019est un poisson qui peut faire 50 cm, le plus couramment de 15 \u00e0 30 cm.<\/p>\n<p>Il se reproduit de janvier \u00e0 mars.<\/p>\n<p>Il est p\u00each\u00e9 au moyen d\u2019un chalut de fond.<\/p>\n<p>Poisson blanc, \u00e0 faible teneur en mati\u00e8res grasses. Il se distingue comme une bonne source de prot\u00e9ines, de vitamines et de min\u00e9raux.<\/p>\n","protected":false},"excerpt":{"rendered":"<p>Micromesistius poutassou<\/p>\n","protected":false},"featured_media":1970,"comment_status":"closed","ping_status":"closed","template":"","meta":[],"product_cat":[53],"product_tag":[],"yoast_head":"<!-- This site is optimized with the Yoast SEO plugin v20.9 - https:\/\/yoast.com\/wordpress\/plugins\/seo\/ -->\n<title>MERLAN BLEU - EUROPEIX<\/title>\n<meta name=\"robots\" content=\"index, follow, max-snippet:-1, max-image-preview:large, max-video-preview:-1\" \/>\n<link rel=\"canonical\" href=\"https:\/\/europeix.cat\/produit\/maire\/\" \/>\n<meta name=\"twitter:label1\" content=\"Dur\u00e9e de lecture estim\u00e9e\" \/>\n\t<meta name=\"twitter:data1\" content=\"1 minute\" \/>\n<script type=\"application\/ld+json\" class=\"yoast-schema-graph\">{\"@context\":\"https:\/\/schema.org\",\"@graph\":[{\"@type\":\"WebPage\",\"@id\":\"https:\/\/europeix.cat\/produit\/maire\/\",\"url\":\"https:\/\/europeix.cat\/produit\/maire\/\",\"name\":\"MERLAN BLEU - EUROPEIX\",\"isPartOf\":{\"@id\":\"https:\/\/europeix.cat\/#website\"},\"datePublished\":\"2023-02-17T11:29:31+00:00\",\"dateModified\":\"2023-04-05T14:09:09+00:00\",\"breadcrumb\":{\"@id\":\"https:\/\/europeix.cat\/produit\/maire\/#breadcrumb\"},\"inLanguage\":\"fr-FR\",\"potentialAction\":[{\"@type\":\"ReadAction\",\"target\":[\"https:\/\/europeix.cat\/produit\/maire\/\"]}]},{\"@type\":\"BreadcrumbList\",\"@id\":\"https:\/\/europeix.cat\/produit\/maire\/#breadcrumb\",\"itemListElement\":[{\"@type\":\"ListItem\",\"position\":1,\"name\":\"Portada\",\"item\":\"https:\/\/europeix.cat\/fr\/accueil\/\"},{\"@type\":\"ListItem\",\"position\":2,\"name\":\"Produits\",\"item\":\"https:\/\/europeix.cat\/fr\/produits\/\"},{\"@type\":\"ListItem\",\"position\":3,\"name\":\"MERLAN BLEU\"}]},{\"@type\":\"WebSite\",\"@id\":\"https:\/\/europeix.cat\/#website\",\"url\":\"https:\/\/europeix.cat\/\",\"name\":\"EUROPEIX\",\"description\":\"EUROPEIX\",\"potentialAction\":[{\"@type\":\"SearchAction\",\"target\":{\"@type\":\"EntryPoint\",\"urlTemplate\":\"https:\/\/europeix.cat\/?s={search_term_string}\"},\"query-input\":\"required name=search_term_string\"}],\"inLanguage\":\"fr-FR\"}]}<\/script>\n<!-- \/ Yoast SEO plugin. -->","yoast_head_json":{"title":"MERLAN BLEU - EUROPEIX","robots":{"index":"index","follow":"follow","max-snippet":"max-snippet:-1","max-image-preview":"max-image-preview:large","max-video-preview":"max-video-preview:-1"},"canonical":"https:\/\/europeix.cat\/produit\/maire\/","twitter_misc":{"Dur\u00e9e de lecture estim\u00e9e":"1 minute"},"schema":{"@context":"https:\/\/schema.org","@graph":[{"@type":"WebPage","@id":"https:\/\/europeix.cat\/produit\/maire\/","url":"https:\/\/europeix.cat\/produit\/maire\/","name":"MERLAN BLEU - EUROPEIX","isPartOf":{"@id":"https:\/\/europeix.cat\/#website"},"datePublished":"2023-02-17T11:29:31+00:00","dateModified":"2023-04-05T14:09:09+00:00","breadcrumb":{"@id":"https:\/\/europeix.cat\/produit\/maire\/#breadcrumb"},"inLanguage":"fr-FR","potentialAction":[{"@type":"ReadAction","target":["https:\/\/europeix.cat\/produit\/maire\/"]}]},{"@type":"BreadcrumbList","@id":"https:\/\/europeix.cat\/produit\/maire\/#breadcrumb","itemListElement":[{"@type":"ListItem","position":1,"name":"Portada","item":"https:\/\/europeix.cat\/fr\/accueil\/"},{"@type":"ListItem","position":2,"name":"Produits","item":"https:\/\/europeix.cat\/fr\/produits\/"},{"@type":"ListItem","position":3,"name":"MERLAN BLEU"}]},{"@type":"WebSite","@id":"https:\/\/europeix.cat\/#website","url":"https:\/\/europeix.cat\/","name":"EUROPEIX","description":"EUROPEIX","potentialAction":[{"@type":"SearchAction","target":{"@type":"EntryPoint","urlTemplate":"https:\/\/europeix.cat\/?s={search_term_string}"},"query-input":"required name=search_term_string"}],"inLanguage":"fr-FR"}]}},"_links":{"self":[{"href":"https:\/\/europeix.cat\/fr\/wp-json\/wp\/v2\/product\/1335"}],"collection":[{"href":"https:\/\/europeix.cat\/fr\/wp-json\/wp\/v2\/product"}],"about":[{"href":"https:\/\/europeix.cat\/fr\/wp-json\/wp\/v2\/types\/product"}],"replies":[{"embeddable":true,"href":"https:\/\/europeix.cat\/fr\/wp-json\/wp\/v2\/comments?post=1335"}],"wp:featuredmedia":[{"embeddable":true,"href":"https:\/\/europeix.cat\/fr\/wp-json\/wp\/v2\/media\/1970"}],"wp:attachment":[{"href":"https:\/\/europeix.cat\/fr\/wp-json\/wp\/v2\/media?parent=1335"}],"wp:term":[{"taxonomy":"product_cat","embeddable":true,"href":"https:\/\/europeix.cat\/fr\/wp-json\/wp\/v2\/product_cat?post=1335"},{"taxonomy":"product_tag","embeddable":true,"href":"https:\/\/europeix.cat\/fr\/wp-json\/wp\/v2\/product_tag?post=1335"}],"curies":[{"name":"wp","href":"https:\/\/api.w.org\/{rel}","templated":true}]}}