{"id":1331,"date":"2023-02-17T12:30:01","date_gmt":"2023-02-17T11:30:01","guid":{"rendered":"https:\/\/europeix.cat\/producto\/moll-de-fang\/"},"modified":"2023-04-05T16:11:09","modified_gmt":"2023-04-05T14:11:09","slug":"rouget-barbet","status":"publish","type":"product","link":"https:\/\/europeix.cat\/fr\/produit\/rouget-barbet\/","title":{"rendered":"ROUGET BARBET"},"content":{"rendered":"<p>Poisson de petite taille, au front tr\u00e8s tombant, ayant une petite bouche avec deux barbillons en dessous de la m\u00e2choire inf\u00e9rieure, qui lui servent d\u2019organe sensoriel du go\u00fbt et du toucher. Le corps est rouge\u00e2tre, avec des reflets dor\u00e9s.<\/p>\n<p>Il forme des petits bancs pr\u00e8s de la c\u00f4te, dur des fonds de sable ou de vase, jusqu\u2019\u00e0 environ 200 m de profondeur. Il se nourrit de petits crustac\u00e9s et de mollusques.<\/p>\n<p>Sa longueur maximale est de 30 cm, le plus couramment de 10 \u00e0 20 cm.<\/p>\n<p>Sa reproduction a lieu d\u2019avril \u00e0 ao\u00fbt.<\/p>\n<p>Il est captur\u00e9 par diff\u00e9rents moyens : Chalut de fond et tr\u00e9mail.<\/p>\n<p>Poisson blanc semi-gras, il pr\u00e9sente une bonne quantit\u00e9 de prot\u00e9ines, de vitamines et de min\u00e9raux.<\/p>\n","protected":false},"excerpt":{"rendered":"<p>Mullus barbatus<\/p>\n","protected":false},"featured_media":1965,"comment_status":"closed","ping_status":"closed","template":"","meta":[],"product_cat":[53],"product_tag":[],"yoast_head":"<!-- This site is optimized with the Yoast SEO plugin v20.9 - https:\/\/yoast.com\/wordpress\/plugins\/seo\/ -->\n<title>ROUGET BARBET - EUROPEIX<\/title>\n<meta name=\"robots\" content=\"index, follow, max-snippet:-1, max-image-preview:large, max-video-preview:-1\" \/>\n<link rel=\"canonical\" href=\"https:\/\/europeix.cat\/produit\/moll-de-fang\/\" \/>\n<meta name=\"twitter:label1\" content=\"Dur\u00e9e de lecture estim\u00e9e\" \/>\n\t<meta name=\"twitter:data1\" content=\"1 minute\" \/>\n<script type=\"application\/ld+json\" class=\"yoast-schema-graph\">{\"@context\":\"https:\/\/schema.org\",\"@graph\":[{\"@type\":\"WebPage\",\"@id\":\"https:\/\/europeix.cat\/produit\/moll-de-fang\/\",\"url\":\"https:\/\/europeix.cat\/produit\/moll-de-fang\/\",\"name\":\"ROUGET BARBET - EUROPEIX\",\"isPartOf\":{\"@id\":\"https:\/\/europeix.cat\/#website\"},\"datePublished\":\"2023-02-17T11:30:01+00:00\",\"dateModified\":\"2023-04-05T14:11:09+00:00\",\"breadcrumb\":{\"@id\":\"https:\/\/europeix.cat\/produit\/moll-de-fang\/#breadcrumb\"},\"inLanguage\":\"fr-FR\",\"potentialAction\":[{\"@type\":\"ReadAction\",\"target\":[\"https:\/\/europeix.cat\/produit\/moll-de-fang\/\"]}]},{\"@type\":\"BreadcrumbList\",\"@id\":\"https:\/\/europeix.cat\/produit\/moll-de-fang\/#breadcrumb\",\"itemListElement\":[{\"@type\":\"ListItem\",\"position\":1,\"name\":\"Portada\",\"item\":\"https:\/\/europeix.cat\/fr\/accueil\/\"},{\"@type\":\"ListItem\",\"position\":2,\"name\":\"Produits\",\"item\":\"https:\/\/europeix.cat\/fr\/produits\/\"},{\"@type\":\"ListItem\",\"position\":3,\"name\":\"ROUGET BARBET\"}]},{\"@type\":\"WebSite\",\"@id\":\"https:\/\/europeix.cat\/#website\",\"url\":\"https:\/\/europeix.cat\/\",\"name\":\"EUROPEIX\",\"description\":\"EUROPEIX\",\"potentialAction\":[{\"@type\":\"SearchAction\",\"target\":{\"@type\":\"EntryPoint\",\"urlTemplate\":\"https:\/\/europeix.cat\/?s={search_term_string}\"},\"query-input\":\"required name=search_term_string\"}],\"inLanguage\":\"fr-FR\"}]}<\/script>\n<!-- \/ Yoast SEO plugin. -->","yoast_head_json":{"title":"ROUGET BARBET - EUROPEIX","robots":{"index":"index","follow":"follow","max-snippet":"max-snippet:-1","max-image-preview":"max-image-preview:large","max-video-preview":"max-video-preview:-1"},"canonical":"https:\/\/europeix.cat\/produit\/moll-de-fang\/","twitter_misc":{"Dur\u00e9e de lecture estim\u00e9e":"1 minute"},"schema":{"@context":"https:\/\/schema.org","@graph":[{"@type":"WebPage","@id":"https:\/\/europeix.cat\/produit\/moll-de-fang\/","url":"https:\/\/europeix.cat\/produit\/moll-de-fang\/","name":"ROUGET BARBET - EUROPEIX","isPartOf":{"@id":"https:\/\/europeix.cat\/#website"},"datePublished":"2023-02-17T11:30:01+00:00","dateModified":"2023-04-05T14:11:09+00:00","breadcrumb":{"@id":"https:\/\/europeix.cat\/produit\/moll-de-fang\/#breadcrumb"},"inLanguage":"fr-FR","potentialAction":[{"@type":"ReadAction","target":["https:\/\/europeix.cat\/produit\/moll-de-fang\/"]}]},{"@type":"BreadcrumbList","@id":"https:\/\/europeix.cat\/produit\/moll-de-fang\/#breadcrumb","itemListElement":[{"@type":"ListItem","position":1,"name":"Portada","item":"https:\/\/europeix.cat\/fr\/accueil\/"},{"@type":"ListItem","position":2,"name":"Produits","item":"https:\/\/europeix.cat\/fr\/produits\/"},{"@type":"ListItem","position":3,"name":"ROUGET BARBET"}]},{"@type":"WebSite","@id":"https:\/\/europeix.cat\/#website","url":"https:\/\/europeix.cat\/","name":"EUROPEIX","description":"EUROPEIX","potentialAction":[{"@type":"SearchAction","target":{"@type":"EntryPoint","urlTemplate":"https:\/\/europeix.cat\/?s={search_term_string}"},"query-input":"required name=search_term_string"}],"inLanguage":"fr-FR"}]}},"_links":{"self":[{"href":"https:\/\/europeix.cat\/fr\/wp-json\/wp\/v2\/product\/1331"}],"collection":[{"href":"https:\/\/europeix.cat\/fr\/wp-json\/wp\/v2\/product"}],"about":[{"href":"https:\/\/europeix.cat\/fr\/wp-json\/wp\/v2\/types\/product"}],"replies":[{"embeddable":true,"href":"https:\/\/europeix.cat\/fr\/wp-json\/wp\/v2\/comments?post=1331"}],"wp:featuredmedia":[{"embeddable":true,"href":"https:\/\/europeix.cat\/fr\/wp-json\/wp\/v2\/media\/1965"}],"wp:attachment":[{"href":"https:\/\/europeix.cat\/fr\/wp-json\/wp\/v2\/media?parent=1331"}],"wp:term":[{"taxonomy":"product_cat","embeddable":true,"href":"https:\/\/europeix.cat\/fr\/wp-json\/wp\/v2\/product_cat?post=1331"},{"taxonomy":"product_tag","embeddable":true,"href":"https:\/\/europeix.cat\/fr\/wp-json\/wp\/v2\/product_tag?post=1331"}],"curies":[{"name":"wp","href":"https:\/\/api.w.org\/{rel}","templated":true}]}}