{"id":1327,"date":"2023-02-17T12:30:37","date_gmt":"2023-02-17T11:30:37","guid":{"rendered":"https:\/\/europeix.cat\/producto\/oblada\/"},"modified":"2023-04-05T16:12:53","modified_gmt":"2023-04-05T14:12:53","slug":"oblade","status":"publish","type":"product","link":"https:\/\/europeix.cat\/fr\/produit\/oblade\/","title":{"rendered":"OBLADE"},"content":{"rendered":"<p>Il s\u2019agit d\u2019un poisson au corps ovale, mince et peu comprim\u00e9, ses yeux sont grands et ses l\u00e8vres sont minces. Il est de couleur gris plomb, avec une tache noire avant l\u2019amorce de la queue.<\/p>\n<p>Il vit dans les eaux littorales sur des fonds rocheux. Son alimentation est omnivore (algues, mollusques et crustac\u00e9s).<\/p>\n<p>Il peut atteindre 30 cm, le plus couramment de 15 \u00e0 20 cm.<\/p>\n<p>Sa reproduction a lieu d\u2019avril \u00e0 juin.<\/p>\n<p>Il est captur\u00e9 par diff\u00e9rents moyens : Chalut de fond, senne, tr\u00e9mail et palangre.<\/p>\n<p>Poisson blanc, sa chair est appr\u00e9ci\u00e9e et contient une grande quantit\u00e9 de prot\u00e9ines et en m\u00eame temps, une faible teneur en mati\u00e8res grasses.<\/p>\n","protected":false},"excerpt":{"rendered":"<p>Oblada melanura<\/p>\n","protected":false},"featured_media":1960,"comment_status":"closed","ping_status":"closed","template":"","meta":[],"product_cat":[53],"product_tag":[],"yoast_head":"<!-- This site is optimized with the Yoast SEO plugin v20.9 - https:\/\/yoast.com\/wordpress\/plugins\/seo\/ -->\n<title>OBLADE - EUROPEIX<\/title>\n<meta name=\"robots\" content=\"index, follow, max-snippet:-1, max-image-preview:large, max-video-preview:-1\" \/>\n<link rel=\"canonical\" href=\"https:\/\/europeix.cat\/produit\/oblada\/\" \/>\n<meta name=\"twitter:label1\" content=\"Dur\u00e9e de lecture estim\u00e9e\" \/>\n\t<meta name=\"twitter:data1\" content=\"1 minute\" \/>\n<script type=\"application\/ld+json\" class=\"yoast-schema-graph\">{\"@context\":\"https:\/\/schema.org\",\"@graph\":[{\"@type\":\"WebPage\",\"@id\":\"https:\/\/europeix.cat\/produit\/oblada\/\",\"url\":\"https:\/\/europeix.cat\/produit\/oblada\/\",\"name\":\"OBLADE - EUROPEIX\",\"isPartOf\":{\"@id\":\"https:\/\/europeix.cat\/#website\"},\"datePublished\":\"2023-02-17T11:30:37+00:00\",\"dateModified\":\"2023-04-05T14:12:53+00:00\",\"breadcrumb\":{\"@id\":\"https:\/\/europeix.cat\/produit\/oblada\/#breadcrumb\"},\"inLanguage\":\"fr-FR\",\"potentialAction\":[{\"@type\":\"ReadAction\",\"target\":[\"https:\/\/europeix.cat\/produit\/oblada\/\"]}]},{\"@type\":\"BreadcrumbList\",\"@id\":\"https:\/\/europeix.cat\/produit\/oblada\/#breadcrumb\",\"itemListElement\":[{\"@type\":\"ListItem\",\"position\":1,\"name\":\"Portada\",\"item\":\"https:\/\/europeix.cat\/fr\/accueil\/\"},{\"@type\":\"ListItem\",\"position\":2,\"name\":\"Produits\",\"item\":\"https:\/\/europeix.cat\/fr\/produits\/\"},{\"@type\":\"ListItem\",\"position\":3,\"name\":\"OBLADE\"}]},{\"@type\":\"WebSite\",\"@id\":\"https:\/\/europeix.cat\/#website\",\"url\":\"https:\/\/europeix.cat\/\",\"name\":\"EUROPEIX\",\"description\":\"EUROPEIX\",\"potentialAction\":[{\"@type\":\"SearchAction\",\"target\":{\"@type\":\"EntryPoint\",\"urlTemplate\":\"https:\/\/europeix.cat\/?s={search_term_string}\"},\"query-input\":\"required name=search_term_string\"}],\"inLanguage\":\"fr-FR\"}]}<\/script>\n<!-- \/ Yoast SEO plugin. -->","yoast_head_json":{"title":"OBLADE - EUROPEIX","robots":{"index":"index","follow":"follow","max-snippet":"max-snippet:-1","max-image-preview":"max-image-preview:large","max-video-preview":"max-video-preview:-1"},"canonical":"https:\/\/europeix.cat\/produit\/oblada\/","twitter_misc":{"Dur\u00e9e de lecture estim\u00e9e":"1 minute"},"schema":{"@context":"https:\/\/schema.org","@graph":[{"@type":"WebPage","@id":"https:\/\/europeix.cat\/produit\/oblada\/","url":"https:\/\/europeix.cat\/produit\/oblada\/","name":"OBLADE - EUROPEIX","isPartOf":{"@id":"https:\/\/europeix.cat\/#website"},"datePublished":"2023-02-17T11:30:37+00:00","dateModified":"2023-04-05T14:12:53+00:00","breadcrumb":{"@id":"https:\/\/europeix.cat\/produit\/oblada\/#breadcrumb"},"inLanguage":"fr-FR","potentialAction":[{"@type":"ReadAction","target":["https:\/\/europeix.cat\/produit\/oblada\/"]}]},{"@type":"BreadcrumbList","@id":"https:\/\/europeix.cat\/produit\/oblada\/#breadcrumb","itemListElement":[{"@type":"ListItem","position":1,"name":"Portada","item":"https:\/\/europeix.cat\/fr\/accueil\/"},{"@type":"ListItem","position":2,"name":"Produits","item":"https:\/\/europeix.cat\/fr\/produits\/"},{"@type":"ListItem","position":3,"name":"OBLADE"}]},{"@type":"WebSite","@id":"https:\/\/europeix.cat\/#website","url":"https:\/\/europeix.cat\/","name":"EUROPEIX","description":"EUROPEIX","potentialAction":[{"@type":"SearchAction","target":{"@type":"EntryPoint","urlTemplate":"https:\/\/europeix.cat\/?s={search_term_string}"},"query-input":"required name=search_term_string"}],"inLanguage":"fr-FR"}]}},"_links":{"self":[{"href":"https:\/\/europeix.cat\/fr\/wp-json\/wp\/v2\/product\/1327"}],"collection":[{"href":"https:\/\/europeix.cat\/fr\/wp-json\/wp\/v2\/product"}],"about":[{"href":"https:\/\/europeix.cat\/fr\/wp-json\/wp\/v2\/types\/product"}],"replies":[{"embeddable":true,"href":"https:\/\/europeix.cat\/fr\/wp-json\/wp\/v2\/comments?post=1327"}],"wp:featuredmedia":[{"embeddable":true,"href":"https:\/\/europeix.cat\/fr\/wp-json\/wp\/v2\/media\/1960"}],"wp:attachment":[{"href":"https:\/\/europeix.cat\/fr\/wp-json\/wp\/v2\/media?parent=1327"}],"wp:term":[{"taxonomy":"product_cat","embeddable":true,"href":"https:\/\/europeix.cat\/fr\/wp-json\/wp\/v2\/product_cat?post=1327"},{"taxonomy":"product_tag","embeddable":true,"href":"https:\/\/europeix.cat\/fr\/wp-json\/wp\/v2\/product_tag?post=1327"}],"curies":[{"name":"wp","href":"https:\/\/api.w.org\/{rel}","templated":true}]}}