{"id":1323,"date":"2023-02-17T12:31:34","date_gmt":"2023-02-17T11:31:34","guid":{"rendered":"https:\/\/europeix.cat\/producto\/melva\/"},"modified":"2023-04-05T16:15:12","modified_gmt":"2023-04-05T14:15:12","slug":"bonitou","status":"publish","type":"product","link":"https:\/\/europeix.cat\/fr\/produit\/bonitou\/","title":{"rendered":"BONITOU"},"content":{"rendered":"<p>Poisson au corps robuste, allong\u00e9, arrondi en son milieu et tr\u00e8s mince pr\u00e8s de la queue. Il est de couleur bleu fonc\u00e9 sur le dos et presque noir sur la t\u00eate ; de couleur argent\u00e9 sur le ventre, avec 12 rayures sombres ou plus quasiment verticales assez larges.<\/p>\n<p>Esp\u00e8ce \u00e9pip\u00e9lagique, aussi bien dans les eaux oc\u00e9aniques que c\u00f4ti\u00e8res. Il se nourrit de petits poissons, en particulier les anchois, de crustac\u00e9s et d\u2019encornets.<\/p>\n<p>Sa longueur maximale est de 50 cm, le plus couramment de 20 \u00e0 40 cm.<\/p>\n<p>Sa reproduction a lieu de novembre \u00e0 ao\u00fbt.<\/p>\n<p>Il est captur\u00e9 par diff\u00e9rents moyens : Senne, tr\u00e9mail et palangre.<\/p>\n<p>Poisson gras, sa chair est ferme, compacte, savoureuse, tr\u00e8s riche en prot\u00e9ines et en mati\u00e8res grasses.<\/p>\n","protected":false},"excerpt":{"rendered":"<p>Auxis thazard<\/p>\n","protected":false},"featured_media":1022,"comment_status":"closed","ping_status":"closed","template":"","meta":[],"product_cat":[53],"product_tag":[],"yoast_head":"<!-- This site is optimized with the Yoast SEO plugin v20.9 - https:\/\/yoast.com\/wordpress\/plugins\/seo\/ -->\n<title>BONITOU - EUROPEIX<\/title>\n<meta name=\"robots\" content=\"index, follow, max-snippet:-1, max-image-preview:large, max-video-preview:-1\" \/>\n<link rel=\"canonical\" href=\"https:\/\/europeix.cat\/produit\/melva\/\" \/>\n<meta name=\"twitter:label1\" content=\"Dur\u00e9e de lecture estim\u00e9e\" \/>\n\t<meta name=\"twitter:data1\" content=\"1 minute\" \/>\n<script type=\"application\/ld+json\" class=\"yoast-schema-graph\">{\"@context\":\"https:\/\/schema.org\",\"@graph\":[{\"@type\":\"WebPage\",\"@id\":\"https:\/\/europeix.cat\/produit\/melva\/\",\"url\":\"https:\/\/europeix.cat\/produit\/melva\/\",\"name\":\"BONITOU - EUROPEIX\",\"isPartOf\":{\"@id\":\"https:\/\/europeix.cat\/#website\"},\"datePublished\":\"2023-02-17T11:31:34+00:00\",\"dateModified\":\"2023-04-05T14:15:12+00:00\",\"breadcrumb\":{\"@id\":\"https:\/\/europeix.cat\/produit\/melva\/#breadcrumb\"},\"inLanguage\":\"fr-FR\",\"potentialAction\":[{\"@type\":\"ReadAction\",\"target\":[\"https:\/\/europeix.cat\/produit\/melva\/\"]}]},{\"@type\":\"BreadcrumbList\",\"@id\":\"https:\/\/europeix.cat\/produit\/melva\/#breadcrumb\",\"itemListElement\":[{\"@type\":\"ListItem\",\"position\":1,\"name\":\"Portada\",\"item\":\"https:\/\/europeix.cat\/fr\/accueil\/\"},{\"@type\":\"ListItem\",\"position\":2,\"name\":\"Produits\",\"item\":\"https:\/\/europeix.cat\/fr\/produits\/\"},{\"@type\":\"ListItem\",\"position\":3,\"name\":\"BONITOU\"}]},{\"@type\":\"WebSite\",\"@id\":\"https:\/\/europeix.cat\/#website\",\"url\":\"https:\/\/europeix.cat\/\",\"name\":\"EUROPEIX\",\"description\":\"EUROPEIX\",\"potentialAction\":[{\"@type\":\"SearchAction\",\"target\":{\"@type\":\"EntryPoint\",\"urlTemplate\":\"https:\/\/europeix.cat\/?s={search_term_string}\"},\"query-input\":\"required name=search_term_string\"}],\"inLanguage\":\"fr-FR\"}]}<\/script>\n<!-- \/ Yoast SEO plugin. -->","yoast_head_json":{"title":"BONITOU - EUROPEIX","robots":{"index":"index","follow":"follow","max-snippet":"max-snippet:-1","max-image-preview":"max-image-preview:large","max-video-preview":"max-video-preview:-1"},"canonical":"https:\/\/europeix.cat\/produit\/melva\/","twitter_misc":{"Dur\u00e9e de lecture estim\u00e9e":"1 minute"},"schema":{"@context":"https:\/\/schema.org","@graph":[{"@type":"WebPage","@id":"https:\/\/europeix.cat\/produit\/melva\/","url":"https:\/\/europeix.cat\/produit\/melva\/","name":"BONITOU - EUROPEIX","isPartOf":{"@id":"https:\/\/europeix.cat\/#website"},"datePublished":"2023-02-17T11:31:34+00:00","dateModified":"2023-04-05T14:15:12+00:00","breadcrumb":{"@id":"https:\/\/europeix.cat\/produit\/melva\/#breadcrumb"},"inLanguage":"fr-FR","potentialAction":[{"@type":"ReadAction","target":["https:\/\/europeix.cat\/produit\/melva\/"]}]},{"@type":"BreadcrumbList","@id":"https:\/\/europeix.cat\/produit\/melva\/#breadcrumb","itemListElement":[{"@type":"ListItem","position":1,"name":"Portada","item":"https:\/\/europeix.cat\/fr\/accueil\/"},{"@type":"ListItem","position":2,"name":"Produits","item":"https:\/\/europeix.cat\/fr\/produits\/"},{"@type":"ListItem","position":3,"name":"BONITOU"}]},{"@type":"WebSite","@id":"https:\/\/europeix.cat\/#website","url":"https:\/\/europeix.cat\/","name":"EUROPEIX","description":"EUROPEIX","potentialAction":[{"@type":"SearchAction","target":{"@type":"EntryPoint","urlTemplate":"https:\/\/europeix.cat\/?s={search_term_string}"},"query-input":"required name=search_term_string"}],"inLanguage":"fr-FR"}]}},"_links":{"self":[{"href":"https:\/\/europeix.cat\/fr\/wp-json\/wp\/v2\/product\/1323"}],"collection":[{"href":"https:\/\/europeix.cat\/fr\/wp-json\/wp\/v2\/product"}],"about":[{"href":"https:\/\/europeix.cat\/fr\/wp-json\/wp\/v2\/types\/product"}],"replies":[{"embeddable":true,"href":"https:\/\/europeix.cat\/fr\/wp-json\/wp\/v2\/comments?post=1323"}],"wp:featuredmedia":[{"embeddable":true,"href":"https:\/\/europeix.cat\/fr\/wp-json\/wp\/v2\/media\/1022"}],"wp:attachment":[{"href":"https:\/\/europeix.cat\/fr\/wp-json\/wp\/v2\/media?parent=1323"}],"wp:term":[{"taxonomy":"product_cat","embeddable":true,"href":"https:\/\/europeix.cat\/fr\/wp-json\/wp\/v2\/product_cat?post=1323"},{"taxonomy":"product_tag","embeddable":true,"href":"https:\/\/europeix.cat\/fr\/wp-json\/wp\/v2\/product_tag?post=1323"}],"curies":[{"name":"wp","href":"https:\/\/api.w.org\/{rel}","templated":true}]}}