{"id":1315,"date":"2023-02-17T12:33:17","date_gmt":"2023-02-17T11:33:17","guid":{"rendered":"https:\/\/europeix.cat\/producto\/sepia\/"},"modified":"2023-04-05T16:19:01","modified_gmt":"2023-04-05T14:19:01","slug":"seiche","status":"publish","type":"product","link":"https:\/\/europeix.cat\/fr\/produit\/seiche\/","title":{"rendered":"SEICHE"},"content":{"rendered":"<p>Mollusque c\u00e9phalopode au corps robuste, ovale et aplati. Il poss\u00e8de 8 bras et 2 tentacules plus longs, \u00e9quip\u00e9s de ventouses qu\u2019il utilise pour chasser et se reproduire. La coloration est tr\u00e8s variable, sur le dos, d\u2019un brun gris\u00e2tre tr\u00e8s p\u00e2le \u00e0 un brun plus fonc\u00e9, la zone ventrale est blanch\u00e2tre. Il pr\u00e9sente, comme les poulpes, un organe qui produit de l\u2019encre et qu\u2019il utilise pour se d\u00e9fendre.<\/p>\n<p>Il vit sur des fonds sableux. C\u2019est un pr\u00e9dateur actif qui se nourrit principalement de crabes et de petits poissons.<\/p>\n<p>Il mesure entre 15 et 25 cm de long, mais il peut atteindre les 49 cm.<\/p>\n<p>Sa reproduction a lieu tout au long de l\u2019ann\u00e9e, surtout de f\u00e9vrier \u00e0 octobre.<\/p>\n<p>Il est captur\u00e9 par diff\u00e9rents moyens : Chalut de fond et tr\u00e9mail.<\/p>\n<p>Sa chair est tr\u00e8s riche en vitamines et a \u00e9galement une haute teneur en phosphore, calcium, potassium et en prot\u00e9ines.<\/p>\n","protected":false},"excerpt":{"rendered":"<p>Sepia officinalis<\/p>\n","protected":false},"featured_media":1935,"comment_status":"closed","ping_status":"closed","template":"","meta":[],"product_cat":[56],"product_tag":[],"yoast_head":"<!-- This site is optimized with the Yoast SEO plugin v20.9 - https:\/\/yoast.com\/wordpress\/plugins\/seo\/ -->\n<title>SEICHE - EUROPEIX<\/title>\n<meta name=\"robots\" content=\"index, follow, max-snippet:-1, max-image-preview:large, max-video-preview:-1\" \/>\n<link rel=\"canonical\" href=\"https:\/\/europeix.cat\/produit\/sepia\/\" \/>\n<meta name=\"twitter:label1\" content=\"Dur\u00e9e de lecture estim\u00e9e\" \/>\n\t<meta name=\"twitter:data1\" content=\"1 minute\" \/>\n<script type=\"application\/ld+json\" class=\"yoast-schema-graph\">{\"@context\":\"https:\/\/schema.org\",\"@graph\":[{\"@type\":\"WebPage\",\"@id\":\"https:\/\/europeix.cat\/produit\/sepia\/\",\"url\":\"https:\/\/europeix.cat\/produit\/sepia\/\",\"name\":\"SEICHE - EUROPEIX\",\"isPartOf\":{\"@id\":\"https:\/\/europeix.cat\/#website\"},\"datePublished\":\"2023-02-17T11:33:17+00:00\",\"dateModified\":\"2023-04-05T14:19:01+00:00\",\"breadcrumb\":{\"@id\":\"https:\/\/europeix.cat\/produit\/sepia\/#breadcrumb\"},\"inLanguage\":\"fr-FR\",\"potentialAction\":[{\"@type\":\"ReadAction\",\"target\":[\"https:\/\/europeix.cat\/produit\/sepia\/\"]}]},{\"@type\":\"BreadcrumbList\",\"@id\":\"https:\/\/europeix.cat\/produit\/sepia\/#breadcrumb\",\"itemListElement\":[{\"@type\":\"ListItem\",\"position\":1,\"name\":\"Portada\",\"item\":\"https:\/\/europeix.cat\/fr\/accueil\/\"},{\"@type\":\"ListItem\",\"position\":2,\"name\":\"Produits\",\"item\":\"https:\/\/europeix.cat\/fr\/produits\/\"},{\"@type\":\"ListItem\",\"position\":3,\"name\":\"SEICHE\"}]},{\"@type\":\"WebSite\",\"@id\":\"https:\/\/europeix.cat\/#website\",\"url\":\"https:\/\/europeix.cat\/\",\"name\":\"EUROPEIX\",\"description\":\"EUROPEIX\",\"potentialAction\":[{\"@type\":\"SearchAction\",\"target\":{\"@type\":\"EntryPoint\",\"urlTemplate\":\"https:\/\/europeix.cat\/?s={search_term_string}\"},\"query-input\":\"required name=search_term_string\"}],\"inLanguage\":\"fr-FR\"}]}<\/script>\n<!-- \/ Yoast SEO plugin. -->","yoast_head_json":{"title":"SEICHE - EUROPEIX","robots":{"index":"index","follow":"follow","max-snippet":"max-snippet:-1","max-image-preview":"max-image-preview:large","max-video-preview":"max-video-preview:-1"},"canonical":"https:\/\/europeix.cat\/produit\/sepia\/","twitter_misc":{"Dur\u00e9e de lecture estim\u00e9e":"1 minute"},"schema":{"@context":"https:\/\/schema.org","@graph":[{"@type":"WebPage","@id":"https:\/\/europeix.cat\/produit\/sepia\/","url":"https:\/\/europeix.cat\/produit\/sepia\/","name":"SEICHE - EUROPEIX","isPartOf":{"@id":"https:\/\/europeix.cat\/#website"},"datePublished":"2023-02-17T11:33:17+00:00","dateModified":"2023-04-05T14:19:01+00:00","breadcrumb":{"@id":"https:\/\/europeix.cat\/produit\/sepia\/#breadcrumb"},"inLanguage":"fr-FR","potentialAction":[{"@type":"ReadAction","target":["https:\/\/europeix.cat\/produit\/sepia\/"]}]},{"@type":"BreadcrumbList","@id":"https:\/\/europeix.cat\/produit\/sepia\/#breadcrumb","itemListElement":[{"@type":"ListItem","position":1,"name":"Portada","item":"https:\/\/europeix.cat\/fr\/accueil\/"},{"@type":"ListItem","position":2,"name":"Produits","item":"https:\/\/europeix.cat\/fr\/produits\/"},{"@type":"ListItem","position":3,"name":"SEICHE"}]},{"@type":"WebSite","@id":"https:\/\/europeix.cat\/#website","url":"https:\/\/europeix.cat\/","name":"EUROPEIX","description":"EUROPEIX","potentialAction":[{"@type":"SearchAction","target":{"@type":"EntryPoint","urlTemplate":"https:\/\/europeix.cat\/?s={search_term_string}"},"query-input":"required name=search_term_string"}],"inLanguage":"fr-FR"}]}},"_links":{"self":[{"href":"https:\/\/europeix.cat\/fr\/wp-json\/wp\/v2\/product\/1315"}],"collection":[{"href":"https:\/\/europeix.cat\/fr\/wp-json\/wp\/v2\/product"}],"about":[{"href":"https:\/\/europeix.cat\/fr\/wp-json\/wp\/v2\/types\/product"}],"replies":[{"embeddable":true,"href":"https:\/\/europeix.cat\/fr\/wp-json\/wp\/v2\/comments?post=1315"}],"wp:featuredmedia":[{"embeddable":true,"href":"https:\/\/europeix.cat\/fr\/wp-json\/wp\/v2\/media\/1935"}],"wp:attachment":[{"href":"https:\/\/europeix.cat\/fr\/wp-json\/wp\/v2\/media?parent=1315"}],"wp:term":[{"taxonomy":"product_cat","embeddable":true,"href":"https:\/\/europeix.cat\/fr\/wp-json\/wp\/v2\/product_cat?post=1315"},{"taxonomy":"product_tag","embeddable":true,"href":"https:\/\/europeix.cat\/fr\/wp-json\/wp\/v2\/product_tag?post=1315"}],"curies":[{"name":"wp","href":"https:\/\/api.w.org\/{rel}","templated":true}]}}