{"id":1311,"date":"2023-02-17T12:33:45","date_gmt":"2023-02-17T11:33:45","guid":{"rendered":"https:\/\/europeix.cat\/producto\/dot\/"},"modified":"2023-04-05T16:21:17","modified_gmt":"2023-04-05T14:21:17","slug":"cernier","status":"publish","type":"product","link":"https:\/\/europeix.cat\/fr\/produit\/cernier\/","title":{"rendered":"CERNIER"},"content":{"rendered":"<p>Poisson au corps robuste et comprim\u00e9, t\u00eate ferme, avec des m\u00e2choires puissantes, et qui pr\u00e9sente une forte cr\u00eate \u00e0 l\u2019opercule. Les jeunes sont de couleur violac\u00e9e avec des taches irr\u00e9guli\u00e8res, les adultes sont en revanche de couleur marron gris\u00e2tre.<\/p>\n<p>Il vit jusqu&rsquo;\u00e0 100 m de profondeur, sur des fonds rocheux. Il se nourrit de poissons, de crustac\u00e9s et de c\u00e9phalopodes.<\/p>\n<p>Il fait de 60 \u00e0 100 cm de long et, comme taille maximale et de mani\u00e8re exceptionnelle, il peut atteindre 2 m\u00e8tres de long et peser plus de 40 kg.<\/p>\n<p>La reproduction a lieu \u00e0 la fin du printemps et en \u00e9t\u00e9.<\/p>\n<p>Il est captur\u00e9 en p\u00eache \u00e0 la palangre.<\/p>\n","protected":false},"excerpt":{"rendered":"<p>Polyprion americanus<\/p>\n","protected":false},"featured_media":1034,"comment_status":"closed","ping_status":"closed","template":"","meta":[],"product_cat":[53],"product_tag":[],"yoast_head":"<!-- This site is optimized with the Yoast SEO plugin v20.9 - https:\/\/yoast.com\/wordpress\/plugins\/seo\/ -->\n<title>CERNIER - EUROPEIX<\/title>\n<meta name=\"robots\" content=\"index, follow, max-snippet:-1, max-image-preview:large, max-video-preview:-1\" \/>\n<link rel=\"canonical\" href=\"https:\/\/europeix.cat\/produit\/dot\/\" \/>\n<meta name=\"twitter:label1\" content=\"Dur\u00e9e de lecture estim\u00e9e\" \/>\n\t<meta name=\"twitter:data1\" content=\"1 minute\" \/>\n<script type=\"application\/ld+json\" class=\"yoast-schema-graph\">{\"@context\":\"https:\/\/schema.org\",\"@graph\":[{\"@type\":\"WebPage\",\"@id\":\"https:\/\/europeix.cat\/produit\/dot\/\",\"url\":\"https:\/\/europeix.cat\/produit\/dot\/\",\"name\":\"CERNIER - EUROPEIX\",\"isPartOf\":{\"@id\":\"https:\/\/europeix.cat\/#website\"},\"datePublished\":\"2023-02-17T11:33:45+00:00\",\"dateModified\":\"2023-04-05T14:21:17+00:00\",\"breadcrumb\":{\"@id\":\"https:\/\/europeix.cat\/produit\/dot\/#breadcrumb\"},\"inLanguage\":\"fr-FR\",\"potentialAction\":[{\"@type\":\"ReadAction\",\"target\":[\"https:\/\/europeix.cat\/produit\/dot\/\"]}]},{\"@type\":\"BreadcrumbList\",\"@id\":\"https:\/\/europeix.cat\/produit\/dot\/#breadcrumb\",\"itemListElement\":[{\"@type\":\"ListItem\",\"position\":1,\"name\":\"Portada\",\"item\":\"https:\/\/europeix.cat\/fr\/accueil\/\"},{\"@type\":\"ListItem\",\"position\":2,\"name\":\"Produits\",\"item\":\"https:\/\/europeix.cat\/fr\/produits\/\"},{\"@type\":\"ListItem\",\"position\":3,\"name\":\"CERNIER\"}]},{\"@type\":\"WebSite\",\"@id\":\"https:\/\/europeix.cat\/#website\",\"url\":\"https:\/\/europeix.cat\/\",\"name\":\"EUROPEIX\",\"description\":\"EUROPEIX\",\"potentialAction\":[{\"@type\":\"SearchAction\",\"target\":{\"@type\":\"EntryPoint\",\"urlTemplate\":\"https:\/\/europeix.cat\/?s={search_term_string}\"},\"query-input\":\"required name=search_term_string\"}],\"inLanguage\":\"fr-FR\"}]}<\/script>\n<!-- \/ Yoast SEO plugin. -->","yoast_head_json":{"title":"CERNIER - EUROPEIX","robots":{"index":"index","follow":"follow","max-snippet":"max-snippet:-1","max-image-preview":"max-image-preview:large","max-video-preview":"max-video-preview:-1"},"canonical":"https:\/\/europeix.cat\/produit\/dot\/","twitter_misc":{"Dur\u00e9e de lecture estim\u00e9e":"1 minute"},"schema":{"@context":"https:\/\/schema.org","@graph":[{"@type":"WebPage","@id":"https:\/\/europeix.cat\/produit\/dot\/","url":"https:\/\/europeix.cat\/produit\/dot\/","name":"CERNIER - EUROPEIX","isPartOf":{"@id":"https:\/\/europeix.cat\/#website"},"datePublished":"2023-02-17T11:33:45+00:00","dateModified":"2023-04-05T14:21:17+00:00","breadcrumb":{"@id":"https:\/\/europeix.cat\/produit\/dot\/#breadcrumb"},"inLanguage":"fr-FR","potentialAction":[{"@type":"ReadAction","target":["https:\/\/europeix.cat\/produit\/dot\/"]}]},{"@type":"BreadcrumbList","@id":"https:\/\/europeix.cat\/produit\/dot\/#breadcrumb","itemListElement":[{"@type":"ListItem","position":1,"name":"Portada","item":"https:\/\/europeix.cat\/fr\/accueil\/"},{"@type":"ListItem","position":2,"name":"Produits","item":"https:\/\/europeix.cat\/fr\/produits\/"},{"@type":"ListItem","position":3,"name":"CERNIER"}]},{"@type":"WebSite","@id":"https:\/\/europeix.cat\/#website","url":"https:\/\/europeix.cat\/","name":"EUROPEIX","description":"EUROPEIX","potentialAction":[{"@type":"SearchAction","target":{"@type":"EntryPoint","urlTemplate":"https:\/\/europeix.cat\/?s={search_term_string}"},"query-input":"required name=search_term_string"}],"inLanguage":"fr-FR"}]}},"_links":{"self":[{"href":"https:\/\/europeix.cat\/fr\/wp-json\/wp\/v2\/product\/1311"}],"collection":[{"href":"https:\/\/europeix.cat\/fr\/wp-json\/wp\/v2\/product"}],"about":[{"href":"https:\/\/europeix.cat\/fr\/wp-json\/wp\/v2\/types\/product"}],"replies":[{"embeddable":true,"href":"https:\/\/europeix.cat\/fr\/wp-json\/wp\/v2\/comments?post=1311"}],"wp:featuredmedia":[{"embeddable":true,"href":"https:\/\/europeix.cat\/fr\/wp-json\/wp\/v2\/media\/1034"}],"wp:attachment":[{"href":"https:\/\/europeix.cat\/fr\/wp-json\/wp\/v2\/media?parent=1311"}],"wp:term":[{"taxonomy":"product_cat","embeddable":true,"href":"https:\/\/europeix.cat\/fr\/wp-json\/wp\/v2\/product_cat?post=1311"},{"taxonomy":"product_tag","embeddable":true,"href":"https:\/\/europeix.cat\/fr\/wp-json\/wp\/v2\/product_tag?post=1311"}],"curies":[{"name":"wp","href":"https:\/\/api.w.org\/{rel}","templated":true}]}}