{"id":1303,"date":"2023-02-17T12:35:41","date_gmt":"2023-02-17T11:35:41","guid":{"rendered":"https:\/\/europeix.cat\/producto\/llenguado\/"},"modified":"2023-04-05T16:26:22","modified_gmt":"2023-04-05T14:26:22","slug":"sole","status":"publish","type":"product","link":"https:\/\/europeix.cat\/fr\/produit\/sole\/","title":{"rendered":"SOLE"},"content":{"rendered":"<p>Poisson au corps ovale et comprim\u00e9, il a les deux yeux du m\u00eame c\u00f4t\u00e9, la t\u00eate est petite et arrondie. La coloration de la bande de droite pr\u00e9sente diff\u00e9rentes nuances de brun, changeant de couleur selon l\u2019endroit o\u00f9 ils vivent.<\/p>\n<p>Il vit sur des fonds de sable et de vase, des eaux c\u00f4ti\u00e8res jusqu\u2019\u00e0 un peu plus de 100 m. Il se nourrit de vers, de mollusques et de petits crustac\u00e9s.<\/p>\n<p>Sa longueur varie entre 30 et 45 cm, et son poids entre 1 et 2 kg, avec un maximum de 3 kg.<\/p>\n<p>La reproduction a lieu entre janvier et ao\u00fbt.<\/p>\n<p>Il est captur\u00e9 au moyen d\u2019un filet tr\u00e9mail lant.<\/p>\n<p>Sa chair est tr\u00e8s fine, c\u2019est un poisson tr\u00e8s appr\u00e9ci\u00e9 sur nos c\u00f4tes.<\/p>\n","protected":false},"excerpt":{"rendered":"<p>Solea solea<\/p>\n","protected":false},"featured_media":1945,"comment_status":"closed","ping_status":"closed","template":"","meta":[],"product_cat":[53],"product_tag":[],"yoast_head":"<!-- This site is optimized with the Yoast SEO plugin v20.9 - https:\/\/yoast.com\/wordpress\/plugins\/seo\/ -->\n<title>SOLE - EUROPEIX<\/title>\n<meta name=\"robots\" content=\"index, follow, max-snippet:-1, max-image-preview:large, max-video-preview:-1\" \/>\n<link rel=\"canonical\" href=\"https:\/\/europeix.cat\/produit\/llenguado\/\" \/>\n<meta name=\"twitter:label1\" content=\"Dur\u00e9e de lecture estim\u00e9e\" \/>\n\t<meta name=\"twitter:data1\" content=\"1 minute\" \/>\n<script type=\"application\/ld+json\" class=\"yoast-schema-graph\">{\"@context\":\"https:\/\/schema.org\",\"@graph\":[{\"@type\":\"WebPage\",\"@id\":\"https:\/\/europeix.cat\/produit\/llenguado\/\",\"url\":\"https:\/\/europeix.cat\/produit\/llenguado\/\",\"name\":\"SOLE - EUROPEIX\",\"isPartOf\":{\"@id\":\"https:\/\/europeix.cat\/#website\"},\"datePublished\":\"2023-02-17T11:35:41+00:00\",\"dateModified\":\"2023-04-05T14:26:22+00:00\",\"breadcrumb\":{\"@id\":\"https:\/\/europeix.cat\/produit\/llenguado\/#breadcrumb\"},\"inLanguage\":\"fr-FR\",\"potentialAction\":[{\"@type\":\"ReadAction\",\"target\":[\"https:\/\/europeix.cat\/produit\/llenguado\/\"]}]},{\"@type\":\"BreadcrumbList\",\"@id\":\"https:\/\/europeix.cat\/produit\/llenguado\/#breadcrumb\",\"itemListElement\":[{\"@type\":\"ListItem\",\"position\":1,\"name\":\"Portada\",\"item\":\"https:\/\/europeix.cat\/fr\/accueil\/\"},{\"@type\":\"ListItem\",\"position\":2,\"name\":\"Produits\",\"item\":\"https:\/\/europeix.cat\/fr\/produits\/\"},{\"@type\":\"ListItem\",\"position\":3,\"name\":\"SOLE\"}]},{\"@type\":\"WebSite\",\"@id\":\"https:\/\/europeix.cat\/#website\",\"url\":\"https:\/\/europeix.cat\/\",\"name\":\"EUROPEIX\",\"description\":\"EUROPEIX\",\"potentialAction\":[{\"@type\":\"SearchAction\",\"target\":{\"@type\":\"EntryPoint\",\"urlTemplate\":\"https:\/\/europeix.cat\/?s={search_term_string}\"},\"query-input\":\"required name=search_term_string\"}],\"inLanguage\":\"fr-FR\"}]}<\/script>\n<!-- \/ Yoast SEO plugin. -->","yoast_head_json":{"title":"SOLE - EUROPEIX","robots":{"index":"index","follow":"follow","max-snippet":"max-snippet:-1","max-image-preview":"max-image-preview:large","max-video-preview":"max-video-preview:-1"},"canonical":"https:\/\/europeix.cat\/produit\/llenguado\/","twitter_misc":{"Dur\u00e9e de lecture estim\u00e9e":"1 minute"},"schema":{"@context":"https:\/\/schema.org","@graph":[{"@type":"WebPage","@id":"https:\/\/europeix.cat\/produit\/llenguado\/","url":"https:\/\/europeix.cat\/produit\/llenguado\/","name":"SOLE - EUROPEIX","isPartOf":{"@id":"https:\/\/europeix.cat\/#website"},"datePublished":"2023-02-17T11:35:41+00:00","dateModified":"2023-04-05T14:26:22+00:00","breadcrumb":{"@id":"https:\/\/europeix.cat\/produit\/llenguado\/#breadcrumb"},"inLanguage":"fr-FR","potentialAction":[{"@type":"ReadAction","target":["https:\/\/europeix.cat\/produit\/llenguado\/"]}]},{"@type":"BreadcrumbList","@id":"https:\/\/europeix.cat\/produit\/llenguado\/#breadcrumb","itemListElement":[{"@type":"ListItem","position":1,"name":"Portada","item":"https:\/\/europeix.cat\/fr\/accueil\/"},{"@type":"ListItem","position":2,"name":"Produits","item":"https:\/\/europeix.cat\/fr\/produits\/"},{"@type":"ListItem","position":3,"name":"SOLE"}]},{"@type":"WebSite","@id":"https:\/\/europeix.cat\/#website","url":"https:\/\/europeix.cat\/","name":"EUROPEIX","description":"EUROPEIX","potentialAction":[{"@type":"SearchAction","target":{"@type":"EntryPoint","urlTemplate":"https:\/\/europeix.cat\/?s={search_term_string}"},"query-input":"required name=search_term_string"}],"inLanguage":"fr-FR"}]}},"_links":{"self":[{"href":"https:\/\/europeix.cat\/fr\/wp-json\/wp\/v2\/product\/1303"}],"collection":[{"href":"https:\/\/europeix.cat\/fr\/wp-json\/wp\/v2\/product"}],"about":[{"href":"https:\/\/europeix.cat\/fr\/wp-json\/wp\/v2\/types\/product"}],"replies":[{"embeddable":true,"href":"https:\/\/europeix.cat\/fr\/wp-json\/wp\/v2\/comments?post=1303"}],"wp:featuredmedia":[{"embeddable":true,"href":"https:\/\/europeix.cat\/fr\/wp-json\/wp\/v2\/media\/1945"}],"wp:attachment":[{"href":"https:\/\/europeix.cat\/fr\/wp-json\/wp\/v2\/media?parent=1303"}],"wp:term":[{"taxonomy":"product_cat","embeddable":true,"href":"https:\/\/europeix.cat\/fr\/wp-json\/wp\/v2\/product_cat?post=1303"},{"taxonomy":"product_tag","embeddable":true,"href":"https:\/\/europeix.cat\/fr\/wp-json\/wp\/v2\/product_tag?post=1303"}],"curies":[{"name":"wp","href":"https:\/\/api.w.org\/{rel}","templated":true}]}}