{"id":1287,"date":"2023-02-17T12:37:48","date_gmt":"2023-02-17T11:37:48","guid":{"rendered":"https:\/\/europeix.cat\/producto\/sard-imperial\/"},"modified":"2023-04-05T16:37:19","modified_gmt":"2023-04-05T14:37:19","slug":"sar-a-grosses-levres","status":"publish","type":"product","link":"https:\/\/europeix.cat\/fr\/produit\/sar-a-grosses-levres\/","title":{"rendered":"SAR A GROSSES LEVRES"},"content":{"rendered":"<p>Poisson au corps haut, comprim\u00e9 lat\u00e9ralement, avec le museau allong\u00e9 et une bouche relativement petite. Sa coloration est gris argent\u00e9 ou dor\u00e9 avec 5 larges bandes transversales et fonc\u00e9es.<\/p>\n<p>Il vit sur des fonds rocheux \u00e0 de plus grandes profondeurs que les autres poissons de la famille, entre 30 et 40 m, s\u2019approchant tr\u00e8s peu de la c\u00f4te. Il se nourrit de petits invert\u00e9br\u00e9s et d\u2019algues.<\/p>\n<p>C\u2019est un des poissons \u00e0 \u00e9cailles, de taille sup\u00e9rieure, \u00e9tant donn\u00e9 qu\u2019il peut atteindre les 50 cm de long, d\u00e9passant facilement le kilogramme.<\/p>\n<p>Sa reproduction a lieu entre janvier et avril.<\/p>\n<p>Il est captur\u00e9 par diff\u00e9rents moyens : Tr\u00e9mail, palangre, chalut de fond et senne.<\/p>\n","protected":false},"excerpt":{"rendered":"<p>Diplodus cervinus<\/p>\n","protected":false},"featured_media":1925,"comment_status":"closed","ping_status":"closed","template":"","meta":[],"product_cat":[53],"product_tag":[],"yoast_head":"<!-- This site is optimized with the Yoast SEO plugin v20.9 - https:\/\/yoast.com\/wordpress\/plugins\/seo\/ -->\n<title>SAR A GROSSES LEVRES - EUROPEIX<\/title>\n<meta name=\"robots\" content=\"index, follow, max-snippet:-1, max-image-preview:large, max-video-preview:-1\" \/>\n<link rel=\"canonical\" href=\"https:\/\/europeix.cat\/produit\/sard-imperial\/\" \/>\n<meta name=\"twitter:label1\" content=\"Dur\u00e9e de lecture estim\u00e9e\" \/>\n\t<meta name=\"twitter:data1\" content=\"1 minute\" \/>\n<script type=\"application\/ld+json\" class=\"yoast-schema-graph\">{\"@context\":\"https:\/\/schema.org\",\"@graph\":[{\"@type\":\"WebPage\",\"@id\":\"https:\/\/europeix.cat\/produit\/sard-imperial\/\",\"url\":\"https:\/\/europeix.cat\/produit\/sard-imperial\/\",\"name\":\"SAR A GROSSES LEVRES - EUROPEIX\",\"isPartOf\":{\"@id\":\"https:\/\/europeix.cat\/#website\"},\"datePublished\":\"2023-02-17T11:37:48+00:00\",\"dateModified\":\"2023-04-05T14:37:19+00:00\",\"breadcrumb\":{\"@id\":\"https:\/\/europeix.cat\/produit\/sard-imperial\/#breadcrumb\"},\"inLanguage\":\"fr-FR\",\"potentialAction\":[{\"@type\":\"ReadAction\",\"target\":[\"https:\/\/europeix.cat\/produit\/sard-imperial\/\"]}]},{\"@type\":\"BreadcrumbList\",\"@id\":\"https:\/\/europeix.cat\/produit\/sard-imperial\/#breadcrumb\",\"itemListElement\":[{\"@type\":\"ListItem\",\"position\":1,\"name\":\"Portada\",\"item\":\"https:\/\/europeix.cat\/fr\/accueil\/\"},{\"@type\":\"ListItem\",\"position\":2,\"name\":\"Produits\",\"item\":\"https:\/\/europeix.cat\/fr\/produits\/\"},{\"@type\":\"ListItem\",\"position\":3,\"name\":\"SAR A GROSSES LEVRES\"}]},{\"@type\":\"WebSite\",\"@id\":\"https:\/\/europeix.cat\/#website\",\"url\":\"https:\/\/europeix.cat\/\",\"name\":\"EUROPEIX\",\"description\":\"EUROPEIX\",\"potentialAction\":[{\"@type\":\"SearchAction\",\"target\":{\"@type\":\"EntryPoint\",\"urlTemplate\":\"https:\/\/europeix.cat\/?s={search_term_string}\"},\"query-input\":\"required name=search_term_string\"}],\"inLanguage\":\"fr-FR\"}]}<\/script>\n<!-- \/ Yoast SEO plugin. -->","yoast_head_json":{"title":"SAR A GROSSES LEVRES - EUROPEIX","robots":{"index":"index","follow":"follow","max-snippet":"max-snippet:-1","max-image-preview":"max-image-preview:large","max-video-preview":"max-video-preview:-1"},"canonical":"https:\/\/europeix.cat\/produit\/sard-imperial\/","twitter_misc":{"Dur\u00e9e de lecture estim\u00e9e":"1 minute"},"schema":{"@context":"https:\/\/schema.org","@graph":[{"@type":"WebPage","@id":"https:\/\/europeix.cat\/produit\/sard-imperial\/","url":"https:\/\/europeix.cat\/produit\/sard-imperial\/","name":"SAR A GROSSES LEVRES - EUROPEIX","isPartOf":{"@id":"https:\/\/europeix.cat\/#website"},"datePublished":"2023-02-17T11:37:48+00:00","dateModified":"2023-04-05T14:37:19+00:00","breadcrumb":{"@id":"https:\/\/europeix.cat\/produit\/sard-imperial\/#breadcrumb"},"inLanguage":"fr-FR","potentialAction":[{"@type":"ReadAction","target":["https:\/\/europeix.cat\/produit\/sard-imperial\/"]}]},{"@type":"BreadcrumbList","@id":"https:\/\/europeix.cat\/produit\/sard-imperial\/#breadcrumb","itemListElement":[{"@type":"ListItem","position":1,"name":"Portada","item":"https:\/\/europeix.cat\/fr\/accueil\/"},{"@type":"ListItem","position":2,"name":"Produits","item":"https:\/\/europeix.cat\/fr\/produits\/"},{"@type":"ListItem","position":3,"name":"SAR A GROSSES LEVRES"}]},{"@type":"WebSite","@id":"https:\/\/europeix.cat\/#website","url":"https:\/\/europeix.cat\/","name":"EUROPEIX","description":"EUROPEIX","potentialAction":[{"@type":"SearchAction","target":{"@type":"EntryPoint","urlTemplate":"https:\/\/europeix.cat\/?s={search_term_string}"},"query-input":"required name=search_term_string"}],"inLanguage":"fr-FR"}]}},"_links":{"self":[{"href":"https:\/\/europeix.cat\/fr\/wp-json\/wp\/v2\/product\/1287"}],"collection":[{"href":"https:\/\/europeix.cat\/fr\/wp-json\/wp\/v2\/product"}],"about":[{"href":"https:\/\/europeix.cat\/fr\/wp-json\/wp\/v2\/types\/product"}],"replies":[{"embeddable":true,"href":"https:\/\/europeix.cat\/fr\/wp-json\/wp\/v2\/comments?post=1287"}],"wp:featuredmedia":[{"embeddable":true,"href":"https:\/\/europeix.cat\/fr\/wp-json\/wp\/v2\/media\/1925"}],"wp:attachment":[{"href":"https:\/\/europeix.cat\/fr\/wp-json\/wp\/v2\/media?parent=1287"}],"wp:term":[{"taxonomy":"product_cat","embeddable":true,"href":"https:\/\/europeix.cat\/fr\/wp-json\/wp\/v2\/product_cat?post=1287"},{"taxonomy":"product_tag","embeddable":true,"href":"https:\/\/europeix.cat\/fr\/wp-json\/wp\/v2\/product_tag?post=1287"}],"curies":[{"name":"wp","href":"https:\/\/api.w.org\/{rel}","templated":true}]}}