{"id":1283,"date":"2023-02-17T12:38:58","date_gmt":"2023-02-17T11:38:58","guid":{"rendered":"https:\/\/europeix.cat\/producto\/tonyina\/"},"modified":"2023-04-05T16:39:20","modified_gmt":"2023-04-05T14:39:20","slug":"thon-commun","status":"publish","type":"product","link":"https:\/\/europeix.cat\/fr\/produit\/thon-commun\/","title":{"rendered":"THON COMMUN"},"content":{"rendered":"<p>Esp\u00e8ce au corps court et \u00e9pais, avec une grosse t\u00eate. So dos est bleu noir\u00e2tre, les flancs sont plus clairs et le ventre est argent\u00e9. Les petits pr\u00e9sentent des bandes transversales qui disparaissent chez les adultes.<\/p>\n<p>Le thon dispose d\u2019une grande nageoire, il effectue de grandes migrations. Il se nourrit de sardines, d\u2019anchois, et autres poissons p\u00e9lagiques, mais aussi de certains crustac\u00e9s.<\/p>\n<p>Il ne se reproduit pas jusqu\u2019\u00e0 la troisi\u00e8me ann\u00e9e de vie, quand il p\u00e8se entre 15 et 20 kg, et certains peuvent vivre jusqu\u2019\u00e0 14 ans.<\/p>\n<p>Il peut mesurer entre 2 et 3 m, et peser environ 500 kg.<\/p>\n","protected":false},"excerpt":{"rendered":"<p>Thunnus (thunnus)thynnus<\/p>\n","protected":false},"featured_media":1070,"comment_status":"closed","ping_status":"closed","template":"","meta":[],"product_cat":[53],"product_tag":[],"yoast_head":"<!-- This site is optimized with the Yoast SEO plugin v20.9 - https:\/\/yoast.com\/wordpress\/plugins\/seo\/ -->\n<title>THON COMMUN - EUROPEIX<\/title>\n<meta name=\"robots\" content=\"index, follow, max-snippet:-1, max-image-preview:large, max-video-preview:-1\" \/>\n<link rel=\"canonical\" href=\"https:\/\/europeix.cat\/produit\/tonyina\/\" \/>\n<meta name=\"twitter:label1\" content=\"Dur\u00e9e de lecture estim\u00e9e\" \/>\n\t<meta name=\"twitter:data1\" content=\"1 minute\" \/>\n<script type=\"application\/ld+json\" class=\"yoast-schema-graph\">{\"@context\":\"https:\/\/schema.org\",\"@graph\":[{\"@type\":\"WebPage\",\"@id\":\"https:\/\/europeix.cat\/produit\/tonyina\/\",\"url\":\"https:\/\/europeix.cat\/produit\/tonyina\/\",\"name\":\"THON COMMUN - EUROPEIX\",\"isPartOf\":{\"@id\":\"https:\/\/europeix.cat\/#website\"},\"datePublished\":\"2023-02-17T11:38:58+00:00\",\"dateModified\":\"2023-04-05T14:39:20+00:00\",\"breadcrumb\":{\"@id\":\"https:\/\/europeix.cat\/produit\/tonyina\/#breadcrumb\"},\"inLanguage\":\"fr-FR\",\"potentialAction\":[{\"@type\":\"ReadAction\",\"target\":[\"https:\/\/europeix.cat\/produit\/tonyina\/\"]}]},{\"@type\":\"BreadcrumbList\",\"@id\":\"https:\/\/europeix.cat\/produit\/tonyina\/#breadcrumb\",\"itemListElement\":[{\"@type\":\"ListItem\",\"position\":1,\"name\":\"Portada\",\"item\":\"https:\/\/europeix.cat\/fr\/accueil\/\"},{\"@type\":\"ListItem\",\"position\":2,\"name\":\"Produits\",\"item\":\"https:\/\/europeix.cat\/fr\/produits\/\"},{\"@type\":\"ListItem\",\"position\":3,\"name\":\"THON COMMUN\"}]},{\"@type\":\"WebSite\",\"@id\":\"https:\/\/europeix.cat\/#website\",\"url\":\"https:\/\/europeix.cat\/\",\"name\":\"EUROPEIX\",\"description\":\"EUROPEIX\",\"potentialAction\":[{\"@type\":\"SearchAction\",\"target\":{\"@type\":\"EntryPoint\",\"urlTemplate\":\"https:\/\/europeix.cat\/?s={search_term_string}\"},\"query-input\":\"required name=search_term_string\"}],\"inLanguage\":\"fr-FR\"}]}<\/script>\n<!-- \/ Yoast SEO plugin. -->","yoast_head_json":{"title":"THON COMMUN - EUROPEIX","robots":{"index":"index","follow":"follow","max-snippet":"max-snippet:-1","max-image-preview":"max-image-preview:large","max-video-preview":"max-video-preview:-1"},"canonical":"https:\/\/europeix.cat\/produit\/tonyina\/","twitter_misc":{"Dur\u00e9e de lecture estim\u00e9e":"1 minute"},"schema":{"@context":"https:\/\/schema.org","@graph":[{"@type":"WebPage","@id":"https:\/\/europeix.cat\/produit\/tonyina\/","url":"https:\/\/europeix.cat\/produit\/tonyina\/","name":"THON COMMUN - EUROPEIX","isPartOf":{"@id":"https:\/\/europeix.cat\/#website"},"datePublished":"2023-02-17T11:38:58+00:00","dateModified":"2023-04-05T14:39:20+00:00","breadcrumb":{"@id":"https:\/\/europeix.cat\/produit\/tonyina\/#breadcrumb"},"inLanguage":"fr-FR","potentialAction":[{"@type":"ReadAction","target":["https:\/\/europeix.cat\/produit\/tonyina\/"]}]},{"@type":"BreadcrumbList","@id":"https:\/\/europeix.cat\/produit\/tonyina\/#breadcrumb","itemListElement":[{"@type":"ListItem","position":1,"name":"Portada","item":"https:\/\/europeix.cat\/fr\/accueil\/"},{"@type":"ListItem","position":2,"name":"Produits","item":"https:\/\/europeix.cat\/fr\/produits\/"},{"@type":"ListItem","position":3,"name":"THON COMMUN"}]},{"@type":"WebSite","@id":"https:\/\/europeix.cat\/#website","url":"https:\/\/europeix.cat\/","name":"EUROPEIX","description":"EUROPEIX","potentialAction":[{"@type":"SearchAction","target":{"@type":"EntryPoint","urlTemplate":"https:\/\/europeix.cat\/?s={search_term_string}"},"query-input":"required name=search_term_string"}],"inLanguage":"fr-FR"}]}},"_links":{"self":[{"href":"https:\/\/europeix.cat\/fr\/wp-json\/wp\/v2\/product\/1283"}],"collection":[{"href":"https:\/\/europeix.cat\/fr\/wp-json\/wp\/v2\/product"}],"about":[{"href":"https:\/\/europeix.cat\/fr\/wp-json\/wp\/v2\/types\/product"}],"replies":[{"embeddable":true,"href":"https:\/\/europeix.cat\/fr\/wp-json\/wp\/v2\/comments?post=1283"}],"wp:featuredmedia":[{"embeddable":true,"href":"https:\/\/europeix.cat\/fr\/wp-json\/wp\/v2\/media\/1070"}],"wp:attachment":[{"href":"https:\/\/europeix.cat\/fr\/wp-json\/wp\/v2\/media?parent=1283"}],"wp:term":[{"taxonomy":"product_cat","embeddable":true,"href":"https:\/\/europeix.cat\/fr\/wp-json\/wp\/v2\/product_cat?post=1283"},{"taxonomy":"product_tag","embeddable":true,"href":"https:\/\/europeix.cat\/fr\/wp-json\/wp\/v2\/product_tag?post=1283"}],"curies":[{"name":"wp","href":"https:\/\/api.w.org\/{rel}","templated":true}]}}