{"id":1279,"date":"2023-02-17T12:39:41","date_gmt":"2023-02-17T11:39:41","guid":{"rendered":"https:\/\/europeix.cat\/producto\/pop-de-roca\/"},"modified":"2023-04-05T16:41:09","modified_gmt":"2023-04-05T14:41:09","slug":"poulpe-de-roche","status":"publish","type":"product","link":"https:\/\/europeix.cat\/fr\/produit\/poulpe-de-roche\/","title":{"rendered":"POULPE DE ROCHE"},"content":{"rendered":"<p>Il s\u2019agit d\u2019un mollusque au corps court et globuleux, avec la partie sup\u00e9rieure verruqueuse et de tr\u00e8s grands yeux. Autour de la bouche se trouvent 8 tentacules avec 2 rang\u00e9es de ventouses. La coloration est variable selon l\u2019endroit o\u00f9 ils vivent, les tonalit\u00e9s rouge\u00e2tres et brunes pr\u00e9dominent.<\/p>\n<p>Il vit sur des fonds de roche entre 1 \u00e0 25 m de profondeur, o\u00f9 on le trouve dans des tani\u00e8res et des cachettes. Il se nourrit de crabes et de mollusques, mais il mange presque tout animal qu\u2019il peut capturer.<\/p>\n<p>En cas de danger, comme tous les poulpes en g\u00e9n\u00e9ral, ils lancent un liquide sombre, l\u2019encre, qui leur sert \u00e0 se cacher.<\/p>\n<p>Ils se reproduisent de mars \u00e0 septembre.<\/p>\n<p>Il est captur\u00e9 par diff\u00e9rents moyens : Nasses et chalut de fond.<\/p>\n","protected":false},"excerpt":{"rendered":"<p>Octopus vulgaris<\/p>\n","protected":false},"featured_media":1900,"comment_status":"closed","ping_status":"closed","template":"","meta":[],"product_cat":[56],"product_tag":[],"yoast_head":"<!-- This site is optimized with the Yoast SEO plugin v20.9 - https:\/\/yoast.com\/wordpress\/plugins\/seo\/ -->\n<title>POULPE DE ROCHE - EUROPEIX<\/title>\n<meta name=\"robots\" content=\"index, follow, max-snippet:-1, max-image-preview:large, max-video-preview:-1\" \/>\n<link rel=\"canonical\" href=\"https:\/\/europeix.cat\/produit\/pop-de-roca\/\" \/>\n<meta name=\"twitter:label1\" content=\"Dur\u00e9e de lecture estim\u00e9e\" \/>\n\t<meta name=\"twitter:data1\" content=\"1 minute\" \/>\n<script type=\"application\/ld+json\" class=\"yoast-schema-graph\">{\"@context\":\"https:\/\/schema.org\",\"@graph\":[{\"@type\":\"WebPage\",\"@id\":\"https:\/\/europeix.cat\/produit\/pop-de-roca\/\",\"url\":\"https:\/\/europeix.cat\/produit\/pop-de-roca\/\",\"name\":\"POULPE DE ROCHE - EUROPEIX\",\"isPartOf\":{\"@id\":\"https:\/\/europeix.cat\/#website\"},\"datePublished\":\"2023-02-17T11:39:41+00:00\",\"dateModified\":\"2023-04-05T14:41:09+00:00\",\"breadcrumb\":{\"@id\":\"https:\/\/europeix.cat\/produit\/pop-de-roca\/#breadcrumb\"},\"inLanguage\":\"fr-FR\",\"potentialAction\":[{\"@type\":\"ReadAction\",\"target\":[\"https:\/\/europeix.cat\/produit\/pop-de-roca\/\"]}]},{\"@type\":\"BreadcrumbList\",\"@id\":\"https:\/\/europeix.cat\/produit\/pop-de-roca\/#breadcrumb\",\"itemListElement\":[{\"@type\":\"ListItem\",\"position\":1,\"name\":\"Portada\",\"item\":\"https:\/\/europeix.cat\/fr\/accueil\/\"},{\"@type\":\"ListItem\",\"position\":2,\"name\":\"Produits\",\"item\":\"https:\/\/europeix.cat\/fr\/produits\/\"},{\"@type\":\"ListItem\",\"position\":3,\"name\":\"POULPE DE ROCHE\"}]},{\"@type\":\"WebSite\",\"@id\":\"https:\/\/europeix.cat\/#website\",\"url\":\"https:\/\/europeix.cat\/\",\"name\":\"EUROPEIX\",\"description\":\"EUROPEIX\",\"potentialAction\":[{\"@type\":\"SearchAction\",\"target\":{\"@type\":\"EntryPoint\",\"urlTemplate\":\"https:\/\/europeix.cat\/?s={search_term_string}\"},\"query-input\":\"required name=search_term_string\"}],\"inLanguage\":\"fr-FR\"}]}<\/script>\n<!-- \/ Yoast SEO plugin. -->","yoast_head_json":{"title":"POULPE DE ROCHE - EUROPEIX","robots":{"index":"index","follow":"follow","max-snippet":"max-snippet:-1","max-image-preview":"max-image-preview:large","max-video-preview":"max-video-preview:-1"},"canonical":"https:\/\/europeix.cat\/produit\/pop-de-roca\/","twitter_misc":{"Dur\u00e9e de lecture estim\u00e9e":"1 minute"},"schema":{"@context":"https:\/\/schema.org","@graph":[{"@type":"WebPage","@id":"https:\/\/europeix.cat\/produit\/pop-de-roca\/","url":"https:\/\/europeix.cat\/produit\/pop-de-roca\/","name":"POULPE DE ROCHE - EUROPEIX","isPartOf":{"@id":"https:\/\/europeix.cat\/#website"},"datePublished":"2023-02-17T11:39:41+00:00","dateModified":"2023-04-05T14:41:09+00:00","breadcrumb":{"@id":"https:\/\/europeix.cat\/produit\/pop-de-roca\/#breadcrumb"},"inLanguage":"fr-FR","potentialAction":[{"@type":"ReadAction","target":["https:\/\/europeix.cat\/produit\/pop-de-roca\/"]}]},{"@type":"BreadcrumbList","@id":"https:\/\/europeix.cat\/produit\/pop-de-roca\/#breadcrumb","itemListElement":[{"@type":"ListItem","position":1,"name":"Portada","item":"https:\/\/europeix.cat\/fr\/accueil\/"},{"@type":"ListItem","position":2,"name":"Produits","item":"https:\/\/europeix.cat\/fr\/produits\/"},{"@type":"ListItem","position":3,"name":"POULPE DE ROCHE"}]},{"@type":"WebSite","@id":"https:\/\/europeix.cat\/#website","url":"https:\/\/europeix.cat\/","name":"EUROPEIX","description":"EUROPEIX","potentialAction":[{"@type":"SearchAction","target":{"@type":"EntryPoint","urlTemplate":"https:\/\/europeix.cat\/?s={search_term_string}"},"query-input":"required name=search_term_string"}],"inLanguage":"fr-FR"}]}},"_links":{"self":[{"href":"https:\/\/europeix.cat\/fr\/wp-json\/wp\/v2\/product\/1279"}],"collection":[{"href":"https:\/\/europeix.cat\/fr\/wp-json\/wp\/v2\/product"}],"about":[{"href":"https:\/\/europeix.cat\/fr\/wp-json\/wp\/v2\/types\/product"}],"replies":[{"embeddable":true,"href":"https:\/\/europeix.cat\/fr\/wp-json\/wp\/v2\/comments?post=1279"}],"wp:featuredmedia":[{"embeddable":true,"href":"https:\/\/europeix.cat\/fr\/wp-json\/wp\/v2\/media\/1900"}],"wp:attachment":[{"href":"https:\/\/europeix.cat\/fr\/wp-json\/wp\/v2\/media?parent=1279"}],"wp:term":[{"taxonomy":"product_cat","embeddable":true,"href":"https:\/\/europeix.cat\/fr\/wp-json\/wp\/v2\/product_cat?post=1279"},{"taxonomy":"product_tag","embeddable":true,"href":"https:\/\/europeix.cat\/fr\/wp-json\/wp\/v2\/product_tag?post=1279"}],"curies":[{"name":"wp","href":"https:\/\/api.w.org\/{rel}","templated":true}]}}