{"id":1267,"date":"2023-02-17T12:42:37","date_gmt":"2023-02-17T11:42:37","guid":{"rendered":"https:\/\/europeix.cat\/producto\/tonyina-dulls-grossos\/"},"modified":"2023-04-05T16:50:26","modified_gmt":"2023-04-05T14:50:26","slug":"thon-obese","status":"publish","type":"product","link":"https:\/\/europeix.cat\/fr\/produit\/thon-obese\/","title":{"rendered":"THON OB\u00c8SE"},"content":{"rendered":"<p>Il est connu pour ses grands yeux, son corps est bleu fonc\u00e9 m\u00e9tallique sur le dos et blanc sur le dessous, avec des nageoires pectorales jaunes.<\/p>\n<p>On le trouve dans les eaux tropicales et subtropicales de l&rsquo;Atlantique, du Pacifique et de l&rsquo;Inde, mais il est absent de la M\u00e9diterran\u00e9e.<\/p>\n<p>Il vit dans les eaux peu profondes et peu profondes du large jusqu&rsquo;\u00e0 250 m de profondeur.<\/p>\n<p>Il se nourrit de poissons, de crustac\u00e9s et de c\u00e9phalopodes.<\/p>\n<p>Son poids peut atteindre 180 kg et il peut atteindre 250 cm de longueur.<\/p>\n<p>Il est captur\u00e9 \u00e0 la palangre.<\/p>\n","protected":false},"excerpt":{"rendered":"<p>Thunnus obesus<\/p>\n","protected":false},"featured_media":1090,"comment_status":"closed","ping_status":"closed","template":"","meta":[],"product_cat":[53],"product_tag":[],"yoast_head":"<!-- This site is optimized with the Yoast SEO plugin v20.9 - https:\/\/yoast.com\/wordpress\/plugins\/seo\/ -->\n<title>THON OB\u00c8SE - EUROPEIX<\/title>\n<meta name=\"robots\" content=\"index, follow, max-snippet:-1, max-image-preview:large, max-video-preview:-1\" \/>\n<link rel=\"canonical\" href=\"https:\/\/europeix.cat\/produit\/tonyina-dulls-grossos\/\" \/>\n<script type=\"application\/ld+json\" class=\"yoast-schema-graph\">{\"@context\":\"https:\/\/schema.org\",\"@graph\":[{\"@type\":\"WebPage\",\"@id\":\"https:\/\/europeix.cat\/produit\/tonyina-dulls-grossos\/\",\"url\":\"https:\/\/europeix.cat\/produit\/tonyina-dulls-grossos\/\",\"name\":\"THON OB\u00c8SE - EUROPEIX\",\"isPartOf\":{\"@id\":\"https:\/\/europeix.cat\/#website\"},\"datePublished\":\"2023-02-17T11:42:37+00:00\",\"dateModified\":\"2023-04-05T14:50:26+00:00\",\"breadcrumb\":{\"@id\":\"https:\/\/europeix.cat\/produit\/tonyina-dulls-grossos\/#breadcrumb\"},\"inLanguage\":\"fr-FR\",\"potentialAction\":[{\"@type\":\"ReadAction\",\"target\":[\"https:\/\/europeix.cat\/produit\/tonyina-dulls-grossos\/\"]}]},{\"@type\":\"BreadcrumbList\",\"@id\":\"https:\/\/europeix.cat\/produit\/tonyina-dulls-grossos\/#breadcrumb\",\"itemListElement\":[{\"@type\":\"ListItem\",\"position\":1,\"name\":\"Portada\",\"item\":\"https:\/\/europeix.cat\/fr\/accueil\/\"},{\"@type\":\"ListItem\",\"position\":2,\"name\":\"Produits\",\"item\":\"https:\/\/europeix.cat\/fr\/produits\/\"},{\"@type\":\"ListItem\",\"position\":3,\"name\":\"THON OB\u00c8SE\"}]},{\"@type\":\"WebSite\",\"@id\":\"https:\/\/europeix.cat\/#website\",\"url\":\"https:\/\/europeix.cat\/\",\"name\":\"EUROPEIX\",\"description\":\"EUROPEIX\",\"potentialAction\":[{\"@type\":\"SearchAction\",\"target\":{\"@type\":\"EntryPoint\",\"urlTemplate\":\"https:\/\/europeix.cat\/?s={search_term_string}\"},\"query-input\":\"required name=search_term_string\"}],\"inLanguage\":\"fr-FR\"}]}<\/script>\n<!-- \/ Yoast SEO plugin. -->","yoast_head_json":{"title":"THON OB\u00c8SE - EUROPEIX","robots":{"index":"index","follow":"follow","max-snippet":"max-snippet:-1","max-image-preview":"max-image-preview:large","max-video-preview":"max-video-preview:-1"},"canonical":"https:\/\/europeix.cat\/produit\/tonyina-dulls-grossos\/","schema":{"@context":"https:\/\/schema.org","@graph":[{"@type":"WebPage","@id":"https:\/\/europeix.cat\/produit\/tonyina-dulls-grossos\/","url":"https:\/\/europeix.cat\/produit\/tonyina-dulls-grossos\/","name":"THON OB\u00c8SE - EUROPEIX","isPartOf":{"@id":"https:\/\/europeix.cat\/#website"},"datePublished":"2023-02-17T11:42:37+00:00","dateModified":"2023-04-05T14:50:26+00:00","breadcrumb":{"@id":"https:\/\/europeix.cat\/produit\/tonyina-dulls-grossos\/#breadcrumb"},"inLanguage":"fr-FR","potentialAction":[{"@type":"ReadAction","target":["https:\/\/europeix.cat\/produit\/tonyina-dulls-grossos\/"]}]},{"@type":"BreadcrumbList","@id":"https:\/\/europeix.cat\/produit\/tonyina-dulls-grossos\/#breadcrumb","itemListElement":[{"@type":"ListItem","position":1,"name":"Portada","item":"https:\/\/europeix.cat\/fr\/accueil\/"},{"@type":"ListItem","position":2,"name":"Produits","item":"https:\/\/europeix.cat\/fr\/produits\/"},{"@type":"ListItem","position":3,"name":"THON OB\u00c8SE"}]},{"@type":"WebSite","@id":"https:\/\/europeix.cat\/#website","url":"https:\/\/europeix.cat\/","name":"EUROPEIX","description":"EUROPEIX","potentialAction":[{"@type":"SearchAction","target":{"@type":"EntryPoint","urlTemplate":"https:\/\/europeix.cat\/?s={search_term_string}"},"query-input":"required name=search_term_string"}],"inLanguage":"fr-FR"}]}},"_links":{"self":[{"href":"https:\/\/europeix.cat\/fr\/wp-json\/wp\/v2\/product\/1267"}],"collection":[{"href":"https:\/\/europeix.cat\/fr\/wp-json\/wp\/v2\/product"}],"about":[{"href":"https:\/\/europeix.cat\/fr\/wp-json\/wp\/v2\/types\/product"}],"replies":[{"embeddable":true,"href":"https:\/\/europeix.cat\/fr\/wp-json\/wp\/v2\/comments?post=1267"}],"wp:featuredmedia":[{"embeddable":true,"href":"https:\/\/europeix.cat\/fr\/wp-json\/wp\/v2\/media\/1090"}],"wp:attachment":[{"href":"https:\/\/europeix.cat\/fr\/wp-json\/wp\/v2\/media?parent=1267"}],"wp:term":[{"taxonomy":"product_cat","embeddable":true,"href":"https:\/\/europeix.cat\/fr\/wp-json\/wp\/v2\/product_cat?post=1267"},{"taxonomy":"product_tag","embeddable":true,"href":"https:\/\/europeix.cat\/fr\/wp-json\/wp\/v2\/product_tag?post=1267"}],"curies":[{"name":"wp","href":"https:\/\/api.w.org\/{rel}","templated":true}]}}