{"id":1255,"date":"2023-02-17T12:44:45","date_gmt":"2023-02-17T11:44:45","guid":{"rendered":"https:\/\/europeix.cat\/producto\/remol-empetxinat\/"},"modified":"2023-04-05T17:00:36","modified_gmt":"2023-04-05T15:00:36","slug":"turbot","status":"publish","type":"product","link":"https:\/\/europeix.cat\/fr\/produit\/turbot\/","title":{"rendered":"TURBOT"},"content":{"rendered":"<p>C&rsquo;est un poisson au corps plat en forme de losange. Il n&rsquo;a pas d&rsquo;\u00e9cailles. Sa bouche est grande et ses yeux sont sur le c\u00f4t\u00e9 gauche de son corps.<\/p>\n<p>Sa couleur est g\u00e9n\u00e9ralement brun aigre.<\/p>\n<p>Il vit sur les fonds sablonneux, pr\u00e8s de la c\u00f4te.<\/p>\n<p>Sa taille est d&rsquo;environ 60 cm, mais il peut atteindre jusqu&rsquo;\u00e0 un m\u00e8tre.<\/p>\n<p>Il se nourrit de poissons, mollusques et crustac\u00e9s.<\/p>\n<p>Il se reproduit entre les mois d&rsquo;avril et d&rsquo;ao\u00fbt.<\/p>\n<p>Il est captur\u00e9 dans diff\u00e9rents engins de p\u00eache : palangre et chalut.<\/p>\n","protected":false},"excerpt":{"rendered":"<p>Psetta maxima<\/p>\n","protected":false},"featured_media":1895,"comment_status":"closed","ping_status":"closed","template":"","meta":[],"product_cat":[53],"product_tag":[],"yoast_head":"<!-- This site is optimized with the Yoast SEO plugin v20.9 - https:\/\/yoast.com\/wordpress\/plugins\/seo\/ -->\n<title>TURBOT - EUROPEIX<\/title>\n<meta name=\"robots\" content=\"index, follow, max-snippet:-1, max-image-preview:large, max-video-preview:-1\" \/>\n<link rel=\"canonical\" href=\"https:\/\/europeix.cat\/produit\/remol-empetxinat\/\" \/>\n<script type=\"application\/ld+json\" class=\"yoast-schema-graph\">{\"@context\":\"https:\/\/schema.org\",\"@graph\":[{\"@type\":\"WebPage\",\"@id\":\"https:\/\/europeix.cat\/produit\/remol-empetxinat\/\",\"url\":\"https:\/\/europeix.cat\/produit\/remol-empetxinat\/\",\"name\":\"TURBOT - EUROPEIX\",\"isPartOf\":{\"@id\":\"https:\/\/europeix.cat\/#website\"},\"datePublished\":\"2023-02-17T11:44:45+00:00\",\"dateModified\":\"2023-04-05T15:00:36+00:00\",\"breadcrumb\":{\"@id\":\"https:\/\/europeix.cat\/produit\/remol-empetxinat\/#breadcrumb\"},\"inLanguage\":\"fr-FR\",\"potentialAction\":[{\"@type\":\"ReadAction\",\"target\":[\"https:\/\/europeix.cat\/produit\/remol-empetxinat\/\"]}]},{\"@type\":\"BreadcrumbList\",\"@id\":\"https:\/\/europeix.cat\/produit\/remol-empetxinat\/#breadcrumb\",\"itemListElement\":[{\"@type\":\"ListItem\",\"position\":1,\"name\":\"Portada\",\"item\":\"https:\/\/europeix.cat\/fr\/accueil\/\"},{\"@type\":\"ListItem\",\"position\":2,\"name\":\"Produits\",\"item\":\"https:\/\/europeix.cat\/fr\/produits\/\"},{\"@type\":\"ListItem\",\"position\":3,\"name\":\"TURBOT\"}]},{\"@type\":\"WebSite\",\"@id\":\"https:\/\/europeix.cat\/#website\",\"url\":\"https:\/\/europeix.cat\/\",\"name\":\"EUROPEIX\",\"description\":\"EUROPEIX\",\"potentialAction\":[{\"@type\":\"SearchAction\",\"target\":{\"@type\":\"EntryPoint\",\"urlTemplate\":\"https:\/\/europeix.cat\/?s={search_term_string}\"},\"query-input\":\"required name=search_term_string\"}],\"inLanguage\":\"fr-FR\"}]}<\/script>\n<!-- \/ Yoast SEO plugin. -->","yoast_head_json":{"title":"TURBOT - EUROPEIX","robots":{"index":"index","follow":"follow","max-snippet":"max-snippet:-1","max-image-preview":"max-image-preview:large","max-video-preview":"max-video-preview:-1"},"canonical":"https:\/\/europeix.cat\/produit\/remol-empetxinat\/","schema":{"@context":"https:\/\/schema.org","@graph":[{"@type":"WebPage","@id":"https:\/\/europeix.cat\/produit\/remol-empetxinat\/","url":"https:\/\/europeix.cat\/produit\/remol-empetxinat\/","name":"TURBOT - EUROPEIX","isPartOf":{"@id":"https:\/\/europeix.cat\/#website"},"datePublished":"2023-02-17T11:44:45+00:00","dateModified":"2023-04-05T15:00:36+00:00","breadcrumb":{"@id":"https:\/\/europeix.cat\/produit\/remol-empetxinat\/#breadcrumb"},"inLanguage":"fr-FR","potentialAction":[{"@type":"ReadAction","target":["https:\/\/europeix.cat\/produit\/remol-empetxinat\/"]}]},{"@type":"BreadcrumbList","@id":"https:\/\/europeix.cat\/produit\/remol-empetxinat\/#breadcrumb","itemListElement":[{"@type":"ListItem","position":1,"name":"Portada","item":"https:\/\/europeix.cat\/fr\/accueil\/"},{"@type":"ListItem","position":2,"name":"Produits","item":"https:\/\/europeix.cat\/fr\/produits\/"},{"@type":"ListItem","position":3,"name":"TURBOT"}]},{"@type":"WebSite","@id":"https:\/\/europeix.cat\/#website","url":"https:\/\/europeix.cat\/","name":"EUROPEIX","description":"EUROPEIX","potentialAction":[{"@type":"SearchAction","target":{"@type":"EntryPoint","urlTemplate":"https:\/\/europeix.cat\/?s={search_term_string}"},"query-input":"required name=search_term_string"}],"inLanguage":"fr-FR"}]}},"_links":{"self":[{"href":"https:\/\/europeix.cat\/fr\/wp-json\/wp\/v2\/product\/1255"}],"collection":[{"href":"https:\/\/europeix.cat\/fr\/wp-json\/wp\/v2\/product"}],"about":[{"href":"https:\/\/europeix.cat\/fr\/wp-json\/wp\/v2\/types\/product"}],"replies":[{"embeddable":true,"href":"https:\/\/europeix.cat\/fr\/wp-json\/wp\/v2\/comments?post=1255"}],"wp:featuredmedia":[{"embeddable":true,"href":"https:\/\/europeix.cat\/fr\/wp-json\/wp\/v2\/media\/1895"}],"wp:attachment":[{"href":"https:\/\/europeix.cat\/fr\/wp-json\/wp\/v2\/media?parent=1255"}],"wp:term":[{"taxonomy":"product_cat","embeddable":true,"href":"https:\/\/europeix.cat\/fr\/wp-json\/wp\/v2\/product_cat?post=1255"},{"taxonomy":"product_tag","embeddable":true,"href":"https:\/\/europeix.cat\/fr\/wp-json\/wp\/v2\/product_tag?post=1255"}],"curies":[{"name":"wp","href":"https:\/\/api.w.org\/{rel}","templated":true}]}}