{"id":1251,"date":"2023-02-17T12:45:31","date_gmt":"2023-02-17T11:45:31","guid":{"rendered":"https:\/\/europeix.cat\/producto\/salmo\/"},"modified":"2023-04-05T17:03:24","modified_gmt":"2023-04-05T15:03:24","slug":"saumon","status":"publish","type":"product","link":"https:\/\/europeix.cat\/fr\/produit\/saumon\/","title":{"rendered":"SAUMON"},"content":{"rendered":"<p>C&rsquo;est un poisson au corps fusiforme, allong\u00e9 et l\u00e9g\u00e8rement comprim\u00e9 sur les c\u00f4t\u00e9s. Sa t\u00eate est petite et pointue.<\/p>\n<p>Sa peau est argent\u00e9e, avec des taches sur tout le corps.<\/p>\n<p>Il se reproduit dans les rivi\u00e8res, grandit dans la mer puis retourne l\u00e0 o\u00f9 il est n\u00e9 pour se reproduire.<\/p>\n<p>Sa taille varie g\u00e9n\u00e9ralement entre 40 et 120 cm.<\/p>\n<p>Il se nourrit de petits poissons et de crustac\u00e9s.<\/p>\n","protected":false},"excerpt":{"rendered":"<p>Salmo salar<\/p>\n","protected":false},"featured_media":1106,"comment_status":"closed","ping_status":"closed","template":"","meta":[],"product_cat":[53],"product_tag":[],"yoast_head":"<!-- This site is optimized with the Yoast SEO plugin v20.9 - https:\/\/yoast.com\/wordpress\/plugins\/seo\/ -->\n<title>SAUMON - EUROPEIX<\/title>\n<meta name=\"robots\" content=\"index, follow, max-snippet:-1, max-image-preview:large, max-video-preview:-1\" \/>\n<link rel=\"canonical\" href=\"https:\/\/europeix.cat\/produit\/salmo\/\" \/>\n<script type=\"application\/ld+json\" class=\"yoast-schema-graph\">{\"@context\":\"https:\/\/schema.org\",\"@graph\":[{\"@type\":\"WebPage\",\"@id\":\"https:\/\/europeix.cat\/produit\/salmo\/\",\"url\":\"https:\/\/europeix.cat\/produit\/salmo\/\",\"name\":\"SAUMON - EUROPEIX\",\"isPartOf\":{\"@id\":\"https:\/\/europeix.cat\/#website\"},\"datePublished\":\"2023-02-17T11:45:31+00:00\",\"dateModified\":\"2023-04-05T15:03:24+00:00\",\"breadcrumb\":{\"@id\":\"https:\/\/europeix.cat\/produit\/salmo\/#breadcrumb\"},\"inLanguage\":\"fr-FR\",\"potentialAction\":[{\"@type\":\"ReadAction\",\"target\":[\"https:\/\/europeix.cat\/produit\/salmo\/\"]}]},{\"@type\":\"BreadcrumbList\",\"@id\":\"https:\/\/europeix.cat\/produit\/salmo\/#breadcrumb\",\"itemListElement\":[{\"@type\":\"ListItem\",\"position\":1,\"name\":\"Portada\",\"item\":\"https:\/\/europeix.cat\/fr\/accueil\/\"},{\"@type\":\"ListItem\",\"position\":2,\"name\":\"Produits\",\"item\":\"https:\/\/europeix.cat\/fr\/produits\/\"},{\"@type\":\"ListItem\",\"position\":3,\"name\":\"SAUMON\"}]},{\"@type\":\"WebSite\",\"@id\":\"https:\/\/europeix.cat\/#website\",\"url\":\"https:\/\/europeix.cat\/\",\"name\":\"EUROPEIX\",\"description\":\"EUROPEIX\",\"potentialAction\":[{\"@type\":\"SearchAction\",\"target\":{\"@type\":\"EntryPoint\",\"urlTemplate\":\"https:\/\/europeix.cat\/?s={search_term_string}\"},\"query-input\":\"required name=search_term_string\"}],\"inLanguage\":\"fr-FR\"}]}<\/script>\n<!-- \/ Yoast SEO plugin. -->","yoast_head_json":{"title":"SAUMON - EUROPEIX","robots":{"index":"index","follow":"follow","max-snippet":"max-snippet:-1","max-image-preview":"max-image-preview:large","max-video-preview":"max-video-preview:-1"},"canonical":"https:\/\/europeix.cat\/produit\/salmo\/","schema":{"@context":"https:\/\/schema.org","@graph":[{"@type":"WebPage","@id":"https:\/\/europeix.cat\/produit\/salmo\/","url":"https:\/\/europeix.cat\/produit\/salmo\/","name":"SAUMON - EUROPEIX","isPartOf":{"@id":"https:\/\/europeix.cat\/#website"},"datePublished":"2023-02-17T11:45:31+00:00","dateModified":"2023-04-05T15:03:24+00:00","breadcrumb":{"@id":"https:\/\/europeix.cat\/produit\/salmo\/#breadcrumb"},"inLanguage":"fr-FR","potentialAction":[{"@type":"ReadAction","target":["https:\/\/europeix.cat\/produit\/salmo\/"]}]},{"@type":"BreadcrumbList","@id":"https:\/\/europeix.cat\/produit\/salmo\/#breadcrumb","itemListElement":[{"@type":"ListItem","position":1,"name":"Portada","item":"https:\/\/europeix.cat\/fr\/accueil\/"},{"@type":"ListItem","position":2,"name":"Produits","item":"https:\/\/europeix.cat\/fr\/produits\/"},{"@type":"ListItem","position":3,"name":"SAUMON"}]},{"@type":"WebSite","@id":"https:\/\/europeix.cat\/#website","url":"https:\/\/europeix.cat\/","name":"EUROPEIX","description":"EUROPEIX","potentialAction":[{"@type":"SearchAction","target":{"@type":"EntryPoint","urlTemplate":"https:\/\/europeix.cat\/?s={search_term_string}"},"query-input":"required name=search_term_string"}],"inLanguage":"fr-FR"}]}},"_links":{"self":[{"href":"https:\/\/europeix.cat\/fr\/wp-json\/wp\/v2\/product\/1251"}],"collection":[{"href":"https:\/\/europeix.cat\/fr\/wp-json\/wp\/v2\/product"}],"about":[{"href":"https:\/\/europeix.cat\/fr\/wp-json\/wp\/v2\/types\/product"}],"replies":[{"embeddable":true,"href":"https:\/\/europeix.cat\/fr\/wp-json\/wp\/v2\/comments?post=1251"}],"wp:featuredmedia":[{"embeddable":true,"href":"https:\/\/europeix.cat\/fr\/wp-json\/wp\/v2\/media\/1106"}],"wp:attachment":[{"href":"https:\/\/europeix.cat\/fr\/wp-json\/wp\/v2\/media?parent=1251"}],"wp:term":[{"taxonomy":"product_cat","embeddable":true,"href":"https:\/\/europeix.cat\/fr\/wp-json\/wp\/v2\/product_cat?post=1251"},{"taxonomy":"product_tag","embeddable":true,"href":"https:\/\/europeix.cat\/fr\/wp-json\/wp\/v2\/product_tag?post=1251"}],"curies":[{"name":"wp","href":"https:\/\/api.w.org\/{rel}","templated":true}]}}