{"id":1186,"date":"2023-02-16T18:44:12","date_gmt":"2023-02-16T17:44:12","guid":{"rendered":"https:\/\/europeix.cat\/instal%c2%b7lacions\/"},"modified":"2024-11-12T10:34:29","modified_gmt":"2024-11-12T09:34:29","slug":"installations","status":"publish","type":"page","link":"https:\/\/europeix.cat\/fr\/installations\/","title":{"rendered":"Installations"},"content":{"rendered":"<\/p>\n\n<style type=\"text\/css\" data-created_by=\"avia_inline_auto\" id=\"style-css-av-13us8n-cddd13a61b55aa4c31c839a5c7763c6e\">\n.flex_column.av-13us8n-cddd13a61b55aa4c31c839a5c7763c6e{\n-webkit-border-radius:0px 0px 0px 0px;\n-moz-border-radius:0px 0px 0px 0px;\nborder-radius:0px 0px 0px 0px;\npadding:0px 0px 0px 0px;\n}\n<\/style>\n<div  class='flex_column av-13us8n-cddd13a61b55aa4c31c839a5c7763c6e av_one_half  avia-builder-el-0  el_before_av_one_half  avia-builder-el-first  first flex_column_div av-zero-column-padding  '     ><div  class='avia-slideshow av-le7enbhx-10dca51de4b0f0f29cecfbf28c5fe8a2 avia-slideshow-gallery av_slideshow avia-fade-slider  avia-builder-el-1  avia-builder-el-no-sibling  av-slideshow-ui av-control-default av-slideshow-autoplay av-loop-endless av-loop-manual-endless av-default-height-applied avia-slideshow-1' data-slideshow-options=\"{&quot;animation&quot;:&quot;fade&quot;,&quot;autoplay&quot;:true,&quot;loop_autoplay&quot;:&quot;endless&quot;,&quot;interval&quot;:5,&quot;loop_manual&quot;:&quot;manual-endless&quot;,&quot;autoplay_stopper&quot;:false,&quot;noNavigation&quot;:false,&quot;bg_slider&quot;:false,&quot;keep_padding&quot;:false,&quot;hoverpause&quot;:false,&quot;show_slide_delay&quot;:0}\"  itemprop=\"image\" itemscope=\"itemscope\" itemtype=\"https:\/\/schema.org\/ImageObject\" ><ul class='avia-slideshow-inner ' style='padding-bottom: 67.100591715976%;'><li  class='avia-slideshow-slide av-le7enbhx-10dca51de4b0f0f29cecfbf28c5fe8a2__0  slide-1 slide-odd'><div data-rel='slideshow-1' class='avia-slide-wrap '   ><img decoding=\"async\" class=\"wp-image-2238 avia-img-lazy-loading-not-2238\"  src=\"https:\/\/europeix.cat\/wp-content\/uploads\/2023\/04\/3.4_DSCF8094-845x567.jpg\" width=\"845\" height=\"567\" title='3.4_DSCF8094' alt=''  itemprop=\"thumbnailUrl\" srcset=\"https:\/\/europeix.cat\/wp-content\/uploads\/2023\/04\/3.4_DSCF8094-845x567.jpg 845w, https:\/\/europeix.cat\/wp-content\/uploads\/2023\/04\/3.4_DSCF8094-300x200.jpg 300w\" sizes=\"(max-width: 845px) 100vw, 845px\" \/><\/div><\/li><li  class='avia-slideshow-slide av-le7enbhx-10dca51de4b0f0f29cecfbf28c5fe8a2__1  slide-2 slide-even'><div data-rel='slideshow-1' class='avia-slide-wrap '   ><img decoding=\"async\" class=\"wp-image-2218 avia-img-lazy-loading-not-2218\"  src=\"https:\/\/europeix.cat\/wp-content\/uploads\/2023\/04\/3_H2S2811-845x567.jpg\" width=\"845\" height=\"567\" title='3_H2S2811' alt=''  itemprop=\"thumbnailUrl\" srcset=\"https:\/\/europeix.cat\/wp-content\/uploads\/2023\/04\/3_H2S2811-845x567.jpg 845w, https:\/\/europeix.cat\/wp-content\/uploads\/2023\/04\/3_H2S2811-300x200.jpg 300w\" sizes=\"(max-width: 845px) 100vw, 845px\" \/><\/div><\/li><li  class='avia-slideshow-slide av-le7enbhx-10dca51de4b0f0f29cecfbf28c5fe8a2__2  slide-3 slide-odd'><div data-rel='slideshow-1' class='avia-slide-wrap '   ><img decoding=\"async\" class=\"wp-image-2223 avia-img-lazy-loading-not-2223\"  src=\"https:\/\/europeix.cat\/wp-content\/uploads\/2023\/04\/3.1_H2S0908-845x567.jpg\" width=\"845\" height=\"567\" title='3.1_H2S0908' alt=''  itemprop=\"thumbnailUrl\" srcset=\"https:\/\/europeix.cat\/wp-content\/uploads\/2023\/04\/3.1_H2S0908-845x567.jpg 845w, https:\/\/europeix.cat\/wp-content\/uploads\/2023\/04\/3.1_H2S0908-300x200.jpg 300w\" sizes=\"(max-width: 845px) 100vw, 845px\" \/><\/div><\/li><li  class='avia-slideshow-slide av-le7enbhx-10dca51de4b0f0f29cecfbf28c5fe8a2__3  slide-4 slide-even'><div data-rel='slideshow-1' class='avia-slide-wrap '   ><img decoding=\"async\" class=\"wp-image-2228 avia-img-lazy-loading-not-2228\"  src=\"https:\/\/europeix.cat\/wp-content\/uploads\/2023\/04\/3.2_H2S2821-845x567.jpg\" width=\"845\" height=\"567\" title='3.2_H2S2821' alt=''  itemprop=\"thumbnailUrl\" srcset=\"https:\/\/europeix.cat\/wp-content\/uploads\/2023\/04\/3.2_H2S2821-845x567.jpg 845w, https:\/\/europeix.cat\/wp-content\/uploads\/2023\/04\/3.2_H2S2821-300x200.jpg 300w\" sizes=\"(max-width: 845px) 100vw, 845px\" \/><\/div><\/li><li  class='avia-slideshow-slide av-le7enbhx-10dca51de4b0f0f29cecfbf28c5fe8a2__4  slide-5 slide-odd'><div data-rel='slideshow-1' class='avia-slide-wrap '   ><img decoding=\"async\" class=\"wp-image-2233 avia-img-lazy-loading-not-2233\"  src=\"https:\/\/europeix.cat\/wp-content\/uploads\/2023\/04\/3.3_DSCF7860-845x567.jpg\" width=\"845\" height=\"567\" title='3.3_DSCF7860' alt=''  itemprop=\"thumbnailUrl\" srcset=\"https:\/\/europeix.cat\/wp-content\/uploads\/2023\/04\/3.3_DSCF7860-845x567.jpg 845w, https:\/\/europeix.cat\/wp-content\/uploads\/2023\/04\/3.3_DSCF7860-300x200.jpg 300w\" sizes=\"(max-width: 845px) 100vw, 845px\" \/><\/div><\/li><\/ul><div class='avia-slideshow-arrows avia-slideshow-controls' ><a href='#prev' class='prev-slide ' aria-hidden='true' data-av_icon='\ue87c' data-av_iconfont='entypo-fontello'  tabindex='-1'>Pr\u00e9c\u00e9dent<\/a><a href='#next' class='next-slide ' aria-hidden='true' data-av_icon='\ue87d' data-av_iconfont='entypo-fontello'  tabindex='-1'>Suivant<\/a><\/div><div class='avia-slideshow-dots avia-slideshow-controls'><a href='#1' class='goto-slide active' >1<\/a><a href='#2' class='goto-slide ' >2<\/a><a href='#3' class='goto-slide ' >3<\/a><a href='#4' class='goto-slide ' >4<\/a><a href='#5' class='goto-slide ' >5<\/a><\/div><\/div><\/div>\n<div  class='flex_column av-nbljj-91a381e6cf9d86824cb04c06f3d12369 av_one_half  avia-builder-el-2  el_after_av_one_half  avia-builder-el-last  flex_column_div  '     ><p>\n<style type=\"text\/css\" data-created_by=\"avia_inline_auto\" id=\"style-css-av-le7ekqeg-d7f1e67fc15f008e0af68e0c4cfbcf7c\">\n#top .av-special-heading.av-le7ekqeg-d7f1e67fc15f008e0af68e0c4cfbcf7c{\npadding-bottom:10px;\n}\nbody .av-special-heading.av-le7ekqeg-d7f1e67fc15f008e0af68e0c4cfbcf7c .av-special-heading-tag .heading-char{\nfont-size:25px;\n}\n.av-special-heading.av-le7ekqeg-d7f1e67fc15f008e0af68e0c4cfbcf7c .av-subheading{\nfont-size:15px;\n}\n<\/style>\n<div  class='av-special-heading av-le7ekqeg-d7f1e67fc15f008e0af68e0c4cfbcf7c av-special-heading-h1  avia-builder-el-3  el_before_av_textblock  avia-builder-el-first '><h1 class='av-special-heading-tag'  itemprop=\"headline\"  >Installations<\/h1><div class=\"special-heading-border\"><div class=\"special-heading-inner-border\"><\/div><\/div><\/div><br \/>\n<section  class='av_textblock_section av-le7el6gq-03526efcefbd7e6e023cc3e9f1b7dfb1 '   itemscope=\"itemscope\" itemtype=\"https:\/\/schema.org\/CreativeWork\" ><div class='avia_textblock'  itemprop=\"text\" ><div class=\"text content-block\">\n<p>Notre si\u00e8ge est situ\u00e9 sur le littoral barcelonais, tr\u00e8s proche du port de p\u00eache d\u2019Arenys de Mar, dans de nouvelles installations inaugur\u00e9es en 2015. Avec 1.200\u00a0m2 compos\u00e9s de spacieuses chambres frigorifiques, de quais de chargement et d\u00e9chargement, et d\u2019ateliers de transformation dot\u00e9s des \u00e9quipements les plus modernes pour produire, conditionner et \u00e9tiqueter nos produits.<\/p>\n<p>Ce projet moderne a \u00e9t\u00e9 possible gr\u00e2ce \u00e0 l\u2019effort de toute la famille, avec plus de 30 ann\u00e9es de profession, et est sp\u00e9cifiquement \u00e9labor\u00e9 pour ex\u00e9cuter notre activit\u00e9 avec toutes les commodit\u00e9s et pour r\u00e9pondre aux besoins que le march\u00e9 exige de nous.<\/p>\n<\/div>\n<\/div><\/section><br \/>\n\n<style type=\"text\/css\" data-created_by=\"avia_inline_auto\" id=\"style-css-av-hbnmf-16d5869142d4512ce68f5e9fd16d0b3e\">\n#top .hr.hr-invisible.av-hbnmf-16d5869142d4512ce68f5e9fd16d0b3e{\nheight:30px;\n}\n<\/style>\n<div  class='hr av-hbnmf-16d5869142d4512ce68f5e9fd16d0b3e hr-invisible  avia-builder-el-5  el_after_av_textblock  el_before_av_button '><span class='hr-inner '><span class=\"hr-inner-style\"><\/span><\/span><\/div><br \/>\n<div  class='avia-button-wrap av-8jxvr-3756a6d23e8e003317f1512eea41d6be-wrap avia-button-center  avia-builder-el-6  el_after_av_hr  avia-builder-el-last '><a href='https:\/\/europeix.cat\/fr\/contact-et-localisation\/'  class='avia-button av-8jxvr-3756a6d23e8e003317f1512eea41d6be avia-icon_select-no avia-size-large avia-position-center avia-color-theme-color'  ><span class='avia_iconbox_title' >Contact<\/span><\/a><\/div><\/p><\/div>\n","protected":false},"excerpt":{"rendered":"","protected":false},"author":1,"featured_media":0,"parent":0,"menu_order":200,"comment_status":"closed","ping_status":"closed","template":"","meta":[],"yoast_head":"<!-- This site is optimized with the Yoast SEO plugin v20.9 - https:\/\/yoast.com\/wordpress\/plugins\/seo\/ -->\n<title>Installations - EUROPEIX<\/title>\n<meta name=\"description\" content=\"Instal\u00b7lacions La nostra seu es troba al litoral Barcelon\u00ed, molt a prop del port pesquer d\u2019Arenys de Mar, en unes noves instal\u00b7lacions inaugurades l\u2019any 2.015.\" \/>\n<meta name=\"robots\" content=\"index, follow, max-snippet:-1, max-image-preview:large, max-video-preview:-1\" \/>\n<link rel=\"canonical\" href=\"https:\/\/europeix.cat\/fr\/installations\/\" \/>\n<meta name=\"twitter:label1\" content=\"Dur\u00e9e de lecture estim\u00e9e\" \/>\n\t<meta name=\"twitter:data1\" content=\"2 minutes\" \/>\n<script type=\"application\/ld+json\" class=\"yoast-schema-graph\">{\"@context\":\"https:\/\/schema.org\",\"@graph\":[{\"@type\":\"WebPage\",\"@id\":\"https:\/\/europeix.cat\/fr\/installations\/\",\"url\":\"https:\/\/europeix.cat\/fr\/installations\/\",\"name\":\"Installations - EUROPEIX\",\"isPartOf\":{\"@id\":\"https:\/\/europeix.cat\/#website\"},\"datePublished\":\"2023-02-16T17:44:12+00:00\",\"dateModified\":\"2024-11-12T09:34:29+00:00\",\"description\":\"Instal\u00b7lacions La nostra seu es troba al litoral Barcelon\u00ed, molt a prop del port pesquer d\u2019Arenys de Mar, en unes noves instal\u00b7lacions inaugurades l\u2019any 2.015.\",\"breadcrumb\":{\"@id\":\"https:\/\/europeix.cat\/fr\/installations\/#breadcrumb\"},\"inLanguage\":\"fr-FR\",\"potentialAction\":[{\"@type\":\"ReadAction\",\"target\":[\"https:\/\/europeix.cat\/fr\/installations\/\"]}]},{\"@type\":\"BreadcrumbList\",\"@id\":\"https:\/\/europeix.cat\/fr\/installations\/#breadcrumb\",\"itemListElement\":[{\"@type\":\"ListItem\",\"position\":1,\"name\":\"Portada\",\"item\":\"https:\/\/europeix.cat\/fr\/accueil\/\"},{\"@type\":\"ListItem\",\"position\":2,\"name\":\"Installations\"}]},{\"@type\":\"WebSite\",\"@id\":\"https:\/\/europeix.cat\/#website\",\"url\":\"https:\/\/europeix.cat\/\",\"name\":\"EUROPEIX\",\"description\":\"EUROPEIX\",\"potentialAction\":[{\"@type\":\"SearchAction\",\"target\":{\"@type\":\"EntryPoint\",\"urlTemplate\":\"https:\/\/europeix.cat\/?s={search_term_string}\"},\"query-input\":\"required name=search_term_string\"}],\"inLanguage\":\"fr-FR\"}]}<\/script>\n<!-- \/ Yoast SEO plugin. -->","yoast_head_json":{"title":"Installations - EUROPEIX","description":"Instal\u00b7lacions La nostra seu es troba al litoral Barcelon\u00ed, molt a prop del port pesquer d\u2019Arenys de Mar, en unes noves instal\u00b7lacions inaugurades l\u2019any 2.015.","robots":{"index":"index","follow":"follow","max-snippet":"max-snippet:-1","max-image-preview":"max-image-preview:large","max-video-preview":"max-video-preview:-1"},"canonical":"https:\/\/europeix.cat\/fr\/installations\/","twitter_misc":{"Dur\u00e9e de lecture estim\u00e9e":"2 minutes"},"schema":{"@context":"https:\/\/schema.org","@graph":[{"@type":"WebPage","@id":"https:\/\/europeix.cat\/fr\/installations\/","url":"https:\/\/europeix.cat\/fr\/installations\/","name":"Installations - EUROPEIX","isPartOf":{"@id":"https:\/\/europeix.cat\/#website"},"datePublished":"2023-02-16T17:44:12+00:00","dateModified":"2024-11-12T09:34:29+00:00","description":"Instal\u00b7lacions La nostra seu es troba al litoral Barcelon\u00ed, molt a prop del port pesquer d\u2019Arenys de Mar, en unes noves instal\u00b7lacions inaugurades l\u2019any 2.015.","breadcrumb":{"@id":"https:\/\/europeix.cat\/fr\/installations\/#breadcrumb"},"inLanguage":"fr-FR","potentialAction":[{"@type":"ReadAction","target":["https:\/\/europeix.cat\/fr\/installations\/"]}]},{"@type":"BreadcrumbList","@id":"https:\/\/europeix.cat\/fr\/installations\/#breadcrumb","itemListElement":[{"@type":"ListItem","position":1,"name":"Portada","item":"https:\/\/europeix.cat\/fr\/accueil\/"},{"@type":"ListItem","position":2,"name":"Installations"}]},{"@type":"WebSite","@id":"https:\/\/europeix.cat\/#website","url":"https:\/\/europeix.cat\/","name":"EUROPEIX","description":"EUROPEIX","potentialAction":[{"@type":"SearchAction","target":{"@type":"EntryPoint","urlTemplate":"https:\/\/europeix.cat\/?s={search_term_string}"},"query-input":"required name=search_term_string"}],"inLanguage":"fr-FR"}]}},"_links":{"self":[{"href":"https:\/\/europeix.cat\/fr\/wp-json\/wp\/v2\/pages\/1186"}],"collection":[{"href":"https:\/\/europeix.cat\/fr\/wp-json\/wp\/v2\/pages"}],"about":[{"href":"https:\/\/europeix.cat\/fr\/wp-json\/wp\/v2\/types\/page"}],"author":[{"embeddable":true,"href":"https:\/\/europeix.cat\/fr\/wp-json\/wp\/v2\/users\/1"}],"replies":[{"embeddable":true,"href":"https:\/\/europeix.cat\/fr\/wp-json\/wp\/v2\/comments?post=1186"}],"version-history":[{"count":10,"href":"https:\/\/europeix.cat\/fr\/wp-json\/wp\/v2\/pages\/1186\/revisions"}],"predecessor-version":[{"id":3553,"href":"https:\/\/europeix.cat\/fr\/wp-json\/wp\/v2\/pages\/1186\/revisions\/3553"}],"wp:attachment":[{"href":"https:\/\/europeix.cat\/fr\/wp-json\/wp\/v2\/media?parent=1186"}],"curies":[{"name":"wp","href":"https:\/\/api.w.org\/{rel}","templated":true}]}}