{"id":1178,"date":"2023-02-16T18:44:17","date_gmt":"2023-02-16T17:44:17","guid":{"rendered":"https:\/\/europeix.cat\/distribucio\/"},"modified":"2024-11-12T10:48:11","modified_gmt":"2024-11-12T09:48:11","slug":"distribution","status":"publish","type":"page","link":"https:\/\/europeix.cat\/fr\/distribution\/","title":{"rendered":"Distribution"},"content":{"rendered":"<\/p>\n\n<style type=\"text\/css\" data-created_by=\"avia_inline_auto\" id=\"style-css-av-18eopd-8dee0ec71fb00e5aa8a381f74acb4d81\">\n.flex_column.av-18eopd-8dee0ec71fb00e5aa8a381f74acb4d81{\n-webkit-border-radius:0px 0px 0px 0px;\n-moz-border-radius:0px 0px 0px 0px;\nborder-radius:0px 0px 0px 0px;\npadding:0px 0px 0px 0px;\n}\n<\/style>\n<div  class='flex_column av-18eopd-8dee0ec71fb00e5aa8a381f74acb4d81 av_one_half  avia-builder-el-0  el_before_av_one_half  avia-builder-el-first  first flex_column_div av-zero-column-padding  '     ><div  class='avia-slideshow av-le7evxqh-33ba903ed449474e116e4f796c0ff459 avia-slideshow-gallery av_slideshow avia-fade-slider  avia-builder-el-1  avia-builder-el-no-sibling  av-slideshow-ui av-control-default av-slideshow-autoplay av-loop-endless av-loop-manual-endless av-default-height-applied avia-slideshow-1' data-slideshow-options=\"{&quot;animation&quot;:&quot;fade&quot;,&quot;autoplay&quot;:true,&quot;loop_autoplay&quot;:&quot;endless&quot;,&quot;interval&quot;:5,&quot;loop_manual&quot;:&quot;manual-endless&quot;,&quot;autoplay_stopper&quot;:false,&quot;noNavigation&quot;:false,&quot;bg_slider&quot;:false,&quot;keep_padding&quot;:false,&quot;hoverpause&quot;:false,&quot;show_slide_delay&quot;:0}\"  itemprop=\"image\" itemscope=\"itemscope\" itemtype=\"https:\/\/schema.org\/ImageObject\" ><ul class='avia-slideshow-inner ' style='padding-bottom: 67.100591715976%;'><li  class='avia-slideshow-slide av-le7evxqh-33ba903ed449474e116e4f796c0ff459__0  slide-1 slide-odd'><div data-rel='slideshow-1' class='avia-slide-wrap '   ><img decoding=\"async\" class=\"wp-image-2306 avia-img-lazy-loading-not-2306\"  src=\"https:\/\/europeix.cat\/wp-content\/uploads\/2023\/04\/5.1_H2S0616-845x567.jpg\" width=\"845\" height=\"567\" title='5.1_H2S0616' alt=''  itemprop=\"thumbnailUrl\" srcset=\"https:\/\/europeix.cat\/wp-content\/uploads\/2023\/04\/5.1_H2S0616-845x567.jpg 845w, https:\/\/europeix.cat\/wp-content\/uploads\/2023\/04\/5.1_H2S0616-300x200.jpg 300w\" sizes=\"(max-width: 845px) 100vw, 845px\" \/><\/div><\/li><li  class='avia-slideshow-slide av-le7evxqh-33ba903ed449474e116e4f796c0ff459__1  slide-2 slide-even'><div data-rel='slideshow-1' class='avia-slide-wrap '   ><img decoding=\"async\" class=\"wp-image-2316 avia-img-lazy-loading-not-2316\"  src=\"https:\/\/europeix.cat\/wp-content\/uploads\/2023\/04\/5.3_H2S1571-845x567.jpg\" width=\"845\" height=\"567\" title='5.3_H2S1571' alt=''  itemprop=\"thumbnailUrl\" srcset=\"https:\/\/europeix.cat\/wp-content\/uploads\/2023\/04\/5.3_H2S1571-845x567.jpg 845w, https:\/\/europeix.cat\/wp-content\/uploads\/2023\/04\/5.3_H2S1571-300x200.jpg 300w\" sizes=\"(max-width: 845px) 100vw, 845px\" \/><\/div><\/li><li  class='avia-slideshow-slide av-le7evxqh-33ba903ed449474e116e4f796c0ff459__2  slide-3 slide-odd'><div data-rel='slideshow-1' class='avia-slide-wrap '   ><img decoding=\"async\" class=\"wp-image-2321 avia-img-lazy-loading-not-2321\"  src=\"https:\/\/europeix.cat\/wp-content\/uploads\/2023\/04\/5.4_DSCF8003-845x567.jpg\" width=\"845\" height=\"567\" title='5.4_DSCF8003' alt=''  itemprop=\"thumbnailUrl\" srcset=\"https:\/\/europeix.cat\/wp-content\/uploads\/2023\/04\/5.4_DSCF8003-845x567.jpg 845w, https:\/\/europeix.cat\/wp-content\/uploads\/2023\/04\/5.4_DSCF8003-300x200.jpg 300w\" sizes=\"(max-width: 845px) 100vw, 845px\" \/><\/div><\/li><li  class='avia-slideshow-slide av-le7evxqh-33ba903ed449474e116e4f796c0ff459__3  slide-4 slide-even'><div data-rel='slideshow-1' class='avia-slide-wrap '   ><img decoding=\"async\" class=\"wp-image-2326 avia-img-lazy-loading-not-2326\"  src=\"https:\/\/europeix.cat\/wp-content\/uploads\/2023\/04\/5.5_H2S1607-845x567.jpg\" width=\"845\" height=\"567\" title='5.5_H2S1607' alt=''  itemprop=\"thumbnailUrl\" srcset=\"https:\/\/europeix.cat\/wp-content\/uploads\/2023\/04\/5.5_H2S1607-845x567.jpg 845w, https:\/\/europeix.cat\/wp-content\/uploads\/2023\/04\/5.5_H2S1607-300x200.jpg 300w\" sizes=\"(max-width: 845px) 100vw, 845px\" \/><\/div><\/li><li  class='avia-slideshow-slide av-le7evxqh-33ba903ed449474e116e4f796c0ff459__4  slide-5 slide-odd'><div data-rel='slideshow-1' class='avia-slide-wrap '   ><img decoding=\"async\" class=\"wp-image-2311 avia-img-lazy-loading-not-2311\"  src=\"https:\/\/europeix.cat\/wp-content\/uploads\/2023\/04\/5.2_H2S0634-845x567.jpg\" width=\"845\" height=\"567\" title='5.2_H2S0634' alt=''  itemprop=\"thumbnailUrl\" srcset=\"https:\/\/europeix.cat\/wp-content\/uploads\/2023\/04\/5.2_H2S0634-845x567.jpg 845w, https:\/\/europeix.cat\/wp-content\/uploads\/2023\/04\/5.2_H2S0634-300x200.jpg 300w\" sizes=\"(max-width: 845px) 100vw, 845px\" \/><\/div><\/li><\/ul><div class='avia-slideshow-arrows avia-slideshow-controls' ><a href='#prev' class='prev-slide ' aria-hidden='true' data-av_icon='\ue87c' data-av_iconfont='entypo-fontello'  tabindex='-1'>Pr\u00e9c\u00e9dent<\/a><a href='#next' class='next-slide ' aria-hidden='true' data-av_icon='\ue87d' data-av_iconfont='entypo-fontello'  tabindex='-1'>Suivant<\/a><\/div><div class='avia-slideshow-dots avia-slideshow-controls'><a href='#1' class='goto-slide active' >1<\/a><a href='#2' class='goto-slide ' >2<\/a><a href='#3' class='goto-slide ' >3<\/a><a href='#4' class='goto-slide ' >4<\/a><a href='#5' class='goto-slide ' >5<\/a><\/div><\/div><\/div>\n<div  class='flex_column av-jql95-1c8a1d53aa9ee0d7982ff34fc7458f5c av_one_half  avia-builder-el-2  el_after_av_one_half  avia-builder-el-last  flex_column_div  '     ><p>\n<style type=\"text\/css\" data-created_by=\"avia_inline_auto\" id=\"style-css-av-le7erk52-7e543ff930d0ef3325874884305e7591\">\n#top .av-special-heading.av-le7erk52-7e543ff930d0ef3325874884305e7591{\npadding-bottom:10px;\n}\nbody .av-special-heading.av-le7erk52-7e543ff930d0ef3325874884305e7591 .av-special-heading-tag .heading-char{\nfont-size:25px;\n}\n.av-special-heading.av-le7erk52-7e543ff930d0ef3325874884305e7591 .av-subheading{\nfont-size:15px;\n}\n<\/style>\n<div  class='av-special-heading av-le7erk52-7e543ff930d0ef3325874884305e7591 av-special-heading-h1  avia-builder-el-3  el_before_av_textblock  avia-builder-el-first '><h1 class='av-special-heading-tag'  itemprop=\"headline\"  >Distribution<\/h1><div class=\"special-heading-border\"><div class=\"special-heading-inner-border\"><\/div><\/div><\/div><br \/>\n<section  class='av_textblock_section av-le7ethyq-d33f035b0e61ee2fc983751b9da3e0f5 '   itemscope=\"itemscope\" itemtype=\"https:\/\/schema.org\/CreativeWork\" ><div class='avia_textblock'  itemprop=\"text\" ><div class=\"text content-block\">\n<p>L\u2019activit\u00e9 commerciale de EUROPEIX S.A. est bas\u00e9e sur l\u2019exportation vers toute l\u2019Europe et les pays tiers.<\/p>\n<p>La distribution nationale se concentre sur les principaux march\u00e9s centraux et les conserveries de poisson, ainsi que le secteur de l\u2019H\u00f4tellerie et des D\u00e9taillants.<\/p>\n<p>Les livraisons sont effectu\u00e9es majoritairement par nos camions frigorifiques qui assurent le suivi de la cha\u00eene du froid et les d\u00e9lais stricts de livraison relatifs au traitement de marchandises p\u00e9rissables. En outre, nous utilisons les principaux r\u00e9seaux de distribution du poisson frais pour assurer les livraisons quotidiennes plus petites.<\/p>\n<\/div>\n<\/div><\/section><br \/>\n\n<style type=\"text\/css\" data-created_by=\"avia_inline_auto\" id=\"style-css-av-evtl5-62434acedbaa8360d57d5c1aac747e42\">\n#top .hr.hr-invisible.av-evtl5-62434acedbaa8360d57d5c1aac747e42{\nheight:30px;\n}\n<\/style>\n<div  class='hr av-evtl5-62434acedbaa8360d57d5c1aac747e42 hr-invisible  avia-builder-el-5  el_after_av_textblock  el_before_av_button '><span class='hr-inner '><span class=\"hr-inner-style\"><\/span><\/span><\/div><br \/>\n<div  class='avia-button-wrap av-9bydd-5867fe3a27531bd09d981d69d1c92f1f-wrap avia-button-center  avia-builder-el-6  el_after_av_hr  avia-builder-el-last '><a href='https:\/\/europeix.cat\/fr\/contact-et-localisation\/'  class='avia-button av-9bydd-5867fe3a27531bd09d981d69d1c92f1f avia-icon_select-no avia-size-large avia-position-center avia-color-theme-color'  ><span class='avia_iconbox_title' >Contact<\/span><\/a><\/div><\/p><\/div>\n","protected":false},"excerpt":{"rendered":"","protected":false},"author":1,"featured_media":0,"parent":0,"menu_order":500,"comment_status":"closed","ping_status":"closed","template":"","meta":[],"yoast_head":"<!-- This site is optimized with the Yoast SEO plugin v20.9 - https:\/\/yoast.com\/wordpress\/plugins\/seo\/ -->\n<title>Distribution - EUROPEIX<\/title>\n<meta name=\"description\" content=\"Distribuci\u00f3 L\u2019activitat comercial d\u2019 EUROPEIX, S.A. es basa en l\u2019exportaci\u00f3 a tot Europa i tercers pa\u00efsos.\" \/>\n<meta name=\"robots\" content=\"index, follow, max-snippet:-1, max-image-preview:large, max-video-preview:-1\" \/>\n<link rel=\"canonical\" href=\"https:\/\/europeix.cat\/fr\/distribution\/\" \/>\n<meta name=\"twitter:label1\" content=\"Dur\u00e9e de lecture estim\u00e9e\" \/>\n\t<meta name=\"twitter:data1\" content=\"2 minutes\" \/>\n<script type=\"application\/ld+json\" class=\"yoast-schema-graph\">{\"@context\":\"https:\/\/schema.org\",\"@graph\":[{\"@type\":\"WebPage\",\"@id\":\"https:\/\/europeix.cat\/fr\/distribution\/\",\"url\":\"https:\/\/europeix.cat\/fr\/distribution\/\",\"name\":\"Distribution - EUROPEIX\",\"isPartOf\":{\"@id\":\"https:\/\/europeix.cat\/#website\"},\"datePublished\":\"2023-02-16T17:44:17+00:00\",\"dateModified\":\"2024-11-12T09:48:11+00:00\",\"description\":\"Distribuci\u00f3 L\u2019activitat comercial d\u2019 EUROPEIX, S.A. es basa en l\u2019exportaci\u00f3 a tot Europa i tercers pa\u00efsos.\",\"breadcrumb\":{\"@id\":\"https:\/\/europeix.cat\/fr\/distribution\/#breadcrumb\"},\"inLanguage\":\"fr-FR\",\"potentialAction\":[{\"@type\":\"ReadAction\",\"target\":[\"https:\/\/europeix.cat\/fr\/distribution\/\"]}]},{\"@type\":\"BreadcrumbList\",\"@id\":\"https:\/\/europeix.cat\/fr\/distribution\/#breadcrumb\",\"itemListElement\":[{\"@type\":\"ListItem\",\"position\":1,\"name\":\"Portada\",\"item\":\"https:\/\/europeix.cat\/fr\/accueil\/\"},{\"@type\":\"ListItem\",\"position\":2,\"name\":\"Distribution\"}]},{\"@type\":\"WebSite\",\"@id\":\"https:\/\/europeix.cat\/#website\",\"url\":\"https:\/\/europeix.cat\/\",\"name\":\"EUROPEIX\",\"description\":\"EUROPEIX\",\"potentialAction\":[{\"@type\":\"SearchAction\",\"target\":{\"@type\":\"EntryPoint\",\"urlTemplate\":\"https:\/\/europeix.cat\/?s={search_term_string}\"},\"query-input\":\"required name=search_term_string\"}],\"inLanguage\":\"fr-FR\"}]}<\/script>\n<!-- \/ Yoast SEO plugin. -->","yoast_head_json":{"title":"Distribution - EUROPEIX","description":"Distribuci\u00f3 L\u2019activitat comercial d\u2019 EUROPEIX, S.A. es basa en l\u2019exportaci\u00f3 a tot Europa i tercers pa\u00efsos.","robots":{"index":"index","follow":"follow","max-snippet":"max-snippet:-1","max-image-preview":"max-image-preview:large","max-video-preview":"max-video-preview:-1"},"canonical":"https:\/\/europeix.cat\/fr\/distribution\/","twitter_misc":{"Dur\u00e9e de lecture estim\u00e9e":"2 minutes"},"schema":{"@context":"https:\/\/schema.org","@graph":[{"@type":"WebPage","@id":"https:\/\/europeix.cat\/fr\/distribution\/","url":"https:\/\/europeix.cat\/fr\/distribution\/","name":"Distribution - EUROPEIX","isPartOf":{"@id":"https:\/\/europeix.cat\/#website"},"datePublished":"2023-02-16T17:44:17+00:00","dateModified":"2024-11-12T09:48:11+00:00","description":"Distribuci\u00f3 L\u2019activitat comercial d\u2019 EUROPEIX, S.A. es basa en l\u2019exportaci\u00f3 a tot Europa i tercers pa\u00efsos.","breadcrumb":{"@id":"https:\/\/europeix.cat\/fr\/distribution\/#breadcrumb"},"inLanguage":"fr-FR","potentialAction":[{"@type":"ReadAction","target":["https:\/\/europeix.cat\/fr\/distribution\/"]}]},{"@type":"BreadcrumbList","@id":"https:\/\/europeix.cat\/fr\/distribution\/#breadcrumb","itemListElement":[{"@type":"ListItem","position":1,"name":"Portada","item":"https:\/\/europeix.cat\/fr\/accueil\/"},{"@type":"ListItem","position":2,"name":"Distribution"}]},{"@type":"WebSite","@id":"https:\/\/europeix.cat\/#website","url":"https:\/\/europeix.cat\/","name":"EUROPEIX","description":"EUROPEIX","potentialAction":[{"@type":"SearchAction","target":{"@type":"EntryPoint","urlTemplate":"https:\/\/europeix.cat\/?s={search_term_string}"},"query-input":"required name=search_term_string"}],"inLanguage":"fr-FR"}]}},"_links":{"self":[{"href":"https:\/\/europeix.cat\/fr\/wp-json\/wp\/v2\/pages\/1178"}],"collection":[{"href":"https:\/\/europeix.cat\/fr\/wp-json\/wp\/v2\/pages"}],"about":[{"href":"https:\/\/europeix.cat\/fr\/wp-json\/wp\/v2\/types\/page"}],"author":[{"embeddable":true,"href":"https:\/\/europeix.cat\/fr\/wp-json\/wp\/v2\/users\/1"}],"replies":[{"embeddable":true,"href":"https:\/\/europeix.cat\/fr\/wp-json\/wp\/v2\/comments?post=1178"}],"version-history":[{"count":8,"href":"https:\/\/europeix.cat\/fr\/wp-json\/wp\/v2\/pages\/1178\/revisions"}],"predecessor-version":[{"id":3559,"href":"https:\/\/europeix.cat\/fr\/wp-json\/wp\/v2\/pages\/1178\/revisions\/3559"}],"wp:attachment":[{"href":"https:\/\/europeix.cat\/fr\/wp-json\/wp\/v2\/media?parent=1178"}],"curies":[{"name":"wp","href":"https:\/\/api.w.org\/{rel}","templated":true}]}}